{"id":6990,"date":"2025-08-25T21:20:21","date_gmt":"2025-08-25T19:20:21","guid":{"rendered":"https:\/\/wycliffe.net\/?page_id=6990"},"modified":"2025-11-05T22:15:24","modified_gmt":"2025-11-05T21:15:24","slug":"acesso-global-as-escrituras","status":"publish","type":"page","link":"https:\/\/wycliffe.net\/pt-pt\/acesso-global-as-escrituras\/","title":{"rendered":"Acesso Global \u00e0s Escrituras"},"content":{"rendered":"\n<p><\/p>\n\n\n\n<h2 class=\"wp-block-heading\">Acesso Global \u00e0s Escrituras em 2025<\/h2>\n\n\n\n<figure class=\"wp-block-image size-full\"><img decoding=\"async\" src=\"http:\/\/wycliffe.net\/wp-content\/uploads\/2025\/09\/2024_infographic_small_PT.png\" alt=\"\" class=\"wp-image-6316\"\/><\/figure>\n\n\n\n<p>Observa\u00e7\u00e3o: A partir de 2025, a Alian\u00e7a produz um resumo anual resumido das estat\u00edsticas mais recentes sobre o acesso \u00e0s Escrituras. Para mais informa\u00e7\u00f5es, visite <a href=\"https:\/\/progress.bible\/\">ProgressBible<\/a>.<\/p>\n\n\n\n<p><strong>Relat\u00f3rio de 2025<\/strong><\/p>\n\n\n\n<h3 class=\"wp-block-heading\">Em um ano marcado pelos movimentos de tradu\u00e7\u00e3o da B\u00edblia, a porcentagem da popula\u00e7\u00e3o mundial com acesso a pelo menos algumas partes das Escrituras atingiu mais de 99%.*<\/h3>\n\n\n\n<p>Essa \u00e9 uma das v\u00e1rias estat\u00edsticas encorajadoras refletidas no \u201cSnapshot\u201d de agosto de 2025 da <a href=\"https:\/\/progress.bible\/\">ProgressBible<\/a>, entidade que acompanha as estat\u00edsticas globais de acesso \u00e0s Escrituras.<\/p>\n\n\n\n<p>\u00c0 medida que o acesso continua a se espalhar, os l\u00edderes da tradu\u00e7\u00e3o da B\u00edblia est\u00e3o reafirmando que o foco n\u00e3o \u00e9 apenas contar projetos e idiomas. \u00c9 para que as pessoas em todas as comunidades lingu\u00edsticas <strong>se envolvam<\/strong> com a Palavra de Deus e experimentem <strong>uma transforma\u00e7\u00e3o<\/strong> \u2014 indiv\u00edduos, comunidades e at\u00e9 mesmo na\u00e7\u00f5es. Isso significa um compromisso cont\u00ednuo (e uma percep\u00e7\u00e3o crescente) de que a tradu\u00e7\u00e3o da B\u00edblia \u00e9 uma miss\u00e3o da igreja mundial, n\u00e3o apenas de organiza\u00e7\u00f5es especializadas.<\/p>\n\n\n\n<p>Stephen Coertze, diretor executivo da Wycliffe Global Alliance, sinalizou essas \u00eanfases em suas <a href=\"https:\/\/www.wycliffe.net\/what-we-do\/events\/global-gathering-2024\/executive-director-stephen-coertzes-closing-remarks-global-gathering-2024\/\">considera\u00e7\u00f5es finais<\/a> no Encontro Global da Alian\u00e7a, em novembro passado, em Joanesburgo:<\/p>\n\n\n\n<p>\u201cCom ousadia, aperfei\u00e7oaremos abordagens rec\u00e9m-descobertas para a tradu\u00e7\u00e3o da B\u00edblia \u2014 a fim de garantir tradu\u00e7\u00f5es de qualidade e oportunas que levem \u00e0 transforma\u00e7\u00e3o de vidas. Continuaremos focados em treinar e equipar tradutores da B\u00edblia (e) melhorar a consultoria para garantir tradu\u00e7\u00f5es de qualidade. Defenderemos a tradu\u00e7\u00e3o completa das Escrituras \u2014 ambos os testamentos. Quanto \u00e0 igreja e seu papel central na tradu\u00e7\u00e3o da B\u00edblia, voltaremos para casa e levaremos a igreja conosco at\u00e9 os confins da terra.\u201d<\/p>\n\n\n\n<h2 class=\"wp-block-heading\">Progresso exponencial<\/h2>\n\n\n\n<p>A Vis\u00e3o 2025, adotada em 1999 pela Wycliffe Bible Translators International** e pela SIL, previa que a tradu\u00e7\u00e3o da B\u00edblia fosse iniciada dentro de uma gera\u00e7\u00e3o para todas as l\u00ednguas que ainda precisavam dela. Algumas organiza\u00e7\u00f5es usaram este ano como meta espec\u00edfica, enquanto outras viram a Vis\u00e3o 2025 mais como um desafio geral.<\/p>\n\n\n\n<p>Independentemente disso, o progresso ao longo de 26 anos tem sido not\u00e1vel. Em 1\u00ba de agosto de 2025, apenas 544 dos 7.396 idiomas vivos do mundo permanecem na lista de espera para o in\u00edcio da tradu\u00e7\u00e3o da B\u00edblia. Um ano atr\u00e1s, o n\u00famero era de 985 idiomas. Em 2020, era mais de 2.000. Em 1999, era mais de 5.000.<\/p>\n\n\n\n<p>Em outras palavras: desde 1999, os movimentos de tradu\u00e7\u00e3o da B\u00edblia envolveram mais de 4.600 idiomas que n\u00e3o tinham acesso \u00e0s Escrituras antes disso. A menos que ocorra um milagre, nem todos os idiomas poder\u00e3o ou ser\u00e3o alcan\u00e7ados at\u00e9 o final de 2025.<\/p>\n\n\n\n<p>Os 544 idiomas restantes representam 36,8 milh\u00f5es de pessoas. Esse n\u00famero \u00e9 ligeiramente superior ao do ano passado, devido a quatro idiomas asi\u00e1ticos rec\u00e9m-reconhecidos, com uma popula\u00e7\u00e3o combinada de mais de 21 milh\u00f5es, disse Terry Dehart, analista de dados da ProgressBible. Mas o n\u00famero restante de idiomas e pessoas ainda \u00e9 menor do que alguns imaginavam ser poss\u00edvel.<\/p>\n\n\n\n<p>As organiza\u00e7\u00f5es de tradu\u00e7\u00e3o da B\u00edblia e as igrejas adotaram abordagens diferentes para a Vis\u00e3o 2025, disse Dehart. Algumas se concentraram em iniciar o m\u00e1ximo n\u00famero poss\u00edvel de novos projetos lingu\u00edsticos. Outras se concentraram na quest\u00e3o: \u201cEste idioma \u00e9 realmente vital ou j\u00e1 \u00e9 bem atendido pelas Escrituras em um segundo idioma?\u201d Na verdade, acrescentou Dehart, 93 das 392 l\u00ednguas de sinais do mundo sa\u00edram da lista de espera para come\u00e7ar por uma dessas duas raz\u00f5es.<\/p>\n\n\n\n<p>Para a Vis\u00e3o 2025 no ano passado, esses pa\u00edses tiveram a maior queda no n\u00famero de idiomas que precisavam come\u00e7ar a ser traduzidos:<\/p>\n\n\n\n<figure class=\"wp-block-table\"><table class=\"has-fixed-layout\"><tbody><tr><td><strong><strong>Pa\u00eds<\/strong><\/strong><\/td><td><strong>O n\u00famero reduzido em:<\/strong><\/td><\/tr><tr><td>Papua Nova Guin\u00e9<\/td><td>114<\/td><\/tr><tr><td>Indon\u00e9sia<\/td><td>113<\/td><\/tr><tr><td>Camer\u00f5es<\/td><td>28<\/td><\/tr><tr><td>Vanuatu<\/td><td>25<\/td><\/tr><tr><td>Rep\u00fablica Centro-Africana<\/td><td>24<\/td><\/tr><tr><td>Nig\u00e9ria<\/td><td>20<\/td><\/tr><tr><td>Vietn\u00e3<\/td><td>19<\/td><\/tr><\/tbody><\/table><\/figure>\n\n\n\n<p><\/p>\n\n\n\n<p>Embora 4.457 l\u00ednguas tenham a tradu\u00e7\u00e3o da B\u00edblia \u201cem andamento\u201d, isso nem sempre significa que as pessoas j\u00e1 tenham acesso \u00e0s Escrituras. Na verdade, 1.712 l\u00ednguas da lista de trabalhos em andamento ainda n\u00e3o t\u00eam nenhum vers\u00edculo traduzido. A enxurrada de novos projetos nos \u00faltimos anos significa que alguns ainda est\u00e3o em fase de organiza\u00e7\u00e3o.<\/p>\n\n\n\n<p>Nenhuma estat\u00edstica global sobre popula\u00e7\u00e3o ou tradu\u00e7\u00e3o da B\u00edblia \u00e9 exata. As popula\u00e7\u00f5es mudam constantemente, os idiomas saem de uso e a confiabilidade dos dados pode mudar com base em fatores como guerras, persegui\u00e7\u00e3o e migra\u00e7\u00e3o humana. Ainda assim, o ProgressBible fornece os melhores n\u00fameros dispon\u00edveis. Por esse motivo, a Alian\u00e7a reduziu seus pr\u00f3prios c\u00e1lculos anuais e encaminha qualquer pessoa interessada para as abundantes estat\u00edsticas do ProgressBible. O Snapshot mensal fornece as informa\u00e7\u00f5es mais atualizadas.<\/p>\n\n\n\n<hr class=\"wp-block-separator has-alpha-channel-opacity\"\/>\n\n\n\n<p><\/p>\n\n\n\n<h2 class=\"wp-block-heading\"><strong>N\u00famero de usu\u00e1rios conhecidos:&nbsp;<\/strong>7,77*<\/h2>\n\n\n\n<p>*A popula\u00e7\u00e3o global no final de 2025 \u00e9 estimada em\u00a0<a href=\"https:\/\/www.unfpa.org\/data\/world-population-dashboard\">8,2 bilh\u00f5es<\/a>. Entretanto, as estat\u00edsticas dos usu\u00e1rios de idiomas tendem a ficar atrasadas em rela\u00e7\u00e3o \u00e0s estat\u00edsticas reais da popula\u00e7\u00e3o, devido aos desafios na coleta e atualiza\u00e7\u00e3o das informa\u00e7\u00f5es. Conforme as informa\u00e7\u00f5es mais recentes dispon\u00edveis no\u00a0<a href=\"https:\/\/www.ethnologue.com\/#population\">Etn\u00f3logo<\/a>\u00a0da SIL, 7,77 bilh\u00f5es de pessoas usam os 7.396 idiomas conhecidos no mundo. Para concord\u00e2ncia estat\u00edstica, as porcentagens utilizadas aqui s\u00e3o baseadas no n\u00famero da popula\u00e7\u00e3o do Etn\u00f3logo.<\/p>\n\n\n\n<hr class=\"wp-block-separator has-alpha-channel-opacity\"\/>\n\n\n\n<p><\/p>\n\n\n\n<p><em>**A Wycliffe Bible Translators International \u00e9 agora conhecida como Wycliffe Global Alliance, mas em 1999, apenas cerca de 40 organiza\u00e7\u00f5es estavam representadas quando a Vis\u00e3o 2025 foi adotada. Hoje, a Alian\u00e7a tem mais de 100 organiza\u00e7\u00f5es em todo o mundo.<\/em><\/p>\n\n\n\n<ul class=\"wp-block-list\">\n<li>Baixe nosso infogr\u00e1fico 2025 (mostrado acima): <a href=\"https:\/\/www.wycliffe.net\/wp-content\/uploads\/2025\/08\/2025-WGA-statistics-small-Infographic-English-scaled.jpg\">JPG<\/a> | <a href=\"https:\/\/www.wycliffe.net\/wp-content\/uploads\/2025\/08\/2025-WGA-statistics-small-Infographic-English.pdf\">PDF<\/a><\/li>\n\n\n\n<li><a href=\"#Relat\u00f3rio-de-2024\">Estat\u00edsticas de 2024<\/a><\/li>\n<\/ul>\n\n\n\n<p>A ProgressBible atualiza mensalmente suas estat\u00edsticas de acesso \u00e0s Escrituras. Para obter mais informa\u00e7\u00f5es, estat\u00edsticas e dados, entre em contato com a ProgressBible:<\/p>\n\n\n\n<ul class=\"wp-block-list\">\n<li>E-mail: <a href=\"mailto:progress-bible@sil.org\">progress-bible@sil.org<\/a><\/li>\n\n\n\n<li>Site: <a href=\"https:\/\/progress.bible\/data\/\">https:\/\/progress.bible\/<\/a><\/li>\n<\/ul>\n\n\n\n<p><a href=\"https:\/\/open.spotify.com\/episode\/5fi8qs7wZB9pAzy4efRWch?go=1&amp;sp_cid=4cd21cc13e13e2c996343a9764d98828&amp;utm_source=embed_player_p&amp;utm_medium=desktop&amp;nd=1&amp;dlsi=bd932c37ad8e4f47\">The Journey Podcast:<\/a> A partir de 2024, uma conversa sobre como as estat\u00edsticas de tradu\u00e7\u00e3o da B\u00edblia s\u00e3o coletadas, relatadas e interpretadas.<\/p>\n\n\n\n<p><\/p>\n\n\n\n<hr class=\"wp-block-separator has-alpha-channel-opacity\"\/>\n\n\n\n<p><\/p>\n\n\n\n<p><\/p>\n\n\n\n<p id=\"Relat\u00f3rio-de-2024\"><strong>Relat\u00f3rio de 2024<\/strong><\/p>\n\n\n\n<h1 class=\"wp-block-heading\">Acesso global \u00e0s Escrituras em 2024<\/h1>\n\n\n\n<figure class=\"wp-block-image size-large\"><img loading=\"lazy\" decoding=\"async\" width=\"1024\" height=\"553\" src=\"http:\/\/wycliffe.net\/wp-content\/uploads\/2025\/10\/2023_Infographic_small_PT-1024x553.png\" alt=\"\" class=\"wp-image-7855\" srcset=\"https:\/\/wycliffe.net\/wp-content\/uploads\/2025\/10\/2023_Infographic_small_PT-1024x553.png 1024w, https:\/\/wycliffe.net\/wp-content\/uploads\/2025\/10\/2023_Infographic_small_PT-300x162.png 300w, https:\/\/wycliffe.net\/wp-content\/uploads\/2025\/10\/2023_Infographic_small_PT-768x415.png 768w, https:\/\/wycliffe.net\/wp-content\/uploads\/2025\/10\/2023_Infographic_small_PT-1536x829.png 1536w, https:\/\/wycliffe.net\/wp-content\/uploads\/2025\/10\/2023_Infographic_small_PT.png 2000w\" sizes=\"auto, (max-width: 1024px) 100vw, 1024px\" \/><\/figure>\n\n\n\n<h2 class=\"wp-block-heading\"><strong>Total de idiomas no mundo: 7.396<\/strong><\/h2>\n\n\n\n<h2 class=\"wp-block-heading\"><strong>N\u00famero de usu\u00e1rios conhecidos: 7,45 bilh\u00f5es*<\/strong><\/h2>\n\n\n\n<p><strong>*<\/strong>A popula\u00e7\u00e3o global \u00e9 estimada em <a href=\"https:\/\/www.unfpa.org\/data\/world-population-dashboard\">8,12 bilh\u00f5es<\/a>. No entanto, as estat\u00edsticas de usu\u00e1rios de idiomas tendem a ficar atr\u00e1s das estat\u00edsticas populacionais reais devido aos desafios na coleta e atualiza\u00e7\u00e3o de informa\u00e7\u00f5es. De acordo com as informa\u00e7\u00f5es mais recentes dispon\u00edveis no <a href=\"https:\/\/www.ethnologue.com\/\">Ethnologue<\/a> da SIL, 7,45 bilh\u00f5es de pessoas usam os 7.396 idiomas conhecidos no mundo. Para fins de concord\u00e2ncia estat\u00edstica, as porcentagens usadas aqui s\u00e3o baseadas no n\u00famero da popula\u00e7\u00e3o do Ethnologue. Assim, as porcentagens da popula\u00e7\u00e3o global s\u00e3o apresentadas como \u201cat\u00e9&#8230;\u201d em vez de um n\u00famero exato.<\/p>\n\n\n\n<h2 class=\"wp-block-heading\"><strong>Idiomas e povos com as Escrituras<\/strong><\/h2>\n\n\n\n<figure class=\"wp-block-image size-large\"><img loading=\"lazy\" decoding=\"async\" width=\"1024\" height=\"837\" src=\"http:\/\/wycliffe.net\/wp-content\/uploads\/2025\/10\/2024_LangsPeoplewithScripture_PT_1-1024x837.png\" alt=\"\" class=\"wp-image-7861\" srcset=\"https:\/\/wycliffe.net\/wp-content\/uploads\/2025\/10\/2024_LangsPeoplewithScripture_PT_1-1024x837.png 1024w, https:\/\/wycliffe.net\/wp-content\/uploads\/2025\/10\/2024_LangsPeoplewithScripture_PT_1-300x245.png 300w, https:\/\/wycliffe.net\/wp-content\/uploads\/2025\/10\/2024_LangsPeoplewithScripture_PT_1-768x628.png 768w, https:\/\/wycliffe.net\/wp-content\/uploads\/2025\/10\/2024_LangsPeoplewithScripture_PT_1.png 1524w\" sizes=\"auto, (max-width: 1024px) 100vw, 1024px\" \/><\/figure>\n\n\n\n<h2 class=\"wp-block-heading\"><strong>Status de acesso \u00e0s Escrituras<\/strong><\/h2>\n\n\n\n<figure class=\"wp-block-image size-large\"><img loading=\"lazy\" decoding=\"async\" width=\"1024\" height=\"982\" src=\"http:\/\/wycliffe.net\/wp-content\/uploads\/2025\/10\/2024_ScriptureAccessStatus_PT_2-1024x982.png\" alt=\"\" class=\"wp-image-7873\" srcset=\"https:\/\/wycliffe.net\/wp-content\/uploads\/2025\/10\/2024_ScriptureAccessStatus_PT_2-1024x982.png 1024w, https:\/\/wycliffe.net\/wp-content\/uploads\/2025\/10\/2024_ScriptureAccessStatus_PT_2-300x288.png 300w, https:\/\/wycliffe.net\/wp-content\/uploads\/2025\/10\/2024_ScriptureAccessStatus_PT_2-768x736.png 768w, https:\/\/wycliffe.net\/wp-content\/uploads\/2025\/10\/2024_ScriptureAccessStatus_PT_2.png 1506w\" sizes=\"auto, (max-width: 1024px) 100vw, 1024px\" \/><\/figure>\n\n\n\n<p>**Na maioria dos casos, os povos utilizam outro idioma que j\u00e1 possui pelo menos algumas Escrituras. \u00c0s vezes, seu primeiro idioma est\u00e1 desaparecendo completamente. A realidade \u00e9 frequentemente mais complexa.<\/p>\n\n\n\n<h2 class=\"wp-block-heading\"><strong>Tradu\u00e7\u00e3o da B\u00edblia em andamento<\/strong><\/h2>\n\n\n\n<p>A tradu\u00e7\u00e3o da B\u00edblia est\u00e1 ocorrendo atualmente em 3.526 idiomas em 173 pa\u00edses. Essas l\u00ednguas e n\u00fameros de pessoas est\u00e3o inclu\u00eddos nas categorias \u201cPelo menos algumas Escrituras\u201d e \u201cTrabalho inicial em andamento\u201d. Este trabalho atual impacta 1,26 bilh\u00e3o de pessoas, ou cerca de 16,9% de todos os usu\u00e1rios da l\u00edngua. Este n\u00famero n\u00e3o inclui pessoas que j\u00e1 t\u00eam uma B\u00edblia completa, mas est\u00e3o atualizando suas tradu\u00e7\u00f5es existentes.<\/p>\n\n\n\n<h2 class=\"wp-block-heading\"><strong>Necessidade de iniciar a tradu\u00e7\u00e3o da B\u00edblia<\/strong><\/h2>\n\n\n\n<figure class=\"wp-block-image size-large\"><img loading=\"lazy\" decoding=\"async\" width=\"1024\" height=\"628\" src=\"http:\/\/wycliffe.net\/wp-content\/uploads\/2025\/10\/2024_NeedBTtoStart_PT_2-1024x628.png\" alt=\"\" class=\"wp-image-7867\" srcset=\"https:\/\/wycliffe.net\/wp-content\/uploads\/2025\/10\/2024_NeedBTtoStart_PT_2-1024x628.png 1024w, https:\/\/wycliffe.net\/wp-content\/uploads\/2025\/10\/2024_NeedBTtoStart_PT_2-300x184.png 300w, https:\/\/wycliffe.net\/wp-content\/uploads\/2025\/10\/2024_NeedBTtoStart_PT_2-768x471.png 768w, https:\/\/wycliffe.net\/wp-content\/uploads\/2025\/10\/2024_NeedBTtoStart_PT_2-1536x943.png 1536w, https:\/\/wycliffe.net\/wp-content\/uploads\/2025\/10\/2024_NeedBTtoStart_PT_2.png 1548w\" sizes=\"auto, (max-width: 1024px) 100vw, 1024px\" \/><\/figure>\n\n\n\n<h2 class=\"wp-block-heading\"><strong>Vis\u00e3o geral do envolvimento da Wycliffe Global Alliance, 2024<\/strong><\/h2>\n\n\n\n<ul class=\"wp-block-list\">\n<li>As organiza\u00e7\u00f5es da Alian\u00e7a est\u00e3o trabalhando em pelo menos 3.146 idiomas.<\/li>\n\n\n\n<li>As organiza\u00e7\u00f5es da Alian\u00e7a est\u00e3o envolvidas em trabalhos em pelo menos 146 pa\u00edses.<\/li>\n<\/ul>\n\n\n\n<h2 class=\"wp-block-heading\"><strong>Vis\u00e3o geral hist\u00f3rica da Wycliffe Global Alliance<\/strong><\/h2>\n\n\n\n<ul class=\"wp-block-list\">\n<li>Ao longo de suas hist\u00f3rias, as organiza\u00e7\u00f5es da Alian\u00e7a trabalharam com pelo menos 1.895 comunidades lingu\u00edsticas nas quais agora existe um Novo Testamento ou uma B\u00edblia.***<\/li>\n\n\n\n<li>Ao longo de suas hist\u00f3rias, as organiza\u00e7\u00f5es da Alian\u00e7a estiveram envolvidas na tradu\u00e7\u00e3o de partes das Escrituras em mais 871 idiomas.<\/li>\n<\/ul>\n\n\n\n<p>***Isso inclui assist\u00eancia na tradu\u00e7\u00e3o inicial e treinamento, fornecimento de consultoria e financiamento, e participa\u00e7\u00e3o em atividades de envolvimento com as Escrituras e revis\u00f5es de tradu\u00e7\u00e3o.<\/p>\n\n\n\n<h2 class=\"wp-block-heading\"><strong>As estat\u00edsticas raramente s\u00e3o t\u00e3o simples quanto os n\u00fameros sugerem<\/strong><\/h2>\n\n\n\n<p>Embora nos esforcemos para fornecer um panorama preciso, as estat\u00edsticas de acesso \u00e0s Escrituras s\u00e3o complexas. Por exemplo, determinar a necessidade de tradu\u00e7\u00e3o n\u00e3o \u00e9 t\u00e3o simples quanto determinar quais idiomas t\u00eam ou n\u00e3o as Escrituras. A maioria dos idiomas com \u201calgumas Escrituras\u201d precisa de mais, e mesmo as B\u00edblias completas frequentemente passam por revis\u00f5es. Al\u00e9m disso, as compara\u00e7\u00f5es com estat\u00edsticas anuais anteriores s\u00e3o desafiadoras e, \u00e0s vezes, in\u00fateis, \u00e0 medida que as defini\u00e7\u00f5es de dados e os m\u00e9todos de coleta melhoram.<\/p>\n\n\n\n<h2 class=\"wp-block-heading\"><strong>Uma maneira melhor de medir o progresso da tradu\u00e7\u00e3o da B\u00edblia<\/strong><\/h2>\n\n\n\n<p>As estat\u00edsticas fornecem uma lente atrav\u00e9s da qual se pode medir o progresso na tradu\u00e7\u00e3o da B\u00edblia em todo o mundo. As hist\u00f3rias reais s\u00e3o encontradas em vidas e comunidades transformadas, \u00e0 medida que as pessoas encontram Deus atrav\u00e9s de Sua Palavra e que a igreja mundial caminha para uma maior unidade em Cristo.<\/p>\n\n\n\n<p>As organiza\u00e7\u00f5es da Alian\u00e7a continuam a explorar outros indicadores importantes de progresso, tais como:<\/p>\n\n\n\n<ul class=\"wp-block-list\">\n<li>Como as comunidades lingu\u00edsticas est\u00e3o experimentando o impacto transformador das Escrituras?<\/li>\n\n\n\n<li>As igrejas est\u00e3o assumindo cada vez mais a lideran\u00e7a no trabalho de tradu\u00e7\u00e3o da B\u00edblia?<\/li>\n\n\n\n<li>As igrejas, comunidades e organiza\u00e7\u00f5es est\u00e3o se unindo de forma mais eficaz para realizar juntas o trabalho de tradu\u00e7\u00e3o?<\/li>\n<\/ul>\n\n\n\n<p>Para ler mais, consulte: <a href=\"https:\/\/hts.org.za\/index.php\/hts\/article\/view\/5786\/14930\">Uma missiologia do progresso: Avaliando o avan\u00e7o no movimento de tradu\u00e7\u00e3o da B\u00edblia<\/a>, do Dr. Kirk Franklin.<\/p>\n\n\n\n<p><em>As apresenta\u00e7\u00f5es da Wycliffe Global Alliance sobre estat\u00edsticas globais de acesso \u00e0s Escrituras s\u00e3o compiladas anualmente a partir de dados fornecidos pelo <\/em><a href=\"https:\/\/progress.bible\/\"><em>ProgressBible<\/em><\/a><em> por organiza\u00e7\u00f5es da Alian\u00e7a, SIL International, Sociedades B\u00edblicas Unidas e muitos outros parceiros. Os dados est\u00e3o atualizados em 1\u00ba de setembro de 2024 e baseiam-se nas informa\u00e7\u00f5es mais recentes dispon\u00edveis sobre usu\u00e1rios da l\u00edngua materna no <\/em><a href=\"https:\/\/www.ethnologue.com\/\"><em>Ethnologue<\/em><\/a><em>.<\/em><\/p>\n\n\n\n<p><em>Mais hist\u00f3rias sobre pessoas e projetos est\u00e3o dispon\u00edveis em <\/em><a href=\"http:\/\/www.wycliffe.net\/\"><em>wycliffe.net<\/em><\/a><em> e na <\/em><a href=\"https:\/\/www.wycliffe.net\/organisations\/\"><em>organiza\u00e7\u00e3o da Alian\u00e7a<\/em><\/a><em> mais pr\u00f3xima.<\/em><\/p>\n\n\n\n<p><a href=\"https:\/\/wycliffe.net\/global-scripture-access\/2023-global-scripture-access\/\">Acesso global \u00e0s Escrituras em 2023<\/a><\/p>\n","protected":false},"excerpt":{"rendered":"<p>Acesso Global \u00e0s Escrituras em 2025 Observa\u00e7\u00e3o: A partir de 2025, a Alian\u00e7a produz um resumo anual resumido das estat\u00edsticas mais recentes sobre o acesso \u00e0s Escrituras. Para mais informa\u00e7\u00f5es,&#8230;<\/p>\n","protected":false},"author":5,"featured_media":0,"parent":0,"menu_order":0,"comment_status":"closed","ping_status":"closed","template":"","meta":{"give_campaign_id":0,"_kadence_starter_templates_imported_post":false,"_kad_post_transparent":"","_kad_post_title":"","_kad_post_layout":"","_kad_post_sidebar_id":"","_kad_post_content_style":"","_kad_post_vertical_padding":"","_kad_post_feature":"","_kad_post_feature_position":"","_kad_post_header":false,"_kad_post_footer":false,"footnotes":""},"categories":[241],"tags":[],"class_list":["post-6990","page","type-page","status-publish","hentry","category-statistics-pt-pt"],"campaignId":"","_links":{"self":[{"href":"https:\/\/wycliffe.net\/pt-pt\/wp-json\/wp\/v2\/pages\/6990","targetHints":{"allow":["GET"]}}],"collection":[{"href":"https:\/\/wycliffe.net\/pt-pt\/wp-json\/wp\/v2\/pages"}],"about":[{"href":"https:\/\/wycliffe.net\/pt-pt\/wp-json\/wp\/v2\/types\/page"}],"author":[{"embeddable":true,"href":"https:\/\/wycliffe.net\/pt-pt\/wp-json\/wp\/v2\/users\/5"}],"replies":[{"embeddable":true,"href":"https:\/\/wycliffe.net\/pt-pt\/wp-json\/wp\/v2\/comments?post=6990"}],"version-history":[{"count":7,"href":"https:\/\/wycliffe.net\/pt-pt\/wp-json\/wp\/v2\/pages\/6990\/revisions"}],"predecessor-version":[{"id":8275,"href":"https:\/\/wycliffe.net\/pt-pt\/wp-json\/wp\/v2\/pages\/6990\/revisions\/8275"}],"wp:attachment":[{"href":"https:\/\/wycliffe.net\/pt-pt\/wp-json\/wp\/v2\/media?parent=6990"}],"wp:term":[{"taxonomy":"category","embeddable":true,"href":"https:\/\/wycliffe.net\/pt-pt\/wp-json\/wp\/v2\/categories?post=6990"},{"taxonomy":"post_tag","embeddable":true,"href":"https:\/\/wycliffe.net\/pt-pt\/wp-json\/wp\/v2\/tags?post=6990"}],"curies":[{"name":"wp","href":"https:\/\/api.w.org\/{rel}","templated":true}]}}