{"id":6976,"date":"2025-08-15T20:48:19","date_gmt":"2025-08-15T18:48:19","guid":{"rendered":"https:\/\/wycliffe.net\/?page_id=6976"},"modified":"2025-11-11T00:49:35","modified_gmt":"2025-11-10T23:49:35","slug":"como-encontrar-biblias-e-recursos-biblicos","status":"publish","type":"page","link":"https:\/\/wycliffe.net\/pt-pt\/como-encontrar-biblias-e-recursos-biblicos\/","title":{"rendered":"Como encontrar B\u00edblias e recursos b\u00edblicos"},"content":{"rendered":"\n<h2 class=\"wp-block-heading\"><strong>Como encontrar B\u00edblias e recursos b\u00edblicos<\/strong><\/h2>\n\n\n\n<p>Atualizado em setembro de 2025<\/p>\n\n\n\n<p>A B\u00edblia foi traduzida para mais de 4.000 idiomas. Para algumas pessoas, isso significa uma B\u00edblia completa, para outras, o Novo Testamento, e para outras ainda, partes e hist\u00f3rias da B\u00edblia. Al\u00e9m das vers\u00f5es escritas (impressas e digitais), h\u00e1 v\u00e1rios produtos relacionados, incluindo v\u00eddeos e grava\u00e7\u00f5es de \u00e1udio. Novas t\u00e9cnicas de tradu\u00e7\u00e3o oral da B\u00edblia tamb\u00e9m significam que alguns idiomas dispensam a tradu\u00e7\u00e3o escrita. Existem v\u00e1rios recursos online que podem ser usados para encontrar produtos b\u00edblicos em v\u00e1rios idiomas. Se voc\u00ea estiver procurando por formatos impressos ou digitais, vers\u00f5es em \u00e1udio ou v\u00eddeos, se estiver dispon\u00edvel, provavelmente poder\u00e1 ser encontrado atrav\u00e9s de um dos recursos abaixo.<\/p>\n\n\n\n<h1 class=\"wp-block-heading\"><strong>Ferramentas de pesquisa das Escrituras<\/strong><\/h1>\n\n\n\n<p>Um bom lugar para come\u00e7ar \u00e9 com <a href=\"https:\/\/find.bible\/\">Find.Bible<\/a> ou <a href=\"http:\/\/scriptureearth.org\/\">ScriptureEarth.org<\/a>. Ambos servem como diret\u00f3rios de pesquisa que fornecem links para fontes externas (online ou impressas sob demanda), al\u00e9m de serem eles pr\u00f3prios fontes de Escrituras online ou para download (texto e \u00e1udio\/v\u00eddeo). Tanto o ScriptureEarth.org quanto o Find.Bible podem ser pesquisados por pa\u00eds e por nome do idioma, e incluem nomes alternativos para muitos idiomas.<\/p>\n\n\n\n<div class=\"wp-block-media-text is-stacked-on-mobile\" style=\"grid-template-columns:43% auto\"><figure class=\"wp-block-media-text__media\"><img loading=\"lazy\" decoding=\"async\" width=\"564\" height=\"114\" src=\"http:\/\/wycliffe.net\/wp-content\/uploads\/2025\/10\/Scripture-Earth.png\" alt=\"\" class=\"wp-image-6876 size-full\" srcset=\"https:\/\/wycliffe.net\/wp-content\/uploads\/2025\/10\/Scripture-Earth.png 564w, https:\/\/wycliffe.net\/wp-content\/uploads\/2025\/10\/Scripture-Earth-300x61.png 300w\" sizes=\"auto, (max-width: 564px) 100vw, 564px\" \/><\/figure><div class=\"wp-block-media-text__content\">\n<p>O <a href=\"http:\/\/scriptureearth.org\/\">ScriptureEarth.org<\/a> fornece links para Escrituras impressas, em \u00e1udio e v\u00eddeo dispon\u00edveis online. Ele tamb\u00e9m disponibiliza um grande n\u00famero de Escrituras em idiomas minorit\u00e1rios em v\u00e1rios formatos, como pdf e m\u00f3dulos para uso em alguns softwares de estudo da B\u00edblia, al\u00e9m de links para aplicativos individuais. Esses t\u00eam a vantagem de serem mais facilmente copiados de um telefone para outro em \u00e1reas onde o acesso \u00e0 internet \u00e9 dif\u00edcil.<\/p>\n<\/div><\/div>\n\n\n\n<ul class=\"wp-block-list\"><\/ul>\n\n\n\n<div class=\"wp-block-media-text is-stacked-on-mobile\" style=\"grid-template-columns:29% auto\"><figure class=\"wp-block-media-text__media\"><img loading=\"lazy\" decoding=\"async\" width=\"393\" height=\"222\" src=\"http:\/\/wycliffe.net\/wp-content\/uploads\/2025\/10\/Find-a-Bible.png\" alt=\"\" class=\"wp-image-6846 size-full\" srcset=\"https:\/\/wycliffe.net\/wp-content\/uploads\/2025\/10\/Find-a-Bible.png 393w, https:\/\/wycliffe.net\/wp-content\/uploads\/2025\/10\/Find-a-Bible-300x169.png 300w\" sizes=\"auto, (max-width: 393px) 100vw, 393px\" \/><\/figure><div class=\"wp-block-media-text__content\">\n<p>O Find-a-Bible (<a href=\"https:\/\/find.bible\/\">Find.Bible<\/a>), patrocinado pelo <a href=\"https:\/\/forum-intl.org\/\">Forum of Bible Agencies International<\/a> e gerenciado pela <a href=\"https:\/\/dbs.org\/\">Digital Bible Society<\/a>, lista as principais fontes das Escrituras na maioria dos idiomas em que as Escrituras est\u00e3o dispon\u00edveis digitalmente. (Os formatos incluem: PDF para download, links para vers\u00f5es online ou impressas sob demanda, vers\u00f5es em \u00e1udio ou v\u00eddeo das Escrituras.)<\/p>\n<\/div><\/div>\n\n\n\n<ul class=\"wp-block-list\"><\/ul>\n\n\n\n<h1 class=\"wp-block-heading\"><strong>Encontrando c\u00f3pias impressas das Escrituras<\/strong><\/h1>\n\n\n\n<p>A maioria das organiza\u00e7\u00f5es da Alian\u00e7a n\u00e3o vende B\u00edblias, mas pode ter informa\u00e7\u00f5es sobre fontes em seus pr\u00f3prios pa\u00edses. As Escrituras impressas geralmente est\u00e3o dispon\u00edveis atrav\u00e9s de <a href=\"https:\/\/www.unitedbiblesocieties.org\/bible-societies\/\">sociedades b\u00edblicas<\/a> e livrarias online. Algumas tradu\u00e7\u00f5es est\u00e3o dispon\u00edveis por impress\u00e3o sob demanda e podem ser encontradas pesquisando em <a href=\"http:\/\/scriptureearth.org\/\">ScriptureEarth.org<\/a> ou <a href=\"https:\/\/find.bible\/\">Find.Bible<\/a>.<\/p>\n\n\n\n<p>Cada vez mais, as Escrituras est\u00e3o dispon\u00edveis em formato digital, seja por meio de pesquisas online ou de aplicativos. As vers\u00f5es digitais quase sempre incluem detalhes sobre a editora e o autor ou detentor dos direitos autorais, permitindo que voc\u00ea pesquise c\u00f3pias impressas dispon\u00edveis para compra em sua regi\u00e3o ou que possam ser encomendadas online.<\/p>\n\n\n\n<h1 class=\"wp-block-heading\"><strong>Escrituras online<\/strong><\/h1>\n\n\n\n<p>A maioria dos idiomas que t\u00eam as Escrituras dispon\u00edveis em formato digital pode ser encontrada em um ou mais desses sites:<\/p>\n\n\n\n<div class=\"wp-block-media-text is-stacked-on-mobile\"><figure class=\"wp-block-media-text__media\"><img loading=\"lazy\" decoding=\"async\" width=\"564\" height=\"200\" src=\"http:\/\/wycliffe.net\/wp-content\/uploads\/2025\/10\/Bible.is_.png\" alt=\"\" class=\"wp-image-6834 size-full\" srcset=\"https:\/\/wycliffe.net\/wp-content\/uploads\/2025\/10\/Bible.is_.png 564w, https:\/\/wycliffe.net\/wp-content\/uploads\/2025\/10\/Bible.is_-300x106.png 300w\" sizes=\"auto, (max-width: 564px) 100vw, 564px\" \/><\/figure><div class=\"wp-block-media-text__content\">\n<p><a href=\"http:\/\/bible.is\/\">Bible.is<\/a>, um minist\u00e9rio da <a href=\"https:\/\/www.faithcomesbyhearing.com\/\">Faith Comes By Hearing<\/a>, pode ser acessado online ou atrav\u00e9s do aplicativo. O Bible.is combina o texto das Escrituras com grava\u00e7\u00f5es de \u00e1udio em mais de 2.400 idiomas. Al\u00e9m disso, em parceria com a <a href=\"https:\/\/www.lumoproject.com\/\">LUMO<\/a>, o Bible.is fornece conte\u00fado em v\u00eddeo dos quatro Evangelhos, para que os leitores possam ler, ouvir e ver uma dramatiza\u00e7\u00e3o visual de Mateus, Marcos, Lucas e Jo\u00e3o.<\/p>\n<\/div><\/div>\n\n\n\n<div class=\"wp-block-media-text is-stacked-on-mobile\" style=\"grid-template-columns:15% auto\"><figure class=\"wp-block-media-text__media\"><img loading=\"lazy\" decoding=\"async\" width=\"150\" height=\"150\" src=\"https:\/\/wycliffe.net\/wp-content\/uploads\/2025\/10\/YouVersion-150x150.png\" alt=\"\" class=\"wp-image-6882 size-thumbnail\" srcset=\"https:\/\/wycliffe.net\/wp-content\/uploads\/2025\/10\/YouVersion-150x150.png 150w, https:\/\/wycliffe.net\/wp-content\/uploads\/2025\/10\/YouVersion.png 218w\" sizes=\"auto, (max-width: 150px) 100vw, 150px\" \/><\/figure><div class=\"wp-block-media-text__content\">\n<p>O aplicativo <a href=\"https:\/\/www.youversion.com\/the-bible-app\/\">Bible<\/a> da YouVersion (tamb\u00e9m dispon\u00edvel em <a href=\"http:\/\/www.bible.com\/\">Bible.com<\/a>) tem mais de 3.600 vers\u00f5es em quase 2.400 idiomas. Muitas vers\u00f5es podem ser baixadas do aplicativo para uso offline. O site e o aplicativo tamb\u00e9m t\u00eam quase 70 idiomas de interface.<\/p>\n\n\n\n<p>A maioria dos idiomas em que as Escrituras est\u00e3o dispon\u00edveis digitalmente est\u00e3o dispon\u00edveis em ambos os sites, mas, por enquanto, ainda h\u00e1 alguns dispon\u00edveis em um e n\u00e3o no outro.<\/p>\n<\/div><\/div>\n\n\n\n<div class=\"wp-block-media-text is-stacked-on-mobile\" style=\"grid-template-columns:35% auto\"><figure class=\"wp-block-media-text__media\"><img loading=\"lazy\" decoding=\"async\" width=\"627\" height=\"143\" src=\"http:\/\/wycliffe.net\/wp-content\/uploads\/2025\/10\/Global-Bible.png\" alt=\"\" class=\"wp-image-6852 size-full\" srcset=\"https:\/\/wycliffe.net\/wp-content\/uploads\/2025\/10\/Global-Bible.png 627w, https:\/\/wycliffe.net\/wp-content\/uploads\/2025\/10\/Global-Bible-300x68.png 300w\" sizes=\"auto, (max-width: 627px) 100vw, 627px\" \/><\/figure><div class=\"wp-block-media-text__content\">\n<p><a href=\"https:\/\/global.bible\/\">Global.bible<\/a> \u00e9 uma cole\u00e7\u00e3o de mais de 1.000 sites individuais de Escrituras de todo o mundo, apoiada pela <a href=\"https:\/\/www.americanbible.org\/\">American Bible Society<\/a>.<\/p>\n<\/div><\/div>\n\n\n\n<ul class=\"wp-block-list\"><\/ul>\n\n\n\n<h1 class=\"wp-block-heading\"><strong>V\u00eddeo e Escrituras para surdos<\/strong><\/h1>\n\n\n\n<div class=\"wp-block-media-text is-stacked-on-mobile\" style=\"grid-template-columns:34% auto\"><figure class=\"wp-block-media-text__media\"><img loading=\"lazy\" decoding=\"async\" width=\"579\" height=\"245\" src=\"http:\/\/wycliffe.net\/wp-content\/uploads\/2025\/10\/JesusFilm.png\" alt=\"\" class=\"wp-image-6858 size-full\" srcset=\"https:\/\/wycliffe.net\/wp-content\/uploads\/2025\/10\/JesusFilm.png 579w, https:\/\/wycliffe.net\/wp-content\/uploads\/2025\/10\/JesusFilm-300x127.png 300w\" sizes=\"auto, (max-width: 579px) 100vw, 579px\" \/><\/figure><div class=\"wp-block-media-text__content\">\n<p>O <a href=\"https:\/\/www.jesusfilm.org\/\"><em>JESUS<\/em> Film<\/a> (baseado no Evangelho de Lucas) foi produzido em mais de 2.000 idiomas. A maioria deles pode ser assistida online em <a href=\"https:\/\/www.jesusfilm.org\/watch.html\">JesusFilm.org<\/a> ou atrav\u00e9s de um dos seguintes aplicativos: <a href=\"https:\/\/www.jesusfilm.org\/watch.html\">Jesus Film Project app<\/a>, <a href=\"https:\/\/www.youversion.com\/the-bible-app\/\">Bible app<\/a> da YouVersion (ou em <a href=\"https:\/\/www.bible.com\/videos\">Bible.com<\/a>) ou <a href=\"http:\/\/bible.is\/\">Bible.is<\/a> app da Faith Comes By Hearing. O Jesus Film Project tamb\u00e9m produz um n\u00famero crescente de outros produtos de v\u00eddeo, que podem ser assistidos online em <a href=\"https:\/\/www.jesusfilm.org\/watch.html\">JesusFilm.org<\/a> ou no <a href=\"https:\/\/www.youtube.com\/channel\/UCCtcQHR6-mQHQh6G06IPlDA\">YouTube<\/a>.<\/p>\n<\/div><\/div>\n\n\n\n<ul class=\"wp-block-list\"><\/ul>\n\n\n\n<div class=\"wp-block-media-text is-stacked-on-mobile\" style=\"grid-template-columns:39% auto\"><figure class=\"wp-block-media-text__media\"><img loading=\"lazy\" decoding=\"async\" width=\"564\" height=\"206\" src=\"http:\/\/wycliffe.net\/wp-content\/uploads\/2025\/10\/Lumo.png\" alt=\"\" class=\"wp-image-6864 size-full\" srcset=\"https:\/\/wycliffe.net\/wp-content\/uploads\/2025\/10\/Lumo.png 564w, https:\/\/wycliffe.net\/wp-content\/uploads\/2025\/10\/Lumo-300x110.png 300w\" sizes=\"auto, (max-width: 564px) 100vw, 564px\" \/><\/figure><div class=\"wp-block-media-text__content\">\n<p>O <a href=\"https:\/\/www.lumoproject.com\/\">LUMO<\/a> oferece dramatiza\u00e7\u00f5es em v\u00eddeo de Mateus, Marcos, Lucas e Jo\u00e3o com narra\u00e7\u00e3o do texto completo do Evangelho em mais de 1.500 idiomas e vers\u00f5es da B\u00edblia. O <a href=\"https:\/\/www.faithcomesbyhearing.com\/\">Faith Comes By Hearing<\/a> est\u00e1 dublando esses v\u00eddeos em centenas de idiomas dispon\u00edveis no <a href=\"http:\/\/bible.is\/\">Bible.is<\/a>, com muitos tamb\u00e9m dispon\u00edveis no <a href=\"https:\/\/www.bible.com\/videos\/\">aplicativo da B\u00edblia<\/a> da YouVersion (ou em <a href=\"https:\/\/www.bible.com\/videos\">Bible.com<\/a>) e no <a href=\"https:\/\/www.youtube.com\/channel\/UCjiDMt6Lm1jYQvSp4BROWVw\/featured\">YouTube<\/a>.<\/p>\n<\/div><\/div>\n\n\n\n<ul class=\"wp-block-list\"><\/ul>\n\n\n\n<div class=\"wp-block-media-text is-stacked-on-mobile\"><figure class=\"wp-block-media-text__media\"><img loading=\"lazy\" decoding=\"async\" width=\"531\" height=\"131\" src=\"http:\/\/wycliffe.net\/wp-content\/uploads\/2025\/10\/DeafBible.png\" alt=\"\" class=\"wp-image-6840 size-full\" srcset=\"https:\/\/wycliffe.net\/wp-content\/uploads\/2025\/10\/DeafBible.png 531w, https:\/\/wycliffe.net\/wp-content\/uploads\/2025\/10\/DeafBible-300x74.png 300w\" sizes=\"auto, (max-width: 531px) 100vw, 531px\" \/><\/figure><div class=\"wp-block-media-text__content\">\n<p><a style=\"white-space: normal;\" href=\"https:\/\/deaf.bible\/\">Deaf.Bible<\/a><span style=\"caret-color: rgb(0, 0, 0); color: rgb(0, 0, 0); font-family: -webkit-standard; font-size: medium; white-space: normal;\">, o aplicativo de Escrituras em linguagem de sinais da\u00a0<\/span><a style=\"white-space: normal;\" href=\"https:\/\/www.deafbiblesociety.com\/\">Deaf Bible Society<\/a><span style=\"caret-color: rgb(0, 0, 0); color: rgb(0, 0, 0); font-family: -webkit-standard; font-size: medium; white-space: normal;\">, fornece acesso \u00e0s Escrituras em 72 linguagens de sinais at\u00e9 o momento. Baixe o aplicativo no\u00a0<\/span><a style=\"white-space: normal;\" href=\"https:\/\/www.deafbiblesociety.com\/\">site<\/a><span style=\"caret-color: rgb(0, 0, 0); color: rgb(0, 0, 0); font-family: -webkit-standard; font-size: medium; white-space: normal;\">\u00a0da Deaf Bible Society ou visualize\u00a0<\/span><a style=\"white-space: normal;\" href=\"https:\/\/deaf.bible\/\">online<\/a><span style=\"caret-color: rgb(0, 0, 0); color: rgb(0, 0, 0); font-family: -webkit-standard; font-size: medium; white-space: normal;\">.<\/span><\/p>\n<\/div><\/div>\n\n\n\n<ul class=\"wp-block-list\"><\/ul>\n\n\n\n<h1 class=\"wp-block-heading\"><strong>Recursos adicionais<\/strong><\/h1>\n\n\n\n<div class=\"wp-block-media-text is-stacked-on-mobile\" style=\"grid-template-columns:38% auto\"><figure class=\"wp-block-media-text__media\"><img loading=\"lazy\" decoding=\"async\" width=\"393\" height=\"254\" src=\"http:\/\/wycliffe.net\/wp-content\/uploads\/2025\/10\/New-Neighbour-Bible.png\" alt=\"\" class=\"wp-image-6870 size-full\" srcset=\"https:\/\/wycliffe.net\/wp-content\/uploads\/2025\/10\/New-Neighbour-Bible.png 393w, https:\/\/wycliffe.net\/wp-content\/uploads\/2025\/10\/New-Neighbour-Bible-300x194.png 300w\" sizes=\"auto, (max-width: 393px) 100vw, 393px\" \/><\/figure><div class=\"wp-block-media-text__content\">\n<p><a href=\"http:\/\/new-neighbour-bible.org\/\">New-Neighbour-Bible.org<\/a> foi projetado para ajudar as igrejas a se conscientizarem dos recursos e idiomas falados por refugiados e outros \u201cnovos vizinhos\u201d. Ele tem menos idiomas do que os diret\u00f3rios maiores, mas fornece mais informa\u00e7\u00f5es sobre esses idiomas e links para uma gama mais ampla de recursos. Atualmente, est\u00e1 dispon\u00edvel em ingl\u00eas, franc\u00eas, alem\u00e3o e italiano.<\/p>\n<\/div><\/div>\n\n\n\n<h1 class=\"wp-block-heading\"><strong>O que fazer se voc\u00ea n\u00e3o conseguir encontrar as Escrituras online em um determinado idioma<\/strong><\/h1>\n\n\n\n<ul class=\"wp-block-list\">\n<li><strong>Continue procurando.<\/strong> Pode estar dispon\u00edvel com um nome diferente ou com uma grafia diferente. Voc\u00ea tamb\u00e9m pode perguntar \u00e0 sua <a href=\"https:\/\/www.unitedbiblesocieties.org\/bible-societies\/\">sociedade b\u00edblica<\/a> local ou \u00e0 <a href=\"https:\/\/www.wycliffe.net\/organisations\/\">organiza\u00e7\u00e3o Wycliffe Global Alliance<\/a>.<\/li>\n\n\n\n<li><strong>Pode ser que ainda n\u00e3o esteja online.<\/strong> Em cerca de 90% dos idiomas nos quais existe uma B\u00edblia completa ou o Novo Testamento, essas tradu\u00e7\u00f5es (ou pelo menos livros selecionados) podem ser encontradas online. A porcentagem \u00e9 menor para idiomas nos quais apenas partes existem, mas isso est\u00e1 mudando. Ag\u00eancias de tradu\u00e7\u00e3o e editoras est\u00e3o trabalhando duro para disponibilizar mais das Escrituras existentes online. Em alguns casos, as Escrituras mais antigas existem apenas em formato impresso e s\u00e3o necess\u00e1rios volunt\u00e1rios para digit\u00e1-las novamente e prepar\u00e1-las para lan\u00e7amento digital.<\/li>\n\n\n\n<li><strong>Ainda h\u00e1 muitos idiomas em que a tradu\u00e7\u00e3o est\u00e1 em andamento ou ainda n\u00e3o foi iniciada.<\/strong> Voc\u00ea pode ser fundamental para que essa tradu\u00e7\u00e3o seja conclu\u00edda, seja fazendo parte da equipe de tradu\u00e7\u00e3o ou colaborando por meio de ora\u00e7\u00e3o, finan\u00e7as ou compartilhando a vis\u00e3o da tradu\u00e7\u00e3o com igrejas. Voc\u00ea tamb\u00e9m pode preparar o terreno conectando-se com outras pessoas que aguardam ansiosamente pela tradu\u00e7\u00e3o. Entre em contato com a <a href=\"https:\/\/www.wycliffe.net\/organisations\/\">organiza\u00e7\u00e3o da Alian\u00e7a<\/a> local para saber como se envolver.<\/li>\n<\/ul>\n\n\n\n<p><em>Agradecemos a Peter Brassington, da <\/em><a href=\"https:\/\/www.sil.org\/\"><em>SIL International<\/em><\/a><em>, por sua contribui\u00e7\u00e3o para este artigo.<\/em><\/p>\n","protected":false},"excerpt":{"rendered":"<p>Como encontrar B\u00edblias e recursos b\u00edblicos Atualizado em setembro de 2025 A B\u00edblia foi traduzida para mais de 4.000 idiomas. Para algumas pessoas, isso significa uma B\u00edblia completa, para outras,&#8230;<\/p>\n","protected":false},"author":5,"featured_media":0,"parent":0,"menu_order":0,"comment_status":"closed","ping_status":"closed","template":"","meta":{"give_campaign_id":0,"_kadence_starter_templates_imported_post":false,"_kad_post_transparent":"","_kad_post_title":"","_kad_post_layout":"","_kad_post_sidebar_id":"","_kad_post_content_style":"","_kad_post_vertical_padding":"","_kad_post_feature":"","_kad_post_feature_position":"","_kad_post_header":false,"_kad_post_footer":false,"footnotes":""},"categories":[],"tags":[],"class_list":["post-6976","page","type-page","status-publish","hentry"],"campaignId":"","_links":{"self":[{"href":"https:\/\/wycliffe.net\/pt-pt\/wp-json\/wp\/v2\/pages\/6976","targetHints":{"allow":["GET"]}}],"collection":[{"href":"https:\/\/wycliffe.net\/pt-pt\/wp-json\/wp\/v2\/pages"}],"about":[{"href":"https:\/\/wycliffe.net\/pt-pt\/wp-json\/wp\/v2\/types\/page"}],"author":[{"embeddable":true,"href":"https:\/\/wycliffe.net\/pt-pt\/wp-json\/wp\/v2\/users\/5"}],"replies":[{"embeddable":true,"href":"https:\/\/wycliffe.net\/pt-pt\/wp-json\/wp\/v2\/comments?post=6976"}],"version-history":[{"count":4,"href":"https:\/\/wycliffe.net\/pt-pt\/wp-json\/wp\/v2\/pages\/6976\/revisions"}],"predecessor-version":[{"id":8352,"href":"https:\/\/wycliffe.net\/pt-pt\/wp-json\/wp\/v2\/pages\/6976\/revisions\/8352"}],"wp:attachment":[{"href":"https:\/\/wycliffe.net\/pt-pt\/wp-json\/wp\/v2\/media?parent=6976"}],"wp:term":[{"taxonomy":"category","embeddable":true,"href":"https:\/\/wycliffe.net\/pt-pt\/wp-json\/wp\/v2\/categories?post=6976"},{"taxonomy":"post_tag","embeddable":true,"href":"https:\/\/wycliffe.net\/pt-pt\/wp-json\/wp\/v2\/tags?post=6976"}],"curies":[{"name":"wp","href":"https:\/\/api.w.org\/{rel}","templated":true}]}}