{"id":6967,"date":"2025-07-15T18:08:13","date_gmt":"2025-07-15T16:08:13","guid":{"rendered":"https:\/\/wycliffe.net\/?page_id=6967"},"modified":"2025-10-06T21:44:15","modified_gmt":"2025-10-06T19:44:15","slug":"fluxos-de-oracao","status":"publish","type":"page","link":"https:\/\/wycliffe.net\/pt-pt\/fluxos-de-oracao\/","title":{"rendered":"Fluxos de Ora\u00e7\u00e3o"},"content":{"rendered":"\n<h2 class=\"wp-block-heading\"><strong>Fluxos de Ora\u00e7\u00e3o<\/strong><\/h2>\n\n\n\n<p>Fluxos de Ora\u00e7\u00e3o \u00e9 o boletim semanal de ora\u00e7\u00e3o da Wycliffe Global Alliance.<\/p>\n\n\n\n<p>Para se inscrever, <a href=\"https:\/\/wycliffe.net\/sign-up\/\">clique aqui<\/a>.<\/p>\n","protected":false},"excerpt":{"rendered":"<p>Fluxos de Ora\u00e7\u00e3o Fluxos de Ora\u00e7\u00e3o \u00e9 o boletim semanal de ora\u00e7\u00e3o da Wycliffe Global Alliance. Para se inscrever, clique aqui.<\/p>\n","protected":false},"author":5,"featured_media":0,"parent":0,"menu_order":0,"comment_status":"closed","ping_status":"closed","template":"","meta":{"give_campaign_id":0,"_kadence_starter_templates_imported_post":false,"_kad_post_transparent":"","_kad_post_title":"","_kad_post_layout":"","_kad_post_sidebar_id":"","_kad_post_content_style":"","_kad_post_vertical_padding":"","_kad_post_feature":"","_kad_post_feature_position":"","_kad_post_header":false,"_kad_post_footer":false,"footnotes":""},"categories":[204],"tags":[],"class_list":["post-6967","page","type-page","status-publish","hentry","category-news-pt-pt"],"campaignId":"","_links":{"self":[{"href":"https:\/\/wycliffe.net\/pt-pt\/wp-json\/wp\/v2\/pages\/6967","targetHints":{"allow":["GET"]}}],"collection":[{"href":"https:\/\/wycliffe.net\/pt-pt\/wp-json\/wp\/v2\/pages"}],"about":[{"href":"https:\/\/wycliffe.net\/pt-pt\/wp-json\/wp\/v2\/types\/page"}],"author":[{"embeddable":true,"href":"https:\/\/wycliffe.net\/pt-pt\/wp-json\/wp\/v2\/users\/5"}],"replies":[{"embeddable":true,"href":"https:\/\/wycliffe.net\/pt-pt\/wp-json\/wp\/v2\/comments?post=6967"}],"version-history":[{"count":1,"href":"https:\/\/wycliffe.net\/pt-pt\/wp-json\/wp\/v2\/pages\/6967\/revisions"}],"predecessor-version":[{"id":6968,"href":"https:\/\/wycliffe.net\/pt-pt\/wp-json\/wp\/v2\/pages\/6967\/revisions\/6968"}],"wp:attachment":[{"href":"https:\/\/wycliffe.net\/pt-pt\/wp-json\/wp\/v2\/media?parent=6967"}],"wp:term":[{"taxonomy":"category","embeddable":true,"href":"https:\/\/wycliffe.net\/pt-pt\/wp-json\/wp\/v2\/categories?post=6967"},{"taxonomy":"post_tag","embeddable":true,"href":"https:\/\/wycliffe.net\/pt-pt\/wp-json\/wp\/v2\/tags?post=6967"}],"curies":[{"name":"wp","href":"https:\/\/api.w.org\/{rel}","templated":true}]}}