{"id":6954,"date":"2025-07-15T17:52:04","date_gmt":"2025-07-15T15:52:04","guid":{"rendered":"https:\/\/wycliffe.net\/?page_id=6954"},"modified":"2025-10-06T20:59:30","modified_gmt":"2025-10-06T18:59:30","slug":"a-jornada","status":"publish","type":"page","link":"https:\/\/wycliffe.net\/pt-pt\/a-jornada\/","title":{"rendered":"A Jornada"},"content":{"rendered":"\n<h2 class=\"wp-block-heading\"><strong>A Jornada<\/strong><\/h2>\n\n\n\n<p>A Jornada \u00e9 a publica\u00e7\u00e3o mensal da Alian\u00e7a Global Wycliffe. Os diretores e presidentes dos conselhos das organiza\u00e7\u00f5es da Alian\u00e7a ser\u00e3o automaticamente adicionados \u00e0 lista de correspond\u00eancia usando o endere\u00e7o de e-mail de contato principal registrado, enquanto outros funcion\u00e1rios e partes interessadas s\u00e3o incentivados a <a href=\"https:\/\/wycliffe.net\/sign-up\/\">se inscreverem online<\/a>.<\/p>\n\n\n\n<h3 class=\"wp-block-heading\">\u00daltimas edi\u00e7\u00f5es:<\/h3>\n\n\n\n<p><strong>2025<\/strong><\/p>\n\n\n\n<ul class=\"wp-block-list\">\n<li>Setembro de 2025 &#8211; Hist\u00f3rias de tradu\u00e7\u00e3o oral da B\u00edblia, novo site, novo podcast<\/li>\n\n\n\n<li><a href=\"https:\/\/mailchi.mp\/wycliffe.net\/the-journey-14559652\">Agosto de 2025<\/a> &#8211; Estat\u00edsticas globais de acesso \u00e0s Escrituras<\/li>\n\n\n\n<li><a href=\"https:\/\/mailchi.mp\/wycliffe.net\/the-journey-14559155\">Julho de 2025<\/a> &#8211; Not\u00edcias das organiza\u00e7\u00f5es da Alian\u00e7a em todo o mundo<\/li>\n\n\n\n<li><a href=\"https:\/\/mailchi.mp\/wycliffe.net\/the-journey-14558718\">Junho de 2025<\/a> &#8211; Insights sobre IA, colabora\u00e7\u00e3o da Igreja e mudan\u00e7a estrat\u00e9gica<\/li>\n\n\n\n<li><a href=\"https:\/\/mailchi.mp\/wycliffe.net\/the-journey-14558248\">Maio de 2025<\/a> &#8211; Relat\u00f3rio especial: Intelig\u00eancia Artificial, Tradu\u00e7\u00e3o da B\u00edblia e a Igreja<\/li>\n\n\n\n<li><a href=\"https:\/\/mailchi.mp\/wycliffe.net\/the-journey-14557736?e=f7c2b612fe\">Abril de 2025<\/a> &#8211; Relat\u00f3rio especial: como o treinamento em tradu\u00e7\u00e3o da B\u00edblia est\u00e1 mudando e se adaptando ao nosso mundo cada vez mais conectado<\/li>\n\n\n\n<li><a href=\"https:\/\/mailchi.mp\/wycliffe.net\/the-journey-14557127?e=f7c2b612fe\">Mar\u00e7o de 2025<\/a> &#8211; Relat\u00f3rio anual da WGA e revis\u00e3o do Encontro Global<\/li>\n\n\n\n<li><a href=\"https:\/\/mailchi.mp\/wycliffe.net\/the-journey-14556506?e=[UNIQID]\">Fevereiro de 2025<\/a> &#8211; Perspectivas para 2025 e as \u00faltimas not\u00edcias da Alian\u00e7a<\/li>\n\n\n\n<li><a href=\"https:\/\/mailchi.mp\/wycliffe.net\/the-journey-14556111?e=f7c2b612fe\">Janeiro de 2025<\/a> &#8211; Tradu\u00e7\u00e3o de idiomas e a miss\u00e3o de Deus<\/li>\n<\/ul>\n\n\n\n<p><strong>2024<\/strong><\/p>\n\n\n\n<ul class=\"wp-block-list\">\n<li><a href=\"https:\/\/mailchi.mp\/wycliffe.net\/the-journey-14555470?e=[UNIQID]\">Dezembro de 2024<\/a> &#8211; Sauda\u00e7\u00f5es de Natal<\/li>\n\n\n\n<li><a href=\"https:\/\/mailchi.mp\/wycliffe.net\/the-journey-14555082?e=[UNIQID]\">Novembro de 2024<\/a> &#8211; Revis\u00e3o do Encontro Global<\/li>\n\n\n\n<li><a href=\"https:\/\/mailchi.mp\/wycliffe.net\/the-journey-14554353?e=[UNIQID]\">Outubro de 2024<\/a> &#8211; Antevis\u00e3o do Encontro Global<\/li>\n\n\n\n<li><a href=\"https:\/\/mailchi.mp\/wycliffe.net\/the-journey-14553990\">Setembro de 2024<\/a> &#8211; Estat\u00edsticas globais de acesso \u00e0s Escrituras.<\/li>\n\n\n\n<li><a href=\"https:\/\/mailchi.mp\/wycliffe.net\/the-journey-14558902\">Agosto de 2024<\/a> &#8211; Atualiza\u00e7\u00f5es das organiza\u00e7\u00f5es da Alian\u00e7a.<\/li>\n\n\n\n<li><a href=\"https:\/\/mailchi.mp\/wycliffe.net\/the-journey-13665664?e=[UNIQID]\">Julho de 2024<\/a> &#8211; Relat\u00f3rio de Lausanne, podcast sobre o impacto da Vis\u00e3o 2025.<\/li>\n\n\n\n<li><a href=\"https:\/\/mailchi.mp\/wycliffe.net\/the-journey-13664184?e=[UNIQID]\">Junho de 2024<\/a> &#8211; Tradu\u00e7\u00e3o da B\u00edblia para surdos.<\/li>\n\n\n\n<li><a href=\"https:\/\/mailchi.mp\/wycliffe.net\/the-journey-13662612\">Maio de 2024<\/a> &#8211; Antevis\u00e3o do Encontro Global<\/li>\n\n\n\n<li><a href=\"https:\/\/mailchi.mp\/wycliffe.net\/the-journey-13660927\">Abril de 2024<\/a> &#8211; Conversa Global com as Pessoas.<\/li>\n\n\n\n<li><a href=\"https:\/\/mailchi.mp\/wycliffe.net\/the-journey-13659047\">Mar\u00e7o de 2024<\/a> &#8211; Sauda\u00e7\u00f5es de P\u00e1scoa.<\/li>\n\n\n\n<li><a href=\"https:\/\/mailchi.mp\/wycliffe.net\/the-journey-13657520?e=f7c2b612fe\">Fevereiro de 2024<\/a> &#8211; Reflex\u00f5es de Stephen Coertze para o ano que se inicia, entrevista sobre a Vis\u00e3o 2025 com John Watters, parte 2<\/li>\n\n\n\n<li><a href=\"https:\/\/mailchi.mp\/wycliffe.net\/the-journey-13655628\">Janeiro de 2024<\/a> &#8211; Museu da B\u00edblia Man\u00e1 na Cidade do M\u00e9xico, entrevista sobre a Vis\u00e3o 2025 com John Watters, parte 1<\/li>\n<\/ul>\n\n\n\n<p><strong>2023<\/strong><\/p>\n\n\n\n<ul class=\"wp-block-list\">\n<li><a href=\"https:\/\/mailchi.mp\/wycliffe.net\/the-journey-13653216\">Dezembro de 2023<\/a><\/li>\n\n\n\n<li><a href=\"https:\/\/mailchi.mp\/wycliffe.net\/the-journey-13652124\">Novembro de 2023<\/a><\/li>\n\n\n\n<li><a href=\"https:\/\/mailchi.mp\/wycliffe.net\/the-journey-13649704\">Outubro de 2023<\/a><\/li>\n\n\n\n<li><a href=\"https:\/\/mailchi.mp\/wycliffe.net\/the-journey-13647984\">Setembro de 2023<\/a><\/li>\n\n\n\n<li><a href=\"https:\/\/mailchi.mp\/wycliffe.net\/the-journey-13646324\">Agosto de 2023<\/a><\/li>\n\n\n\n<li><a href=\"https:\/\/mailchi.mp\/wycliffe.net\/the-journey-13644496\">Julho de 2023<\/a><\/li>\n\n\n\n<li><a href=\"https:\/\/mailchi.mp\/wycliffe.net\/the-journey-13642352\">Junho de 2023<\/a><\/li>\n\n\n\n<li><a href=\"https:\/\/mailchi.mp\/wycliffe.net\/the-journey-13640552\">Maio de 2023<\/a><\/li>\n\n\n\n<li><a href=\"https:\/\/mailchi.mp\/wycliffe.net\/the-journey-13638508\">Abril de 2023<\/a><\/li>\n\n\n\n<li><a href=\"https:\/\/mailchi.mp\/wycliffe.net\/the-journey-13636188\">Mar\u00e7o de 2023<\/a><\/li>\n\n\n\n<li><a href=\"https:\/\/mailchi.mp\/wycliffe.net\/the-journey-13634184\">Fevereiro de 2023<\/a><\/li>\n\n\n\n<li><a href=\"https:\/\/mailchi.mp\/wycliffe.net\/the-journey-13631748\">Janeiro de 2023<\/a><\/li>\n<\/ul>\n","protected":false},"excerpt":{"rendered":"<p>A Jornada A Jornada \u00e9 a publica\u00e7\u00e3o mensal da Alian\u00e7a Global Wycliffe. Os diretores e presidentes dos conselhos das organiza\u00e7\u00f5es da Alian\u00e7a ser\u00e3o automaticamente adicionados \u00e0 lista de correspond\u00eancia usando&#8230;<\/p>\n","protected":false},"author":5,"featured_media":0,"parent":0,"menu_order":0,"comment_status":"closed","ping_status":"closed","template":"","meta":{"give_campaign_id":0,"_kadence_starter_templates_imported_post":false,"_kad_post_transparent":"","_kad_post_title":"","_kad_post_layout":"","_kad_post_sidebar_id":"","_kad_post_content_style":"","_kad_post_vertical_padding":"","_kad_post_feature":"","_kad_post_feature_position":"","_kad_post_header":false,"_kad_post_footer":false,"footnotes":""},"categories":[204],"tags":[],"class_list":["post-6954","page","type-page","status-publish","hentry","category-news-pt-pt"],"campaignId":"","_links":{"self":[{"href":"https:\/\/wycliffe.net\/pt-pt\/wp-json\/wp\/v2\/pages\/6954","targetHints":{"allow":["GET"]}}],"collection":[{"href":"https:\/\/wycliffe.net\/pt-pt\/wp-json\/wp\/v2\/pages"}],"about":[{"href":"https:\/\/wycliffe.net\/pt-pt\/wp-json\/wp\/v2\/types\/page"}],"author":[{"embeddable":true,"href":"https:\/\/wycliffe.net\/pt-pt\/wp-json\/wp\/v2\/users\/5"}],"replies":[{"embeddable":true,"href":"https:\/\/wycliffe.net\/pt-pt\/wp-json\/wp\/v2\/comments?post=6954"}],"version-history":[{"count":1,"href":"https:\/\/wycliffe.net\/pt-pt\/wp-json\/wp\/v2\/pages\/6954\/revisions"}],"predecessor-version":[{"id":6955,"href":"https:\/\/wycliffe.net\/pt-pt\/wp-json\/wp\/v2\/pages\/6954\/revisions\/6955"}],"wp:attachment":[{"href":"https:\/\/wycliffe.net\/pt-pt\/wp-json\/wp\/v2\/media?parent=6954"}],"wp:term":[{"taxonomy":"category","embeddable":true,"href":"https:\/\/wycliffe.net\/pt-pt\/wp-json\/wp\/v2\/categories?post=6954"},{"taxonomy":"post_tag","embeddable":true,"href":"https:\/\/wycliffe.net\/pt-pt\/wp-json\/wp\/v2\/tags?post=6954"}],"curies":[{"name":"wp","href":"https:\/\/api.w.org\/{rel}","templated":true}]}}