{"id":6940,"date":"2025-08-13T21:00:06","date_gmt":"2025-08-13T19:00:06","guid":{"rendered":"https:\/\/wycliffe.net\/?page_id=6940"},"modified":"2025-10-06T20:48:16","modified_gmt":"2025-10-06T18:48:16","slug":"artigos-para-reflexao-adicional","status":"publish","type":"page","link":"https:\/\/wycliffe.net\/pt-pt\/artigos-para-reflexao-adicional\/","title":{"rendered":"Artigos para reflex\u00e3o adicional"},"content":{"rendered":"\n<h2 class=\"wp-block-heading\">Artigos para reflex\u00e3o adicional<\/h2>\n\n\n\n<p><a href=\"https:\/\/wycliffe.net\/articles-for-further-reflection\/reflection-on-vision-2025\/\">Reflex\u00e3o sobre a Vis\u00e3o 2025<\/a> por Albert Fung [2021]<\/p>\n\n\n\n<p>Albert Fung, diretor executivo da Wycliffe Taiwan, reflete sobre os impactos da Vis\u00e3o 2025 para o movimento de tradu\u00e7\u00e3o da B\u00edblia e, especialmente, sobre a jornada cont\u00ednua da Wycliffe Global Alliance.<\/p>\n\n\n\n<p><a href=\"https:\/\/wycliffe.net\/articles-for-further-reflection\/a-word-about-the-alliance-covenant\/\">Uma palavra sobre o Pacto da Alian\u00e7a<\/a>, pelo Dr. Stephen Coertze [2021]<\/p>\n\n\n\n<p>Numa \u00e9poca em que a maioria das organiza\u00e7\u00f5es da Alian\u00e7a Global Wycliffe assinaram nosso Pacto\/Declara\u00e7\u00e3o de Compromisso, o diretor executivo Stephen Coertze explica mais detalhadamente o que isso significa e o que n\u00e3o significa.<\/p>\n\n\n\n<p>Liderando na certeza de tempos incertos, pela Dra. Susan van Wynen [2020]<\/p>\n\n\n\n<p>Esta pesquisa se concentrou no potencial dos l\u00edderes seguidores de Cristo para desenvolver uma postura teol\u00f3gica e missiol\u00f3gica em resposta ao atual contexto mundial vol\u00e1til, incerto, complexo e amb\u00edguo (VUCA). Esta pesquisa analisa como as atitudes e a\u00e7\u00f5es do mundo corporativo influenciaram as organiza\u00e7\u00f5es crist\u00e3s e a lideran\u00e7a crist\u00e3.<\/p>\n\n\n\n<p>O mundo corporativo se concentra principalmente em estrat\u00e9gias para superar os desafios do ambiente VUCA, mas esta pesquisa explora como os l\u00edderes seguidores de Cristo podem se beneficiar ao examinar mais profundamente o que o VUCA representa, em vez de simplesmente aceit\u00e1-lo e reagir a ele.<\/p>\n\n\n\n<p><a href=\"http:\/\/wycliffe.net\/wp-content\/uploads\/2025\/08\/Future-of-BT-Survey-May-2020-corrected.pdf\">Pesquisa sobre o futuro do movimento de tradu\u00e7\u00e3o da B\u00edblia<\/a>, pelo Dr. Kirk Franklin e Susan van Wynen [2020]<\/p>\n\n\n\n<p>Durante as duas \u00faltimas semanas de abril de 2020, foi realizada uma pesquisa online com os diretores das organiza\u00e7\u00f5es da Wycliffe Global Alliance. O objetivo era identificar como seria o movimento de tradu\u00e7\u00e3o da B\u00edblia durante e ap\u00f3s a pandemia da Covid-19. Foi uma forma de determinar como as organiza\u00e7\u00f5es da Alian\u00e7a foram afetadas, at\u00e9 o momento, pela crise e oferece um vislumbre de como os l\u00edderes est\u00e3o pensando e se preparando para o futuro.<\/p>\n\n\n\n<p><a href=\"https:\/\/hts.org.za\/index.php\/hts\/article\/view\/5786\/14930\">Uma missiologia do progresso: avaliando o avan\u00e7o no movimento de tradu\u00e7\u00e3o da B\u00edblia<\/a> pelo Dr. Kirk Franklin [2020]<\/p>\n\n\n\n<p>Como sabemos o que Deus considera progresso no movimento de tradu\u00e7\u00e3o da B\u00edblia e quais marcos s\u00e3o teologicamente significativos nas pr\u00f3ximas d\u00e9cadas?<\/p>\n\n\n\n<p><a href=\"http:\/\/wycliffe.net\/wp-content\/uploads\/2025\/08\/redeeming-journalism-emq.pdf\">Redeeming Journalism: Well Reported Stories Can Revitalise Global Ministry and Engage the Church Like Never Before<\/a>. Heather Pubols e Jim Killam, <em>Evangelical Missions Quarterly<\/em> [Ver\u00e3o de 2020]<\/p>\n\n\n\n<p><a href=\"http:\/\/wycliffe.net\/wp-content\/uploads\/2025\/08\/leading-in-global-glocal-missional-contexts.pdf\">Liderando em contextos mission\u00e1rios globais-glocais: aprendendo com a jornada da Wycliffe Global Alliance<\/a>, pelo Dr. Kirk Franklin [2017]<\/p>\n\n\n\n<p>A jornada da Wycliffe Global Alliance \u00e9 um exemplo de como algumas mudan\u00e7as de paradigma est\u00e3o influenciando a lideran\u00e7a na miss\u00e3o. Como o cristianismo \u00e9 tanto um agente quanto um produto da globaliza\u00e7\u00e3o, suas cren\u00e7as se espalharam de uma fonte para outra, cruzando contextos religiosos, lingu\u00edsticos e culturais. Como resultado, existem centros de influ\u00eancia polic\u00eantricos ou m\u00faltiplos, uma vez que o cristianismo tem lar em uma diversidade de contextos. Isso traz consigo v\u00e1rias implica\u00e7\u00f5es, incluindo como a parceria na miss\u00e3o precisa ser desconceituada por meio de uma maior \u00eanfase na amizade.<\/p>\n\n\n\n<p><a href=\"https:\/\/wycliffe.net\/articles-for-further-reflection\/a-paradigm-for-global-mission-leadership\/\">Um paradigma para a lideran\u00e7a mission\u00e1ria global: a jornada da Wycliffe Global Alliance<\/a>, pelo Dr. Kirk Franklin [2016]<\/p>\n\n\n\n<p>Desenvolvendo l\u00edderes com uma mentalidade global \u2014 como a globaliza\u00e7\u00e3o e a miss\u00e3o de Deus ajudam a moldar o caminho a seguir. Tese de doutorado de Kirk Franklin, Diretor Executivo da Wycliffe Global Alliance 2008-2020, publicada pela Universidade de Pret\u00f3ria, \u00c1frica do Sul, fevereiro de 2016.<\/p>\n\n\n\n<p><a href=\"https:\/\/wycliffe.net\/articles-for-further-reflection\/polycentrism-in-the-missio-dei\/\">Policentrismo na missio Dei<\/a>, pelo Dr. Kirk Franklin e Dr. Nelus Niemandt [2016]<\/p>\n\n\n\n<p>\u00c0 medida que o cristianismo se afastou do modelo crist\u00e3o de controle centralizado para outros modelos de estrutura e lideran\u00e7a, outros paradigmas foram propostos ao longo do caminho. No entanto, uma possibilidade, chamada de conceito de policentrismo, n\u00e3o foi considerada com nenhum esfor\u00e7o significativo.<\/p>\n\n\n\n<p><a href=\"http:\/\/wycliffe.net\/wp-content\/uploads\/2025\/08\/Funding_God_s_Mission_-_Towards_a_Missio.pdf\">Financiando a Miss\u00e3o de Deus: Rumo a uma Missiologia da Generosidade<\/a>, pelo Dr. Kirk Franklin e Dr. Nelus Niemandt [2015]<\/p>\n\n\n\n<p>Este artigo enfoca a quest\u00e3o de identificar as implica\u00e7\u00f5es missiol\u00f3gicas que surgem na arrecada\u00e7\u00e3o e gest\u00e3o de fundos na miss\u00e3o de Deus, particularmente \u00e0 medida que a igreja continua sua mudan\u00e7a demogr\u00e1fica do Ocidente para o Sul e o Leste globais.<\/p>\n\n\n\n<p><a href=\"https:\/\/wycliffe.net\/articles-for-further-reflection\/missiological-reflections-on-funding\/\">Reflex\u00f5es missiol\u00f3gicas sobre financiamento<\/a>, por Minyoung Jung [2014]<\/p>\n\n\n\n<p>As ag\u00eancias mission\u00e1rias e muitas outras organiza\u00e7\u00f5es sem fins lucrativos sentiram o impacto da crise financeira global. Esta situa\u00e7\u00e3o exige que revisemos e reavaliemos seriamente os sistemas de financiamento existentes. A nossa total depend\u00eancia de Deus em tudo, incluindo os fundos, \u00e9 provavelmente o conceito mais proeminente nas Escrituras.<\/p>\n\n\n\n<p><a href=\"http:\/\/wycliffe.net\/wp-content\/uploads\/2025\/08\/Vision-2025-and-BT-Movement-HTS-04.13-copy.pdf\">Vis\u00e3o 2025 e o movimento de tradu\u00e7\u00e3o da B\u00edblia<\/a>, pelo Dr. Kirk Franklin e pelo Dr. Nelus Niemandt [2013]<\/p>\n\n\n\n<p>Esta pesquisa se concentra em uma organiza\u00e7\u00e3o dentro do movimento global de tradu\u00e7\u00e3o da B\u00edblia &#8211; a Wycliffe Global Alliance. A pesquisa explora as influ\u00eancias teol\u00f3gicas hist\u00f3ricas na Alian\u00e7a, o significado missiol\u00f3gico da traduzibilidade da B\u00edblia e as implica\u00e7\u00f5es teol\u00f3gicas missiol\u00f3gicas da Vis\u00e3o 2025. O objetivo \u00e9 determinar como a Alian\u00e7a tem respondido a essas \u00e1reas \u00e0 luz das mudan\u00e7as no contexto global da igreja e da miss\u00e3o.<\/p>\n\n\n\n<p><a href=\"https:\/\/wycliffe.net\/articles-for-further-reflection\/missio-dei-and-bible-translation\/\">Missio Dei e tradu\u00e7\u00e3o da B\u00edblia<\/a> por Eddie Arthur [2013]<\/p>\n\n\n\n<p>\u201cDeus&#8230; tem uma miss\u00e3o no sentido de um prop\u00f3sito abrangente, em vez de uma tarefa individual a ser realizada. Seu prop\u00f3sito ao longo da hist\u00f3ria \u00e9 restaurar as rela\u00e7\u00f5es que existiam na cria\u00e7\u00e3o original.\u201d<\/p>\n\n\n\n<p><a href=\"https:\/\/wycliffe.net\/articles-for-further-reflection\/missio-dei-and-the-mission-of-the-church\/\">Missio Dei e a miss\u00e3o da igreja<\/a> por Eddie Arthur [2013]<\/p>\n\n\n\n<p>\u201cO conceito de missio Dei&#8230; \u00e9 essencialmente que o trabalho ou a miss\u00e3o da igreja \u00e9 um subconjunto da obra de Deus no mundo, em vez de algo com exist\u00eancia independente.\u201d<\/p>\n\n\n\n<p><a href=\"https:\/\/wycliffe.net\/articles-for-further-reflection\/changing-paradigms-missio-dei-and-the-seven-streams-of-participation\/\">Mudan\u00e7a de Paradigmas, Missio Dei e as Sete Correntes de Participa\u00e7\u00e3o<\/a> por Kirk Franklin [2013]<\/p>\n\n\n\n<p>Mudan\u00e7a de Paradigmas, Missio Dei e as Sete Correntes de Participa\u00e7\u00e3o<\/p>\n","protected":false},"excerpt":{"rendered":"<p>Artigos para reflex\u00e3o adicional Reflex\u00e3o sobre a Vis\u00e3o 2025 por Albert Fung [2021] Albert Fung, diretor executivo da Wycliffe Taiwan, reflete sobre os impactos da Vis\u00e3o 2025 para o movimento&#8230;<\/p>\n","protected":false},"author":5,"featured_media":0,"parent":0,"menu_order":0,"comment_status":"closed","ping_status":"closed","template":"","meta":{"give_campaign_id":0,"_kadence_starter_templates_imported_post":false,"_kad_post_transparent":"","_kad_post_title":"","_kad_post_layout":"","_kad_post_sidebar_id":"","_kad_post_content_style":"","_kad_post_vertical_padding":"","_kad_post_feature":"","_kad_post_feature_position":"","_kad_post_header":false,"_kad_post_footer":false,"footnotes":""},"categories":[],"tags":[],"class_list":["post-6940","page","type-page","status-publish","hentry"],"campaignId":"","_links":{"self":[{"href":"https:\/\/wycliffe.net\/pt-pt\/wp-json\/wp\/v2\/pages\/6940","targetHints":{"allow":["GET"]}}],"collection":[{"href":"https:\/\/wycliffe.net\/pt-pt\/wp-json\/wp\/v2\/pages"}],"about":[{"href":"https:\/\/wycliffe.net\/pt-pt\/wp-json\/wp\/v2\/types\/page"}],"author":[{"embeddable":true,"href":"https:\/\/wycliffe.net\/pt-pt\/wp-json\/wp\/v2\/users\/5"}],"replies":[{"embeddable":true,"href":"https:\/\/wycliffe.net\/pt-pt\/wp-json\/wp\/v2\/comments?post=6940"}],"version-history":[{"count":1,"href":"https:\/\/wycliffe.net\/pt-pt\/wp-json\/wp\/v2\/pages\/6940\/revisions"}],"predecessor-version":[{"id":6941,"href":"https:\/\/wycliffe.net\/pt-pt\/wp-json\/wp\/v2\/pages\/6940\/revisions\/6941"}],"wp:attachment":[{"href":"https:\/\/wycliffe.net\/pt-pt\/wp-json\/wp\/v2\/media?parent=6940"}],"wp:term":[{"taxonomy":"category","embeddable":true,"href":"https:\/\/wycliffe.net\/pt-pt\/wp-json\/wp\/v2\/categories?post=6940"},{"taxonomy":"post_tag","embeddable":true,"href":"https:\/\/wycliffe.net\/pt-pt\/wp-json\/wp\/v2\/tags?post=6940"}],"curies":[{"name":"wp","href":"https:\/\/api.w.org\/{rel}","templated":true}]}}