{"id":6446,"date":"2025-09-29T14:14:13","date_gmt":"2025-09-29T12:14:13","guid":{"rendered":"http:\/\/wycliffe.net\/?page_id=6446"},"modified":"2025-11-14T12:03:33","modified_gmt":"2025-11-14T11:03:33","slug":"comemoracao-da-visao-2025","status":"publish","type":"page","link":"https:\/\/wycliffe.net\/pt-pt\/comemoracao-da-visao-2025\/","title":{"rendered":"Comemora\u00e7\u00e3o da Vis\u00e3o 2025"},"content":{"rendered":"\n<h1 class=\"wp-block-heading\">Comemora\u00e7\u00e3o da Vis\u00e3o 2025<\/h1>\n\n\n\n<p>\u00c0s 12:00 UTC do dia 13 de novembro, a Alian\u00e7a organizou uma breve reuni\u00e3o online para celebrar a obra de Deus atrav\u00e9s da Vis\u00e3o 2025.<\/p>\n\n\n\n<p>Um v\u00eddeo do evento ser\u00e1 publicado aqui em breve.<\/p>\n","protected":false},"excerpt":{"rendered":"<p>Comemora\u00e7\u00e3o da Vis\u00e3o 2025 \u00c0s 12:00 UTC do dia 13 de novembro, a Alian\u00e7a organizou uma breve reuni\u00e3o online para celebrar a obra de Deus atrav\u00e9s da Vis\u00e3o 2025. Um&#8230;<\/p>\n","protected":false},"author":4,"featured_media":0,"parent":0,"menu_order":0,"comment_status":"closed","ping_status":"closed","template":"","meta":{"give_campaign_id":0,"_kadence_starter_templates_imported_post":false,"_kad_post_transparent":"","_kad_post_title":"","_kad_post_layout":"","_kad_post_sidebar_id":"","_kad_post_content_style":"","_kad_post_vertical_padding":"","_kad_post_feature":"","_kad_post_feature_position":"","_kad_post_header":false,"_kad_post_footer":false,"footnotes":""},"categories":[576],"tags":[211],"class_list":["post-6446","page","type-page","status-publish","hentry","category-reunioes","tag-vision-2025-pt-pt"],"campaignId":"","_links":{"self":[{"href":"https:\/\/wycliffe.net\/pt-pt\/wp-json\/wp\/v2\/pages\/6446","targetHints":{"allow":["GET"]}}],"collection":[{"href":"https:\/\/wycliffe.net\/pt-pt\/wp-json\/wp\/v2\/pages"}],"about":[{"href":"https:\/\/wycliffe.net\/pt-pt\/wp-json\/wp\/v2\/types\/page"}],"author":[{"embeddable":true,"href":"https:\/\/wycliffe.net\/pt-pt\/wp-json\/wp\/v2\/users\/4"}],"replies":[{"embeddable":true,"href":"https:\/\/wycliffe.net\/pt-pt\/wp-json\/wp\/v2\/comments?post=6446"}],"version-history":[{"count":5,"href":"https:\/\/wycliffe.net\/pt-pt\/wp-json\/wp\/v2\/pages\/6446\/revisions"}],"predecessor-version":[{"id":8432,"href":"https:\/\/wycliffe.net\/pt-pt\/wp-json\/wp\/v2\/pages\/6446\/revisions\/8432"}],"wp:attachment":[{"href":"https:\/\/wycliffe.net\/pt-pt\/wp-json\/wp\/v2\/media?parent=6446"}],"wp:term":[{"taxonomy":"category","embeddable":true,"href":"https:\/\/wycliffe.net\/pt-pt\/wp-json\/wp\/v2\/categories?post=6446"},{"taxonomy":"post_tag","embeddable":true,"href":"https:\/\/wycliffe.net\/pt-pt\/wp-json\/wp\/v2\/tags?post=6446"}],"curies":[{"name":"wp","href":"https:\/\/api.w.org\/{rel}","templated":true}]}}