{"id":5825,"date":"2025-08-29T00:41:57","date_gmt":"2025-08-28T22:41:57","guid":{"rendered":"http:\/\/wycliffe.net\/what-we-do\/gatherings\/dia-mundial-de-oracao\/resources-world-day-of-prayer\/"},"modified":"2025-11-10T18:18:46","modified_gmt":"2025-11-10T17:18:46","slug":"recursos-dia-mundial-de-oracao","status":"publish","type":"page","link":"https:\/\/wycliffe.net\/pt-pt\/what-we-do\/gatherings\/dia-mundial-de-oracao\/recursos-dia-mundial-de-oracao\/","title":{"rendered":"Recursos &#8211; Dia Mundial de Ora\u00e7\u00e3o"},"content":{"rendered":"\n<h1 class=\"wp-block-heading\">Recursos<\/h1>\n\n\n\n<h2 class=\"wp-block-heading\">Dia Mundial de Ora\u00e7\u00e3o pela Tradu\u00e7\u00e3o da B\u00edblia<\/h2>\n\n\n\n<h4 class=\"wp-block-heading\">11 de novembro de 2025<\/h4>\n\n\n<div class=\"wp-block-image\">\n<figure class=\"aligncenter size-full is-resized\"><img loading=\"lazy\" decoding=\"async\" width=\"600\" height=\"400\" src=\"http:\/\/wycliffe.net\/wp-content\/uploads\/2025\/09\/2017Aug_Peru_248.jpg\" alt=\"\" class=\"wp-image-4097\" style=\"width:1100px\" srcset=\"https:\/\/wycliffe.net\/wp-content\/uploads\/2025\/09\/2017Aug_Peru_248.jpg 600w, https:\/\/wycliffe.net\/wp-content\/uploads\/2025\/09\/2017Aug_Peru_248-300x200.jpg 300w\" sizes=\"auto, (max-width: 600px) 100vw, 600px\" \/><figcaption class=\"wp-element-caption\">Mulheres quechuas do Peru rezam na igreja. (2017)&nbsp;<a href=\"https:\/\/skip.wycliffe.net\/search\/result\/I0000KbwttWpr.pA?terms=quechua%20pray&amp;\">Foto<\/a>: Marc Ewell<\/figcaption><\/figure>\n<\/div>\n\n\n<h3 class=\"wp-block-heading\">Declare a gl\u00f3ria de Deus<\/h3>\n\n\n\n<h3 class=\"wp-block-heading\"><strong>Escrituras<\/strong><\/h3>\n\n\n\n<p>A equipa de ora\u00e7\u00e3o da Alian\u00e7a baseou-se nas seguintes Escrituras ao desenvolver os materiais para o Dia Mundial de Ora\u00e7\u00e3o. Considere ler estas ou outras Escrituras em voz alta em conjunto, que servem como um lembrete da bondade de Deus e de tudo o que Ele fez por n\u00f3s.<\/p>\n\n\n\n<ul class=\"wp-block-list\">\n<li>Salmos 29, 96 e 150<\/li>\n\n\n\n<li>Hebreus 1:1-4<\/li>\n\n\n\n<li>Jo\u00e3o 11<\/li>\n\n\n\n<li>Ef\u00e9sios 3:20<\/li>\n\n\n\n<li>Salmo 145<\/li>\n\n\n\n<li>1 Cr\u00f3nicas 29:10-13<\/li>\n<\/ul>\n\n\n\n<h3 class=\"wp-block-heading\"><strong>Outros recursos \u00fateis<\/strong><\/h3>\n\n\n\n<ul class=\"wp-block-list\">\n<li>V\u00eddeo do projeto b\u00edblico sobre&nbsp;<a href=\"https:\/\/youtu.be\/YoOgGeDfXDk?si=Nlvdv8d_3R-cw6ks\">Lembran\u00e7a<\/a><\/li>\n\n\n\n<li>Junte-se virtualmente a outras pessoas para orar tanto pelo Dia Mundial de Ora\u00e7\u00e3o quanto ao longo do ano na&nbsp;<a href=\"https:\/\/unceasingprayer.bible\/\">Ora\u00e7\u00e3o Incessante<\/a>.<\/li>\n\n\n\n<li><a href=\"https:\/\/www.prayforzero.com\/\">Ore por Zero<\/a><\/li>\n\n\n\n<li>A Wycliffe USA tem v\u00e1rias publica\u00e7\u00f5es \u00fateis no&nbsp;<a href=\"https:\/\/www.wycliffe.org\/prayer\">blog sobre ora\u00e7\u00e3o<\/a><\/li>\n\n\n\n<li><a href=\"https:\/\/joshuaproject.net\/pray\">Projeto Joshua<\/a><\/li>\n\n\n\n<li><a href=\"https:\/\/lausanne.org\/pray\">Movimento de Lausanne<\/a><\/li>\n\n\n\n<li><a href=\"https:\/\/wycliffe.org.uk\/wp-content\/uploads\/2022\/07\/Wycliffe-TCK-Prayer-Guide.pdf\">Guia de ora\u00e7\u00e3o para TCKs (crian\u00e7as de terceira cultura)<\/a><\/li>\n\n\n\n<li>Sites e m\u00eddias sociais de muitas&nbsp;<a href=\"https:\/\/www.wycliffe.net\/who-we-are\/organisations\/\">organiza\u00e7\u00f5es da Alian\u00e7a<\/a>&nbsp;fornecem informa\u00e7\u00f5es sobre ora\u00e7\u00e3o<\/li>\n<\/ul>\n\n\n\n<p><strong>Recursos da Wycliffe.net<\/strong>&nbsp;<\/p>\n\n\n\n<ul class=\"wp-block-list\">\n<li><a href=\"https:\/\/www.wycliffe.net\/the-latest\/streams-of-prayer\">Correntes de ora\u00e7\u00e3o:&nbsp;<\/a>uma publica\u00e7\u00e3o semanal de sete pedidos de ora\u00e7\u00e3o atuais e estrat\u00e9gicos em v\u00e1rios idiomas.<\/li>\n\n\n\n<li><a href=\"https:\/\/www.wycliffe.net\/resources\/prayer\/how-to-pray-for-teams-working-in-sign-language-bible-translation\/\">Como orar pelas equipes que trabalham na tradu\u00e7\u00e3o da B\u00edblia na Linguagem de Sinais<\/a><\/li>\n\n\n\n<li><a href=\"https:\/\/www.wycliffe.net\/resources\/prayer\/how-to-pray-for-oral-bible-storytelling\/\">Como orar pela Hist\u00f3ria Oral da B\u00edblia<\/a><\/li>\n\n\n\n<li><a href=\"https:\/\/www.wycliffe.net\/resources\/prayer\/how-to-pray-for-translation-consultants\/\">Como orar por um consultor de tradu\u00e7\u00e3o<\/a><\/li>\n\n\n\n<li><a href=\"https:\/\/www.wycliffe.net\/resources\/prayer\/how-to-pray-for-an-increase-in-old-testament-translation-we-need-the-old-testament\/\">Como orar pelo crescimento da tradu\u00e7\u00e3o do Antigo Testamento<\/a><\/li>\n\n\n\n<li><a href=\"https:\/\/www.wycliffe.net\/resources\/prayer\/how-to-pray-for-alliance-organisations\/\">Como orar pelas organiza\u00e7\u00f5es da Alian\u00e7a<\/a><\/li>\n<\/ul>\n\n\n\n<p><strong>Mais v\u00eddeos de ora\u00e7\u00e3o<\/strong><\/p>\n\n\n\n<ul class=\"wp-block-list\">\n<li><a href=\"https:\/\/prayercast.com\/\">Prayercast<\/a><\/li>\n\n\n\n<li><a href=\"https:\/\/www.youtube.com\/watch?v=65AcNmokStY&amp;feature=youtu.be\">Pessoas n\u00e3o alcan\u00e7adas pela B\u00edblia \u2014 Pray for Zero<\/a><\/li>\n\n\n\n<li><a href=\"https:\/\/youtu.be\/F3r4QnAs1Fs?si=5b9rOUbvfG-D0gLD\">O impacto da ora\u00e7\u00e3o<\/a><\/li>\n\n\n\n<li><a href=\"https:\/\/youtu.be\/f_ZfJ5Qgop8?si=AWf4285u6OO1rSpV\">A hist\u00f3ria de Paulette<\/a><\/li>\n<\/ul>\n\n\n\n<p>Os tradutores da B\u00edblia da Wycliffe do Canad\u00e1 t\u00eam um canal de&nbsp;<a href=\"https:\/\/www.youtube.com\/@WycliffeCanadaPrayer\">ora\u00e7\u00e3o no YouTube<\/a> com muitos v\u00eddeos excelentes<\/p>\n\n\n\n<p class=\"has-medium-font-size\"><a href=\"https:\/\/wycliffe.net\/pt-pt\/what-we-do\/gatherings\/dia-mundial-de-oracao\/\">Dia Mundial de Ora\u00e7\u00e3o<\/a><\/p>\n\n\n\n<p class=\"has-medium-font-size\"><a href=\"https:\/\/wycliffe.net\/pt-pt\/what-we-do\/gatherings\/dia-mundial-de-oracao\/meditacao-dia-mundial-de-oracao\/\">Medita\u00e7\u00e3o<\/a><\/p>\n\n\n\n<p><\/p>\n","protected":false},"excerpt":{"rendered":"<p>Recursos Dia Mundial de Ora\u00e7\u00e3o pela Tradu\u00e7\u00e3o da B\u00edblia 11 de novembro de 2025 Declare a gl\u00f3ria de Deus Escrituras A equipa de ora\u00e7\u00e3o da Alian\u00e7a baseou-se nas seguintes Escrituras&#8230;<\/p>\n","protected":false},"author":5,"featured_media":0,"parent":5767,"menu_order":0,"comment_status":"closed","ping_status":"closed","template":"","meta":{"give_campaign_id":0,"_kadence_starter_templates_imported_post":false,"_kad_post_transparent":"","_kad_post_title":"","_kad_post_layout":"","_kad_post_sidebar_id":"","_kad_post_content_style":"","_kad_post_vertical_padding":"","_kad_post_feature":"","_kad_post_feature_position":"","_kad_post_header":false,"_kad_post_footer":false,"footnotes":""},"categories":[],"tags":[],"class_list":["post-5825","page","type-page","status-publish","hentry"],"campaignId":"","_links":{"self":[{"href":"https:\/\/wycliffe.net\/pt-pt\/wp-json\/wp\/v2\/pages\/5825","targetHints":{"allow":["GET"]}}],"collection":[{"href":"https:\/\/wycliffe.net\/pt-pt\/wp-json\/wp\/v2\/pages"}],"about":[{"href":"https:\/\/wycliffe.net\/pt-pt\/wp-json\/wp\/v2\/types\/page"}],"author":[{"embeddable":true,"href":"https:\/\/wycliffe.net\/pt-pt\/wp-json\/wp\/v2\/users\/5"}],"replies":[{"embeddable":true,"href":"https:\/\/wycliffe.net\/pt-pt\/wp-json\/wp\/v2\/comments?post=5825"}],"version-history":[{"count":5,"href":"https:\/\/wycliffe.net\/pt-pt\/wp-json\/wp\/v2\/pages\/5825\/revisions"}],"predecessor-version":[{"id":8301,"href":"https:\/\/wycliffe.net\/pt-pt\/wp-json\/wp\/v2\/pages\/5825\/revisions\/8301"}],"up":[{"embeddable":true,"href":"https:\/\/wycliffe.net\/pt-pt\/wp-json\/wp\/v2\/pages\/5767"}],"wp:attachment":[{"href":"https:\/\/wycliffe.net\/pt-pt\/wp-json\/wp\/v2\/media?parent=5825"}],"wp:term":[{"taxonomy":"category","embeddable":true,"href":"https:\/\/wycliffe.net\/pt-pt\/wp-json\/wp\/v2\/categories?post=5825"},{"taxonomy":"post_tag","embeddable":true,"href":"https:\/\/wycliffe.net\/pt-pt\/wp-json\/wp\/v2\/tags?post=5825"}],"curies":[{"name":"wp","href":"https:\/\/api.w.org\/{rel}","templated":true}]}}