{"id":5784,"date":"2025-08-29T00:38:20","date_gmt":"2025-08-28T22:38:20","guid":{"rendered":"http:\/\/wycliffe.net\/what-we-do\/gatherings\/dia-mundial-de-oracao\/meditations-world-day-of-prayer\/"},"modified":"2025-10-01T00:17:04","modified_gmt":"2025-09-30T22:17:04","slug":"meditacao-dia-mundial-de-oracao","status":"publish","type":"page","link":"https:\/\/wycliffe.net\/pt-pt\/what-we-do\/gatherings\/dia-mundial-de-oracao\/meditacao-dia-mundial-de-oracao\/","title":{"rendered":"Medita\u00e7\u00e3o &#8211; Dia Mundial de Ora\u00e7\u00e3o"},"content":{"rendered":"\n<h2 class=\"wp-block-heading\">Medita\u00e7\u00e3o<\/h2>\n\n\n\n<h2 class=\"wp-block-heading\">Dia Mundial de Ora\u00e7\u00e3o pela Tradu\u00e7\u00e3o da B\u00edblia<\/h2>\n\n\n\n<h4 class=\"wp-block-heading\">11 de novembro de 2025<\/h4>\n\n\n<div class=\"wp-block-image\">\n<figure class=\"aligncenter size-full is-resized\"><img loading=\"lazy\" decoding=\"async\" width=\"600\" height=\"400\" src=\"http:\/\/wycliffe.net\/wp-content\/uploads\/2025\/09\/150819_7629-1.jpg\" alt=\"\" class=\"wp-image-4092\" style=\"width:1178px\" srcset=\"https:\/\/wycliffe.net\/wp-content\/uploads\/2025\/09\/150819_7629-1.jpg 600w, https:\/\/wycliffe.net\/wp-content\/uploads\/2025\/09\/150819_7629-1-300x200.jpg 300w\" sizes=\"auto, (max-width: 600px) 100vw, 600px\" \/><figcaption class=\"wp-element-caption\">Meninas cantam e dan\u00e7am em adora\u00e7\u00e3o num grupo de ora\u00e7\u00e3o em Logba Vuinta, na regi\u00e3o de Volta, no leste do Gana (2015). Foto: Rodney Ballard<\/figcaption><\/figure>\n<\/div>\n\n\n<h2 class=\"wp-block-heading\"><strong>Declare a gl\u00f3ria de Deus<\/strong><\/h2>\n\n\n\n<p>Este ano \u00e9 um momento de celebra\u00e7\u00e3o no movimento de tradu\u00e7\u00e3o da B\u00edblia. \u00c9 importante que celebremos com vontade.<\/p>\n\n\n\n<p>Na B\u00edblia, as pessoas celebram a Deus de duas maneiras:<br>\u2013&nbsp;<strong>por quem Ele<\/strong>, e<br>\u2013&nbsp;<strong>pelo que Ele fez.<\/strong><\/p>\n\n\n\n<p>Ao agradecermos a Deus por tudo o que Ele fez atrav\u00e9s da&nbsp;<strong>Vis\u00e3o 2025<\/strong>, tamb\u00e9m nos lembramos da Sua grandeza e do nosso chamado mais elevado. Como diz o Catecismo de Westminster:<\/p>\n\n\n\n<p>\u201cO principal objetivo do homem \u00e9 glorificar a Deus e desfrutar Dele para sempre\u201d.<\/p>\n\n\n\n<p>\u00c9 uma grande d\u00e1diva ter um dia inteiro para nos deleitarmos em Deus, para Lhe darmos gl\u00f3ria e para O desfrutarmos juntos.<\/p>\n\n\n\n<h3 class=\"wp-block-heading\"><strong>Celebre tendo em mente a sua cultura<\/strong><\/h3>\n\n\n\n<p>Pense em como as pessoas da sua cultura celebram. Pense tamb\u00e9m em como outras culturas ao redor do mundo celebram. Voc\u00ea poderia incluir algumas dessas formas no seu Dia de Ora\u00e7\u00e3o? Em muitas culturas, as pessoas celebram com:<\/p>\n\n\n\n<ul class=\"wp-block-list\">\n<li>roupas especiais<\/li>\n\n\n\n<li>desfiles ou prociss\u00f5es<\/li>\n\n\n\n<li>comida e festas<\/li>\n\n\n\n<li>dan\u00e7a<\/li>\n\n\n\n<li>fogos de artif\u00edcio ou velas.<\/li>\n<\/ul>\n\n\n\n<p>N\u00e3o sejamos indiferentes na nossa celebra\u00e7\u00e3o, mas celebremos com toda a nossa energia \u2014&nbsp;<strong>porque Deus \u00e9 digno!<\/strong><\/p>\n\n\n\n<h3 class=\"wp-block-heading\"><strong>Usando o Salmo 150 como guia<\/strong><\/h3>\n\n\n\n<p>O Salmo 150 nos d\u00e1 um \u00f3timo exemplo de como louvar a Deus. Use-o como estrutura para a sua celebra\u00e7\u00e3o.<\/p>\n\n\n\n<p><strong>Vers\u00edculo 1a: \u00abLouvai ao Senhor\u00bb.<\/strong><strong><br><\/strong>Lembre-se de todas as coisas que Deus fez, especialmente por meio da&nbsp;<strong>Vis\u00e3o 2025<\/strong>. Este n\u00e3o \u00e9 o momento de nos concentrarmos em n\u00f3s mesmos ou de nos atribuirmos o cr\u00e9dito pelo que aconteceu. Estamos aqui para&nbsp;<strong>declarar o que Deus fez<\/strong>. Quando declaramos a Sua gl\u00f3ria, a nossa pr\u00f3pria f\u00e9 \u00e9 encorajada e os outros veem como Ele \u00e9 grande.<\/p>\n\n\n\n<p><strong>Vers\u00edculo 1b: \u201cLouvai a Deus no seu santu\u00e1rio; louvai-O nos seus c\u00e9us poderosos\u201d.<\/strong><strong><br><\/strong>Tamb\u00e9m nos lembramos de quem \u00e9 Deus. Juntamente com os anjos no c\u00e9u, celebramos a Sua santidade, justi\u00e7a, poder e amor. Por causa da morte e ressurrei\u00e7\u00e3o de Jesus, podemos entrar na presen\u00e7a de Deus. Somente Jesus era santo o suficiente para levar nossos pecados sobre si mesmo e nos levar a um relacionamento com Deus. Vamos celebrar o resgate por meio do seu grande amor.\u2028<br>(Os Salmos 29 e 96 e Hebreus 1:1-4 podem ser bons pontos de partida para reconhecermos que ele \u00e9 Deus e n\u00f3s somos a sua cria\u00e7\u00e3o).<\/p>\n\n\n\n<p><strong>Vers\u00edculo 2: \u201cLouvai-o pelos seus atos de poder; louvai-o pela sua grandeza incompar\u00e1vel\u201d.<\/strong><strong><br><\/strong>A B\u00edblia frequentemente nos diz para lembrarmos do que Deus fez, para que n\u00e3o nos esque\u00e7amos. Por exemplo, em \u00caxodo 13, Deus instituiu a P\u00e1scoa para ajudar o seu povo a lembrar-se de como Ele os tirou da escravid\u00e3o.\u2028<br>Hoje, tomamos a comunh\u00e3o para lembrar a morte e ressurrei\u00e7\u00e3o de Jesus e tudo o que isso nos trouxe.<\/p>\n\n\n\n<p><strong>Salmos 145:4\u20137 (NBV-P)<\/strong>&nbsp;diz:<\/p>\n\n\n\n<p>Uma gera\u00e7\u00e3o louva as tuas obras \u00e0 outra; elas contam os teus atos poderosos&#8230;\u2028<br>Elas celebram a tua bondade abundante e cantam com alegria a tua justi\u00e7a.<\/p>\n\n\n<div class=\"wp-block-image\">\n<figure class=\"aligncenter size-full is-resized\"><img loading=\"lazy\" decoding=\"async\" width=\"600\" height=\"400\" src=\"http:\/\/wycliffe.net\/wp-content\/uploads\/2025\/09\/2014Sept_Nairobi_14.jpg\" alt=\"\" class=\"wp-image-3463\" style=\"width:900px\" srcset=\"https:\/\/wycliffe.net\/wp-content\/uploads\/2025\/09\/2014Sept_Nairobi_14.jpg 600w, https:\/\/wycliffe.net\/wp-content\/uploads\/2025\/09\/2014Sept_Nairobi_14-300x200.jpg 300w\" sizes=\"auto, (max-width: 600px) 100vw, 600px\" \/><figcaption class=\"wp-element-caption\">A DOOR International comemora a conclus\u00e3o do DVD com as Escrituras em linguagem de sinais e recursos para comunidades surdas em Gana, Burundi, Eti\u00f3pia, Uganda, Tanz\u00e2nia, Nig\u00e9ria e Qu\u00e9nia. (2014)&nbsp;<a href=\"https:\/\/skip.wycliffe.net\/search\/result\/I0000wkpYJWV7F9s?terms=kenya%20deaf&amp;\">Foto<\/a>: Heather Pubols<br><br><\/figcaption><\/figure>\n<\/div>\n\n\n<h3 class=\"wp-block-heading\"><strong>Declare o poder de Deus com hist\u00f3rias<\/strong><\/h3>\n\n\n\n<p>Vamos partilhar hist\u00f3rias de como Deus tem agido nas nossas vidas e na tradu\u00e7\u00e3o da B\u00edblia. Pergunte:<\/p>\n\n\n\n<ul class=\"wp-block-list\">\n<li>Como Ele nos transformou?<\/li>\n\n\n\n<li>Que ferramentas Ele nos deu?<\/li>\n\n\n\n<li>O que Ele nos ensinou?<\/li>\n\n\n\n<li>Como as vidas foram transformadas?<\/li>\n\n\n\n<li>Como Ele tem providenciado para n\u00f3s?<\/li>\n<\/ul>\n\n\n\n<p>Quando partilhamos essas hist\u00f3rias durante o Dia Mundial de Ora\u00e7\u00e3o, isso ajuda aqueles que est\u00e3o envolvidos h\u00e1 muito tempo a lembrar-se da fidelidade de Deus e traz encorajamento para aqueles que s\u00e3o mais novos no movimento. Depois de partilhar, vamos dedicar um tempo para dar gra\u00e7as e louvar a Deus.<\/p>\n\n\n\n<h3 class=\"wp-block-heading\"><strong>Oremos juntos<\/strong><\/h3>\n\n\n\n<p>Depois de celebrarmos o que Deus fez, vamos orar e pedir-Lhe que fa\u00e7a&nbsp;<strong>ainda mais.<\/strong><\/p>\n\n\n\n<p>Por exemplo:<\/p>\n\n\n\n<ul class=\"wp-block-list\">\n<li>Se contar uma hist\u00f3ria sobre um novo parceiro que Deus trouxe para o seu trabalho, agrade\u00e7a a Deus e depois ore por ele.<\/li>\n\n\n\n<li>Se partilhar sobre um novo projeto de tradu\u00e7\u00e3o, louve a Deus e depois ore pelo grupo de pessoas, pedindo a Deus que traga transforma\u00e7\u00e3o atrav\u00e9s da Sua Palavra.<\/li>\n<\/ul>\n\n\n\n<h3 class=\"wp-block-heading\"><strong>Vers\u00edculos 3\u20135: Adora\u00e7\u00e3o com m\u00fasica e movimento<\/strong><\/h3>\n\n\n\n<p>\u201cLouvai-o com a trombeta, a harpa e a lira, o tamborim e a dan\u00e7a, as cordas e a flauta, os c\u00edmbalos\u201d.<\/p>\n\n\n\n<p>A celebra\u00e7\u00e3o geralmente inclui m\u00fasica. Use quaisquer instrumentos e estilos que sejam significativos na sua cultura. Ou experimente tamb\u00e9m m\u00fasicas de outras culturas.<\/p>\n\n\n\n<p>H\u00e1 muitas maneiras de celebrar a gl\u00f3ria de Deus, atrav\u00e9s da m\u00fasica, da dan\u00e7a e at\u00e9 mesmo de prociss\u00f5es. Deixe a sua adora\u00e7\u00e3o ser alegre, alta e cheia de vida. N\u00e3o se contenha!<\/p>\n\n\n\n<p>Deixe a sua comunidade ouvir voc\u00ea&nbsp;<strong>declarar a gl\u00f3ria de Deus!<\/strong><\/p>\n\n\n<div class=\"wp-block-image\">\n<figure class=\"aligncenter size-full is-resized\"><img loading=\"lazy\" decoding=\"async\" width=\"600\" height=\"400\" src=\"http:\/\/wycliffe.net\/wp-content\/uploads\/2025\/09\/2015Oct_SAsia_183.jpg\" alt=\"\" class=\"wp-image-3469\" style=\"width:900px;height:auto\" srcset=\"https:\/\/wycliffe.net\/wp-content\/uploads\/2025\/09\/2015Oct_SAsia_183.jpg 600w, https:\/\/wycliffe.net\/wp-content\/uploads\/2025\/09\/2015Oct_SAsia_183-300x200.jpg 300w\" sizes=\"auto, (max-width: 600px) 100vw, 600px\" \/><figcaption class=\"wp-element-caption\">Homens e mulheres adoram usando instrumentos tradicionais e ocidentais numa igreja de aldeia no sul da \u00c1sia. (2015)&nbsp;<a href=\"https:\/\/skip.wycliffe.net\/search\/result\/I0000sBe6nz08wGU?terms=Asia%20musical%20instrument&amp;\">Foto<\/a>: Marc Ewell<br><br><\/figcaption><\/figure>\n<\/div>\n\n\n<h3 class=\"wp-block-heading\"><strong>Vers\u00edculo 6: \u201cQue tudo o que tem f\u00f4lego louve ao Senhor\u201d.<\/strong><\/h3>\n\n\n\n<p>Quem pode convidar para participar da celebra\u00e7\u00e3o?<\/p>\n\n\n\n<p>Pode convidar:<\/p>\n\n\n\n<ul class=\"wp-block-list\">\n<li>parceiros e partes interessadas?<\/li>\n\n\n\n<li>funcion\u00e1rios e volunt\u00e1rios?<\/li>\n\n\n\n<li>igrejas e grupos de ora\u00e7\u00e3o que apoiam?<\/li>\n\n\n\n<li>l\u00edderes governamentais ou comunit\u00e1rios?<\/li>\n\n\n\n<li>l\u00edderes de outras comunidades religiosas?<\/li>\n<\/ul>\n\n\n\n<p>Al\u00e9m disso, considere usar a tecnologia para incluir pessoas que n\u00e3o podem comparecer pessoalmente.<\/p>\n\n\n\n<p>Vamos convidar muitas pessoas para&nbsp;<strong>ver a grandeza de Deus e declarar a Sua gl\u00f3ria!<\/strong><\/p>\n\n\n\n<h3 class=\"wp-block-heading\"><strong>Ore com ousadia, confie que Deus pode mais<\/strong><\/h3>\n\n\n\n<p>\u00c0 medida que continuamos a orar, n\u00e3o olhemos apenas para o passado, olhemos para o futuro.<\/p>\n\n\n\n<p>Em&nbsp;<strong>Jo\u00e3o 11<\/strong>, Jesus ressuscitou L\u00e1zaro dos mortos. Antes do milagre, Jesus demorou a ir at\u00e9 ele, mesmo que Maria e Marta tivessem pedido ajuda porque L\u00e1zaro estava doente. As pessoas se perguntaram por que Jesus n\u00e3o foi imediatamente \u2014 elas acreditavam que ele podia curar, mas n\u00e3o pareciam acreditar que ele poderia ressuscitar L\u00e1zaro dos mortos.<\/p>\n\n\n\n<p>At\u00e9 Marta questionou Jesus no t\u00famulo. Mas Jesus disse:<\/p>\n\n\n\n<p>\u00abN\u00e3o te disse que, se creres, ver\u00e1s a gl\u00f3ria de Deus?\u00bb (Jo\u00e3o 11:40)<\/p>\n\n\n\n<h3 class=\"wp-block-heading\"><strong>Aumente a sua f\u00e9, fa\u00e7a ora\u00e7\u00f5es maiores<\/strong><\/h3>\n\n\n\n<p>H\u00e1 \u00e1reas na sua vida ou minist\u00e9rio em que ainda est\u00e1 \u00e0 espera que Deus aja? Precisamos de aumentar a nossa f\u00e9, lembrando-nos de que Deus \u00e9 \u00abcapaz de fazer infinitamente mais do que tudo o que pedimos ou imaginamos, de acordo com o seu poder que opera em n\u00f3s\u00bb (Ef\u00e9sios 3:20 NVI)? Vamos&nbsp;<strong>fazer ora\u00e7\u00f5es ousadas e cheias de f\u00e9!<\/strong><\/p>\n\n\n\n<h3 class=\"wp-block-heading\"><strong>Metas de f\u00e9 e ora\u00e7\u00e3o cont\u00ednua<\/strong><\/h3>\n\n\n\n<p>Durante o seu Dia de Ora\u00e7\u00e3o, reserve um tempo para orar pelas situa\u00e7\u00f5es em que est\u00e1 \u00e0 espera de Deus. Pe\u00e7a-Lhe para glorificar o Seu nome por meio delas.<\/p>\n\n\n\n<p>Mesmo ap\u00f3s o Dia Mundial de Ora\u00e7\u00e3o, considere estabelecer metas de f\u00e9 \u2014 coisas espec\u00edficas que voc\u00ea confia que Deus far\u00e1. Ore regularmente por essas coisas at\u00e9 que elas aconte\u00e7am. Ore com outras pessoas do movimento e creia em avan\u00e7os juntos.<\/p>\n\n\n\n<p><strong>N\u00e3o se esque\u00e7a de perguntar aos seus parceiros como voc\u00ea pode orar por eles antes do evento.<\/strong><\/p>\n\n\n\n<p>Vamos&nbsp;<strong>declarar a gl\u00f3ria de Deus<\/strong>&nbsp;\u2014 juntos, com f\u00e9, alegria e esperan\u00e7a.<\/p>\n\n\n\n<p class=\"has-medium-font-size\"><a href=\"https:\/\/wycliffe.net\/pt-pt\/what-we-do\/gatherings\/dia-mundial-de-oracao\/\">Dia Mundial de Ora\u00e7\u00e3o<\/a><\/p>\n\n\n\n<p class=\"has-medium-font-size\"><a href=\"https:\/\/wycliffe.net\/pt-pt\/what-we-do\/gatherings\/dia-mundial-de-oracao\/recursos-dia-mundial-de-oracao\/\">Recursos<\/a><\/p>\n\n\n\n<p><\/p>\n","protected":false},"excerpt":{"rendered":"<p>Medita\u00e7\u00e3o Dia Mundial de Ora\u00e7\u00e3o pela Tradu\u00e7\u00e3o da B\u00edblia 11 de novembro de 2025 Declare a gl\u00f3ria de Deus Este ano \u00e9 um momento de celebra\u00e7\u00e3o no movimento de tradu\u00e7\u00e3o&#8230;<\/p>\n","protected":false},"author":5,"featured_media":0,"parent":5767,"menu_order":0,"comment_status":"closed","ping_status":"closed","template":"","meta":{"give_campaign_id":0,"_kadence_starter_templates_imported_post":false,"_kad_post_transparent":"","_kad_post_title":"","_kad_post_layout":"","_kad_post_sidebar_id":"","_kad_post_content_style":"","_kad_post_vertical_padding":"","_kad_post_feature":"","_kad_post_feature_position":"","_kad_post_header":false,"_kad_post_footer":false,"footnotes":""},"categories":[],"tags":[],"class_list":["post-5784","page","type-page","status-publish","hentry"],"campaignId":"","_links":{"self":[{"href":"https:\/\/wycliffe.net\/pt-pt\/wp-json\/wp\/v2\/pages\/5784","targetHints":{"allow":["GET"]}}],"collection":[{"href":"https:\/\/wycliffe.net\/pt-pt\/wp-json\/wp\/v2\/pages"}],"about":[{"href":"https:\/\/wycliffe.net\/pt-pt\/wp-json\/wp\/v2\/types\/page"}],"author":[{"embeddable":true,"href":"https:\/\/wycliffe.net\/pt-pt\/wp-json\/wp\/v2\/users\/5"}],"replies":[{"embeddable":true,"href":"https:\/\/wycliffe.net\/pt-pt\/wp-json\/wp\/v2\/comments?post=5784"}],"version-history":[{"count":5,"href":"https:\/\/wycliffe.net\/pt-pt\/wp-json\/wp\/v2\/pages\/5784\/revisions"}],"predecessor-version":[{"id":6773,"href":"https:\/\/wycliffe.net\/pt-pt\/wp-json\/wp\/v2\/pages\/5784\/revisions\/6773"}],"up":[{"embeddable":true,"href":"https:\/\/wycliffe.net\/pt-pt\/wp-json\/wp\/v2\/pages\/5767"}],"wp:attachment":[{"href":"https:\/\/wycliffe.net\/pt-pt\/wp-json\/wp\/v2\/media?parent=5784"}],"wp:term":[{"taxonomy":"category","embeddable":true,"href":"https:\/\/wycliffe.net\/pt-pt\/wp-json\/wp\/v2\/categories?post=5784"},{"taxonomy":"post_tag","embeddable":true,"href":"https:\/\/wycliffe.net\/pt-pt\/wp-json\/wp\/v2\/tags?post=5784"}],"curies":[{"name":"wp","href":"https:\/\/api.w.org\/{rel}","templated":true}]}}