{"id":5767,"date":"2025-08-29T00:31:52","date_gmt":"2025-08-28T22:31:52","guid":{"rendered":"http:\/\/wycliffe.net\/what-we-do\/gatherings\/world-day-of-prayer\/"},"modified":"2025-09-25T06:40:57","modified_gmt":"2025-09-25T04:40:57","slug":"dia-mundial-de-oracao","status":"publish","type":"page","link":"https:\/\/wycliffe.net\/pt-pt\/what-we-do\/gatherings\/dia-mundial-de-oracao\/","title":{"rendered":"Dia Mundial de Ora\u00e7\u00e3o"},"content":{"rendered":"\n<h2 class=\"wp-block-heading\">Dia Mundial de Ora\u00e7\u00e3o pela Tradu\u00e7\u00e3o da B\u00edblia 2025<\/h2>\n\n\n\n<h4 class=\"wp-block-heading\">11 de novembro 2025<\/h4>\n\n\n\n<figure class=\"wp-block-image size-large\"><img loading=\"lazy\" decoding=\"async\" width=\"1024\" height=\"673\" src=\"http:\/\/wycliffe.net\/wp-content\/uploads\/2025\/09\/WDOP_PT-1024x673.png\" alt=\"\" class=\"wp-image-4058\" srcset=\"https:\/\/wycliffe.net\/wp-content\/uploads\/2025\/09\/WDOP_PT-1024x673.png 1024w, https:\/\/wycliffe.net\/wp-content\/uploads\/2025\/09\/WDOP_PT-300x197.png 300w, https:\/\/wycliffe.net\/wp-content\/uploads\/2025\/09\/WDOP_PT-768x505.png 768w, https:\/\/wycliffe.net\/wp-content\/uploads\/2025\/09\/WDOP_PT.png 1280w\" sizes=\"auto, (max-width: 1024px) 100vw, 1024px\" \/><\/figure>\n\n\n\n<h3 class=\"wp-block-heading\"><strong>Declare a gl\u00f3ria de Deus \u2028<\/strong><\/h3>\n\n\n\n<p>Em 1999, numa confer\u00eancia internacional conjunta da Wycliffe internacional (agora conhecida como Alian\u00e7a Global Wycliffe) e da SIL internacional, percebemos que progresso em disponibilizar a B\u00edblia para todas as pessoas no idioma que elas melhor compreendem era muito lento. Vimos que o movimento de tradu\u00e7\u00e3o da B\u00edblia precisava mudar. Ent\u00e3o, nos comprometemos com um objetivo comum chamado&nbsp;<strong>Vis\u00e3o 2025<\/strong>:<\/p>\n\n\n\n<p><strong><em>\u201cMotivados pela necessidade urgente de todos os povos terem acesso \u00e0 Palavra de Deus em um idioma que fale aos seus cora\u00e7\u00f5es, e reafirmando nossos valores hist\u00f3ricos e nossa confian\u00e7a em Deus para realizar o imposs\u00edvel:\u2028<\/em><\/strong><\/p>\n\n\n\n<ul class=\"wp-block-list\">\n<li><strong><em>Acreditamos na vis\u00e3o de que, at\u00e9 o ano de 2025, um projeto de tradu\u00e7\u00e3o da B\u00edblia estar\u00e1 em andamento para cada grupo \u00e9tnico que precisar.<\/em><\/strong><\/li>\n\n\n\n<li><strong><em>Reconhecemos que isso n\u00e3o pode ser alcan\u00e7ado simplesmente trabalhando mais ou fazendo mais do que estamos a fazer agora. Ser\u00e1 necess\u00e1rio fazer mudan\u00e7as significativas em nossas atitudes e formas de trabalhar.<\/em><\/strong><\/li>\n\n\n\n<li><strong><em>Nosso desejo \u00e9 desenvolver capacidade para programas sustent\u00e1veis de tradu\u00e7\u00e3o da B\u00edblia e atividades de uso das Escrituras. Portanto, exortamos cada entidade dentro da nossa fam\u00edlia de organiza\u00e7\u00f5es a dar prioridade ao fortalecimento das parcerias atuais, \u00e0 forma\u00e7\u00e3o de parcerias estrat\u00e9gicas adicionais e ao trabalho conjunto para desenvolver abordagens criativas adequadas a cada contexto.\u2028<\/em><\/strong><\/li>\n\n\n\n<li><strong><em>Para esse fim, comprometemo-nos a orar pela realiza\u00e7\u00e3o dessa vis\u00e3o, buscando a orienta\u00e7\u00e3o de Deus e obedecendo-O em quaisquer novas dire\u00e7\u00f5es que Ele possa nos conduzir\u201d.<\/em><\/strong><\/li>\n<\/ul>\n\n\n\n<p>Agora, pouco mais de 25 anos depois, reconhecemos com alegria o quanto Deus tem feito. Ele nos transformou e nos ajudou. Nossas formas de trabalhar evolu\u00edram. Muitas pessoas e organiza\u00e7\u00f5es diferentes agora fazem parte do movimento de tradu\u00e7\u00e3o da B\u00edblia. A tecnologia avan\u00e7ou, ajudando-nos a trabalhar de forma mais r\u00e1pida e eficaz. Novos m\u00e9todos de tradu\u00e7\u00e3o foram criados. Treinamos mais pessoas, o que levou a uma maior diversidade e crescimento no movimento.<\/p>\n\n\n\n<p>Vamos reservar um tempo este ano para refletir, recordar e declarar a gl\u00f3ria de Deus.<\/p>\n\n\n\n<figure class=\"wp-block-embed is-type-video is-provider-youtube wp-block-embed-youtube wp-embed-aspect-16-9 wp-has-aspect-ratio\"><div class=\"wp-block-embed__wrapper\">\n<iframe loading=\"lazy\" title=\"World Day of Prayer for Bible Translation 2025\" width=\"720\" height=\"405\" src=\"https:\/\/www.youtube.com\/embed\/cvaG1Cblaao?feature=oembed\" frameborder=\"0\" allow=\"accelerometer; autoplay; clipboard-write; encrypted-media; gyroscope; picture-in-picture; web-share\" referrerpolicy=\"strict-origin-when-cross-origin\" allowfullscreen><\/iframe>\n<\/div><\/figure>\n\n\n\n<p><a href=\"https:\/\/www.youtube.com\/watch?v=cvaG1Cblaao\">Dia Mundial de Ora\u00e7\u00e3o pela Tradu\u00e7\u00e3o da B\u00edblia 2025<\/a>&nbsp;da&nbsp;<a href=\"https:\/\/www.youtube.com\/@infoglobalalliance3679\">&nbsp;Alian\u00e7a Global Wycliffe<\/a>&nbsp;no&nbsp;YouTube<br>Clique em CC para legendas em ingl\u00eas, espanhol, franc\u00eas, indon\u00e9sio, portugu\u00eas ou chin\u00eas.<br><\/p>\n\n\n\n<p class=\"has-medium-font-size\"><strong><a href=\"http:\/\/wycliffe.net\/pt-pt\/what-we-do\/gatherings\/dia-mundial-de-oracao\/meditacao-dia-mundial-de-oracao\/\">Medita\u00e7\u00f5es<\/a><\/strong><\/p>\n\n\n\n<p class=\"has-medium-font-size\"><br><a href=\"http:\/\/wycliffe.net\/pt-pt\/what-we-do\/gatherings\/dia-mundial-de-oracao\/recursos-dia-mundial-de-oracao\/\"><strong>Recursos<\/strong><\/a><\/p>\n\n\n\n<p><\/p>\n","protected":false},"excerpt":{"rendered":"<p>Dia Mundial de Ora\u00e7\u00e3o pela Tradu\u00e7\u00e3o da B\u00edblia 2025 11 de novembro 2025 Declare a gl\u00f3ria de Deus \u2028 Em 1999, numa confer\u00eancia internacional conjunta da Wycliffe internacional (agora conhecida&#8230;<\/p>\n","protected":false},"author":5,"featured_media":0,"parent":4888,"menu_order":0,"comment_status":"closed","ping_status":"closed","template":"","meta":{"give_campaign_id":0,"_kadence_starter_templates_imported_post":false,"_kad_post_transparent":"","_kad_post_title":"","_kad_post_layout":"","_kad_post_sidebar_id":"","_kad_post_content_style":"","_kad_post_vertical_padding":"","_kad_post_feature":"","_kad_post_feature_position":"","_kad_post_header":false,"_kad_post_footer":false,"footnotes":""},"categories":[],"tags":[],"class_list":["post-5767","page","type-page","status-publish","hentry"],"campaignId":"","_links":{"self":[{"href":"https:\/\/wycliffe.net\/pt-pt\/wp-json\/wp\/v2\/pages\/5767","targetHints":{"allow":["GET"]}}],"collection":[{"href":"https:\/\/wycliffe.net\/pt-pt\/wp-json\/wp\/v2\/pages"}],"about":[{"href":"https:\/\/wycliffe.net\/pt-pt\/wp-json\/wp\/v2\/types\/page"}],"author":[{"embeddable":true,"href":"https:\/\/wycliffe.net\/pt-pt\/wp-json\/wp\/v2\/users\/5"}],"replies":[{"embeddable":true,"href":"https:\/\/wycliffe.net\/pt-pt\/wp-json\/wp\/v2\/comments?post=5767"}],"version-history":[{"count":3,"href":"https:\/\/wycliffe.net\/pt-pt\/wp-json\/wp\/v2\/pages\/5767\/revisions"}],"predecessor-version":[{"id":5838,"href":"https:\/\/wycliffe.net\/pt-pt\/wp-json\/wp\/v2\/pages\/5767\/revisions\/5838"}],"up":[{"embeddable":true,"href":"https:\/\/wycliffe.net\/pt-pt\/wp-json\/wp\/v2\/pages\/4888"}],"wp:attachment":[{"href":"https:\/\/wycliffe.net\/pt-pt\/wp-json\/wp\/v2\/media?parent=5767"}],"wp:term":[{"taxonomy":"category","embeddable":true,"href":"https:\/\/wycliffe.net\/pt-pt\/wp-json\/wp\/v2\/categories?post=5767"},{"taxonomy":"post_tag","embeddable":true,"href":"https:\/\/wycliffe.net\/pt-pt\/wp-json\/wp\/v2\/tags?post=5767"}],"curies":[{"name":"wp","href":"https:\/\/api.w.org\/{rel}","templated":true}]}}