{"id":5748,"date":"2025-09-25T01:23:49","date_gmt":"2025-09-24T23:23:49","guid":{"rendered":"http:\/\/wycliffe.net\/philosophy-principle-papers\/people-serving-in-gods-mission-value-statements-and-related-observations\/"},"modified":"2025-09-25T01:30:03","modified_gmt":"2025-09-24T23:30:03","slug":"pessoas-servindo-na-missao-de-deus-declaracao-de-valores-e-observacoes-relacionadas","status":"publish","type":"page","link":"https:\/\/wycliffe.net\/pt-pt\/philosophy-principle-papers\/pessoas-servindo-na-missao-de-deus-declaracao-de-valores-e-observacoes-relacionadas\/","title":{"rendered":"Pessoas servindo na miss\u00e3o de Deus: declara\u00e7\u00e3o de valores e observa\u00e7\u00f5es relacionadas"},"content":{"rendered":"\n<h1 class=\"wp-block-heading\">Pessoas servindo na miss\u00e3o de Deus: declara\u00e7\u00e3o de valores e observa\u00e7\u00f5es relacionadas<\/h1>\n\n\n\n<p>A Alian\u00e7a Global Wycliffe organizou uma reuni\u00e3o missiol\u00f3gica para 26 participantes de 22 pa\u00edses, do dia 21 a 24 de agosto de 2018, em Singapura. A reuni\u00e3o, intitulada:&nbsp;<em>pessoas servindo na miss\u00e3o de Deus,<\/em>, procurou explorar quest\u00f5es relativas \u00e0s melhores pr\u00e1ticas nas rela\u00e7\u00f5es de Recursos Humanos no contexto da Alian\u00e7a.<\/p>\n\n\n\n<p>As considera\u00e7\u00f5es se concentraram em como cuidar responsavelmente das pessoas que servem na miss\u00e3o de Deus, especialmente em termos de valores e bem-estar espiritual do povo de Deus. Os participantes das organiza\u00e7\u00f5es da Alian\u00e7a, discutiram sobre como abordar suas pr\u00f3prias realidades de Recursos Humanos, bem como a forma de encarar os desafios de colocar equipes em outras ag\u00eancias.<\/p>\n\n\n\n<p><a href=\"http:\/\/wycliffe.net\/wp-content\/uploads\/2025\/09\/Statement-People_Serving_in_Gods_Mission_12-2018_PT.pdf\">Visualize e baixe um PDF<\/a>\u00a0com o resumo da declara\u00e7\u00e3o que foi elaborada como resultado dessas discuss\u00f5es. A inten\u00e7\u00e3o deste documento, \u00e9 informar e encorajar discuss\u00f5es cont\u00ednuas, assim como pr\u00e1ticas saud\u00e1veis de Recursos Humanos dentro da Alian\u00e7a.<\/p>\n","protected":false},"excerpt":{"rendered":"<p>Pessoas servindo na miss\u00e3o de Deus: declara\u00e7\u00e3o de valores e observa\u00e7\u00f5es relacionadas A Alian\u00e7a Global Wycliffe organizou uma reuni\u00e3o missiol\u00f3gica para 26 participantes de 22 pa\u00edses, do dia 21 a&#8230;<\/p>\n","protected":false},"author":6,"featured_media":0,"parent":5070,"menu_order":0,"comment_status":"closed","ping_status":"closed","template":"","meta":{"give_campaign_id":0,"_kadence_starter_templates_imported_post":false,"_kad_post_transparent":"","_kad_post_title":"","_kad_post_layout":"","_kad_post_sidebar_id":"","_kad_post_content_style":"","_kad_post_vertical_padding":"","_kad_post_feature":"","_kad_post_feature_position":"","_kad_post_header":false,"_kad_post_footer":false,"footnotes":""},"categories":[],"tags":[207,605,606,607],"class_list":["post-5748","page","type-page","status-publish","hentry","tag-bible-translation-pt-pt","tag-gods-mission-pt-pt","tag-human-resources-pt-pt","tag-people-pt-pt"],"campaignId":"","_links":{"self":[{"href":"https:\/\/wycliffe.net\/pt-pt\/wp-json\/wp\/v2\/pages\/5748","targetHints":{"allow":["GET"]}}],"collection":[{"href":"https:\/\/wycliffe.net\/pt-pt\/wp-json\/wp\/v2\/pages"}],"about":[{"href":"https:\/\/wycliffe.net\/pt-pt\/wp-json\/wp\/v2\/types\/page"}],"author":[{"embeddable":true,"href":"https:\/\/wycliffe.net\/pt-pt\/wp-json\/wp\/v2\/users\/6"}],"replies":[{"embeddable":true,"href":"https:\/\/wycliffe.net\/pt-pt\/wp-json\/wp\/v2\/comments?post=5748"}],"version-history":[{"count":1,"href":"https:\/\/wycliffe.net\/pt-pt\/wp-json\/wp\/v2\/pages\/5748\/revisions"}],"predecessor-version":[{"id":5749,"href":"https:\/\/wycliffe.net\/pt-pt\/wp-json\/wp\/v2\/pages\/5748\/revisions\/5749"}],"up":[{"embeddable":true,"href":"https:\/\/wycliffe.net\/pt-pt\/wp-json\/wp\/v2\/pages\/5070"}],"wp:attachment":[{"href":"https:\/\/wycliffe.net\/pt-pt\/wp-json\/wp\/v2\/media?parent=5748"}],"wp:term":[{"taxonomy":"category","embeddable":true,"href":"https:\/\/wycliffe.net\/pt-pt\/wp-json\/wp\/v2\/categories?post=5748"},{"taxonomy":"post_tag","embeddable":true,"href":"https:\/\/wycliffe.net\/pt-pt\/wp-json\/wp\/v2\/tags?post=5748"}],"curies":[{"name":"wp","href":"https:\/\/api.w.org\/{rel}","templated":true}]}}