{"id":5505,"date":"2025-09-24T23:17:32","date_gmt":"2025-09-24T21:17:32","guid":{"rendered":"http:\/\/wycliffe.net\/?page_id=5505"},"modified":"2025-09-25T00:56:19","modified_gmt":"2025-09-24T22:56:19","slug":"declaracao-sobre-o-relacionamento-da-alianca-global-wycliffe-com-a-igreja","status":"publish","type":"page","link":"https:\/\/wycliffe.net\/pt-pt\/philosophy-principle-papers\/declaracao-sobre-o-relacionamento-da-alianca-global-wycliffe-com-a-igreja\/","title":{"rendered":"Declara\u00e7\u00e3o sobre o relacionamento da Alian\u00e7a Global Wycliffe com a Igreja"},"content":{"rendered":"\n<h2 class=\"wp-block-heading\"><strong>Declara\u00e7\u00e3o sobre o relacionamento da Alian\u00e7a Global Wycliffe com a Igreja<\/strong><\/h2>\n\n\n\n<p>A Alian\u00e7a Global Wycliffe recebeu mais de 60 participantes de todo o mundo para tr\u00eas reuni\u00f5es missiol\u00f3gicas, que foram realizadas em setembro de 2017 (\u00c1frica do Sul), novembro de 2017 (Alemanha) e mar\u00e7o de 2018 (Tail\u00e2ndia). O tema das reuni\u00f5es foi:&nbsp;<em>A Igreja\u2014A Alian\u00e7a: Uma Explora\u00e7\u00e3o Missiol\u00f3gica da Alian\u00e7a de seu Relacionamento com a Igreja na Miss\u00e3o de Deus.<\/em><\/p>\n\n\n\n<p>O objetivo das reuni\u00f5es foi:<\/p>\n\n\n\n<ul class=\"wp-block-list\">\n<li>explorar o relacionamento entre a Igreja e a miss\u00e3o;<\/li>\n\n\n\n<li>informar a Alian\u00e7a Global Wycliffe e suas organiza\u00e7\u00f5es, sobre como elas se relacionam com a Igreja e com as igrejas em miss\u00e3o. Isso incluiu como a Alian\u00e7a fala sobre si mesma em rela\u00e7\u00e3o \u00e0 Igreja, como a Alian\u00e7a se associa \u00e0 Igreja e com as igrejas em rela\u00e7\u00e3o \u00e0s pr\u00e1ticas de tradu\u00e7\u00e3o da B\u00edblia; e<\/li>\n\n\n\n<li>para definir e fortalecer a eclesiologia da Alian\u00e7a.<\/li>\n<\/ul>\n\n\n\n<p><a href=\"http:\/\/wycliffe.net\/wp-content\/uploads\/2025\/09\/Statement-Church_and_the_Alliance_5-2018_PT.pdf\" target=\"_blank\" rel=\"noreferrer noopener\">Visualize e baixe um PDF com o<\/a>\u00a0resumo da declara\u00e7\u00e3o que foi elaborada como resultado dessas discuss\u00f5es.<\/p>\n\n\n\n<p><\/p>\n","protected":false},"excerpt":{"rendered":"<p>Declara\u00e7\u00e3o sobre o relacionamento da Alian\u00e7a Global Wycliffe com a Igreja A Alian\u00e7a Global Wycliffe recebeu mais de 60 participantes de todo o mundo para tr\u00eas reuni\u00f5es missiol\u00f3gicas, que foram&#8230;<\/p>\n","protected":false},"author":5,"featured_media":0,"parent":5070,"menu_order":0,"comment_status":"closed","ping_status":"closed","template":"","meta":{"give_campaign_id":0,"_kadence_starter_templates_imported_post":false,"_kad_post_transparent":"","_kad_post_title":"","_kad_post_layout":"","_kad_post_sidebar_id":"","_kad_post_content_style":"","_kad_post_vertical_padding":"","_kad_post_feature":"","_kad_post_feature_position":"","_kad_post_header":false,"_kad_post_footer":false,"footnotes":""},"categories":[],"tags":[],"class_list":["post-5505","page","type-page","status-publish","hentry"],"campaignId":"","_links":{"self":[{"href":"https:\/\/wycliffe.net\/pt-pt\/wp-json\/wp\/v2\/pages\/5505","targetHints":{"allow":["GET"]}}],"collection":[{"href":"https:\/\/wycliffe.net\/pt-pt\/wp-json\/wp\/v2\/pages"}],"about":[{"href":"https:\/\/wycliffe.net\/pt-pt\/wp-json\/wp\/v2\/types\/page"}],"author":[{"embeddable":true,"href":"https:\/\/wycliffe.net\/pt-pt\/wp-json\/wp\/v2\/users\/5"}],"replies":[{"embeddable":true,"href":"https:\/\/wycliffe.net\/pt-pt\/wp-json\/wp\/v2\/comments?post=5505"}],"version-history":[{"count":2,"href":"https:\/\/wycliffe.net\/pt-pt\/wp-json\/wp\/v2\/pages\/5505\/revisions"}],"predecessor-version":[{"id":5675,"href":"https:\/\/wycliffe.net\/pt-pt\/wp-json\/wp\/v2\/pages\/5505\/revisions\/5675"}],"up":[{"embeddable":true,"href":"https:\/\/wycliffe.net\/pt-pt\/wp-json\/wp\/v2\/pages\/5070"}],"wp:attachment":[{"href":"https:\/\/wycliffe.net\/pt-pt\/wp-json\/wp\/v2\/media?parent=5505"}],"wp:term":[{"taxonomy":"category","embeddable":true,"href":"https:\/\/wycliffe.net\/pt-pt\/wp-json\/wp\/v2\/categories?post=5505"},{"taxonomy":"post_tag","embeddable":true,"href":"https:\/\/wycliffe.net\/pt-pt\/wp-json\/wp\/v2\/tags?post=5505"}],"curies":[{"name":"wp","href":"https:\/\/api.w.org\/{rel}","templated":true}]}}