{"id":5467,"date":"2025-08-29T17:25:19","date_gmt":"2025-08-29T15:25:19","guid":{"rendered":"http:\/\/wycliffe.net\/?page_id=5467"},"modified":"2025-09-25T16:30:18","modified_gmt":"2025-09-25T14:30:18","slug":"a-alianca-global-wycliffe-em-comunidade","status":"publish","type":"page","link":"https:\/\/wycliffe.net\/pt-pt\/philosophy-principle-papers\/a-alianca-global-wycliffe-em-comunidade\/","title":{"rendered":"A Alian\u00e7a Global Wycliffe em comunidade"},"content":{"rendered":"\n<h1 class=\"wp-block-heading\">A Alian\u00e7a Global Wycliffe em comunidade<\/h1>\n\n\n\n<h3 class=\"wp-block-heading\">Contexto<\/h3>\n\n\n\n<p>Esses princ\u00edpios foram desenvolvidos a partir das reflex\u00f5es e discuss\u00f5es da reuni\u00e3o Missiol\u00f3gica em Comunidade da Alian\u00e7a Global Wycliffe, realizada em Acra, Gana, nos dias 18 e 19 de agosto de 2012.\u00ad\u00ad\u00ad\u00ad\u00ad\u00ad\u00ad\u00ad\u00ad\u00ad\u00ad\u00ad\u00ad\u00ad\u00ad<\/p>\n\n\n\n<p>A verifica\u00e7\u00e3o contou com doze participantes de nove na\u00e7\u00f5es.\u00ad\u00ad\u00ad\u00ad\u00ad\u00ad\u00ad<\/p>\n\n\n\n<h3 class=\"wp-block-heading\">Fundamentos<\/h3>\n\n\n\n<p>A Alian\u00e7a Global em Comunidade, tem como fundamento as declara\u00e7\u00f5es primordiais da Alian\u00e7a&nbsp;<a href=\"https:\/\/www.wycliffe.net\/pt-br\/quem-somos-nos\/proposito-missao-visao-e-valores-da-alianca-global-wycliffe\/\">(Objetivo, Miss\u00e3o, Vis\u00e3o e Valores da Alian\u00e7a Global Wycliffe)\u00ad\u00ad\u00ad\u00ad\u00ad\u00ad\u00ad\u00ad<\/a>.<\/p>\n\n\n\n<h3 class=\"wp-block-heading\">Princ\u00edpios de refer\u00eancia<\/h3>\n\n\n\n<p>A comunidade \u00e9 a base da exist\u00eancia da Alian\u00e7a.\u00ad\u00ad\u00ad\u00ad\u00ad\u00ad N\u00e3o somos uma comunidade apenas por causa de nossos objetivos comuns, apesar de as Organiza\u00e7\u00f5es da Alian\u00e7a compartilharem muitos deles.\u00ad\u00ad\u00ad\u00ad\u00ad\u00ad\u00ad\u00ad\u00ad\u00ad Nosso envolvimento na miss\u00e3o de Deus, flui de nossa comunh\u00e3o com o Deus Trino e nossa comunh\u00e3o dentro do Corpo de Cristo.\u00ad\u00ad\u00ad\u00ad\u00ad\u00ad\u00ad\u00ad\u00ad\u00ad Somos uma comunidade, pois compartilhamos com alegria uma vida comum em Cristo.\u00ad\u00ad\u00ad\u00ad\u00ad<\/p>\n\n\n\n<p>Valorizamos e encorajamos a natureza interdependente e interconectada de todas as Organiza\u00e7\u00f5es da Alian\u00e7a, enquanto buscamos glorificar a Deus e servirmos juntos nos movimentos de tradu\u00e7\u00e3o da B\u00edblia.\u00ad\u00ad\u00ad\u00ad\u00ad\u00ad\u00ad\u00ad\u00ad\u00ad\u00ad\u00ad\u00ad\u00ad\u00ad\u00ad\u00ad\u00ad\u00ad\u00ad\u00ad\u00ad<\/p>\n\n\n\n<p>Ao servir juntos em comunidade, amamos, respeitamos e honramos uns aos outros.\u00ad\u00ad\u00ad\u00ad\u00ad\u00ad \u00c9 nossa responsabilidade coletiva, buscar sabedoria e discernimento do Senhor para encorajar, orientar, ajudar e aconselhar uns aos outros.\u00ad\u00ad\u00ad\u00ad\u00ad\u00ad\u00ad\u00ad\u00ad\u00ad\u00ad\u00ad\u00ad\u00ad Procuramos compreender contextos e culturas.\u00ad\u00ad\u00ad\u00ad Criamos um espa\u00e7o dedicado a ouvirmos uns aos outros e falar a verdade com amor.\u00ad\u00ad\u00ad Nossa interdepend\u00eancia e interconex\u00e3o, criam um espa\u00e7o onde todas as Organiza\u00e7\u00f5es da Alian\u00e7a generosamente doam e recebem afavelmente.\u00ad\u00ad\u00ad\u00ad\u00ad\u00ad\u00ad\u00ad\u00ad\u00ad\u00ad\u00ad\u00ad\u00ad\u00ad\u00ad\u00ad\u00ad\u00ad\u00ad\u00ad\u00ad Reconhecemos que n\u00e3o somos donos, mas apenas mordomos dos dons que Deus nos deu.\u00ad\u00ad\u00ad\u00ad Afirmamos uns aos outros por quem somos e n\u00e3o pelo que contribu\u00edmos ou pela quantidade da contribui\u00e7\u00e3o.\u00ad\u00ad\u00ad\u00ad\u00ad\u00ad Nosso objetivo principal \u00e9 glorificar a Deus juntos.\u00ad\u00ad<\/p>\n\n\n\n<h3 class=\"wp-block-heading\">Princ\u00edpios da comunidade<\/h3>\n\n\n\n<ol class=\"wp-block-list\">\n<li>N\u00f3s fomos criados para a comunidade e chamados \u00e0 comunidade (cria\u00e7\u00e3o e chamado).<\/li>\n\n\n\n<li>Somos o povo de Deus, chamados para nos relacionarmos de forma consistente, amorosa e nos comportarmos de acordo com a instru\u00e7\u00e3o de Sua Palavra e o exemplo de Cristo (identidade\u2014quem somos juntos).<\/li>\n\n\n\n<li>Viver e servir em comunidade, glorifica a Deus e prov\u00ea um exemplo tang\u00edvel do Evangelho em a\u00e7\u00e3o. N\u00f3s refletimos a imagem de Deus por meio do modelo intencional de uma comunidade aut\u00eantica (como vivemos juntos).<\/li>\n\n\n\n<li>Uma comunidade que glorifica a Deus, atrai pessoas para Ele e Sua miss\u00e3o (o que fazemos juntos).<\/li>\n<\/ol>\n\n\n\n<h2 class=\"wp-block-heading\">Princ\u00edpios-chave para as Organiza\u00e7\u00f5es da Alian\u00e7a em Comunidade<\/h2>\n\n\n\n<h3 class=\"wp-block-heading\">1. Feitos para a Comunidade<\/h3>\n\n\n\n<p><strong><em>Princ\u00edpio:<\/em><\/strong><em>&nbsp;Somos essencialmente criados para a comunidade e explicitamente chamados \u00e0 comunidade.<\/em><\/p>\n\n\n\n<p>A comunidade \u00e9 parte integrante da natureza de Deus.\u00ad\u00ad\u00ad\u00ad\u00ad O Deus Trino vive em perfeita unidade como Pai, Filho e Esp\u00edrito Santo.\u00ad\u00ad\u00ad Ele nos criou e nos chamou para estar em comunh\u00e3o com Ele e em comunidade com os outros.\u00ad\u00ad\u00ad\u00ad\u00ad<\/p>\n\n\n\n<p>A verdadeira comunidade b\u00edblica abrange tanto a unidade quanto a diversidade, conforme demonstrado pelo Deus Trino.\u00ad\u00ad\u00ad\u00ad\u00ad\u00ad\u00ad\u00ad\u00ad Reconhece o indiv\u00edduo sem ser individualista.\u00ad\u00ad\u00ad\u00ad\u00ad\u00ad\u00ad\u00ad\u00ad\u00ad\u00ad\u00ad\u00ad Reconhece e busca o holismo e o&nbsp;<em>shalom&nbsp;<\/em>no qual todos os membros da comunidade aben\u00e7oam e s\u00e3o aben\u00e7oados uns pelos outros.\u00ad\u00ad\u00ad\u00ad\u00ad<\/p>\n\n\n\n<ul class=\"wp-block-list\">\n<li><em>A natureza de Deus:<\/em>\u00a0a trindade existe em unidade e em comunidade. Pai, Filho e Esp\u00edrito Santo vivem e servem juntos, com alegria, em diversas fun\u00e7\u00f5es, mas ainda s\u00e3o Um e t\u00eam um prop\u00f3sito unificado.<\/li>\n\n\n\n<li><em>Feitos para pertencer:<\/em>\u00a0Fomos criados \u00e0 imagem de Deus para participar na e para a comunidade. Fomos feitos para pertencer a Ele e para pertencer uns aos outros. Nossos dons e habilidades diferentes e individuais foram projetados para serem compartilhados e servirem em uma comunidade integral.<\/li>\n\n\n\n<li><em>N\u00e3o \u00e9 uma escolha:\u00a0<\/em>A comunidade, para o povo de Deus, \u00e9 nossa realidade. \u00c9 o nosso estado de ser. N\u00e3o \u00e9 uma escolha. N\u00f3s existimos em comunidade. Ou estamos sendo uma boa comunidade ou n\u00e3o. Mas de qualquer forma, somos comunidade.<\/li>\n<\/ul>\n\n\n\n<h3 class=\"wp-block-heading\">2. Identificado na Comunidade<\/h3>\n\n\n\n<p><strong><em>Princ\u00edpio:&nbsp;<\/em><\/strong><em>N\u00f3s somos o povo de Deus, chamados a nos relacionarmos de forma consistente e amorosa e nos comportarmos de acordo com a instru\u00e7\u00e3o de Sua Palavra e o exemplo de Cristo.\u00ad\u00ad\u00ad\u00ad\u00ad\u00ad\u00ad\u00ad\u00ad\u00ad\u00ad\u00ad\u00ad\u00ad<\/em><\/p>\n\n\n\n<p>A Alian\u00e7a deve abra\u00e7ar e mostrar uma vida comunit\u00e1ria que brota de nossa vida como membros do Corpo de Cristo.\u00ad\u00ad\u00ad\u00ad\u00ad Submeter-se a Deus em tudo o que somos e, portanto, em tudo o que fazemos, requer obedi\u00eancia de pensamento, atitude e a\u00e7\u00e3o.\u00ad\u00ad\u00ad\u00ad\u00ad\u00ad\u00ad\u00ad<\/p>\n\n\n\n<ul class=\"wp-block-list\">\n<li><em>Identificados como o Povo de Deus:<\/em>Juntos com os seguidores de Cristo em todo o mundo, fomos redimidos para ser a comunidade de Deus, Sua Igreja. O Esp\u00edrito Santo \u00e9 derramado sobre a comunidade dos crentes, para que possamos glorificar a Deus e ser uma b\u00ean\u00e7\u00e3o para as na\u00e7\u00f5es. Somos identificados como o povo de Deus.<\/li>\n\n\n\n<li><em>Essenciais para o conv\u00edvio do Reino:<\/em>Nossa identidade n\u00e3o \u00e9 encontrada em n\u00f3s mesmos, mas em quem somos em Deus e em quem somos uns com os outros. A comunidade \u00e9 essencial para o conv\u00edvio do Reino.<\/li>\n\n\n\n<li><em>A Qualidade da Comunidade:\u00a0<\/em>Participar da comunidade \u00e9\u00a0<em>ser<\/em>, n\u00e3o apenas fazer. O ser permeia todo o\u00a0<em>fazer<\/em>.<\/li>\n<\/ul>\n\n\n\n<h3 class=\"wp-block-heading\">Comunidade em a\u00e7\u00e3o<\/h3>\n\n\n\n<p><strong><em>Princ\u00edpio:<\/em><\/strong><em>Viver e servir em comunidade, glorifica a Deus e d\u00e1 um exemplo tang\u00edvel do Evangelho em a\u00e7\u00e3o.\u00ad\u00ad\u00ad\u00ad\u00ad\u00ad\u00ad\u00ad\u00ad\u00ad\u00ad\u00ad\u00ad<\/em><\/p>\n\n\n\n<p>Nosso desejo \u00e9 ser um exemplo vis\u00edvel da comunidade evang\u00e9lica.\u00ad\u00ad\u00ad\u00ad\u00ad\u00ad\u00ad O amor de Deus deve ser exemplificado em tudo o que fazemos.\u00ad\u00ad\u00ad Como parte da Igreja e do Corpo de Cristo, devemos refletir a imagem de Deus e Sua gl\u00f3ria.\u00ad\u00ad\u00ad\u00ad<\/p>\n\n\n\n<p>A experi\u00eancia de participar na comunidade deve ser de apoio e incentivo m\u00fatuos.\u00ad\u00ad\u00ad\u00ad\u00ad\u00ad\u00ad\u00ad\u00ad\u00ad\u00ad\u00ad\u00ad\u00ad Respeitaremos e honraremos as diversas vozes e dons de cada organiza\u00e7\u00e3o dentro da comunidade da Alian\u00e7a.\u00ad\u00ad\u00ad\u00ad\u00ad\u00ad\u00ad\u00ad\u00ad Juntos procuramos discernir a vontade de Deus.\u00ad\u00ad<\/p>\n\n\n\n<ul class=\"wp-block-list\">\n<li><em>Refletimos a imagem de Deus atrav\u00e9s da modelagem intencional de uma comunidade aut\u00eantica:\u00a0<\/em>Nosso desejo \u00e9 uma comunidade que demonstre amor, compromisso m\u00fatuo, interdepend\u00eancia, respeito, relacionamentos profundos e de confian\u00e7a que glorifiquem a Deus.\n<ul class=\"wp-block-list\">\n<li><em>Intencionalidade:<\/em>\u00a0Viver e servir com prop\u00f3sito e intencionalidade em uma comunidade verdadeira, nos permite entender melhor a Deus, uns aos outros e a sermos testemunhas para o mundo.<\/li>\n\n\n\n<li><em>Autenticidade:<\/em>\u00a0Seguindo o exemplo da Trindade, desejamos ser abertos, honestos, confi\u00e1veis e verdadeiros.<\/li>\n\n\n\n<li><em>A ora\u00e7\u00e3o e a Palavra de Deus s\u00e3o essenciais para o relacionamento e para o amadurecimento em comunidade:\u00a0<\/em>s\u00f3 podemos aprender, crescer e conhecer mais de Deus e Seu desejo para nossa vida comunit\u00e1ria, se tivermos um compromisso cont\u00ednuo com nosso relacionamento com Ele e estudarmos a Sua Palavra. Ao conhec\u00ea-Lo, nosso amor por Ele e pelos outros crescer\u00e1 e se aprofundar\u00e1.<\/li>\n\n\n\n<li><em>O relacionamento \u00e9 prazeroso e um privil\u00e9gio, n\u00e3o apenas uma responsabilidade<\/em>: os relacionamentos n\u00e3o s\u00e3o um meio para o fim, mas s\u00e3o express\u00f5es de nossa valoriza\u00e7\u00e3o de Deus e de uns aos outros.<\/li>\n<\/ul>\n<\/li>\n<\/ul>\n\n\n\n<h3 class=\"wp-block-heading\">4. A Atra\u00e7\u00e3o da comunidade<\/h3>\n\n\n\n<p><strong><em>Princ\u00edpio:<\/em><\/strong><em>Uma comunidade que glorifica a Deus atrai pessoas para Deus e Sua miss\u00e3o.\u00ad\u00ad\u00ad\u00ad\u00ad\u00ad\u00ad\u00ad<\/em><\/p>\n\n\n\n<p>Como uma Alian\u00e7a, servimos em comunidade uns com os outros e com todo o Corpo de Cristo.\u00ad\u00ad\u00ad\u00ad\u00ad Adotamos e expomos uma vida comunit\u00e1ria que nasce de nossa unidade no Corpo de Cristo.\u00ad\u00ad\u00ad\u00ad\u00ad Ser uma Alian\u00e7a \u00e9 mais do que um modelo organizacional que funciona coletivamente como organiza\u00e7\u00f5es distintas.\u00ad\u00ad\u00ad\u00ad\u00ad\u00ad\u00ad\u00ad\u00ad\u00ad\u00ad\u00ad\u00ad\u00ad\u00ad Procuramos ser um modelo de vida do Reino, que demonstre a harmoniosa unidade e diversidade do Corpo de Cristo, para que outros sejam atra\u00eddos a participar na comunidade.\u00ad\u00ad\u00ad\u00ad\u00ad\u00ad\u00ad\u00ad\u00ad\u00ad\u00ad<\/p>\n\n\n\n<ul class=\"wp-block-list\">\n<li><em>Respeito e Inclus\u00e3o\u00a0<\/em>s\u00e3o uma for\u00e7a de atra\u00e7\u00e3o.<\/li>\n\n\n\n<li><em>Valor:<\/em>\u00a0Vemos e respeitamos o valor dos indiv\u00edduos e da comunidade.<\/li>\n\n\n\n<li><em>Abertura, Transpar\u00eancia e Vulnerabilidade\u00a0<\/em>s\u00e3o fundamentais para ser uma comunidade que atrai.<\/li>\n\n\n\n<li><em>Convite:\u00a0<\/em>Ao participarmos da miss\u00e3o de Deus, atra\u00edmos e convidamos outras pessoas para essa comunidade.<\/li>\n<\/ul>\n\n\n\n<h2 class=\"wp-block-heading\"><strong>ANEXO\u00ad\u00ad<\/strong><\/h2>\n\n\n\n<p><strong>Ser e fazer:&nbsp;<\/strong>Somos redimidos, restaurados e fortalecidos no amor por meio do Pai, Filho e do Esp\u00edrito Santo. Isso significa que nossos pensamentos, atitudes e a\u00e7\u00f5es devem espelhar o amor, a unidade e a diversidade que vemos na Trindade.\u00ad\u00ad\u00ad\u00ad\u00ad\u00ad\u00ad Isso significa que nossos pensamentos, atitudes e a\u00e7\u00f5es devem espelhar o amor, a unidade e a diversidade que vemos na Trindade.\u00ad\u00ad\u00ad\u00ad\u00ad\u00ad\u00ad Isso significa que o nosso ser e fazer est\u00e3o entrela\u00e7ados para apresentar um retrato convidativo (embora ainda imperfeito) do Reino vindouro de Deus.\u00ad\u00ad\u00ad\u00ad\u00ad\u00ad\u00ad\u00ad\u00ad\u00ad\u00ad A Alian\u00e7a procura ser uma comunidade que oferece tal modelo na imagem e na pr\u00e1tica.\u00ad\u00ad\u00ad\u00ad\u00ad\u00ad<\/p>\n\n\n\n<p>Os seguintes s\u00e3o express\u00f5es da conviv\u00eancia do Reino, de estar em Cristo em comunidade:\u00ad\u00ad\u00ad\u00ad\u00ad\u00ad\u00ad<\/p>\n\n\n\n<ul class=\"wp-block-list\">\n<li>Permanecendo em Cristo \u2013 Jo 15:4; Col 3:4<\/li>\n\n\n\n<li>Amor \u2013 1 Cor 13; Ef 4:16<\/li>\n\n\n\n<li>Comunh\u00e3o e Depend\u00eancia de Deus \u2013 Jo 15:5; 1 Pe 4:11; Salm 25:5; Salm 27:4<\/li>\n\n\n\n<li>Respeito \u2013 Rom 12:10; I Pe 3:15<\/li>\n\n\n\n<li>Justi\u00e7a \u2013 Deut 16:19, 20; Salm 11:7; Isa 1:17; Am\u00f3s 5:24; Mt 23:23<\/li>\n\n\n\n<li>Miseric\u00f3rdia \u2013 Ne 9:31; Isa 63:9; Zac 7:9; Mt. 5:7; Rom 12:8; Tg 3:17<\/li>\n\n\n\n<li>Generosidade: tudo o que temos n\u00e3o \u00e9 nosso, mas dEle \u2013 Rom 12:6, 1 Pe 4:10, 1 Cor 12:1, 2 Cor. 8:1, 13-14, 9:11-14, Heb 13:16<\/li>\n\n\n\n<li>Uni\u00e3o e comunh\u00e3o \u2013 Jo 17, Heb 10:24, 25, 1 Jo 1:3<\/li>\n\n\n\n<li>Compromisso \u2013 1 Cor 4:2; 2 Cor 8:2<\/li>\n\n\n\n<li>Compaix\u00e3o \u2013 \u00cax 34:6; Salm 111:4; Salm 112:4; Zac 7:9; 2 Cor 1:3; Col 3:12; 1 Pe 3:8<\/li>\n\n\n\n<li>Gra\u00e7a \u2013 Zac 12:10; Jo 1:14-17; At 20:32; Rom 12:6; 2 Cor 1:12; 2 Cor 12:9; Ef 4:7<\/li>\n\n\n\n<li>F\u00e9 \u2013 I Sam 12:24; Salm 30:4; Prov 2:8; Mt 21:21; At 16:5; Rom 1:5-17<\/li>\n\n\n\n<li>Confian\u00e7a \u2013 2 Sam 7:28; Salm 9:10; Salm 125:1; Naum 1:7; Rom 15:13<\/li>\n\n\n\n<li>Igualdade: ningu\u00e9m e nenhuma forma de servi\u00e7o \u00e9 mais valorizada do que outra \u2013 2 Cor 8:13-14<\/li>\n\n\n\n<li>Interdepend\u00eancia: nem depend\u00eancia nem independ\u00eancia \u2013 1 Cor 12:7; 1 Pe 4:10, 11<\/li>\n\n\n\n<li>Humildade \u2013 Lc 10:12; Jo 15:5; Rom 12:3; Ef 3:7-8<\/li>\n\n\n\n<li>Autenticidade\u2013 Zac 8:16; Jo 4:23; Ef 4:24; Filip 4:8<\/li>\n<\/ul>\n\n\n\n<p>As express\u00f5es a seguir s\u00e3o manifesta\u00e7\u00f5es do \u00ad\u00ad\u00ad\u00ad\u00ad\u00ad\u00ad<em>executar\u00ad\u00ad\u00ad\u00ad\u00ad\u00ad\u00ad<\/em>&nbsp;da vida do Reino que fluem para fora do \u00ad\u00ad\u00ad\u00ad\u00ad\u00ad\u00ad<em>ser:\u00ad\u00ad\u00ad\u00ad\u00ad\u00ad\u00ad<\/em>g:<\/p>\n\n\n\n<ul class=\"wp-block-list\">\n<li>Tradu\u00e7\u00e3o da B\u00edblia \u2013 um exemplo tang\u00edvel de servir na comunidade<\/li>\n\n\n\n<li>Tornando-se \u201cpraticantes reflexivos\u201d<\/li>\n\n\n\n<li>Discipulado: uma parte da vida do Corpo, treinamento cont\u00ednuo sobre viver em comunidade com Deus e uns com os outros \u2013 2 Tim 3:16<\/li>\n\n\n\n<li>Parceria \u2013 Filip 1:5; Fil 17<\/li>\n\n\n\n<li>Sacrif\u00edcio: levar os fardos uns dos outros \u2013 Heb 13:16; 2 Co 8:2; G\u00e1l 6:2<\/li>\n\n\n\n<li>Ouvir (e perguntar, n\u00e3o apenas informar) \u2013 At 2:42<\/li>\n\n\n\n<li>Encorajamento &#8211; Heb 3:13, 10:24, 25<\/li>\n\n\n\n<li>Ora\u00e7\u00e3o \u2013 Filip 1:3-5; Mt 18:20; Tg 5:16<\/li>\n\n\n\n<li>Controlar as coisas livremente: n\u00e3o estamos no controle &#8211; At 4:32,<\/li>\n\n\n\n<li>Inclus\u00e3o \u2013 Rom 12:5; Rom 12:10<\/li>\n\n\n\n<li>Efic\u00e1cia: Toda a Comunidade \u2013 1 Cor 12:25; Ef 4:16<\/li>\n\n\n\n<li>Transforma\u00e7\u00e3o \u2013 em curso. A comunidade \u00e9 um elemento essencial para a transforma\u00e7\u00e3o<\/li>\n\n\n\n<li>Restaura\u00e7\u00e3o &#8211; passado, presente e futuro<\/li>\n\n\n\n<li>Responsabilidade m\u00fatua \u2013 Col 3:16; Ef 5:21<\/li>\n\n\n\n<li>Crescimento: descoberta e aprendizado ao longo da vida \u2013 Rom 15:14<\/li>\n\n\n\n<li>M\u00faltiplos centros de influ\u00eancia \u2013 Controlando livremente: soltando o \u201ccontrole\u201d<\/li>\n\n\n\n<li>Multil\u00edngue<\/li>\n\n\n\n<li>Multi e intercultural \u2013 Rom 12:5<\/li>\n\n\n\n<li>Mordomia \u2013 cuidar do que Deus nos deu e do que Ele est\u00e1 fazendo conosco e atrav\u00e9s de n\u00f3s<\/li>\n<\/ul>\n\n\n\n<p>(Os vers\u00edculos fornecidos n\u00e3o s\u00e3o &#8220;texto-prova&#8221;, mas sim recursos para reflex\u00e3o e estudos adicionais).\u00ad\u00ad\u00ad\u00ad\u00ad<\/p>\n","protected":false},"excerpt":{"rendered":"<p>A Alian\u00e7a Global Wycliffe em comunidade Contexto Esses princ\u00edpios foram desenvolvidos a partir das reflex\u00f5es e discuss\u00f5es da reuni\u00e3o Missiol\u00f3gica em Comunidade da Alian\u00e7a Global Wycliffe, realizada em Acra, Gana,&#8230;<\/p>\n","protected":false},"author":5,"featured_media":0,"parent":5070,"menu_order":0,"comment_status":"closed","ping_status":"closed","template":"","meta":{"give_campaign_id":0,"_kadence_starter_templates_imported_post":false,"_kad_post_transparent":"","_kad_post_title":"","_kad_post_layout":"","_kad_post_sidebar_id":"","_kad_post_content_style":"","_kad_post_vertical_padding":"","_kad_post_feature":"","_kad_post_feature_position":"","_kad_post_header":false,"_kad_post_footer":false,"footnotes":""},"categories":[],"tags":[],"class_list":["post-5467","page","type-page","status-publish","hentry"],"campaignId":"","_links":{"self":[{"href":"https:\/\/wycliffe.net\/pt-pt\/wp-json\/wp\/v2\/pages\/5467","targetHints":{"allow":["GET"]}}],"collection":[{"href":"https:\/\/wycliffe.net\/pt-pt\/wp-json\/wp\/v2\/pages"}],"about":[{"href":"https:\/\/wycliffe.net\/pt-pt\/wp-json\/wp\/v2\/types\/page"}],"author":[{"embeddable":true,"href":"https:\/\/wycliffe.net\/pt-pt\/wp-json\/wp\/v2\/users\/5"}],"replies":[{"embeddable":true,"href":"https:\/\/wycliffe.net\/pt-pt\/wp-json\/wp\/v2\/comments?post=5467"}],"version-history":[{"count":2,"href":"https:\/\/wycliffe.net\/pt-pt\/wp-json\/wp\/v2\/pages\/5467\/revisions"}],"predecessor-version":[{"id":5890,"href":"https:\/\/wycliffe.net\/pt-pt\/wp-json\/wp\/v2\/pages\/5467\/revisions\/5890"}],"up":[{"embeddable":true,"href":"https:\/\/wycliffe.net\/pt-pt\/wp-json\/wp\/v2\/pages\/5070"}],"wp:attachment":[{"href":"https:\/\/wycliffe.net\/pt-pt\/wp-json\/wp\/v2\/media?parent=5467"}],"wp:term":[{"taxonomy":"category","embeddable":true,"href":"https:\/\/wycliffe.net\/pt-pt\/wp-json\/wp\/v2\/categories?post=5467"},{"taxonomy":"post_tag","embeddable":true,"href":"https:\/\/wycliffe.net\/pt-pt\/wp-json\/wp\/v2\/tags?post=5467"}],"curies":[{"name":"wp","href":"https:\/\/api.w.org\/{rel}","templated":true}]}}