{"id":5389,"date":"2025-08-29T17:28:11","date_gmt":"2025-08-29T15:28:11","guid":{"rendered":"http:\/\/wycliffe.net\/?page_id=5389"},"modified":"2025-09-24T22:48:15","modified_gmt":"2025-09-24T20:48:15","slug":"a-administracao-da-terra","status":"publish","type":"page","link":"https:\/\/wycliffe.net\/pt-pt\/philosophy-principle-papers\/a-administracao-da-terra\/","title":{"rendered":"A administra\u00e7\u00e3o da Terra"},"content":{"rendered":"\n<h2 class=\"wp-block-heading\">A administra\u00e7\u00e3o da Terra<\/h2>\n\n\n\n<p>Como seguidores de Cristo, as pessoas da Alian\u00e7a Global Wycliffe apoia a mordomia* da Terra<\/p>\n\n\n\n<ul class=\"wp-block-list\">\n<li>em rever\u00eancia a Deus<\/li>\n\n\n\n<li>por respeito a cria\u00e7\u00e3o dEle<\/li>\n\n\n\n<li>em resposta ao desejo de Deus por restaura\u00e7\u00e3o e renova\u00e7\u00e3o de todas as coisas por meio de Cristo.<\/li>\n<\/ul>\n\n\n\n<p>Nos deleitamos e celebramos a beleza e a diversidade da cria\u00e7\u00e3o, e convidamos outras pessoas a se juntarem a esta celebra\u00e7\u00e3o.<\/p>\n\n\n\n<p>Nos reconhecemos como participantes da hist\u00f3ria da reden\u00e7\u00e3o e reconcilia\u00e7\u00e3o de Deus, o que inclui toda a cria\u00e7\u00e3o.<\/p>\n\n\n\n<p>Reconhecemos nossa responsabilidade e privil\u00e9gio dados por Deus, de cuidar da Terra e compartilhamos o amor e a preocupa\u00e7\u00e3o de nosso Criador por todas as Suas criaturas. A palavra de Deus \u00e9 a nossa autoridade e guia ao exercermos uma mordomia s\u00e1bia em todas as coisas.<\/p>\n\n\n\n<p>Reconhecemos que muitos dos mais afetados pelas quest\u00f5es ambientais est\u00e3o entre os pobres e menos favorecidos. Muitas dessas pessoas fazem parte das comunidades lingu\u00edsticas minorit\u00e1rias com as quais trabalhamos.<\/p>\n\n\n\n<p>Aceitamos a responsabilidade pessoal e corporativa pelo cuidado da Terra, por meio de a\u00e7\u00f5es e atitudes s\u00e1bias em rela\u00e7\u00e3o ao uso de recursos e nosso impacto no meio ambiente.<\/p>\n\n\n\n<p>Portanto, nos comprometemos a ser tanto servidores quanto mordomos, com consci\u00eancia e atendendo \u00e0s necessidades hol\u00edsticas dos povos da Terra e do meio ambiente.<\/p>\n\n\n\n<p>*Mordomia \u2014 manter algo em confian\u00e7a de outro. A mordomia terrestre ou ambiental, \u00e9 o cuidado e uso respons\u00e1vel dos recursos deste planeta, reconhecendo que eles pertencem a Deus e que Ele nos deu o privil\u00e9gio de desfrutar e cuidar do que Ele criou.<\/p>\n\n\n\n<p>Recursos adicionais:<\/p>\n\n\n\n<ul class=\"wp-block-list\">\n<li><a href=\"https:\/\/www.christianitytoday.com\/ct\/2010\/july\/main.html\" target=\"_blank\" rel=\"noreferrer noopener\">Cristianismo hoje: artigo de Conversa Global<\/a><\/li>\n\n\n\n<li><a href=\"http:\/\/www.lausanne.org\/en\/documents\/all\/2012-creation-care\/1881-call-to-action.html\" target=\"_blank\" rel=\"noreferrer noopener\">Consulta global de Lausanne sobre cuidados com a cria\u00e7\u00e3o e o evangelho: Chamado \u00e0 a\u00e7\u00e3o<\/a><\/li>\n<\/ul>\n","protected":false},"excerpt":{"rendered":"<p>A administra\u00e7\u00e3o da Terra Como seguidores de Cristo, as pessoas da Alian\u00e7a Global Wycliffe apoia a mordomia* da Terra Nos deleitamos e celebramos a beleza e a diversidade da cria\u00e7\u00e3o,&#8230;<\/p>\n","protected":false},"author":5,"featured_media":0,"parent":5070,"menu_order":0,"comment_status":"closed","ping_status":"closed","template":"","meta":{"give_campaign_id":0,"_kadence_starter_templates_imported_post":false,"_kad_post_transparent":"","_kad_post_title":"","_kad_post_layout":"","_kad_post_sidebar_id":"","_kad_post_content_style":"","_kad_post_vertical_padding":"","_kad_post_feature":"","_kad_post_feature_position":"","_kad_post_header":false,"_kad_post_footer":false,"footnotes":""},"categories":[],"tags":[],"class_list":["post-5389","page","type-page","status-publish","hentry"],"campaignId":"","_links":{"self":[{"href":"https:\/\/wycliffe.net\/pt-pt\/wp-json\/wp\/v2\/pages\/5389","targetHints":{"allow":["GET"]}}],"collection":[{"href":"https:\/\/wycliffe.net\/pt-pt\/wp-json\/wp\/v2\/pages"}],"about":[{"href":"https:\/\/wycliffe.net\/pt-pt\/wp-json\/wp\/v2\/types\/page"}],"author":[{"embeddable":true,"href":"https:\/\/wycliffe.net\/pt-pt\/wp-json\/wp\/v2\/users\/5"}],"replies":[{"embeddable":true,"href":"https:\/\/wycliffe.net\/pt-pt\/wp-json\/wp\/v2\/comments?post=5389"}],"version-history":[{"count":2,"href":"https:\/\/wycliffe.net\/pt-pt\/wp-json\/wp\/v2\/pages\/5389\/revisions"}],"predecessor-version":[{"id":5424,"href":"https:\/\/wycliffe.net\/pt-pt\/wp-json\/wp\/v2\/pages\/5389\/revisions\/5424"}],"up":[{"embeddable":true,"href":"https:\/\/wycliffe.net\/pt-pt\/wp-json\/wp\/v2\/pages\/5070"}],"wp:attachment":[{"href":"https:\/\/wycliffe.net\/pt-pt\/wp-json\/wp\/v2\/media?parent=5389"}],"wp:term":[{"taxonomy":"category","embeddable":true,"href":"https:\/\/wycliffe.net\/pt-pt\/wp-json\/wp\/v2\/categories?post=5389"},{"taxonomy":"post_tag","embeddable":true,"href":"https:\/\/wycliffe.net\/pt-pt\/wp-json\/wp\/v2\/tags?post=5389"}],"curies":[{"name":"wp","href":"https:\/\/api.w.org\/{rel}","templated":true}]}}