{"id":5364,"date":"2025-08-29T17:29:13","date_gmt":"2025-08-29T15:29:13","guid":{"rendered":"http:\/\/wycliffe.net\/?page_id=5364"},"modified":"2025-09-24T22:44:00","modified_gmt":"2025-09-24T20:44:00","slug":"visao-2025","status":"publish","type":"page","link":"https:\/\/wycliffe.net\/pt-pt\/philosophy-principle-papers\/visao-2025\/","title":{"rendered":"Vis\u00e3o 2025"},"content":{"rendered":"\n<h2 class=\"wp-block-heading\">Vis\u00e3o 2025<\/h2>\n\n\n\n<p>N\u00f3s reconhecemos que nossa maior meta \u00e9 glorificar a Deus e desfrutar dele para sempre. N\u00f3s reconhecemos que Deus \u00e9 nossa sufici\u00eancia, nossa confian\u00e7a, nossa seguran\u00e7a, e nossa satisfa\u00e7\u00e3o. N\u00f3s buscamos escolher o que \u00e9 bom e fugir do que \u00e9 mal, e assim avaliar e medir nossas decis\u00f5es, a\u00e7\u00f5es e relacionamentos com base nas realidades b\u00edblicas de Comunidade, da Cruz, e da Nova Cria\u00e7\u00e3o.<\/p>\n\n\n\n<h2 class=\"wp-block-heading\">A vis\u00e3o<\/h2>\n\n\n\n<p>Motivados pela necessidade premente de que todos os povos tenham acesso \u00e0 Palavra de Deus em uma l\u00edngua que fale aos seus cora\u00e7\u00f5es, e reafirmando nossos valores hist\u00f3ricos e nossa confian\u00e7a em Deus para cumprir o imposs\u00edvel,<\/p>\n\n\n\n<p>N\u00f3s abra\u00e7amos a vis\u00e3o de que at\u00e9 o ano 2025 um projeto de tradu\u00e7\u00e3o da B\u00edblia estar\u00e1 em andamento para todos os povos que necessitem.<\/p>\n\n\n\n<p>N\u00f3s reconhecemos que isso n\u00e3o pode ser cumprido simplesmente por trabalharmos mais arduamente ou por fazermos mais do que estamos fazendo agora. Isso exigir\u00e1 que fa\u00e7amos mudan\u00e7as significativas em nossas atitudes e formas de trabalhar.<\/p>\n\n\n\n<p>Nosso desejo \u00e9 desenvolver capacidade para programas de tradu\u00e7\u00e3o da B\u00edblia e atividades de uso das Escrituras sustent\u00e1veis. Assim sendo, estimulamos cada entidade dentro de nossa fam\u00edlia de organiza\u00e7\u00f5es a dar prioridade ao fortalecimento de parcerias atuais, formando parcerias estrat\u00e9gicas adicionais, e trabalhando juntas para desenvolver abordagens criativas apropriadas a cada contexto.<\/p>\n\n\n\n<p>Para esse fim n\u00f3s nos comprometemos a orar pelo cumprimento dessa vis\u00e3o, buscando o direcionamento de Deus e obedecendo-o em qualquer nova dire\u00e7\u00e3o que Ele possa nos guiar.<\/p>\n\n\n\n<p>Vis\u00e3o 2025 foi desenvolvida e adotada em 1999 por ambas Wycliffe Internacional (antecessora da Alian\u00e7a Global Wycliffe) e a organiza\u00e7\u00e3o parceira SIL Internacional. Esta vis\u00e3o tem motivado e inspirado muitas pessoas e organiza\u00e7\u00f5es a criar e se unir aos movimentos de tradu\u00e7\u00e3o da B\u00edblia ao redor do mundo.<\/p>\n\n\n\n<p><a href=\"https:\/\/www.wycliffe.net\/pt-br\/more-about-what-we-do\/documentos-de-filosofia-e-principios\/a-jornada-da-alianca-em-resposta-a-visao-2025-uma-conversa-missiologica\/\">Le cheminement de l\u2019Alliance en r\u00e9ponse \u00e0 Objectif 2025 Une discussion missiologique<\/a><\/p>\n","protected":false},"excerpt":{"rendered":"<p>Vis\u00e3o 2025 N\u00f3s reconhecemos que nossa maior meta \u00e9 glorificar a Deus e desfrutar dele para sempre. N\u00f3s reconhecemos que Deus \u00e9 nossa sufici\u00eancia, nossa confian\u00e7a, nossa seguran\u00e7a, e nossa&#8230;<\/p>\n","protected":false},"author":5,"featured_media":0,"parent":5070,"menu_order":0,"comment_status":"closed","ping_status":"closed","template":"","meta":{"give_campaign_id":0,"_kadence_starter_templates_imported_post":false,"_kad_post_transparent":"","_kad_post_title":"","_kad_post_layout":"","_kad_post_sidebar_id":"","_kad_post_content_style":"","_kad_post_vertical_padding":"","_kad_post_feature":"","_kad_post_feature_position":"","_kad_post_header":false,"_kad_post_footer":false,"footnotes":""},"categories":[],"tags":[],"class_list":["post-5364","page","type-page","status-publish","hentry"],"campaignId":"","_links":{"self":[{"href":"https:\/\/wycliffe.net\/pt-pt\/wp-json\/wp\/v2\/pages\/5364","targetHints":{"allow":["GET"]}}],"collection":[{"href":"https:\/\/wycliffe.net\/pt-pt\/wp-json\/wp\/v2\/pages"}],"about":[{"href":"https:\/\/wycliffe.net\/pt-pt\/wp-json\/wp\/v2\/types\/page"}],"author":[{"embeddable":true,"href":"https:\/\/wycliffe.net\/pt-pt\/wp-json\/wp\/v2\/users\/5"}],"replies":[{"embeddable":true,"href":"https:\/\/wycliffe.net\/pt-pt\/wp-json\/wp\/v2\/comments?post=5364"}],"version-history":[{"count":2,"href":"https:\/\/wycliffe.net\/pt-pt\/wp-json\/wp\/v2\/pages\/5364\/revisions"}],"predecessor-version":[{"id":5418,"href":"https:\/\/wycliffe.net\/pt-pt\/wp-json\/wp\/v2\/pages\/5364\/revisions\/5418"}],"up":[{"embeddable":true,"href":"https:\/\/wycliffe.net\/pt-pt\/wp-json\/wp\/v2\/pages\/5070"}],"wp:attachment":[{"href":"https:\/\/wycliffe.net\/pt-pt\/wp-json\/wp\/v2\/media?parent=5364"}],"wp:term":[{"taxonomy":"category","embeddable":true,"href":"https:\/\/wycliffe.net\/pt-pt\/wp-json\/wp\/v2\/categories?post=5364"},{"taxonomy":"post_tag","embeddable":true,"href":"https:\/\/wycliffe.net\/pt-pt\/wp-json\/wp\/v2\/tags?post=5364"}],"curies":[{"name":"wp","href":"https:\/\/api.w.org\/{rel}","templated":true}]}}