{"id":5358,"date":"2025-08-29T17:31:04","date_gmt":"2025-08-29T15:31:04","guid":{"rendered":"http:\/\/wycliffe.net\/?page_id=5358"},"modified":"2025-09-24T22:37:25","modified_gmt":"2025-09-24T20:37:25","slug":"a-jornada-da-alianca-em-resposta-a-visao-2025-uma-conversa-missiologica","status":"publish","type":"page","link":"https:\/\/wycliffe.net\/pt-pt\/philosophy-principle-papers\/a-jornada-da-alianca-em-resposta-a-visao-2025-uma-conversa-missiologica\/","title":{"rendered":"A Jornada da Alian\u00e7a em Resposta a Vis\u00e3o 2025: Uma Conversa Missiol\u00f3gica"},"content":{"rendered":"\n<h2 class=\"wp-block-heading\">A Jornada da Alian\u00e7a em Resposta a Vis\u00e3o 2025: Uma Conversa Missiol\u00f3gica<\/h2>\n\n\n\n<p><em>Nota do Editor: N\u00f3s estamos compartilhando este documento publicamente na inten\u00e7\u00e3o de construir entendimento e comunidade. Este conjunto sintetizado de notas n\u00e3o reflete uma opini\u00e3o consensual ou uma posi\u00e7\u00e3o espec\u00edfica da Alian\u00e7a Global Wycliffe. \u00c9 um registro da discuss\u00e3o que houve entre mais de 200 l\u00edderes e conselheiros de mais de 100 organiza\u00e7\u00f5es da Alian\u00e7a. E como tal representa uma diversidade de culturas, opini\u00f5es e ideias dos l\u00edderes das organiza\u00e7\u00f5es da Alian\u00e7a. O aprendizado e relacionamentos est\u00e3o em curso e continuam em novos locais e com novas express\u00f5es. Isto \u00e9 uma parte da jornada da Alian\u00e7a enquanto viajamos juntos, desejosos de participar plenamente na Miss\u00e3o de Deus.<br><\/em><strong>Reuni\u00e3o da Wycliffe Global<\/strong><strong>6-7 de maio de 2016<\/strong><\/p>\n\n\n\n<p><strong>Chiang Mai, Tail\u00e2ndia<\/strong><\/p>\n\n\n\n<p>Transcorrido dois dias durante a Reuni\u00e3o da Wycliffe Global, os participantes discutiram&nbsp;<em>\u2018nossa jornada da Alian\u00e7a em resposta a Vis\u00e3o 2025\u2019<\/em>. N\u00f3s reconhecemos que a Vis\u00e3o 2025 serve como um lembrete de que, quando participamos da tradu\u00e7\u00e3o da B\u00edblia, precisamos de ambos, refletir sobre e responder ao que vemos a nossa volta e a nossa frente. N\u00f3s consideramos o aviso de Payne que \u201cs\u00f3 porque estamos fazendo algo no campo, mesmo se estivermos experimentando resultados, n\u00e3o nos permite evitar a avalia\u00e7\u00e3o de nossas a\u00e7\u00f5es\u201d.<br><a href=\"http:\/\/www.wycliffe.net\/about-us\/more?id=1907#_ftn1\">[1]<\/a><\/p>\n\n\n\n<p>Os prop\u00f3sitos da nossa discuss\u00e3o da&nbsp;<em>Vis\u00e3o 2025<\/em>&nbsp;foram:<\/p>\n\n\n\n<ul class=\"wp-block-list\">\n<li>Revisitar e refletir sobre a jornada da Alian\u00e7a em resposta a&nbsp;<em>Vis\u00e3o 2025;<\/em><\/li>\n\n\n\n<li>Explorar algumas das atuais quest\u00f5es que as Organiza\u00e7\u00f5es Alian\u00e7a enfrentam em rela\u00e7\u00e3o \u00e0&nbsp;<em>Vis\u00e3o 2025;<\/em><\/li>\n\n\n\n<li>Para cada organiza\u00e7\u00e3o da Alian\u00e7a, no contexto de sua particular contribui\u00e7\u00e3o para a tradu\u00e7\u00e3o da B\u00edblia, comprometer-se e envolver-se com as quest\u00f5es que podem tanto impedir ou melhorar a tradu\u00e7\u00e3o efetiva da B\u00edblia.<\/li>\n<\/ul>\n\n\n\n<p>As conversas se concentraram nas seguintes \u00e1reas:<\/p>\n\n\n\n<ol class=\"wp-block-list\">\n<li>Uma vis\u00e3o panor\u00e2mica da jornada da Alian\u00e7a em resposta a Vis\u00e3o 2015;<\/li>\n\n\n\n<li>Afirma\u00e7\u00f5es missiol\u00f3gicas expressadas na Vis\u00e3o 2025;<\/li>\n<\/ol>\n\n\n\n<p>2.1 Urg\u00eancia;<\/p>\n\n\n\n<p>2.2 Parcerias voltadas com base no Reino:<\/p>\n\n\n\n<p>2.2.1 Parceria com amigos;<\/p>\n\n\n\n<p>2.2.2 Parceria no contexto da realidade global;<\/p>\n\n\n\n<p>2.3 Depend\u00eancia de Deus.<\/p>\n\n\n\n<p>O principal valor da conversa foi experimentado atrav\u00e9s das discuss\u00f5es dos grupos de debates bem como das discuss\u00f5es durante os intervalos. N\u00f3s estamos em d\u00e9bito com nossos facilitadores (consultores e facilitadores dos grupos de debates) que deram assist\u00eancia ao processo de discuss\u00e3o. N\u00f3s tamb\u00e9m somos gratos aos que tomavam notas por nos prover um vislumbre das discuss\u00f5es que tivemos dos 28 grupos de debates respectivamente. Aquelas anota\u00e7\u00f5es foram compiladas em um documento de 100 p\u00e1ginas na l\u00edngua inglesa que pode ser solicitado a Stephen Coertze em&nbsp;<a href=\"mailto:Missiology@wycliffe.net\">Missiology@wycliffe.net<\/a>.<\/p>\n\n\n\n<p>A cole\u00e7\u00e3o de anota\u00e7\u00f5es foram sintetizadas neste resumo de 10 p\u00e1ginas. Este resumo n\u00e3o pretende ser uma representa\u00e7\u00e3o exata do que foi dito durante as discuss\u00f5es dos grupos. Esta \u00e9 uma tentativa de retratar a profundidade e a diversidade das ideias que comp\u00f5em a riqueza da Alian\u00e7a. Fique a vontade para usar as ideias contidas neste resumo para continuar a conversa.<\/p>\n\n\n\n<h2 class=\"wp-block-heading\">A jornada da Alian\u00e7a em resposta a Vis\u00e3o 2025<\/h2>\n\n\n\n<p>A jornada at\u00e9 agora &#8230;<\/p>\n\n\n\n<p>A reflex\u00e3o \u00e9 cr\u00edtica. Ela oferece uma mudan\u00e7a de perspectiva. Estamos n\u00f3s dispostos a reconhecer quando uma porta est\u00e1 fechando e estamos n\u00f3s dispostos a entrar por uma nova porta em uma dire\u00e7\u00e3o que nunca fomos antes? A reflex\u00e3o precisa acontecer em todos os n\u00edveis da organiza\u00e7\u00e3o, desde o conselho at\u00e9 a equipe de escrit\u00f3rio e campo. \u00c9 importante refletir em como as coisas t\u00eam mudado e considerar o que fazer e como fazer para responder a novas realidades. A reflex\u00e3o demonstra depend\u00eancia e confian\u00e7a em Deus, e possibilita tempo para pensar criativamente.<\/p>\n\n\n\n<p>O compromisso da igreja \u00e9 um tema comum na miss\u00e3o atualmente. A missiologia est\u00e1 mudando o pensamento da igreja. A miss\u00e3o e os m\u00e9todos tradicionais ir\u00e3o mudar. N\u00f3s precisamos nos comprometer com a igreja local, a igreja nacional e a igreja no exterior. As igrejas est\u00e3o mudando e a Wycliffe precisa mudar com o tempo. Nas organiza\u00e7\u00f5es de tradu\u00e7\u00e3o da B\u00edblia, algumas vezes parece que a \u201cmiss\u00e3o da igreja\u201d \u00e9 opcional. N\u00e3o deveria ser assim. A Wycliffe precisa ser mais interdependente com a igreja local: resolvendo problemas, levantando recursos, sustentabilidade. Como envolver a maioria das igrejas?<\/p>\n\n\n\n<p>A miss\u00e3o humanit\u00e1ria anda de m\u00e3os dadas com a tradu\u00e7\u00e3o da B\u00edblia.<\/p>\n\n\n\n<p>Envolvimento local \/ senso de propriedade \u00e9 essencial. Os remetentes precisam respeitar as necessidades locais; eles precisam se tornar mais treinadores e ajudadores do que executores. N\u00f3s precisamos de uma estrat\u00e9gia que use estruturas existentes. Organiza\u00e7\u00f5es mantenedoras precisam reconhecer as decis\u00f5es local e nacional.<\/p>\n\n\n\n<p>H\u00e1 mais interdepend\u00eancia na miss\u00e3o atualmente. N\u00f3s precisamos achar o meio termo onde \u201cn\u00f3s recebemos\u201d ou \u201cn\u00f3s damos\u201d se torne \u201cn\u00f3s recebemos e n\u00f3s damos\u201d. N\u00f3s precisamos ser muito cuidadosos na \u00e1rea de depend\u00eancia financeira. Os l\u00edderes precisam ter uma atitude piedosa quando lidam com dinheiro.<\/p>\n\n\n\n<p>Revisitar V2025 agora \u00e9 oportuno. Porque as organiza\u00e7\u00f5es da Alian\u00e7a t\u00eam hist\u00f3rias diversas, nem todos na Wycliffe entendem plenamente a inten\u00e7\u00e3o da Vis\u00e3o, que trata a respeito da transforma\u00e7\u00e3o da comunidade e o senso local de propriedade, e n\u00e3o apenas sobre o n\u00famero de projetos de tradu\u00e7\u00e3o. A vis\u00e3o oferece a habilidade de incluir mais do que excluir. A vis\u00e3o \u00e9 \u00fatil como um chamado para mover a igreja, uma declara\u00e7\u00e3o para dar uma no\u00e7\u00e3o de urg\u00eancia na edifica\u00e7\u00e3o de parcerias entre as igrejas do Ocidente e do Sul global.<\/p>\n\n\n\n<p>N\u00f3s precisamos de parcerias; minist\u00e9rio sem fronteiras. Pequenas organiza\u00e7\u00f5es podem ter um grande impacto em uma regi\u00e3o. N\u00f3s precisamos usar os pontos fortes que temos para participar no trabalho de tradu\u00e7\u00e3o da B\u00edblia. \u201cJuntos n\u00f3s podemos\u201d. \u00c9 fundamental que encontremos nossa identidade; conhe\u00e7amos nossos pontos fortes e fracos e assim sabermos como n\u00f3s podemos servir uns aos outros. Algumas organiza\u00e7\u00f5es podem servir como um modelo para outras organiza\u00e7\u00f5es em seu pr\u00f3prio pa\u00eds e al\u00e9m. N\u00f3s precisamos de mais hist\u00f3rias, hist\u00f3rias diferentes. Toda hist\u00f3ria \u00e9 importante, \u00e9 parte da hist\u00f3ria de Deus. N\u00f3s podemos aprender com a hist\u00f3ria de todos \u2013 hist\u00f3rias sejam de fracassos ou de sucessos.<\/p>\n\n\n\n<h2 class=\"wp-block-heading\">Afirma\u00e7\u00f5es missiol\u00f3gicas expressadas na Vis\u00e3o 2025: Urg\u00eancia<\/h2>\n\n\n\n<p>O t\u00f3pico de&nbsp;<em>urg\u00eancia&nbsp;<\/em>revelou um amplo conjunto de pontos de vista e um profundo senso de preocupa\u00e7\u00e3o com a miss\u00e3o de Deus, nossa participa\u00e7\u00e3o nela, e as necessidades das pessoas no mundo.<\/p>\n\n\n\n<p>O significado da palavra&nbsp;<em>urg\u00eancia<\/em>&nbsp;como entendemos no contexto da Vis\u00e3o 2025 incluiu aqueles que a veem dirigida a situa\u00e7\u00f5es de vida e morte. Muitas comunidades lingu\u00edsticas ainda est\u00e3o sem acesso as Escrituras. Pessoas est\u00e3o morrendo sem conhecer o Salvador do mundo. Igrejas n\u00e3o podem tornar-se fortes e eficazes sem o fundamento da Palavra de Deus. O fim est\u00e1 pr\u00f3ximo; a noite est\u00e1 chegando. O mundo est\u00e1 mudando. Deus n\u00f3s ordenou a ir; \u00e9 a vontade Dele. Por isso, a urg\u00eancia \u00e9 sobre completar as tradu\u00e7\u00f5es o mais r\u00e1pido poss\u00edvel atrav\u00e9s de mais parcerias, usando recursos dispon\u00edveis tanto local quanto globalmente e construindo mais parcerias no envolvimento com este trabalho.<\/p>\n\n\n\n<p>Para outras urg\u00eancias se trata de ter estrat\u00e9gias mais do que acelerar o trabalho.&nbsp;<em>Foco<\/em>&nbsp;e&nbsp;<em>prioridade<\/em>&nbsp;s\u00e3o considerados palavras mais apropriadas do que&nbsp;<em>urg\u00eancia.<\/em>&nbsp;N\u00e3o aja com pressa. Tenha paci\u00eancia para buscar a dire\u00e7\u00e3o de Deus. Urg\u00eancia tem mais a ver como o trabalho \u00e9 feito do que quando o trabalho \u00e9 terminado. A urg\u00eancia n\u00e3o pode suplantar o envolvimento da comunidade, o desenvolvimento de parcerias e o envolvimento da igreja, mas criar oportunidades para um maior envolvimento com menos press\u00e3o.<\/p>\n\n\n\n<p>Muitas organiza\u00e7\u00f5es t\u00eam sido impactadas pela no\u00e7\u00e3o de urg\u00eancia. Algumas t\u00eam identificado objetivos espec\u00edficos em termos de n\u00famero de comunidades lingu\u00edsticas a envolver ou o n\u00famero de igrejas a conectar com as comunidades lingu\u00edsticas. Algumas t\u00eam sido mais intencionais no treinamento do conselho e desenvolvimento de parcerias com igrejas. Algumas organiza\u00e7\u00f5es da Wycliffe t\u00eam buscado nutrir relacionamentos mais pr\u00f3ximo com outras organiza\u00e7\u00f5es Wycliffe em outras partes do mundo. Muitas est\u00e3o procurando gastar mais tempo para refletir sobre a miss\u00e3o de Deus e o papel da tradu\u00e7\u00e3o da B\u00edblia nesta miss\u00e3o.<\/p>\n\n\n\n<p>Tens\u00f5es surgem quando problemas de relacionamento e responsabilidade s\u00e3o levantados. Relacionamentos levam tempo, mesmo assim todos os interessados no projeto esperam resultados r\u00e1pidos e mensur\u00e1veis. Urg\u00eancia ser\u00e1 definida diferentemente em diferentes contextos e l\u00ednguas. Nossas respostas, ent\u00e3o, deveriam ser espec\u00edficas ao contexto. A Miss\u00e3o pertence a Deus. Ele \u00e9 aquele que ir\u00e1 completar a miss\u00e3o em seu pr\u00f3prio tempo. Ele tem nos convidado para participar com Ele, mas o sucesso da sua miss\u00e3o n\u00e3o depende de n\u00f3s. Nossa medida de urg\u00eancia \u00e9 mensurada em qu\u00e3o bem n\u00f3s entendemos a mente de Deus, sua vontade, sua miss\u00e3o, etc. Entretanto, urg\u00eancia requer ora\u00e7\u00e3o dedicada.<\/p>\n\n\n\n<p>Como um membro da Alian\u00e7a, o consenso era que n\u00f3s precisamos, principalmente e em primeiro lugar orar, e ent\u00e3o criar uma estrat\u00e9gia que atenda \u00e0s necessidades e expectativas de todos os parceiros envolvidos. N\u00f3s precisamos depender de Deus para prover tudo o que \u00e9 necess\u00e1rio para completar sua miss\u00e3o. N\u00f3s precisamos construir relacionamentos fortes e saud\u00e1veis para uma comunica\u00e7\u00e3o melhor \u2013 mais frequente e mais eficaz &#8211; entre n\u00f3s e nossos constituintes, parceiros e comunidades locais. N\u00f3s precisamos abrir m\u00e3o do controle, desenvolvendo assim parcerias que oferecem a liberdade de assumir mais riscos, contribuir com o que puder ser contribu\u00eddo, reunir recursos e apoiar uns aos outros de novas formas. N\u00f3s precisamos pensar a longo prazo; pensar holisticamente; aprender com o nosso passado, compartilhar nossas experi\u00eancias e aprender uns com o outros.<\/p>\n\n\n\n<h2 class=\"wp-block-heading\">Afirma\u00e7\u00f5es missiol\u00f3gicas expressadas na Vis\u00e3o 2025: Rumo a parcerias estabelecidas no Reino \u2013 Parceiros como amigos<\/h2>\n\n\n\n<p>Alguns dizem que amizades surgem das parcerias, outros dizem que parcerias s\u00e3o constru\u00eddas sobre amizades. Ainda outros acham que as duas, em geral, n\u00e3o precisam estar alinhadas. Alguns dizem que amizade e parceria s\u00e3o compromissos como uma fam\u00edlia. Outros dizem que elas n\u00e3o s\u00e3o permanentes como uma fam\u00edlia, antes elas s\u00e3o uma escolha, requerendo compromisso. Muitas pessoas usam as palavras \u201camizade\u201d e \u201cparceria\u201d de forma intercambi\u00e1vel, por\u00e9m mais uma vez, sobre reflex\u00e3o as consideram diferentes em v\u00e1rios n\u00edveis.<\/p>\n\n\n\n<p>Todos concordam que amizade \u00e9 culturalmente moldada, e que nossas defini\u00e7\u00f5es culturais de par\u00e2metros em torno de boas amizades s\u00e3o muito diferentes, elas podem causar conflitos profundos. Mas todos tamb\u00e9m concordam que amizades que suportam conflitos juntos saem mais fortes e mais verdadeiras.<\/p>\n\n\n\n<p>Amizades s\u00e3o mais pessoais, mais individualizadas que parcerias. Amizades duram; parcerias terminam. Amizade leva tempo e proximidade; amizade n\u00e3o ocorre facilmente onde h\u00e1 grandes dist\u00e2ncias, diferen\u00e7as culturais e\/ou lacunas de tempo a serem superadas. Amizades na Alian\u00e7a custam tanto tempo e dinheiro \u2013 para viagem de visita, para ajudar uns aos outros com presentes de bondade (comida, caf\u00e9, suprindo as necessidades uns dos outros, etc.)<\/p>\n\n\n\n<p>Amizades s\u00e3o edificadas com os elementos do amor b\u00edblico. Uma pessoa busca um amigo como o sujeito da amizade mais do que como objeto \u2013 dar mais do que receber; celebrar mais do que competir; humildemente se conhecem e s\u00e3o conhecidos como iguais. Bons amigos confiam um no outro e s\u00e3o leais um ao outro. Amizades sinceras levam tempo para se desenvolverem bem.<\/p>\n\n\n\n<p>Parcerias, por outro lado, podem ser estabelecidas mais rapidamente como acordos de neg\u00f3cios. Parcerias tamb\u00e9m requerem compromisso, honestidade e confian\u00e7a, mas podem navegar na inconveni\u00eancia da dist\u00e2ncia e tempo mais facilmente. Parcerias s\u00e3o constru\u00eddas na vis\u00e3o comum, compromissos claros e metas. Entretanto, al\u00e9m de simplesmente sermos produtivos, n\u00f3s trabalhamos juntos porque \u00e9 a vontade de Deus, porque sabemos que a nossa parceria no minist\u00e9rio honra a Deus. Parceria \u00e9 um empenho espiritual. Ela reflete o chamado de Deus para viver em comunidade.<\/p>\n\n\n\n<p>Parcerias entre organiza\u00e7\u00f5es podem ser pr\u00e1ticas. No entanto, as amizades entre as organiza\u00e7\u00f5es s\u00e3o dif\u00edceis quando a lideran\u00e7a muda. Por outro lado, os l\u00edderes demonstram para as organiza\u00e7\u00f5es o que a verdadeira amizade parece. L\u00edderes precisam liderar o caminho na constru\u00e7\u00e3o de amizade com a Alian\u00e7a.<\/p>\n\n\n\n<p>Existem muitos n\u00edveis de amizade. N\u00e3o se pode gerenciar muitas amizades profundas; elas s\u00e3o caras e portanto preciosas. Alguns acreditam que \u00e9 mais pr\u00e1tico focar no tempo, energia e recursos em somente algumas boas amizades para ter qualidade e sustentabilidade.<\/p>\n\n\n\n<p>Vida e trabalho s\u00e3o mais bonitos na amizade. Deus n\u00e3o tem vergonha de nos chamar de amigos.<\/p>\n\n\n\n<h2 class=\"wp-block-heading\">Afirma\u00e7\u00f5es Missiol\u00f3gicas expressadas na Vis\u00e3o 2025: Rumo a parcerias estabelecidas no Reino \u2013 Parcerias no contexto da realidade Global<\/h2>\n\n\n\n<p>Compreendendo<em>&nbsp;globaliza\u00e7\u00e3o<\/em>&nbsp;e&nbsp;<em>glocaliza\u00e7\u00e3o&nbsp;<\/em>oferece um melhor entendimento de como a Alian\u00e7a trabalha. Unidos no Corpo de Cristo, nossas cren\u00e7as compartilhadas, recursos compartilhados e for\u00e7a humana compartilhada permite \u00e0 comunidade Alian\u00e7a formar parcerias e estrat\u00e9gias produtivas. Em tais parcerias, ningu\u00e9m \u00e9 menos valorizado que o outro, tanto local quanto globalmente. Quando algu\u00e9m est\u00e1 em dificuldades, recursos s\u00e3o generosamente resgatados onde ele estiver. Portanto, somos livres para sermos mais abertos, para falar sobre coisas dif\u00edceis, para sermos vulner\u00e1veis um com o outro. A for\u00e7a da Alian\u00e7a vem dos relacionamentos dentro das organiza\u00e7\u00f5es; n\u00e3o h\u00e1 um centro de controle, mas m\u00faltiplos centros de influ\u00eancia, a democratiza\u00e7\u00e3o do poder.<\/p>\n\n\n\n<p>Globaliza\u00e7\u00e3o permite ter um r\u00e1pido acesso a informa\u00e7\u00e3o e encorajamento de outros. Algo que foi bem sucedido em um lugar pode rapidamente ser disponibilizado a outros. Globaliza\u00e7\u00e3o ressalta a singularidade dos nossos contextos particulares \u2013 nos faz pensar em meios que podemos compartilhar e cooperar e aprender um com outro sem perder nossa identidade e distin\u00e7\u00e3o. Criando um sentido geral de unidade e amizade que nos traz de volta ao contexto local. Policentrismo permite melhores relacionamentos entre n\u00f3s mesmos e com as igrejas locais. H\u00e1 muitas necessidades locais que exigem parcerias globais e muitas for\u00e7as locais que requerem um sistema global de express\u00e3o<\/p>\n\n\n\n<p>Globaliza\u00e7\u00e3o \/ glocaliza\u00e7\u00e3o e policentrismo levantam preocupa\u00e7\u00f5es. Eles podem contribuir para uma dilui\u00e7\u00e3o do individualismo \u2013 a uniformiza\u00e7\u00e3o de pessoas, culturas e organiza\u00e7\u00f5es. Policentrismo desafia o sistema governamental da igreja e um crescente desejo da igreja por se envolver mais diretamente na miss\u00e3o. Isto poder\u00e1 causar preocupa\u00e7\u00e3o nos parceiros que temem perder o controle. Igualmente, temor natural baseado na hist\u00f3ria pode causar hesita\u00e7\u00e3o antes de participarem de um sistema compartilhado de poder (considere a hist\u00f3ria do colonialismo, ou a posi\u00e7\u00e3o hist\u00f3rica da SIL em muitos contextos). Algumas organiza\u00e7\u00f5es preferem uma estrutura hier\u00e1rquica em seu pr\u00f3prio contexto e, por isso, se esfor\u00e7am para combinar sua estrutura com uma estrutura fluida global. Al\u00e9m do mais, as dificuldades que uma organiza\u00e7\u00e3o enfrenta impactar\u00e1 as outras. Por exemplo, uma crise financeira em um grupo ir\u00e1 impactar os recursos para outros; ou tens\u00f5es de quest\u00f5es controversas como os Termos familiares do Divino podem impactar a muitos. A crescente visibilidade das organiza\u00e7\u00f5es nas parcerias globais e a prolifera\u00e7\u00e3o da media social resulta em governos mais atentos a atividades que acontecem em suas na\u00e7\u00f5es. Isso cria um crescente risco de exposi\u00e7\u00e3o que pode adversamente afetar pessoas e projetos em \u00e1reas sens\u00edveis.<\/p>\n\n\n\n<p>N\u00f3s precisamos garantir que nossas parcerias est\u00e3o equilibradas no tempo, autoridade, senso de propriedade e compet\u00eancias tanto em dar quanto em receber. N\u00f3s precisamos de uma boa plataforma para compartilhar as melhores pr\u00e1ticas entre organiza\u00e7\u00f5es, sistemas que permitam comunica\u00e7\u00e3o, tecnologia apropriada a contextos e estrat\u00e9gias que abordem \u00e0s setes correntes. N\u00f3s precisamos reconhecer os erros que temos cometido, pedir perd\u00e3o e restaurar relacionamentos. A reconcilia\u00e7\u00e3o precisa ser aut\u00eantica. N\u00f3s precisamos ser humildes, ouvir mais a Deus e uns aos outros; falar menos e aprender juntos; estar dispostos a abrir m\u00e3o de direitos, abra\u00e7ar o caos e reconhecer a necessidade de uma coordena\u00e7\u00e3o melhor e comunica\u00e7\u00e3o tanto no n\u00edvel global quanto no global-local (glocal). Para construir relacionamentos e estarmos melhor equipados para responder \u00e0s necessidades, n\u00f3s precisamos ser intencionais sobre encontros que construam confian\u00e7a, relacionamentos interdependentes em todos os n\u00edveis.<\/p>\n\n\n\n<h2 class=\"wp-block-heading\">Afirma\u00e7\u00f5es Missiol\u00f3gicas expressadas na Vis\u00e3o 2015: Depend\u00eancia de Deus<\/h2>\n\n\n\n<h3 class=\"wp-block-heading\">Depend\u00eancia \u00e9 renunciar a n\u00f3s mesmos por Deus<\/h3>\n\n\n\n<p>N\u00f3s somos dependentes de Deus porque nossa vida n\u00e3o \u00e9 nossa; n\u00f3s somos criaturas dependentes. Seguros em nossa identidade como amados por Deus, n\u00f3s escolhemos viver em depend\u00eancia d\u2019Ele. Deus se tornou mais importante que qualquer outra coisa. N\u00f3s buscamos em primeiro lugar o Seu Reino, confiando que Ele prover\u00e1 as demais coisas. N\u00f3s pedimos, \u201c O que \u00e9 urgente aos olhos de Deus? Quais s\u00e3o as Suas prioridades?<\/p>\n\n\n\n<h3 class=\"wp-block-heading\">Depend\u00eancia \u00e9 equil\u00edbrio<\/h3>\n\n\n\n<p>Depend\u00eancia estabelece um equil\u00edbrio entre aguardar em Deus e agir em obedi\u00eancia a um plano. N\u00f3s fazemos planos e depois os mantemos, sempre dispostos a abrir m\u00e3o deles se for isto o que Deus nos conduz a fazer. N\u00f3s confiamos em Deus de forma liberada, ativa, sem perseguir as nossas pr\u00f3prias agendas, sem buscar por solu\u00e7\u00f5es r\u00e1pidas e f\u00e1ceis, sem sermos pregui\u00e7osos ou inertes, mas orando diligentemente, aguardando com expectativa e agindo com obedi\u00eancia.<\/p>\n\n\n\n<h3 class=\"wp-block-heading\">Depend\u00eancia \u00e9 liberdade<\/h3>\n\n\n\n<p>Os projetos de tradu\u00e7\u00e3o da B\u00edblia pertencem a Deus; transforma\u00e7\u00e3o \u00e9 trabalho de Deus, n\u00e3o nosso. Porque todo o trabalho pertence a Deus, Ele \u00e9 respons\u00e1vel para complet\u00e1-lo. A depend\u00eancia de Deus nos libera da preocupa\u00e7\u00e3o dos recursos e tempo limitados. N\u00f3s reconhecemos nossas limita\u00e7\u00f5es e insufici\u00eancias. N\u00e3o contamos com n\u00f3s mesmos. Enquanto somos respons\u00e1veis e devemos ser bons administradores do que Deus nos confiou, depend\u00eancia de Deus nos liberta da press\u00e3o e estresse do sucesso. Sabendo que Deus fielmente proveu no passado, temos confian\u00e7a que Ele de novo prover\u00e1 o que for necess\u00e1rio para Seu trabalho.<\/p>\n\n\n\n<p>Depend\u00eancia e ansiedade n\u00e3o podem coexistir. Urg\u00eancia n\u00e3o deve arruinar a nossa depend\u00eancia de Deus. Melhor, h\u00e1 uma urg\u00eancia para n\u00f3s dependermos de Deus. Precisamos confiar no tempo Dele.<\/p>\n\n\n\n<h3 class=\"wp-block-heading\">Depend\u00eancia \u00e9 ora\u00e7\u00e3o<\/h3>\n\n\n\n<p>Ora\u00e7\u00e3o \u00e9 a\u00e7\u00e3o; \u00e9 uma express\u00e3o de depend\u00eancia de Deus. Depend\u00eancia n\u00e3o se trata apenas de fundos ou recursos materiais; \u00e9 tamb\u00e9m sobre buscar sabedoria de Deus. \u00c9 sobre exercitar autodisciplina para limitar nossa autossufici\u00eancia ou independ\u00eancia, ambas as quais s\u00e3o pecados. Depend\u00eancia \u00e9 humilde \u2013 o teste final de intimidade com Deus.<\/p>\n\n\n\n<h3 class=\"wp-block-heading\">Depend\u00eancia \u00e9 mutualidade<\/h3>\n\n\n\n<p>Depend\u00eancia de Deus nos liberta para termos relacionamentos \/ parcerias constru\u00eddas na mutualidade. Parcerias nos for\u00e7a a confiar mais em Deus. Parcerias n\u00e3o s\u00e3o baseadas em coisas materiais mas em Deus. Um n\u00e3o \u00e9 maior ou menor do que o outro. Quando n\u00f3s temos necessidades, n\u00f3s podemos chamar pela comunidade global. N\u00f3s precisamos desejar o sacrif\u00edcio sem esperar recompensas; n\u00e3o levar vantagens sobre o outro. N\u00f3s ajudamos uns aos outros transferindo (demonstrando) nossa confian\u00e7a em Deus. N\u00f3s somos todos fr\u00e1geis e igualmente necessitados da depend\u00eancia de Deus. Nas parcerias demonstramos depend\u00eancia de Deus uns pelos outros e assim ajudamos uns aos outros. Algumas vezes um ensina e o outro aprende; em outro momento \u00e9 o inverso. Precisamos intencionalmente construir em tempo com Deus em nossas intera\u00e7\u00f5es uns com os outros.<\/p>\n\n\n\n<p><a href=\"http:\/\/www.wycliffe.net\/about-us\/more?id=1907#_ftnref1\">[1]<\/a>&nbsp;Ott, C and Payne, J D (eds) 2013. Missionary methods: Research, Reflections and Realities. Pasadena CA: William Carey Library. p. xv.<\/p>\n","protected":false},"excerpt":{"rendered":"<p>A Jornada da Alian\u00e7a em Resposta a Vis\u00e3o 2025: Uma Conversa Missiol\u00f3gica Nota do Editor: N\u00f3s estamos compartilhando este documento publicamente na inten\u00e7\u00e3o de construir entendimento e comunidade. Este conjunto&#8230;<\/p>\n","protected":false},"author":5,"featured_media":0,"parent":5070,"menu_order":0,"comment_status":"closed","ping_status":"closed","template":"","meta":{"give_campaign_id":0,"_kadence_starter_templates_imported_post":false,"_kad_post_transparent":"","_kad_post_title":"","_kad_post_layout":"","_kad_post_sidebar_id":"","_kad_post_content_style":"","_kad_post_vertical_padding":"","_kad_post_feature":"","_kad_post_feature_position":"","_kad_post_header":false,"_kad_post_footer":false,"footnotes":""},"categories":[],"tags":[],"class_list":["post-5358","page","type-page","status-publish","hentry"],"campaignId":"","_links":{"self":[{"href":"https:\/\/wycliffe.net\/pt-pt\/wp-json\/wp\/v2\/pages\/5358","targetHints":{"allow":["GET"]}}],"collection":[{"href":"https:\/\/wycliffe.net\/pt-pt\/wp-json\/wp\/v2\/pages"}],"about":[{"href":"https:\/\/wycliffe.net\/pt-pt\/wp-json\/wp\/v2\/types\/page"}],"author":[{"embeddable":true,"href":"https:\/\/wycliffe.net\/pt-pt\/wp-json\/wp\/v2\/users\/5"}],"replies":[{"embeddable":true,"href":"https:\/\/wycliffe.net\/pt-pt\/wp-json\/wp\/v2\/comments?post=5358"}],"version-history":[{"count":2,"href":"https:\/\/wycliffe.net\/pt-pt\/wp-json\/wp\/v2\/pages\/5358\/revisions"}],"predecessor-version":[{"id":5413,"href":"https:\/\/wycliffe.net\/pt-pt\/wp-json\/wp\/v2\/pages\/5358\/revisions\/5413"}],"up":[{"embeddable":true,"href":"https:\/\/wycliffe.net\/pt-pt\/wp-json\/wp\/v2\/pages\/5070"}],"wp:attachment":[{"href":"https:\/\/wycliffe.net\/pt-pt\/wp-json\/wp\/v2\/media?parent=5358"}],"wp:term":[{"taxonomy":"category","embeddable":true,"href":"https:\/\/wycliffe.net\/pt-pt\/wp-json\/wp\/v2\/categories?post=5358"},{"taxonomy":"post_tag","embeddable":true,"href":"https:\/\/wycliffe.net\/pt-pt\/wp-json\/wp\/v2\/tags?post=5358"}],"curies":[{"name":"wp","href":"https:\/\/api.w.org\/{rel}","templated":true}]}}