{"id":5153,"date":"2025-09-24T14:18:25","date_gmt":"2025-09-24T12:18:25","guid":{"rendered":"http:\/\/wycliffe.net\/?page_id=5153"},"modified":"2025-09-24T14:37:41","modified_gmt":"2025-09-24T12:37:41","slug":"videos-from-the-global-people-conversation","status":"publish","type":"page","link":"https:\/\/wycliffe.net\/pt-pt\/philosophy-principle-papers\/the-global-people-conversation\/videos-from-the-global-people-conversation\/","title":{"rendered":"V\u00eddeos da Conversa Global sobre Pessoas"},"content":{"rendered":"\n<h1 class=\"wp-block-heading\">V\u00eddeos da Conversa Global sobre Pessoas<\/h1>\n\n<p>Entrevistas de cada uma das cinco Conversas Globais sobre Pessoas de 2023<\/p>\n\n<h2 class=\"wp-block-heading\">Europa<\/h2>\n\n<figure class=\"wp-block-embed is-type-video is-provider-youtube wp-block-embed-youtube wp-embed-aspect-16-9 wp-has-aspect-ratio\"><div class=\"wp-block-embed__wrapper\">\n<iframe loading=\"lazy\" title=\"Global People Conversation: Wycliffe Germany\" width=\"720\" height=\"405\" src=\"https:\/\/www.youtube.com\/embed\/7xPhik79PmE?feature=oembed\" frameborder=\"0\" allow=\"accelerometer; autoplay; clipboard-write; encrypted-media; gyroscope; picture-in-picture; web-share\" referrerpolicy=\"strict-origin-when-cross-origin\" allowfullscreen><\/iframe>\n<\/div><\/figure>\n<style>.wp-block-kadence-spacer.kt-block-spacer-5144_6b1e49-7f .kt-block-spacer{height:60px;}.wp-block-kadence-spacer.kt-block-spacer-5144_6b1e49-7f .kt-divider{border-top-width:1px;height:1px;border-top-color:#eee;width:80%;border-top-style:solid;}<\/style>\n<div class=\"wp-block-kadence-spacer aligncenter kt-block-spacer-5144_6b1e49-7f\"><div class=\"kt-block-spacer kt-block-spacer-halign-center\"><hr class=\"kt-divider\"\/><\/div><\/div>\n\n<figure class=\"wp-block-embed is-type-video is-provider-youtube wp-block-embed-youtube wp-embed-aspect-16-9 wp-has-aspect-ratio\"><div class=\"wp-block-embed__wrapper\">\n<iframe loading=\"lazy\" title=\"Global People Conversation: Wycliffe UK and Ireland\" width=\"720\" height=\"405\" src=\"https:\/\/www.youtube.com\/embed\/h5O80SBSPeI?feature=oembed\" frameborder=\"0\" allow=\"accelerometer; autoplay; clipboard-write; encrypted-media; gyroscope; picture-in-picture; web-share\" referrerpolicy=\"strict-origin-when-cross-origin\" allowfullscreen><\/iframe>\n<\/div><\/figure>\n<style>.wp-block-kadence-spacer.kt-block-spacer-5144_6c69d3-55 .kt-block-spacer{height:60px;}.wp-block-kadence-spacer.kt-block-spacer-5144_6c69d3-55 .kt-divider{border-top-width:1px;height:1px;border-top-color:#eee;width:80%;border-top-style:solid;}<\/style>\n<div class=\"wp-block-kadence-spacer aligncenter kt-block-spacer-5144_6c69d3-55\"><div class=\"kt-block-spacer kt-block-spacer-halign-center\"><hr class=\"kt-divider\"\/><\/div><\/div>\n\n<h2 class=\"wp-block-heading\">Am\u00e9ricas<\/h2>\n\n<figure class=\"wp-block-embed is-type-video is-provider-youtube wp-block-embed-youtube wp-embed-aspect-16-9 wp-has-aspect-ratio\"><div class=\"wp-block-embed__wrapper\">\n<iframe loading=\"lazy\" title=\"Global People Conversation: LETRA Paraguay\" width=\"720\" height=\"405\" src=\"https:\/\/www.youtube.com\/embed\/sfszk8LQpEk?feature=oembed\" frameborder=\"0\" allow=\"accelerometer; autoplay; clipboard-write; encrypted-media; gyroscope; picture-in-picture; web-share\" referrerpolicy=\"strict-origin-when-cross-origin\" allowfullscreen><\/iframe>\n<\/div><\/figure>\n<style>.wp-block-kadence-spacer.kt-block-spacer-5144_14cc4b-d9 .kt-block-spacer{height:60px;}.wp-block-kadence-spacer.kt-block-spacer-5144_14cc4b-d9 .kt-divider{border-top-width:1px;height:1px;border-top-color:#eee;width:80%;border-top-style:solid;}<\/style>\n<div class=\"wp-block-kadence-spacer aligncenter kt-block-spacer-5144_14cc4b-d9\"><div class=\"kt-block-spacer kt-block-spacer-halign-center\"><hr class=\"kt-divider\"\/><\/div><\/div>\n\n<figure class=\"wp-block-embed is-type-video is-provider-youtube wp-block-embed-youtube wp-embed-aspect-16-9 wp-has-aspect-ratio\"><div class=\"wp-block-embed__wrapper\">\n<iframe loading=\"lazy\" title=\"Global People Conversation: Wycliffe Caribbean\" width=\"720\" height=\"405\" src=\"https:\/\/www.youtube.com\/embed\/tybEI3pKbGo?feature=oembed\" frameborder=\"0\" allow=\"accelerometer; autoplay; clipboard-write; encrypted-media; gyroscope; picture-in-picture; web-share\" referrerpolicy=\"strict-origin-when-cross-origin\" allowfullscreen><\/iframe>\n<\/div><\/figure>\n<style>.wp-block-kadence-spacer.kt-block-spacer-5144_56db6a-73 .kt-block-spacer{height:60px;}.wp-block-kadence-spacer.kt-block-spacer-5144_56db6a-73 .kt-divider{border-top-width:1px;height:1px;border-top-color:#eee;width:80%;border-top-style:solid;}<\/style>\n<div class=\"wp-block-kadence-spacer aligncenter kt-block-spacer-5144_56db6a-73\"><div class=\"kt-block-spacer kt-block-spacer-halign-center\"><hr class=\"kt-divider\"\/><\/div><\/div>\n\n<figure class=\"wp-block-embed is-type-video is-provider-youtube wp-block-embed-youtube wp-embed-aspect-16-9 wp-has-aspect-ratio\"><div class=\"wp-block-embed__wrapper\">\n<iframe loading=\"lazy\" title=\"Global People Conversation: Wycliffe Canada\" width=\"720\" height=\"405\" src=\"https:\/\/www.youtube.com\/embed\/AndAgnOO3ws?feature=oembed\" frameborder=\"0\" allow=\"accelerometer; autoplay; clipboard-write; encrypted-media; gyroscope; picture-in-picture; web-share\" referrerpolicy=\"strict-origin-when-cross-origin\" allowfullscreen><\/iframe>\n<\/div><\/figure>\n<style>.wp-block-kadence-spacer.kt-block-spacer-5144_f529cc-ac .kt-block-spacer{height:60px;}.wp-block-kadence-spacer.kt-block-spacer-5144_f529cc-ac .kt-divider{border-top-width:1px;height:1px;border-top-color:#eee;width:80%;border-top-style:solid;}<\/style>\n<div class=\"wp-block-kadence-spacer aligncenter kt-block-spacer-5144_f529cc-ac\"><div class=\"kt-block-spacer kt-block-spacer-halign-center\"><hr class=\"kt-divider\"\/><\/div><\/div>\n\n<figure class=\"wp-block-embed is-type-video is-provider-youtube wp-block-embed-youtube wp-embed-aspect-16-9 wp-has-aspect-ratio\"><div class=\"wp-block-embed__wrapper\">\n<iframe loading=\"lazy\" title=\"Global People Conversation: Dallas International University\" width=\"720\" height=\"405\" src=\"https:\/\/www.youtube.com\/embed\/3xAWJTbDGL4?feature=oembed\" frameborder=\"0\" allow=\"accelerometer; autoplay; clipboard-write; encrypted-media; gyroscope; picture-in-picture; web-share\" referrerpolicy=\"strict-origin-when-cross-origin\" allowfullscreen><\/iframe>\n<\/div><\/figure>\n<style>.wp-block-kadence-spacer.kt-block-spacer-5144_321321-bd .kt-block-spacer{height:60px;}.wp-block-kadence-spacer.kt-block-spacer-5144_321321-bd .kt-divider{border-top-width:1px;height:1px;border-top-color:#eee;width:80%;border-top-style:solid;}<\/style>\n<div class=\"wp-block-kadence-spacer aligncenter kt-block-spacer-5144_321321-bd\"><div class=\"kt-block-spacer kt-block-spacer-halign-center\"><hr class=\"kt-divider\"\/><\/div><\/div>\n\n<h2 class=\"wp-block-heading\">\u00c1frica<\/h2>\n\n<figure class=\"wp-block-embed is-type-video is-provider-youtube wp-block-embed-youtube wp-embed-aspect-16-9 wp-has-aspect-ratio\"><div class=\"wp-block-embed__wrapper\">\n<iframe loading=\"lazy\" title=\"Global People Conversation: Wycliffe South Africa\" width=\"720\" height=\"405\" src=\"https:\/\/www.youtube.com\/embed\/WP1k7TybipU?feature=oembed\" frameborder=\"0\" allow=\"accelerometer; autoplay; clipboard-write; encrypted-media; gyroscope; picture-in-picture; web-share\" referrerpolicy=\"strict-origin-when-cross-origin\" allowfullscreen><\/iframe>\n<\/div><\/figure>\n<style>.wp-block-kadence-spacer.kt-block-spacer-5144_72f3e9-e6 .kt-block-spacer{height:60px;}.wp-block-kadence-spacer.kt-block-spacer-5144_72f3e9-e6 .kt-divider{border-top-width:1px;height:1px;border-top-color:#eee;width:80%;border-top-style:solid;}<\/style>\n<div class=\"wp-block-kadence-spacer aligncenter kt-block-spacer-5144_72f3e9-e6\"><div class=\"kt-block-spacer kt-block-spacer-halign-center\"><hr class=\"kt-divider\"\/><\/div><\/div>\n\n<h2 class=\"wp-block-heading\">\u00c1sia-Pac\u00edfico<\/h2>\n\n<figure class=\"wp-block-embed is-type-video is-provider-youtube wp-block-embed-youtube wp-embed-aspect-16-9 wp-has-aspect-ratio\"><div class=\"wp-block-embed__wrapper\">\n<iframe loading=\"lazy\" title=\"Global People Conversation: Wycliffe Taiwan\" width=\"720\" height=\"405\" src=\"https:\/\/www.youtube.com\/embed\/hRWsS61B_ss?feature=oembed\" frameborder=\"0\" allow=\"accelerometer; autoplay; clipboard-write; encrypted-media; gyroscope; picture-in-picture; web-share\" referrerpolicy=\"strict-origin-when-cross-origin\" allowfullscreen><\/iframe>\n<\/div><\/figure>\n<style>.wp-block-kadence-spacer.kt-block-spacer-5144_4eb4b1-a6 .kt-block-spacer{height:60px;}.wp-block-kadence-spacer.kt-block-spacer-5144_4eb4b1-a6 .kt-divider{border-top-width:1px;height:1px;border-top-color:#eee;width:80%;border-top-style:solid;}<\/style>\n<div class=\"wp-block-kadence-spacer aligncenter kt-block-spacer-5144_4eb4b1-a6\"><div class=\"kt-block-spacer kt-block-spacer-halign-center\"><hr class=\"kt-divider\"\/><\/div><\/div>\n\n<figure class=\"wp-block-embed is-type-video is-provider-youtube wp-block-embed-youtube wp-embed-aspect-16-9 wp-has-aspect-ratio\"><div class=\"wp-block-embed__wrapper\">\n<iframe loading=\"lazy\" title=\"Global People Conversation: Wycliffe Philippines\" width=\"720\" height=\"405\" src=\"https:\/\/www.youtube.com\/embed\/XL1rgYcJNWw?feature=oembed\" frameborder=\"0\" allow=\"accelerometer; autoplay; clipboard-write; encrypted-media; gyroscope; picture-in-picture; web-share\" referrerpolicy=\"strict-origin-when-cross-origin\" allowfullscreen><\/iframe>\n<\/div><\/figure>\n<style>.wp-block-kadence-spacer.kt-block-spacer-5144_4d0e71-cf .kt-block-spacer{height:60px;}.wp-block-kadence-spacer.kt-block-spacer-5144_4d0e71-cf .kt-divider{border-top-width:1px;height:1px;border-top-color:#eee;width:80%;border-top-style:solid;}<\/style>\n<div class=\"wp-block-kadence-spacer aligncenter kt-block-spacer-5144_4d0e71-cf\"><div class=\"kt-block-spacer kt-block-spacer-halign-center\"><hr class=\"kt-divider\"\/><\/div><\/div>\n\n<figure class=\"wp-block-embed is-type-video is-provider-youtube wp-block-embed-youtube wp-embed-aspect-16-9 wp-has-aspect-ratio\"><div class=\"wp-block-embed__wrapper\">\n<iframe loading=\"lazy\" title=\"Global People Conversation: Wycliffe Singapore\" width=\"720\" height=\"405\" src=\"https:\/\/www.youtube.com\/embed\/22UhK43WEiw?feature=oembed\" frameborder=\"0\" allow=\"accelerometer; autoplay; clipboard-write; encrypted-media; gyroscope; picture-in-picture; web-share\" referrerpolicy=\"strict-origin-when-cross-origin\" allowfullscreen><\/iframe>\n<\/div><\/figure>\n<style>.wp-block-kadence-spacer.kt-block-spacer-5144_dad0e8-05 .kt-block-spacer{height:60px;}.wp-block-kadence-spacer.kt-block-spacer-5144_dad0e8-05 .kt-divider{border-top-width:1px;height:1px;border-top-color:#eee;width:80%;border-top-style:solid;}<\/style>\n<div class=\"wp-block-kadence-spacer aligncenter kt-block-spacer-5144_dad0e8-05\"><div class=\"kt-block-spacer kt-block-spacer-halign-center\"><hr class=\"kt-divider\"\/><\/div><\/div>\n\n<figure class=\"wp-block-embed is-type-video is-provider-youtube wp-block-embed-youtube wp-embed-aspect-16-9 wp-has-aspect-ratio\"><div class=\"wp-block-embed__wrapper\">\n<iframe loading=\"lazy\" title=\"Global People Conversation: Wycliffe Japan\" width=\"720\" height=\"405\" src=\"https:\/\/www.youtube.com\/embed\/JUFFPxp2dvs?feature=oembed\" frameborder=\"0\" allow=\"accelerometer; autoplay; clipboard-write; encrypted-media; gyroscope; picture-in-picture; web-share\" referrerpolicy=\"strict-origin-when-cross-origin\" allowfullscreen><\/iframe>\n<\/div><\/figure>\n<style>.wp-block-kadence-spacer.kt-block-spacer-5144_713c61-16 .kt-block-spacer{height:60px;}.wp-block-kadence-spacer.kt-block-spacer-5144_713c61-16 .kt-divider{border-top-width:1px;height:1px;border-top-color:#eee;width:80%;border-top-style:solid;}<\/style>\n<div class=\"wp-block-kadence-spacer aligncenter kt-block-spacer-5144_713c61-16\"><div class=\"kt-block-spacer kt-block-spacer-halign-center\"><hr class=\"kt-divider\"\/><\/div><\/div>\n\n<h2 class=\"wp-block-heading\">Reuni\u00e3o colectiva final (\u00c1frica do Sul)<\/h2>\n\n<figure class=\"wp-block-embed is-type-video is-provider-youtube wp-block-embed-youtube wp-embed-aspect-16-9 wp-has-aspect-ratio\"><div class=\"wp-block-embed__wrapper\">\n<iframe loading=\"lazy\" title=\"Global People Conversation: Wycliffe Australia\" width=\"720\" height=\"405\" src=\"https:\/\/www.youtube.com\/embed\/prhv0g48sdo?feature=oembed\" frameborder=\"0\" allow=\"accelerometer; autoplay; clipboard-write; encrypted-media; gyroscope; picture-in-picture; web-share\" referrerpolicy=\"strict-origin-when-cross-origin\" allowfullscreen><\/iframe>\n<\/div><\/figure>\n\n<p><\/p>\n\n<p><a href=\"http:\/\/wycliffe.net\/pt-pt\/philosophy-principle-papers\/the-global-people-conversation\/\" data-type=\"page\" data-id=\"1823\">Voltar \u00e0 p\u00e1gina principal do Global People Conversation<\/a><\/p>\n\n<p><\/p>\n","protected":false},"excerpt":{"rendered":"<p>V\u00eddeos da Conversa Global sobre Pessoas Entrevistas de cada uma das cinco Conversas Globais sobre Pessoas de 2023 Europa Am\u00e9ricas \u00c1frica \u00c1sia-Pac\u00edfico Reuni\u00e3o colectiva final (\u00c1frica do Sul) Voltar \u00e0&#8230;<\/p>\n","protected":false},"author":4,"featured_media":0,"parent":5078,"menu_order":0,"comment_status":"closed","ping_status":"closed","template":"","meta":{"give_campaign_id":0,"_kadence_starter_templates_imported_post":false,"_kad_post_transparent":"","_kad_post_title":"","_kad_post_layout":"","_kad_post_sidebar_id":"","_kad_post_content_style":"","_kad_post_vertical_padding":"","_kad_post_feature":"","_kad_post_feature_position":"","_kad_post_header":false,"_kad_post_footer":false,"footnotes":""},"categories":[576],"tags":[577],"class_list":["post-5153","page","type-page","status-publish","hentry","category-reunioes","tag-conversa-global-sobre-pessoas"],"campaignId":"","_links":{"self":[{"href":"https:\/\/wycliffe.net\/pt-pt\/wp-json\/wp\/v2\/pages\/5153","targetHints":{"allow":["GET"]}}],"collection":[{"href":"https:\/\/wycliffe.net\/pt-pt\/wp-json\/wp\/v2\/pages"}],"about":[{"href":"https:\/\/wycliffe.net\/pt-pt\/wp-json\/wp\/v2\/types\/page"}],"author":[{"embeddable":true,"href":"https:\/\/wycliffe.net\/pt-pt\/wp-json\/wp\/v2\/users\/4"}],"replies":[{"embeddable":true,"href":"https:\/\/wycliffe.net\/pt-pt\/wp-json\/wp\/v2\/comments?post=5153"}],"version-history":[{"count":1,"href":"https:\/\/wycliffe.net\/pt-pt\/wp-json\/wp\/v2\/pages\/5153\/revisions"}],"predecessor-version":[{"id":5154,"href":"https:\/\/wycliffe.net\/pt-pt\/wp-json\/wp\/v2\/pages\/5153\/revisions\/5154"}],"up":[{"embeddable":true,"href":"https:\/\/wycliffe.net\/pt-pt\/wp-json\/wp\/v2\/pages\/5078"}],"wp:attachment":[{"href":"https:\/\/wycliffe.net\/pt-pt\/wp-json\/wp\/v2\/media?parent=5153"}],"wp:term":[{"taxonomy":"category","embeddable":true,"href":"https:\/\/wycliffe.net\/pt-pt\/wp-json\/wp\/v2\/categories?post=5153"},{"taxonomy":"post_tag","embeddable":true,"href":"https:\/\/wycliffe.net\/pt-pt\/wp-json\/wp\/v2\/tags?post=5153"}],"curies":[{"name":"wp","href":"https:\/\/api.w.org\/{rel}","templated":true}]}}