{"id":5078,"date":"2025-08-13T21:30:46","date_gmt":"2025-08-13T19:30:46","guid":{"rendered":"http:\/\/wycliffe.net\/philosophy-principle-papers\/the-global-people-conversation\/"},"modified":"2025-09-24T16:50:32","modified_gmt":"2025-09-24T14:50:32","slug":"the-global-people-conversation","status":"publish","type":"page","link":"https:\/\/wycliffe.net\/pt-pt\/philosophy-principle-papers\/the-global-people-conversation\/","title":{"rendered":"A Conversa Global"},"content":{"rendered":"\n<h1 class=\"wp-block-heading\">A Conversa Global<\/h1>\n\n\n<div class=\"wp-block-image\">\n<figure class=\"aligncenter\"><img decoding=\"async\" src=\"https:\/\/www.wycliffe.net\/wp-content\/uploads\/2024\/03\/GPC-2799-1024x655.jpg\" alt=\"\" class=\"wp-image-20191\"\/><\/figure>\n<\/div>\n\n\n<p>Durante o s\u00e9culo 21, testemunhamos mudan\u00e7as profundas na perspectiva da igreja global em rela\u00e7\u00e3o \u00e0 sua participa\u00e7\u00e3o na miss\u00e3o de Deus. As organiza\u00e7\u00f5es da Alian\u00e7a Global Wycliffe est\u00e3o cada vez mais conscientes de que as nossas estrat\u00e9gias e pr\u00e1ticas podem j\u00e1 n\u00e3o estar alinhadas com as realidades atuais e necessidades futuras. Por exemplo, como seria uma organiza\u00e7\u00e3o &#8220;remetente&#8221; nos dias de hoje?&nbsp;<\/p>\n\n\n\n<p>Para enfrentar esses desafios, a Alian\u00e7a organizou a Conversa Global de 2023, uma iniciativa de um ano de dura\u00e7\u00e3o. Realizamos reuni\u00f5es em cada uma das nossas quatro regi\u00f5es, com a participa\u00e7\u00e3o de 120 pessoas de 75 organiza\u00e7\u00f5es da Alian\u00e7a, envolvidas em nosso processo de participa\u00e7\u00e3o chamado &#8220;Pessoas&#8221;. Depois, um \u00faltimo grupo se reuniu para processar coletivamente o que aprendemos juntos.<\/p>\n\n\n\n<h3 class=\"wp-block-heading\">Leia o relat\u00f3rio resumido:<\/h3>\n\n\n\n<ul class=\"wp-block-list\">\n<li><a href=\"http:\/\/wycliffe.net\/wp-content\/uploads\/2025\/09\/GPC-summary-report_final2_web.pdf\" data-type=\"attachment\" data-id=\"5121\">Ingl\u00eas<\/a><\/li>\n\n\n\n<li><a href=\"http:\/\/wycliffe.net\/wp-content\/uploads\/2025\/09\/GPC-summary-report-french2.pdf\" data-type=\"attachment\" data-id=\"5109\">Franc\u00eas<\/a><\/li>\n\n\n\n<li><a href=\"http:\/\/wycliffe.net\/wp-content\/uploads\/2025\/09\/GPC-summary-report-indonesian2.pdf\" data-type=\"attachment\" data-id=\"5115\">Indon\u00e9sio<\/a><\/li>\n\n\n\n<li><a href=\"http:\/\/wycliffe.net\/wp-content\/uploads\/2025\/09\/GPC-summary-report-portuguese2.pdf\" data-type=\"attachment\" data-id=\"5103\">Portugu\u00eas<\/a><\/li>\n\n\n\n<li><a href=\"http:\/\/wycliffe.net\/wp-content\/uploads\/2025\/09\/GPC-summary-report-spanish2.pdf\" data-type=\"attachment\" data-id=\"5097\">Espanhol<\/a><\/li>\n<\/ul>\n\n\n\n<p><strong><a href=\"http:\/\/wycliffe.net\/pt-pt\/philosophy-principle-papers\/the-global-people-conversation\/videos-from-the-global-people-conversation\/\" data-type=\"page\" data-id=\"5153\">ASSISTIR:<\/a><\/strong>\u00a0Assista a entrevistas em v\u00eddeo com os participantes.<\/p>\n\n\n\n<p><strong><a href=\"https:\/\/open.spotify.com\/episode\/7eGn1GgpFohaU3ngeeP212\">ESCUTE:<\/a>\u00a0<\/strong>\u00a0O Journey Podcast apresenta uma conversa com Hannes Wiesmann, assistente do diretor executivo, sobre a Conversa Global de 2023, que ocorreu em quatro segmentos, em quatro continentes. De maneira espec\u00edfica, como essas reuni\u00f5es destacam os valores fundamentais da Alian\u00e7a ao proporcionar uma ampla diversidade de vozes para discutir quest\u00f5es compartilhadas no contexto do movimento de tradu\u00e7\u00e3o da B\u00edblia.<\/p>\n\n\n\n<p><\/p>\n\n\n\n<figure class=\"wp-block-image\"><img decoding=\"async\" src=\"https:\/\/www.wycliffe.net\/wp-content\/uploads\/2024\/04\/2023July_KL_5077-1024x683.jpg\" alt=\"\" class=\"wp-image-20325\"\/><\/figure>\n","protected":false},"excerpt":{"rendered":"<p>A Conversa Global Durante o s\u00e9culo 21, testemunhamos mudan\u00e7as profundas na perspectiva da igreja global em rela\u00e7\u00e3o \u00e0 sua participa\u00e7\u00e3o na miss\u00e3o de Deus. As organiza\u00e7\u00f5es da Alian\u00e7a Global Wycliffe&#8230;<\/p>\n","protected":false},"author":5,"featured_media":0,"parent":5070,"menu_order":0,"comment_status":"closed","ping_status":"closed","template":"","meta":{"give_campaign_id":0,"_kadence_starter_templates_imported_post":false,"_kad_post_transparent":"","_kad_post_title":"","_kad_post_layout":"","_kad_post_sidebar_id":"","_kad_post_content_style":"","_kad_post_vertical_padding":"","_kad_post_feature":"","_kad_post_feature_position":"","_kad_post_header":false,"_kad_post_footer":false,"footnotes":""},"categories":[576],"tags":[],"class_list":["post-5078","page","type-page","status-publish","hentry","category-reunioes"],"campaignId":"","_links":{"self":[{"href":"https:\/\/wycliffe.net\/pt-pt\/wp-json\/wp\/v2\/pages\/5078","targetHints":{"allow":["GET"]}}],"collection":[{"href":"https:\/\/wycliffe.net\/pt-pt\/wp-json\/wp\/v2\/pages"}],"about":[{"href":"https:\/\/wycliffe.net\/pt-pt\/wp-json\/wp\/v2\/types\/page"}],"author":[{"embeddable":true,"href":"https:\/\/wycliffe.net\/pt-pt\/wp-json\/wp\/v2\/users\/5"}],"replies":[{"embeddable":true,"href":"https:\/\/wycliffe.net\/pt-pt\/wp-json\/wp\/v2\/comments?post=5078"}],"version-history":[{"count":3,"href":"https:\/\/wycliffe.net\/pt-pt\/wp-json\/wp\/v2\/pages\/5078\/revisions"}],"predecessor-version":[{"id":5179,"href":"https:\/\/wycliffe.net\/pt-pt\/wp-json\/wp\/v2\/pages\/5078\/revisions\/5179"}],"up":[{"embeddable":true,"href":"https:\/\/wycliffe.net\/pt-pt\/wp-json\/wp\/v2\/pages\/5070"}],"wp:attachment":[{"href":"https:\/\/wycliffe.net\/pt-pt\/wp-json\/wp\/v2\/media?parent=5078"}],"wp:term":[{"taxonomy":"category","embeddable":true,"href":"https:\/\/wycliffe.net\/pt-pt\/wp-json\/wp\/v2\/categories?post=5078"},{"taxonomy":"post_tag","embeddable":true,"href":"https:\/\/wycliffe.net\/pt-pt\/wp-json\/wp\/v2\/tags?post=5078"}],"curies":[{"name":"wp","href":"https:\/\/api.w.org\/{rel}","templated":true}]}}