{"id":4911,"date":"2025-08-20T15:53:10","date_gmt":"2025-08-20T13:53:10","guid":{"rendered":"http:\/\/wycliffe.net\/who-we-are\/organisations\/"},"modified":"2025-11-14T14:03:38","modified_gmt":"2025-11-14T13:03:38","slug":"organisations","status":"publish","type":"page","link":"https:\/\/wycliffe.net\/pt-pt\/who-we-are\/organisations\/","title":{"rendered":"Organiza\u00e7\u00f5es"},"content":{"rendered":"<style>.kb-row-layout-id4911_2fd3ee-76 > .kt-row-column-wrap{align-content:start;}:where(.kb-row-layout-id4911_2fd3ee-76 > .kt-row-column-wrap) > .wp-block-kadence-column{justify-content:start;}.kb-row-layout-id4911_2fd3ee-76 > .kt-row-column-wrap{column-gap:var(--global-kb-gap-md, 2rem);row-gap:var(--global-kb-gap-md, 2rem);max-width:var( --global-content-width, 1290px );padding-left:var(--global-content-edge-padding);padding-right:var(--global-content-edge-padding);padding-top:var(--global-kb-spacing-3xl, 6.5rem);padding-bottom:var(--global-kb-spacing-3xl, 6.5rem);grid-template-columns:minmax(0, 1fr);}.kb-row-layout-id4911_2fd3ee-76{background-image:url('http:\/\/wycliffe.net\/wp-content\/uploads\/2025\/07\/2024Oct31_Joburg_004.jpg');background-size:cover;background-position:center center;background-attachment:fixed;background-repeat:no-repeat;}.kb-row-layout-id4911_2fd3ee-76 > .kt-row-layout-overlay{opacity:0.81;background-color:var(--global-palette9, #ffffff);mix-blend-mode:normal;}@media all and (max-width: 1024px), only screen and (min-device-width: 1024px) and (max-device-width: 1366px) and (-webkit-min-device-pixel-ratio: 2) and (hover: none){.kb-row-layout-id4911_2fd3ee-76{background-attachment:scroll;}}@media all and (max-width: 1024px){.kb-row-layout-id4911_2fd3ee-76 > .kt-row-column-wrap{grid-template-columns:minmax(0, 1fr);}}@media all and (max-width: 767px){.kb-row-layout-id4911_2fd3ee-76 > .kt-row-column-wrap{grid-template-columns:minmax(0, 1fr);}}<\/style><div class=\"kb-row-layout-wrap kb-row-layout-id4911_2fd3ee-76 alignfull kt-row-has-bg kt-jarallax wp-block-kadence-rowlayout\" data-img-position=\"center center\" data-img-size=\"cover\"><div class=\"kt-row-layout-overlay kt-row-overlay-normal\"><\/div><div class=\"kt-row-column-wrap kt-has-1-columns kt-row-layout-equal kt-tab-layout-inherit kt-mobile-layout-row kt-row-valign-top kb-theme-content-width\">\n<style>.kadence-column4911_1d47d9-22 > .kt-inside-inner-col,.kadence-column4911_1d47d9-22 > .kt-inside-inner-col:before{border-top-left-radius:0px;border-top-right-radius:0px;border-bottom-right-radius:0px;border-bottom-left-radius:0px;}.kadence-column4911_1d47d9-22 > .kt-inside-inner-col{column-gap:var(--global-kb-gap-sm, 1rem);}.kadence-column4911_1d47d9-22 > .kt-inside-inner-col{flex-direction:column;}.kadence-column4911_1d47d9-22 > .kt-inside-inner-col > .aligncenter{width:100%;}.kadence-column4911_1d47d9-22 > .kt-inside-inner-col:before{opacity:0.3;}.kadence-column4911_1d47d9-22{position:relative;}@media all and (max-width: 1024px){.kadence-column4911_1d47d9-22 > .kt-inside-inner-col{flex-direction:column;justify-content:center;}}@media all and (max-width: 767px){.kadence-column4911_1d47d9-22 > .kt-inside-inner-col{flex-direction:column;justify-content:center;}}<\/style>\n<div class=\"wp-block-kadence-column kadence-column4911_1d47d9-22 inner-column-1\"><div class=\"kt-inside-inner-col\"><style>.wp-block-kadence-advancedheading.kt-adv-heading4911_998fd8-9a, .wp-block-kadence-advancedheading.kt-adv-heading4911_998fd8-9a[data-kb-block=\"kb-adv-heading4911_998fd8-9a\"]{margin-top:0px;margin-bottom:0px;text-align:center;font-size:20px;font-weight:700;font-style:normal;}.wp-block-kadence-advancedheading.kt-adv-heading4911_998fd8-9a mark.kt-highlight, .wp-block-kadence-advancedheading.kt-adv-heading4911_998fd8-9a[data-kb-block=\"kb-adv-heading4911_998fd8-9a\"] mark.kt-highlight{font-style:normal;color:#f76a0c;-webkit-box-decoration-break:clone;box-decoration-break:clone;padding-top:0px;padding-right:0px;padding-bottom:0px;padding-left:0px;}.wp-block-kadence-advancedheading.kt-adv-heading4911_998fd8-9a img.kb-inline-image, .wp-block-kadence-advancedheading.kt-adv-heading4911_998fd8-9a[data-kb-block=\"kb-adv-heading4911_998fd8-9a\"] img.kb-inline-image{width:150px;vertical-align:baseline;}<\/style>\n<div class=\"kt-adv-heading4911_998fd8-9a wp-block-kadence-advancedheading has-theme-palette-1-color has-text-color\" data-kb-block=\"kb-adv-heading4911_998fd8-9a\"><\/div>\n\n\n<style>.wp-block-kadence-advancedheading.kt-adv-heading4911_b56aa6-30, .wp-block-kadence-advancedheading.kt-adv-heading4911_b56aa6-30[data-kb-block=\"kb-adv-heading4911_b56aa6-30\"]{max-width:800px;margin-right:auto;margin-left:auto;margin-top:var(--global-kb-spacing-xxs, 0.5rem);text-align:center;font-size:var(--global-kb-font-size-lg, 2rem);line-height:1.2;font-style:normal;}.wp-block-kadence-advancedheading.kt-adv-heading4911_b56aa6-30 mark.kt-highlight, .wp-block-kadence-advancedheading.kt-adv-heading4911_b56aa6-30[data-kb-block=\"kb-adv-heading4911_b56aa6-30\"] mark.kt-highlight{font-style:normal;color:#f76a0c;-webkit-box-decoration-break:clone;box-decoration-break:clone;padding-top:0px;padding-right:0px;padding-bottom:0px;padding-left:0px;}.wp-block-kadence-advancedheading.kt-adv-heading4911_b56aa6-30 img.kb-inline-image, .wp-block-kadence-advancedheading.kt-adv-heading4911_b56aa6-30[data-kb-block=\"kb-adv-heading4911_b56aa6-30\"] img.kb-inline-image{width:150px;vertical-align:baseline;}@media all and (max-width: 767px){.wp-block-kadence-advancedheading.kt-adv-heading4911_b56aa6-30, .wp-block-kadence-advancedheading.kt-adv-heading4911_b56aa6-30[data-kb-block=\"kb-adv-heading4911_b56aa6-30\"]{font-size:36px;}}<\/style>\n<h2 class=\"kt-adv-heading4911_b56aa6-30 wp-block-kadence-advancedheading has-theme-palette-3-color has-text-color\" data-kb-block=\"kb-adv-heading4911_b56aa6-30\">Organiza\u00e7\u00f5es da Alian\u00e7a<\/h2>\n\n\n<style>.wp-block-kadence-advancedheading.kt-adv-heading4911_b155c3-b8, .wp-block-kadence-advancedheading.kt-adv-heading4911_b155c3-b8[data-kb-block=\"kb-adv-heading4911_b155c3-b8\"]{max-width:600px;margin-right:auto;margin-left:auto;text-align:center;font-style:normal;}.wp-block-kadence-advancedheading.kt-adv-heading4911_b155c3-b8 mark.kt-highlight, .wp-block-kadence-advancedheading.kt-adv-heading4911_b155c3-b8[data-kb-block=\"kb-adv-heading4911_b155c3-b8\"] mark.kt-highlight{font-style:normal;color:#f76a0c;-webkit-box-decoration-break:clone;box-decoration-break:clone;padding-top:0px;padding-right:0px;padding-bottom:0px;padding-left:0px;}.wp-block-kadence-advancedheading.kt-adv-heading4911_b155c3-b8 img.kb-inline-image, .wp-block-kadence-advancedheading.kt-adv-heading4911_b155c3-b8[data-kb-block=\"kb-adv-heading4911_b155c3-b8\"] img.kb-inline-image{width:150px;vertical-align:baseline;}<\/style>\n<p class=\"kt-adv-heading4911_b155c3-b8 wp-block-kadence-advancedheading has-theme-palette-4-color has-text-color\" data-kb-block=\"kb-adv-heading4911_b155c3-b8\">A Wycliffe Global Alliance \u00e9 composta por mais de 100 organiza\u00e7\u00f5es independentes de todo o mundo<\/p>\n<\/div><\/div>\n\n<\/div><\/div>\n\n\n<div class=\"wp-block-columns has-theme-palette-9-background-color has-background is-layout-flex wp-container-core-columns-is-layout-9d6595d7 wp-block-columns-is-layout-flex\">\n<div class=\"wp-block-column is-layout-flow wp-block-column-is-layout-flow\" style=\"flex-basis:50%\">\n<iframe loading=\"lazy\" src=\"https:\/\/www.google.com\/maps\/d\/u\/0\/embed?mid=1mDo2F9iEuw7s7RMCzJ63OnAly1LhmlQ&#038;ehbc=2E312F&#038;noprof=1\" width=\"640\" height=\"480\"><\/iframe>\n<\/div>\n\n\n\n<div class=\"wp-block-column is-vertically-aligned-center is-layout-flow wp-block-column-is-layout-flow\" style=\"flex-basis:50%\">\n<p>A Wycliffe Global Alliance \u00e9 uma comunidade de mais de 100 organiza\u00e7\u00f5es diversas, incluindo igrejas, redes, organiza\u00e7\u00f5es mission\u00e1rias, denomina\u00e7\u00f5es e movimentos, todas comprometidas em servir juntas nos movimentos de tradu\u00e7\u00e3o da B\u00edblia em todo o mundo.<\/p>\n\n\n\n<p>Os detalhes de contato das organiza\u00e7\u00f5es que comp\u00f5em a Alian\u00e7a podem ser encontrados clicando nos links abaixo.<\/p>\n<\/div>\n<\/div>\n\n\n\n<div class=\"wp-block-columns is-layout-flex wp-container-core-columns-is-layout-9d6595d7 wp-block-columns-is-layout-flex\">\n<div class=\"wp-block-column is-layout-flow wp-block-column-is-layout-flow\">\n<h2 class=\"wp-block-heading has-text-align-center\">\u00c1frica<\/h2>\n\n\n\n<ul class=\"wp-block-list\">\n<li><a href=\"https:\/\/wycliffe.net\/acatba-car\/\" data-type=\"page\" data-id=\"3649\">ACATBA, Central African Republic<\/a><\/li>\n\n\n\n<li><a href=\"https:\/\/wycliffe.net\/acotba-subo-democratic-republic-of-the-congo\/\" data-type=\"page\" data-id=\"3657\">ACOTBA SUBO, Democratic Republic of the Congo<\/a><\/li>\n\n\n\n<li><a href=\"https:\/\/wycliffe.net\/actb-equatorial-guinea\/\" data-type=\"page\" data-id=\"3667\">ACTB, Equatorial Guinea<\/a><\/li>\n\n\n\n<li><a href=\"https:\/\/wycliffe.net\/antba-burkina-faso\/\" data-type=\"page\" data-id=\"3675\">ANTBA, Burkina Faso<\/a><\/li>\n\n\n\n<li><a href=\"https:\/\/wycliffe.net\/ataltrab-chad\/\" data-type=\"page\" data-id=\"3683\">ATALTRAB, Chad<\/a><\/li>\n\n\n\n<li><a href=\"https:\/\/wycliffe.net\/btl-kenya\/\" data-type=\"page\" data-id=\"3684\">BTL, Kenya<\/a><\/li>\n\n\n\n<li><a href=\"https:\/\/wycliffe.net\/cabtal-cameroon\/\" data-type=\"page\" data-id=\"3699\">CABTAL, Cameroon<\/a><\/li>\n\n\n\n<li><a href=\"https:\/\/wycliffe.net\/ecfe-ethiopia\/\" data-type=\"page\" data-id=\"3707\">ECFE, Ethiopia<\/a><\/li>\n\n\n\n<li><a href=\"https:\/\/wycliffe.net\/ecs-sudan\/\" data-type=\"page\" data-id=\"3715\">ECS, Sudan<\/a><\/li>\n\n\n\n<li><a href=\"https:\/\/wycliffe.net\/eecmy-ethiopia\/\" data-type=\"page\" data-id=\"3723\">EECMY, Ethiopia<\/a><\/li>\n\n\n\n<li><a href=\"https:\/\/wycliffe.net\/gillbt-ghana\/\" data-type=\"page\" data-id=\"3731\">GILLBT, Ghana<\/a><\/li>\n\n\n\n<li><a href=\"https:\/\/wycliffe.net\/ita-guinea-bissau\/\" data-type=\"page\" data-id=\"3739\">ITA, Guinea Bissau<\/a><\/li>\n\n\n\n<li><a href=\"https:\/\/wycliffe.net\/nbtt-nigeria\/\" data-type=\"page\" data-id=\"3747\">NBTT, Nigeria<\/a><\/li>\n\n\n\n<li><a href=\"https:\/\/wycliffe.net\/wycliffe-africa-kenya\/\" data-type=\"page\" data-id=\"3755\">Wycliffe Africa, Kenya<\/a><\/li>\n\n\n\n<li><a href=\"https:\/\/wycliffe.net\/wycliffe-benin\/\" data-type=\"page\" data-id=\"3763\">Wycliffe Benin<\/a><\/li>\n\n\n\n<li><a href=\"https:\/\/wycliffe.net\/wycliffe-ethiopia\/\" data-type=\"page\" data-id=\"3771\">Wycliffe Ethiopia<\/a><\/li>\n\n\n\n<li><a href=\"https:\/\/wycliffe.net\/wycliffe-south-africa\/\" data-type=\"page\" data-id=\"3779\">Wycliffe South&nbsp;Africa<\/a><\/li>\n\n\n\n<li><a href=\"https:\/\/wycliffe.net\/acatba-car\/\" data-type=\"page\" data-id=\"3649\">Wycliffe&nbsp;Togo<\/a><\/li>\n<\/ul>\n<\/div>\n\n\n\n<div class=\"wp-block-column is-layout-flow wp-block-column-is-layout-flow\">\n<h2 class=\"wp-block-heading has-text-align-center\">Am\u00e9ricas<\/h2>\n\n\n\n<ul class=\"wp-block-list\">\n<li><a href=\"https:\/\/wycliffe.net\/ael-peru\/\" data-type=\"page\" data-id=\"3272\">AEL, Peru<\/a><\/li>\n\n\n\n<li><a href=\"https:\/\/wycliffe.net\/aemi-iddla\/\" data-type=\"page\" data-id=\"3280\">AEMI-IDDLA, Latin America<\/a><\/li>\n\n\n\n<li><a href=\"https:\/\/wycliffe.net\/alem-brazil\/\" data-type=\"page\" data-id=\"3289\">ALEM, Brazil<\/a><\/li>\n\n\n\n<li><a href=\"https:\/\/wycliffe.net\/apmt-brazil\/\" data-type=\"page\" data-id=\"3297\">APMT, Brazil<\/a><\/li>\n\n\n\n<li><a href=\"https:\/\/wycliffe.net\/cla-ecuador\/\" data-type=\"page\" data-id=\"3305\">CLA, Ecuador<\/a><\/li>\n\n\n\n<li><a href=\"https:\/\/wycliffe.net\/clan-venezuela\/\" data-type=\"page\" data-id=\"3313\">CLAN, Venezuela<\/a><\/li>\n\n\n\n<li><a href=\"https:\/\/wycliffe.net\/comunife-colombia\/\" data-type=\"page\" data-id=\"3321\">COMUNIFE, Colombia<\/a><\/li>\n\n\n\n<li><a href=\"https:\/\/wycliffe.net\/conplei-brazil\/\" data-type=\"page\" data-id=\"3329\">CONPLEI, Brazil<\/a><\/li>\n\n\n\n<li><a href=\"https:\/\/wycliffe.net\/dgm-venezuela\/\" data-type=\"page\" data-id=\"3339\">DGM, Venezuela<\/a><\/li>\n\n\n\n<li><a href=\"https:\/\/wycliffe.net\/dinamis-colombia\/\" data-type=\"page\" data-id=\"3347\">DINAMIS, Colombia<\/a><\/li>\n\n\n\n<li><a href=\"https:\/\/wycliffe.net\/diu-usa\/\" data-type=\"page\" data-id=\"3355\">DIU, United States<\/a><\/li>\n\n\n\n<li><a href=\"https:\/\/wycliffe.net\/door-international-united-states\/\" data-type=\"page\" data-id=\"3363\">DOOR International, United States<\/a><\/li>\n\n\n\n<li><a href=\"https:\/\/wycliffe.net\/famgua-guatemala\/\" data-type=\"page\" data-id=\"3371\">FAMGUA, Guatemala<\/a><\/li>\n\n\n\n<li><a href=\"https:\/\/wycliffe.net\/fatela-united-states\/\" data-type=\"page\" data-id=\"3379\">FATELA, United States<\/a><\/li>\n\n\n\n<li><a href=\"https:\/\/wycliffe.net\/fcbh-united-states\/\" data-type=\"page\" data-id=\"3380\">FCBH, United States<\/a><\/li>\n\n\n\n<li><a href=\"http:\/\/fdpm\">FDPM, Colombia<\/a><\/li>\n\n\n\n<li><a href=\"https:\/\/wycliffe.net\/fronteras-latin-america\/\" data-type=\"page\" data-id=\"3403\">Fronteras, Latin America<\/a><\/li>\n\n\n\n<li><a href=\"https:\/\/wycliffe.net\/horizons-latin-america\/\" data-type=\"page\" data-id=\"3411\">Horizons Latin America, Brazil<\/a><\/li>\n\n\n\n<li><a href=\"https:\/\/wycliffe.net\/ibm-el-salvador\/\" data-type=\"page\" data-id=\"3483\">IBM, El Salvador<\/a><\/li>\n\n\n\n<li><a href=\"https:\/\/wycliffe.net\/ies-brazil\/\" data-type=\"page\" data-id=\"3491\">IES, Brazil<\/a><\/li>\n\n\n\n<li><a href=\"https:\/\/wycliffe.net\/jmm-brazil\/\" data-type=\"page\" data-id=\"3509\">JMM, Brazil<\/a><\/li>\n\n\n\n<li><a href=\"https:\/\/wycliffe.net\/jmn-brazil\/\" data-type=\"page\" data-id=\"3511\">JMN, Brazil<\/a><\/li>\n\n\n\n<li><a href=\"https:\/\/wycliffe.net\/ladp-peru\/\" data-type=\"page\" data-id=\"3519\">LADP, Peru<\/a><\/li>\n\n\n\n<li><a href=\"https:\/\/wycliffe.net\/lamm-mexico\/\" data-type=\"page\" data-id=\"3527\">LAMM, Mexico<\/a><\/li>\n\n\n\n<li><a href=\"https:\/\/wycliffe.net\/letra-argentina\/\" data-type=\"page\" data-id=\"3535\">LETRA, Argentina<\/a><\/li>\n\n\n\n<li><a href=\"https:\/\/wycliffe.net\/letra-chile\/\" data-type=\"page\" data-id=\"3543\">LETRA,&nbsp;Chile<\/a><\/li>\n\n\n\n<li><a href=\"https:\/\/wycliffe.net\/letra-paraguay\/\" data-type=\"page\" data-id=\"3551\">LETRA,&nbsp;Paraguay<\/a><\/li>\n\n\n\n<li><a href=\"https:\/\/wycliffe.net\/letra-uruguay\/\" data-type=\"page\" data-id=\"3559\">LETRA, Uruguay<\/a><\/li>\n\n\n\n<li><a href=\"https:\/\/wycliffe.net\/mana-museo-de-la-biblia-mexico\/\" data-type=\"page\" data-id=\"3567\">Man\u00e1 Museo de la Biblia, Mexico<\/a><\/li>\n\n\n\n<li><a href=\"https:\/\/wycliffe.net\/movida-argentina\/\" data-type=\"page\" data-id=\"3575\">MOVIDA, Argentina<\/a><\/li>\n\n\n\n<li><a href=\"https:\/\/wycliffe.net\/onebook-canada\/\" data-type=\"page\" data-id=\"3583\">OneBook, Canada<\/a><\/li>\n\n\n\n<li><a href=\"https:\/\/wycliffe.net\/paam-panama\/\" data-type=\"page\" data-id=\"3591\">PAAM, Panama<\/a><\/li>\n\n\n\n<li><a href=\"https:\/\/wycliffe.net\/pmi\/\" data-type=\"page\" data-id=\"3599\">PMI, Latin America<\/a><\/li>\n\n\n\n<li><a href=\"https:\/\/wycliffe.net\/seed-company-united-states\/\" data-type=\"page\" data-id=\"3607\">Seed Company, United States<\/a><\/li>\n\n\n\n<li><a href=\"https:\/\/wycliffe.net\/tres-el-salvador\/\" data-type=\"page\" data-id=\"3615\">TRES, El Salvador<\/a><\/li>\n\n\n\n<li><a href=\"https:\/\/wycliffe.net\/wycliffe-canada\/\" data-type=\"page\" data-id=\"3623\">Wycliffe Canada<\/a><\/li>\n\n\n\n<li><a href=\"https:\/\/wycliffe.net\/wycliffe-caribbean\/\" data-type=\"page\" data-id=\"3631\">Wycliffe Caribbean<\/a><\/li>\n\n\n\n<li><a href=\"https:\/\/wycliffe.net\/wycliffe-usa\/\" data-type=\"page\" data-id=\"3639\">Wycliffe USA<\/a><\/li>\n<\/ul>\n<\/div>\n\n\n\n<div class=\"wp-block-column is-layout-flow wp-block-column-is-layout-flow\">\n<h2 class=\"wp-block-heading has-text-align-center\">\u00c1sia<\/h2>\n\n\n\n<ul class=\"wp-block-list\">\n<li><a href=\"https:\/\/wycliffe.net\/bible-students-fellowship-of-bangladesh\/\" data-type=\"page\" data-id=\"2314\">BSFB, Bangladesh<\/a><\/li>\n\n\n\n<li><a href=\"https:\/\/wycliffe.net\/connections-bangladesh\/\" data-type=\"page\" data-id=\"2322\">Connections, Bangladesh<\/a><\/li>\n\n\n\n<li><a href=\"https:\/\/wycliffe.net\/global-bible-translators-korea\/\" data-type=\"page\" data-id=\"2330\">GBT, Korea<\/a><\/li>\n\n\n\n<li><a href=\"https:\/\/wycliffe.net\/gidi-indonesia\/\" data-type=\"page\" data-id=\"2338\">GIDI, Indonesia<\/a><\/li>\n\n\n\n<li><a href=\"https:\/\/wycliffe.net\/gki-indonesia\/\" data-type=\"page\" data-id=\"2346\">GKI, Indonesia<\/a><\/li>\n\n\n\n<li><a href=\"https:\/\/wycliffe.net\/gkst-indonesia\/\" data-type=\"page\" data-id=\"2354\">GKST, Indonesia<\/a><\/li>\n\n\n\n<li><a href=\"https:\/\/wycliffe.net\/gmim-indonesia\/\" data-type=\"page\" data-id=\"2362\">GMIM, Indonesia<\/a><\/li>\n\n\n\n<li><a href=\"https:\/\/wycliffe.net\/gpid-indonesia\/\" data-type=\"page\" data-id=\"2370\">GPID, Indonesia<\/a><\/li>\n\n\n\n<li><a href=\"https:\/\/wycliffe.net\/gpm-indonesia\/\" data-type=\"page\" data-id=\"2378\">GPM, Indonesia<\/a><\/li>\n\n\n\n<li><a href=\"https:\/\/wycliffe.net\/jerusalem-seminary\/\" data-type=\"page\" data-id=\"2386\">Jerusalem Seminary, Israel<\/a><\/li>\n\n\n\n<li><a href=\"https:\/\/wycliffe.net\/kartidaya\/\" data-type=\"page\" data-id=\"2394\">Kartidaya, Indonesia<\/a><\/li>\n\n\n\n<li><a href=\"https:\/\/wycliffe.net\/the-translators-association-of-the-philippines\/\" data-type=\"page\" data-id=\"2402\">TAP, Philippines<\/a><\/li>\n\n\n\n<li><a href=\"https:\/\/wycliffe.net\/whole-word-institute\/\" data-type=\"page\" data-id=\"2410\">Whole Word Institute, Israel<\/a><\/li>\n\n\n\n<li><a href=\"https:\/\/wycliffe.net\/wycliffe-bible-translators-hong-kong\/\" data-type=\"page\" data-id=\"2418\">Wycliffe Hong Kong<\/a><\/li>\n\n\n\n<li><a href=\"https:\/\/wycliffe.net\/wycliffe-japan\/\" data-type=\"page\" data-id=\"3138\">Wycliffe Japan<\/a><\/li>\n\n\n\n<li><a href=\"https:\/\/wycliffe.net\/wycliffe-malaysia\/\" data-type=\"page\" data-id=\"3149\">Wycliffe Malaysia<\/a><\/li>\n\n\n\n<li><a href=\"https:\/\/wycliffe.net\/wycliffe-philippines\/\" data-type=\"page\" data-id=\"3158\">Wycliffe Philippines<\/a><\/li>\n\n\n\n<li><a href=\"https:\/\/wycliffe.net\/wycliffe-singapore\/\" data-type=\"page\" data-id=\"3166\">Wycliffe Singapore<\/a><\/li>\n\n\n\n<li><a href=\"https:\/\/wycliffe.net\/wycliffe-thai-foundation\/\" data-type=\"page\" data-id=\"3176\">Wycliffe Thai Foundation<\/a><\/li>\n\n\n\n<li><a href=\"https:\/\/wycliffe.net\/wycliffe-taiwan\/\" data-type=\"page\" data-id=\"3184\">Wycliffe Taiwan<\/a><\/li>\n\n\n\n<li><a href=\"https:\/\/wycliffe.net\/yajasi-indonesia\/\" data-type=\"page\" data-id=\"3192\">YAJASI, Indonesia<\/a><\/li>\n\n\n\n<li><a href=\"https:\/\/wycliffe.net\/yayasan-kaleb-yosua-indonesia\/\" data-type=\"page\" data-id=\"3201\">Yayasan Kaleb Yosua, Indonesia<\/a><\/li>\n\n\n\n<li><a href=\"https:\/\/wycliffe.net\/ymp3\/\" data-type=\"page\" data-id=\"3216\">YMP3, Indonesia<\/a><\/li>\n\n\n\n<li><a href=\"https:\/\/wycliffe.net\/ypa-indonesia\/\" data-type=\"page\" data-id=\"3225\">YPA, Indonesia<\/a><\/li>\n\n\n\n<li><a href=\"https:\/\/wycliffe.net\/ypmd\/\" data-type=\"page\" data-id=\"3233\">YPMD, Indonesia<\/a><\/li>\n\n\n\n<li><a href=\"https:\/\/wycliffe.net\/ypsa-indonesia\/\" data-type=\"page\" data-id=\"3242\">YPSA, Indonesia<\/a><\/li>\n<\/ul>\n<\/div>\n\n\n\n<div class=\"wp-block-column is-layout-flow wp-block-column-is-layout-flow\">\n<h2 class=\"wp-block-heading has-text-align-center\">Europa<\/h2>\n\n\n\n<ul class=\"wp-block-list\">\n<li><a href=\"https:\/\/wycliffe.net\/aitb\/\" data-type=\"page\" data-id=\"2302\">AITB, Italy<\/a><\/li>\n\n\n\n<li><a href=\"https:\/\/wycliffe.net\/pt-pt\/missionassist-2\/\" data-type=\"page\" data-id=\"2293\">Folk&amp;Spr\u00e5k, Sweden<\/a><\/li>\n\n\n\n<li><a href=\"https:\/\/wycliffe.net\/missionassist\/\" data-type=\"page\" data-id=\"2285\">MissionAssist, United Kingdom<\/a><\/li>\n\n\n\n<li><a href=\"https:\/\/wycliffe.net\/proel\/\" data-type=\"page\" data-id=\"2277\">PROEL, Spain<\/a><\/li>\n\n\n\n<li><a href=\"https:\/\/wycliffe.net\/wycliffe-austria\/\" data-type=\"page\" data-id=\"2269\">Wycliffe Austria<\/a><\/li>\n\n\n\n<li><a href=\"https:\/\/wycliffe.net\/wycliffe-czech-republic\/\" data-type=\"page\" data-id=\"2261\">Wycliffe Czech Republic<\/a><\/li>\n\n\n\n<li><a href=\"https:\/\/wycliffe.net\/wycliffe-denmark\/\" data-type=\"page\" data-id=\"2253\">Wycliffe Denmark<\/a><\/li>\n\n\n\n<li><a href=\"https:\/\/wycliffe.net\/wycliffe-finland\/\" data-type=\"page\" data-id=\"2244\">Wycliffe Finland<\/a><\/li>\n\n\n\n<li><a href=\"https:\/\/wycliffe.net\/wycliffe-france\/\" data-type=\"page\" data-id=\"2235\">Wycliffe France<\/a><\/li>\n\n\n\n<li><a href=\"https:\/\/wycliffe.net\/wycliff-germany\/\" data-type=\"page\" data-id=\"2226\">Wycliff Germany<\/a><\/li>\n\n\n\n<li><a href=\"https:\/\/wycliffe.net\/wycliffe-hungary\/\" data-type=\"page\" data-id=\"2211\">Wycliffe Hungary<\/a><\/li>\n\n\n\n<li><a href=\"https:\/\/wycliffe.net\/wycliffe-netherlands\/\" data-type=\"page\" data-id=\"2202\">Wycliffe Netherlands<\/a><\/li>\n\n\n\n<li><a href=\"https:\/\/wycliffe.net\/wycliffe-norway\/\" data-type=\"page\" data-id=\"2203\">Wycliffe Norway<\/a><\/li>\n\n\n\n<li><a href=\"https:\/\/wycliffe.net\/wycliffe-poland\/\" data-type=\"page\" data-id=\"2194\">Wycliffe Poland<\/a><\/li>\n\n\n\n<li><a href=\"https:\/\/wycliffe.net\/wycliffe-romania\/\" data-type=\"page\" data-id=\"2185\">Wycliffe Romania<\/a><\/li>\n\n\n\n<li><a href=\"https:\/\/wycliffe.net\/wycliffe-slovakia\/\" data-type=\"page\" data-id=\"2177\">Wycliffe Slovakia<\/a><\/li>\n\n\n\n<li><a href=\"https:\/\/wycliffe.net\/wycliffe-switzerland\/\" data-type=\"page\" data-id=\"2168\">Wycliffe Switzerland<\/a><\/li>\n\n\n\n<li><a href=\"https:\/\/wycliffe.net\/wycliffe-uk-and-ireland\/\" data-type=\"page\" data-id=\"2160\">Wycliffe UK and Ireland<\/a><\/li>\n<\/ul>\n<\/div>\n\n\n\n<div class=\"wp-block-column is-layout-flow wp-block-column-is-layout-flow\">\n<h2 class=\"wp-block-heading has-text-align-center\">Pac\u00edfico<\/h2>\n\n\n\n<ul class=\"wp-block-list\">\n<li><a href=\"https:\/\/wycliffe.net\/bta-papua-new-guinea\/\" data-type=\"page\" data-id=\"2132\">BTA, Papua New Guinea<\/a><\/li>\n\n\n\n<li><a href=\"https:\/\/wycliffe.net\/wycliffe-australia\/\" data-type=\"page\" data-id=\"2134\">Wycliffe Australia<\/a><\/li>\n\n\n\n<li><a href=\"https:\/\/wycliffe.net\/wycliffe-new-zealand\/\" data-type=\"page\" data-id=\"2143\">Wycliffe New Zealand<\/a><\/li>\n\n\n\n<li><a href=\"https:\/\/wycliffe.net\/wycliffe-tonga-missions\/\" data-type=\"page\" data-id=\"2151\">Wycliffe Tonga Missions<\/a><\/li>\n<\/ul>\n<\/div>\n<\/div>\n","protected":false},"excerpt":{"rendered":"<p>Organiza\u00e7\u00f5es da Alian\u00e7a A Wycliffe Global Alliance \u00e9 composta por mais de 100 organiza\u00e7\u00f5es independentes de todo o mundo A Wycliffe Global Alliance \u00e9 uma comunidade de mais de 100&#8230;<\/p>\n","protected":false},"author":4,"featured_media":0,"parent":4273,"menu_order":0,"comment_status":"closed","ping_status":"closed","template":"","meta":{"give_campaign_id":0,"_kadence_starter_templates_imported_post":false,"_kad_post_transparent":"","_kad_post_title":"","_kad_post_layout":"","_kad_post_sidebar_id":"","_kad_post_content_style":"","_kad_post_vertical_padding":"","_kad_post_feature":"","_kad_post_feature_position":"","_kad_post_header":false,"_kad_post_footer":false,"footnotes":""},"categories":[445,550,91],"tags":[551,552,553],"class_list":["post-4911","page","type-page","status-publish","hentry","category-comunidade","category-organisations-pt-pt","category-who-we-are-pt-pt","tag-ao-pt-pt","tag-community-pt-pt","tag-organisations-pt-pt"],"campaignId":"","_links":{"self":[{"href":"https:\/\/wycliffe.net\/pt-pt\/wp-json\/wp\/v2\/pages\/4911","targetHints":{"allow":["GET"]}}],"collection":[{"href":"https:\/\/wycliffe.net\/pt-pt\/wp-json\/wp\/v2\/pages"}],"about":[{"href":"https:\/\/wycliffe.net\/pt-pt\/wp-json\/wp\/v2\/types\/page"}],"author":[{"embeddable":true,"href":"https:\/\/wycliffe.net\/pt-pt\/wp-json\/wp\/v2\/users\/4"}],"replies":[{"embeddable":true,"href":"https:\/\/wycliffe.net\/pt-pt\/wp-json\/wp\/v2\/comments?post=4911"}],"version-history":[{"count":4,"href":"https:\/\/wycliffe.net\/pt-pt\/wp-json\/wp\/v2\/pages\/4911\/revisions"}],"predecessor-version":[{"id":8440,"href":"https:\/\/wycliffe.net\/pt-pt\/wp-json\/wp\/v2\/pages\/4911\/revisions\/8440"}],"up":[{"embeddable":true,"href":"https:\/\/wycliffe.net\/pt-pt\/wp-json\/wp\/v2\/pages\/4273"}],"wp:attachment":[{"href":"https:\/\/wycliffe.net\/pt-pt\/wp-json\/wp\/v2\/media?parent=4911"}],"wp:term":[{"taxonomy":"category","embeddable":true,"href":"https:\/\/wycliffe.net\/pt-pt\/wp-json\/wp\/v2\/categories?post=4911"},{"taxonomy":"post_tag","embeddable":true,"href":"https:\/\/wycliffe.net\/pt-pt\/wp-json\/wp\/v2\/tags?post=4911"}],"curies":[{"name":"wp","href":"https:\/\/api.w.org\/{rel}","templated":true}]}}