{"id":4749,"date":"2025-07-15T11:38:03","date_gmt":"2025-07-15T09:38:03","guid":{"rendered":"http:\/\/wycliffe.net\/?page_id=4749"},"modified":"2025-09-22T16:14:58","modified_gmt":"2025-09-22T14:14:58","slug":"participation-streams","status":"publish","type":"page","link":"https:\/\/wycliffe.net\/pt-pt\/participation-streams\/","title":{"rendered":"Fluxos de participa\u00e7\u00e3o"},"content":{"rendered":"\n<p>As organiza\u00e7\u00f5es da Alian\u00e7a Global Wycliffe desejam expressar tanto a unidade como a diversidade do Corpo de Cristo. As Correntes de Participa\u00e7\u00e3o da Alian\u00e7a s\u00e3o o reconhecimento dessa diversidade e das muitas maneiras pelas quais Deus providenciou e dotou as organiza\u00e7\u00f5es da Alian\u00e7a nos seus contextos e culturas. As sete Correntes de Participa\u00e7\u00e3o s\u00e3o:  <\/p>\n\n\n\n<ol class=\"wp-block-list\">\n<li>Igreja<\/li>\n\n\n\n<li>Ora\u00e7\u00e3o<\/li>\n\n\n\n<li>Financiamento<\/li>\n\n\n\n<li>Pessoas<\/li>\n\n\n\n<li>Programas de tradu\u00e7\u00e3o da B\u00edblia<\/li>\n\n\n\n<li>Forma\u00e7\u00e3o em fun\u00e7\u00f5es de tradu\u00e7\u00e3o da B\u00edblia<\/li>\n\n\n\n<li>Servi\u00e7os especializados<\/li>\n<\/ol>\n\n\n\n<p>Cada um dos fluxos acima indica como uma organiza\u00e7\u00e3o da Alian\u00e7a est\u00e1 envolvida na Alian\u00e7a. Para saber mais, leia o documento <a href=\"http:\/\/wycliffe.net\/wp-content\/uploads\/2025\/09\/Participation-Streams-in-the-Alliance-v3_Portuguese.pdf\" data-type=\"attachment\" data-id=\"4729\">Participation Streams in the Wycliffe Global Alliance<\/a> (PDF). Este documento fornece uma vis\u00e3o geral dos Fluxos de Participa\u00e7\u00e3o e inclui os indicadores que a Alian\u00e7a reconheceu como importantes, para que as organiza\u00e7\u00f5es da Alian\u00e7a possam ter clareza quanto ao objetivo e \u00e0 atividade da sua participa\u00e7\u00e3o.<\/p>\n\n\n\n<p><\/p>\n","protected":false},"excerpt":{"rendered":"<p>As organiza\u00e7\u00f5es da Alian\u00e7a Global Wycliffe desejam expressar tanto a unidade como a diversidade do Corpo de Cristo. As Correntes de Participa\u00e7\u00e3o da Alian\u00e7a s\u00e3o o reconhecimento dessa diversidade e&#8230;<\/p>\n","protected":false},"author":4,"featured_media":0,"parent":0,"menu_order":0,"comment_status":"closed","ping_status":"closed","template":"","meta":{"give_campaign_id":0,"_kadence_starter_templates_imported_post":false,"_kad_post_transparent":"","_kad_post_title":"","_kad_post_layout":"","_kad_post_sidebar_id":"","_kad_post_content_style":"","_kad_post_vertical_padding":"","_kad_post_feature":"","_kad_post_feature_position":"","_kad_post_header":false,"_kad_post_footer":false,"footnotes":""},"categories":[91],"tags":[520,521],"class_list":["post-4749","page","type-page","status-publish","hentry","category-who-we-are-pt-pt","tag-fluxos-de-participacao","tag-fluxos-de-participacao-pt-pt"],"campaignId":"","_links":{"self":[{"href":"https:\/\/wycliffe.net\/pt-pt\/wp-json\/wp\/v2\/pages\/4749","targetHints":{"allow":["GET"]}}],"collection":[{"href":"https:\/\/wycliffe.net\/pt-pt\/wp-json\/wp\/v2\/pages"}],"about":[{"href":"https:\/\/wycliffe.net\/pt-pt\/wp-json\/wp\/v2\/types\/page"}],"author":[{"embeddable":true,"href":"https:\/\/wycliffe.net\/pt-pt\/wp-json\/wp\/v2\/users\/4"}],"replies":[{"embeddable":true,"href":"https:\/\/wycliffe.net\/pt-pt\/wp-json\/wp\/v2\/comments?post=4749"}],"version-history":[{"count":2,"href":"https:\/\/wycliffe.net\/pt-pt\/wp-json\/wp\/v2\/pages\/4749\/revisions"}],"predecessor-version":[{"id":4756,"href":"https:\/\/wycliffe.net\/pt-pt\/wp-json\/wp\/v2\/pages\/4749\/revisions\/4756"}],"wp:attachment":[{"href":"https:\/\/wycliffe.net\/pt-pt\/wp-json\/wp\/v2\/media?parent=4749"}],"wp:term":[{"taxonomy":"category","embeddable":true,"href":"https:\/\/wycliffe.net\/pt-pt\/wp-json\/wp\/v2\/categories?post=4749"},{"taxonomy":"post_tag","embeddable":true,"href":"https:\/\/wycliffe.net\/pt-pt\/wp-json\/wp\/v2\/tags?post=4749"}],"curies":[{"name":"wp","href":"https:\/\/api.w.org\/{rel}","templated":true}]}}