{"id":4698,"date":"2025-07-14T16:13:07","date_gmt":"2025-07-14T14:13:07","guid":{"rendered":"http:\/\/wycliffe.net\/annual-report-and-finances\/"},"modified":"2025-09-22T16:02:18","modified_gmt":"2025-09-22T14:02:18","slug":"annual-report-and-finances","status":"publish","type":"page","link":"https:\/\/wycliffe.net\/pt-pt\/annual-report-and-finances\/","title":{"rendered":"Relat\u00f3rio anual e finan\u00e7as"},"content":{"rendered":"\n<div class=\"wp-block-columns is-layout-flex wp-container-core-columns-is-layout-ed5226f6 wp-block-columns-is-layout-flex\" style=\"padding-right:0;padding-left:0\">\n<div class=\"wp-block-column is-layout-flow wp-block-column-is-layout-flow\">\n<h2 class=\"wp-block-heading\">Relat\u00f3rio anual<\/h2>\n\n\n\n<figure class=\"wp-block-image size-large\" style=\"margin-right:var(--wp--preset--spacing--70);margin-left:var(--wp--preset--spacing--70)\"><a href=\"http:\/\/wycliffe.net\/wp-content\/uploads\/2025\/07\/WGA-Annual-Report-2024-FINAL.pdf\"><img loading=\"lazy\" decoding=\"async\" width=\"793\" height=\"1024\" src=\"http:\/\/wycliffe.net\/wp-content\/uploads\/2025\/07\/Screenshot-2025-07-14-at-14.58.41-793x1024.png\" alt=\"\" class=\"wp-image-708\" srcset=\"https:\/\/wycliffe.net\/wp-content\/uploads\/2025\/07\/Screenshot-2025-07-14-at-14.58.41-793x1024.png 793w, https:\/\/wycliffe.net\/wp-content\/uploads\/2025\/07\/Screenshot-2025-07-14-at-14.58.41-232x300.png 232w, https:\/\/wycliffe.net\/wp-content\/uploads\/2025\/07\/Screenshot-2025-07-14-at-14.58.41-768x991.png 768w, https:\/\/wycliffe.net\/wp-content\/uploads\/2025\/07\/Screenshot-2025-07-14-at-14.58.41-1190x1536.png 1190w, https:\/\/wycliffe.net\/wp-content\/uploads\/2025\/07\/Screenshot-2025-07-14-at-14.58.41.png 1370w\" sizes=\"auto, (max-width: 793px) 100vw, 793px\" \/><\/a><\/figure>\n\n\n\n<p>Clique na imagem ou na liga\u00e7\u00e3o seguinte para descarregar o <a href=\"http:\/\/wycliffe.net\/wp-content\/uploads\/2025\/07\/WGA-Annual-Report-2024-FINAL.pdf\">Relat\u00f3rio Anual da Alian\u00e7a Global Wycliffe 2024<\/a>.<\/p>\n<\/div>\n\n\n\n<div class=\"wp-block-column is-layout-flow wp-block-column-is-layout-flow\">\n<h2 class=\"wp-block-heading\">Finan\u00e7as<\/h2>\n\n\n\n<p>A Alian\u00e7a Global Wycliffe (Wycliffe Bible Translators International Inc.) \u00e9 uma organiza\u00e7\u00e3o sem fins lucrativos 501(c)(3).<\/p>\n\n\n\n<p><strong>Declara\u00e7\u00f5es auditadas<\/strong><\/p>\n\n\n\n<ul class=\"wp-block-list\">\n<li><a href=\"http:\/\/wycliffe.net\/wp-content\/uploads\/2025\/09\/WGA-FY2024-Financial-Statements-Final.pdf\" data-type=\"attachment\" data-id=\"3127\">Declara\u00e7\u00f5es auditadas &#8211; Exerc\u00edcio de 2024<\/a><\/li>\n\n\n\n<li><a href=\"http:\/\/wycliffe.net\/wp-content\/uploads\/2025\/07\/WGA-FY2023-FS-Final-20.02.2024.pdf\">Declara\u00e7\u00f5es auditadas &#8211; Exerc\u00edcio de 2023<\/a><\/li>\n\n\n\n<li><a href=\"http:\/\/wycliffe.net\/wp-content\/uploads\/2025\/07\/Alliance-FY2022-Consolidated-FS-Final-approved.pdf\">Declara\u00e7\u00f5es auditadas &#8211; Exerc\u00edcio de 2022<\/a><\/li>\n<\/ul>\n\n\n\n<p><strong>Outras informa\u00e7\u00f5es<\/strong><\/p>\n\n\n\n<ul class=\"wp-block-list\">\n<li><a href=\"http:\/\/wycliffe.net\/wp-content\/uploads\/2025\/07\/WBTI_IRS_501c3TaxExmptLtr-3.pdf\">Carta de isen\u00e7\u00e3o do IRS<\/a><\/li>\n\n\n\n<li><a href=\"http:\/\/wycliffe.net\/wp-content\/uploads\/2025\/07\/WBTI_1023_Application.pdf\">Formul\u00e1rio 1023, Pedido de reconhecimento de isen\u00e7\u00e3o<\/a><\/li>\n<\/ul>\n\n\n\n<p>O Formul\u00e1rio 990 est\u00e1 dispon\u00edvel mediante pedido \u00e0 <a href=\"http:\/\/wycliffe.net\/contact\/\" data-type=\"page\" data-id=\"720\">Wycliffe Global Alliance<\/a>.<\/p>\n<\/div>\n<\/div>\n\n<p><\/p>\n","protected":false},"excerpt":{"rendered":"<p>Relat\u00f3rio anual Clique na imagem ou na liga\u00e7\u00e3o seguinte para descarregar o Relat\u00f3rio Anual da Alian\u00e7a Global Wycliffe 2024. Finan\u00e7as A Alian\u00e7a Global Wycliffe (Wycliffe Bible Translators International Inc.) \u00e9&#8230;<\/p>\n","protected":false},"author":4,"featured_media":0,"parent":0,"menu_order":0,"comment_status":"closed","ping_status":"closed","template":"","meta":{"give_campaign_id":0,"_kadence_starter_templates_imported_post":false,"_kad_post_transparent":"","_kad_post_title":"","_kad_post_layout":"","_kad_post_sidebar_id":"","_kad_post_content_style":"","_kad_post_vertical_padding":"","_kad_post_feature":"","_kad_post_feature_position":"","_kad_post_header":false,"_kad_post_footer":false,"footnotes":""},"categories":[91],"tags":[496,497,498,499,500,501,502,503,504],"class_list":["post-4698","page","type-page","status-publish","hentry","category-who-we-are-pt-pt","tag-501c3-pt-pt","tag-annual-report-pt-pt","tag-audited-statements-pt-pt","tag-financial-statements-pt-pt","tag-form-1023-pt-pt","tag-form-990-pt-pt","tag-irs-exemption-pt-pt","tag-non-profit-organisation-pt-pt","tag-non-profit-organization-pt-pt"],"campaignId":"","_links":{"self":[{"href":"https:\/\/wycliffe.net\/pt-pt\/wp-json\/wp\/v2\/pages\/4698","targetHints":{"allow":["GET"]}}],"collection":[{"href":"https:\/\/wycliffe.net\/pt-pt\/wp-json\/wp\/v2\/pages"}],"about":[{"href":"https:\/\/wycliffe.net\/pt-pt\/wp-json\/wp\/v2\/types\/page"}],"author":[{"embeddable":true,"href":"https:\/\/wycliffe.net\/pt-pt\/wp-json\/wp\/v2\/users\/4"}],"replies":[{"embeddable":true,"href":"https:\/\/wycliffe.net\/pt-pt\/wp-json\/wp\/v2\/comments?post=4698"}],"version-history":[{"count":2,"href":"https:\/\/wycliffe.net\/pt-pt\/wp-json\/wp\/v2\/pages\/4698\/revisions"}],"predecessor-version":[{"id":4709,"href":"https:\/\/wycliffe.net\/pt-pt\/wp-json\/wp\/v2\/pages\/4698\/revisions\/4709"}],"wp:attachment":[{"href":"https:\/\/wycliffe.net\/pt-pt\/wp-json\/wp\/v2\/media?parent=4698"}],"wp:term":[{"taxonomy":"category","embeddable":true,"href":"https:\/\/wycliffe.net\/pt-pt\/wp-json\/wp\/v2\/categories?post=4698"},{"taxonomy":"post_tag","embeddable":true,"href":"https:\/\/wycliffe.net\/pt-pt\/wp-json\/wp\/v2\/tags?post=4698"}],"curies":[{"name":"wp","href":"https:\/\/api.w.org\/{rel}","templated":true}]}}