{"id":4691,"date":"2025-07-15T11:32:27","date_gmt":"2025-07-15T09:32:27","guid":{"rendered":"http:\/\/wycliffe.net\/?page_id=4691"},"modified":"2025-09-22T15:39:35","modified_gmt":"2025-09-22T13:39:35","slug":"proposito-missao-visao-e-valores-da-alianca-global-wycliffe","status":"publish","type":"page","link":"https:\/\/wycliffe.net\/pt-pt\/proposito-missao-visao-e-valores-da-alianca-global-wycliffe\/","title":{"rendered":"Prop\u00f3sito, Miss\u00e3o, Vis\u00e3o e Valores da Alian\u00e7a Global Wycliffe"},"content":{"rendered":"\n<h2 class=\"wp-block-heading\">Prop\u00f3sito<\/h2>\n\n\n\n<p>Como uma comunidade de participantes na Miss\u00e3o de Deus, a Alian\u00e7a Global Wycliffe oferece lideran\u00e7a, influ\u00eancia e servi\u00e7o dentro dos movimentos de tradu\u00e7\u00e3o da B\u00edblia.<\/p>\n\n\n\n<h2 class=\"wp-block-heading\">Miss\u00e3o<\/h2>\n\n\n\n<p>Em comunh\u00e3o com Deus e dentro da comunidade de Sua Igreja, a Alian\u00e7a Global Wycliffe contribui para a transforma\u00e7\u00e3o hol\u00edstica de comunidades lingu\u00edsticas em todo o mundo.<\/p>\n\n\n\n<h2 class=\"wp-block-heading\">Vis\u00e3o<\/h2>\n\n\n\n<p>Indiv\u00edduos, comunidades e na\u00e7\u00f5es transformados mediante o amor e a Palavra de Deus expressos em suas l\u00ednguas e culturas.<\/p>\n\n\n\n<h2 class=\"wp-block-heading\">Valores&nbsp;fundamentais<\/h2>\n\n\n\n<ul class=\"wp-block-list\">\n<li><strong>A Gl\u00f3ria de Deus entre as na\u00e7\u00f5es<\/strong><br>Vivendo e servindo para a gl\u00f3ria de Deus para que as pessoas de todas as na\u00e7\u00f5es possam conhec\u00ea-Lo e glorific\u00e1-Lo.<\/li>\n\n\n\n<li><strong>Semelhan\u00e7a a Cristo<\/strong><br>Seguindo o exemplo de Cristo em quem n\u00f3s somos e no que fazemos.<\/li>\n\n\n\n<li><strong>A Igreja como central na Miss\u00e3o de Deus<\/strong><br>Acreditando que a Igreja \u00e9 criada, chamada e equipada por Deus para discipular as na\u00e7\u00f5es.<\/li>\n\n\n\n<li><strong>A Palavra traduzida<\/strong><br>Confiando em Deus para transformar vidas atrav\u00e9s da Sua Palavra traduzida para as l\u00ednguas e culturas dos povos do mundo.<\/li>\n\n\n\n<li><strong>Depend\u00eancia de Deus<\/strong><br>Dependendo de Deus e Sua sufici\u00eancia para nos equipar e sustentar.<\/li>\n\n\n\n<li><strong>Comunidade<\/strong><br>Servir em comunidade como express\u00e3o da unidade dos crentes e como participantes interdependentes em<br>minist\u00e9rio hol\u00edstico que facilita a tradu\u00e7\u00e3o, o acesso e a aplica\u00e7\u00e3o da Palavra de Deus.<\/li>\n<\/ul>\n","protected":false},"excerpt":{"rendered":"<p>Prop\u00f3sito Como uma comunidade de participantes na Miss\u00e3o de Deus, a Alian\u00e7a Global Wycliffe oferece lideran\u00e7a, influ\u00eancia e servi\u00e7o dentro dos movimentos de tradu\u00e7\u00e3o da B\u00edblia. Miss\u00e3o Em comunh\u00e3o com&#8230;<\/p>\n","protected":false},"author":4,"featured_media":0,"parent":0,"menu_order":0,"comment_status":"closed","ping_status":"closed","template":"","meta":{"give_campaign_id":0,"_kadence_starter_templates_imported_post":false,"_kad_post_transparent":"","_kad_post_title":"","_kad_post_layout":"","_kad_post_sidebar_id":"","_kad_post_content_style":"","_kad_post_vertical_padding":"","_kad_post_feature":"","_kad_post_feature_position":"","_kad_post_header":false,"_kad_post_footer":false,"footnotes":""},"categories":[91],"tags":[],"class_list":["post-4691","page","type-page","status-publish","hentry","category-who-we-are-pt-pt"],"campaignId":"","_links":{"self":[{"href":"https:\/\/wycliffe.net\/pt-pt\/wp-json\/wp\/v2\/pages\/4691","targetHints":{"allow":["GET"]}}],"collection":[{"href":"https:\/\/wycliffe.net\/pt-pt\/wp-json\/wp\/v2\/pages"}],"about":[{"href":"https:\/\/wycliffe.net\/pt-pt\/wp-json\/wp\/v2\/types\/page"}],"author":[{"embeddable":true,"href":"https:\/\/wycliffe.net\/pt-pt\/wp-json\/wp\/v2\/users\/4"}],"replies":[{"embeddable":true,"href":"https:\/\/wycliffe.net\/pt-pt\/wp-json\/wp\/v2\/comments?post=4691"}],"version-history":[{"count":1,"href":"https:\/\/wycliffe.net\/pt-pt\/wp-json\/wp\/v2\/pages\/4691\/revisions"}],"predecessor-version":[{"id":4692,"href":"https:\/\/wycliffe.net\/pt-pt\/wp-json\/wp\/v2\/pages\/4691\/revisions\/4692"}],"wp:attachment":[{"href":"https:\/\/wycliffe.net\/pt-pt\/wp-json\/wp\/v2\/media?parent=4691"}],"wp:term":[{"taxonomy":"category","embeddable":true,"href":"https:\/\/wycliffe.net\/pt-pt\/wp-json\/wp\/v2\/categories?post=4691"},{"taxonomy":"post_tag","embeddable":true,"href":"https:\/\/wycliffe.net\/pt-pt\/wp-json\/wp\/v2\/tags?post=4691"}],"curies":[{"name":"wp","href":"https:\/\/api.w.org\/{rel}","templated":true}]}}