{"id":4675,"date":"2025-07-14T15:48:33","date_gmt":"2025-07-14T13:48:33","guid":{"rendered":"http:\/\/wycliffe.net\/?page_id=4675"},"modified":"2025-09-30T12:02:43","modified_gmt":"2025-09-30T10:02:43","slug":"covenant-statement-of-commitment","status":"publish","type":"page","link":"https:\/\/wycliffe.net\/pt-pt\/covenant-statement-of-commitment\/","title":{"rendered":"Acordo\/Declara\u00e7\u00e3o de compromisso"},"content":{"rendered":"\n<h2 class=\"wp-block-heading\">Acordo\/Declara\u00e7\u00e3o de compromisso<\/h2>\n\n\n\n<p>Os relacionamentos s\u00e3o fundamentais para a Alian\u00e7a Global Wycliffe. As organiza\u00e7\u00f5es da Alian\u00e7a assinam um Pacto\/Declara\u00e7\u00e3o de Compromisso umas com as outras em reconhecimento da sua participa\u00e7\u00e3o na comunidade da Alian\u00e7a e na miss\u00e3o de Deus. Este compromisso \u00e9 tamb\u00e9m expresso em atitudes e ac\u00e7\u00f5es.  <\/p>\n\n\n\n<p>Pode ver uma vers\u00e3o de amostra da <a href=\"https:\/\/wycliffe.net\/wp-content\/uploads\/2025\/09\/Covenant-3-PT-1.pdf\" data-type=\"attachment\" data-id=\"6662\">Declara\u00e7\u00e3o de Compromisso aqui<\/a>.<\/p>\n\n\n\n<p><\/p>\n","protected":false},"excerpt":{"rendered":"<p>Acordo\/Declara\u00e7\u00e3o de compromisso Os relacionamentos s\u00e3o fundamentais para a Alian\u00e7a Global Wycliffe. As organiza\u00e7\u00f5es da Alian\u00e7a assinam um Pacto\/Declara\u00e7\u00e3o de Compromisso umas com as outras em reconhecimento da sua participa\u00e7\u00e3o&#8230;<\/p>\n","protected":false},"author":4,"featured_media":0,"parent":0,"menu_order":0,"comment_status":"closed","ping_status":"closed","template":"","meta":{"give_campaign_id":0,"_kadence_starter_templates_imported_post":false,"_kad_post_transparent":"","_kad_post_title":"","_kad_post_layout":"","_kad_post_sidebar_id":"","_kad_post_content_style":"","_kad_post_vertical_padding":"","_kad_post_feature":"","_kad_post_feature_position":"","_kad_post_header":false,"_kad_post_footer":false,"footnotes":""},"categories":[91],"tags":[464,463],"class_list":["post-4675","page","type-page","status-publish","hentry","category-who-we-are-pt-pt","tag-declaracao-de-compromisso","tag-pacto"],"campaignId":"","_links":{"self":[{"href":"https:\/\/wycliffe.net\/pt-pt\/wp-json\/wp\/v2\/pages\/4675","targetHints":{"allow":["GET"]}}],"collection":[{"href":"https:\/\/wycliffe.net\/pt-pt\/wp-json\/wp\/v2\/pages"}],"about":[{"href":"https:\/\/wycliffe.net\/pt-pt\/wp-json\/wp\/v2\/types\/page"}],"author":[{"embeddable":true,"href":"https:\/\/wycliffe.net\/pt-pt\/wp-json\/wp\/v2\/users\/4"}],"replies":[{"embeddable":true,"href":"https:\/\/wycliffe.net\/pt-pt\/wp-json\/wp\/v2\/comments?post=4675"}],"version-history":[{"count":4,"href":"https:\/\/wycliffe.net\/pt-pt\/wp-json\/wp\/v2\/pages\/4675\/revisions"}],"predecessor-version":[{"id":6669,"href":"https:\/\/wycliffe.net\/pt-pt\/wp-json\/wp\/v2\/pages\/4675\/revisions\/6669"}],"wp:attachment":[{"href":"https:\/\/wycliffe.net\/pt-pt\/wp-json\/wp\/v2\/media?parent=4675"}],"wp:term":[{"taxonomy":"category","embeddable":true,"href":"https:\/\/wycliffe.net\/pt-pt\/wp-json\/wp\/v2\/categories?post=4675"},{"taxonomy":"post_tag","embeddable":true,"href":"https:\/\/wycliffe.net\/pt-pt\/wp-json\/wp\/v2\/tags?post=4675"}],"curies":[{"name":"wp","href":"https:\/\/api.w.org\/{rel}","templated":true}]}}