{"id":1881,"date":"2025-07-15T11:33:56","date_gmt":"2025-07-15T09:33:56","guid":{"rendered":"http:\/\/wycliffe.net\/doctrinal-statement\/"},"modified":"2025-08-15T15:49:27","modified_gmt":"2025-08-15T13:49:27","slug":"doctrinal-statement","status":"publish","type":"page","link":"https:\/\/wycliffe.net\/pt-pt\/doctrinal-statement\/","title":{"rendered":"Declara\u00e7\u00e3o Doutrinal"},"content":{"rendered":"\n<h2 class=\"wp-block-heading\">Nossa Declara\u00e7\u00e3o Doutrinal<\/h2>\n\n\n\n<ol class=\"wp-block-list\">\n<li>Acreditamos que a B\u00edblia, a Palavra inspirada de Deus, \u00e9 completamente fidedigna, e fala com autoridade suprema em todo assunto de cren\u00e7a e pr\u00e1tica.<\/li>\n\n\n\n<li>Acreditamos em um Deus, que existe eternamente em tr\u00eas pessoas: Pai, Filho e Esp\u00edrito Santo.<\/li>\n\n\n\n<li>Acreditamos que todas as pessoas, tendo sido criadas \u00e0 imagem de Deus, t\u00eam valor intr\u00ednseco, mas como resultado do pecado est\u00e3o alienadas de Deus e umas de outras, e por conseguinte necessitam reconcilia\u00e7\u00e3o.<\/li>\n\n\n\n<li>Acreditamos que Jesus Cristo, o Filho de Deus, nascido da virgem Mar\u00eda, \u00e9 plenamente Deus e plenamente humano; demonstrou o amor de Deus pelos pecadores ao sofrer a pena de morte em lugar deles, ressuscitou corporalmente dos mortos e subiu ao c\u00e9u aonde intercede por seu povo.<\/li>\n\n\n\n<li>Acreditamos que todos os que se arrependem e confiam em Jesus Cristo como o \u00fanico Senhor e Salvador s\u00e3o declarados, pela gra\u00e7a de Deus, justificados perante ele, e recebem perd\u00e3o e vida eterna.<\/li>\n\n\n\n<li>Acreditamos que o Senhor Jesus Cristo voltar\u00e1 pessoalmente em gl\u00f3ria, ressuscitar\u00e1 os mortos e julgar\u00e1 o mundo.<\/li>\n\n\n\n<li>Acreditamos que todas as pessoas ressuscitar\u00e3o dos mortos, as que est\u00e3o em Cristo para gozar a vida eterna com Deus, e as que est\u00e3o perdidas para sofrer a separa\u00e7\u00e3o eterna dele.<\/li>\n\n\n\n<li>Acreditamos no Esp\u00edrito Santo quem d\u00e1 nova vida aos que acreditam em Cristo; mediante sua presen\u00e7a e poder transformador d\u00e1 seguran\u00e7a aos crentes e os equipa para uma vida Santa e servi\u00e7o efetivo.<\/li>\n\n\n\n<li>Acreditamos que a igreja \u00e9 o corpo de Cristo, a comunh\u00e3o de todos os crentes, e foi comissionada para fazer disc\u00edpulos de todas as na\u00e7\u00f5es.<\/li>\n<\/ol>\n","protected":false},"excerpt":{"rendered":"<p>Nossa Declara\u00e7\u00e3o Doutrinal<\/p>\n","protected":false},"author":4,"featured_media":0,"parent":0,"menu_order":0,"comment_status":"closed","ping_status":"closed","template":"","meta":{"give_campaign_id":0,"_kadence_starter_templates_imported_post":false,"_kad_post_transparent":"","_kad_post_title":"","_kad_post_layout":"","_kad_post_sidebar_id":"","_kad_post_content_style":"","_kad_post_vertical_padding":"","_kad_post_feature":"","_kad_post_feature_position":"","_kad_post_header":false,"_kad_post_footer":false,"footnotes":""},"categories":[91],"tags":[92],"class_list":["post-1881","page","type-page","status-publish","hentry","category-who-we-are-pt-pt","tag-doctrinal-statement-pt-pt"],"campaignId":"","_links":{"self":[{"href":"https:\/\/wycliffe.net\/pt-pt\/wp-json\/wp\/v2\/pages\/1881","targetHints":{"allow":["GET"]}}],"collection":[{"href":"https:\/\/wycliffe.net\/pt-pt\/wp-json\/wp\/v2\/pages"}],"about":[{"href":"https:\/\/wycliffe.net\/pt-pt\/wp-json\/wp\/v2\/types\/page"}],"author":[{"embeddable":true,"href":"https:\/\/wycliffe.net\/pt-pt\/wp-json\/wp\/v2\/users\/4"}],"replies":[{"embeddable":true,"href":"https:\/\/wycliffe.net\/pt-pt\/wp-json\/wp\/v2\/comments?post=1881"}],"version-history":[{"count":1,"href":"https:\/\/wycliffe.net\/pt-pt\/wp-json\/wp\/v2\/pages\/1881\/revisions"}],"predecessor-version":[{"id":1883,"href":"https:\/\/wycliffe.net\/pt-pt\/wp-json\/wp\/v2\/pages\/1881\/revisions\/1883"}],"wp:attachment":[{"href":"https:\/\/wycliffe.net\/pt-pt\/wp-json\/wp\/v2\/media?parent=1881"}],"wp:term":[{"taxonomy":"category","embeddable":true,"href":"https:\/\/wycliffe.net\/pt-pt\/wp-json\/wp\/v2\/categories?post=1881"},{"taxonomy":"post_tag","embeddable":true,"href":"https:\/\/wycliffe.net\/pt-pt\/wp-json\/wp\/v2\/tags?post=1881"}],"curies":[{"name":"wp","href":"https:\/\/api.w.org\/{rel}","templated":true}]}}