{"id":9318,"date":"2026-05-07T09:22:25","date_gmt":"2026-05-07T07:22:25","guid":{"rendered":"https:\/\/wycliffe.net\/?page_id=9318"},"modified":"2026-05-07T13:27:27","modified_gmt":"2026-05-07T11:27:27","slug":"global-coffee-chat-april-2026","status":"publish","type":"page","link":"https:\/\/wycliffe.net\/pt-br\/global-coffee-chat-april-2026\/","title":{"rendered":"Global Coffee Chat: April 2026"},"content":{"rendered":"<style>.kb-row-layout-id9318_b5aebe-d4 > .kt-row-column-wrap{align-content:start;}:where(.kb-row-layout-id9318_b5aebe-d4 > .kt-row-column-wrap) > .wp-block-kadence-column{justify-content:start;}.kb-row-layout-id9318_b5aebe-d4 > .kt-row-column-wrap{column-gap:var(--global-kb-gap-md, 2rem);row-gap:var(--global-kb-gap-md, 2rem);max-width:var( --global-content-width, 1290px );padding-left:var(--global-content-edge-padding);padding-right:var(--global-content-edge-padding);padding-top:var(--global-kb-spacing-xl, 4rem);padding-bottom:var(--global-kb-spacing-xl, 4rem);grid-template-columns:minmax(0, 1fr);}.kb-row-layout-id9318_b5aebe-d4 > .kt-row-layout-overlay{opacity:0.30;}@media all and (max-width: 1024px){.kb-row-layout-id9318_b5aebe-d4 > .kt-row-column-wrap{grid-template-columns:minmax(0, 1fr);}}@media all and (max-width: 767px){.kb-row-layout-id9318_b5aebe-d4 > .kt-row-column-wrap{grid-template-columns:minmax(0, 1fr);}}<\/style><div class=\"kb-row-layout-wrap kb-row-layout-id9318_b5aebe-d4 alignfull has-theme-palette9-background-color kt-row-has-bg wp-block-kadence-rowlayout\"><div class=\"kt-row-column-wrap kt-has-1-columns kt-row-layout-equal kt-tab-layout-inherit kt-mobile-layout-row kt-row-valign-top kb-theme-content-width\">\n<style>.kadence-column9318_d3c3af-99 > .kt-inside-inner-col,.kadence-column9318_d3c3af-99 > .kt-inside-inner-col:before{border-top-left-radius:0px;border-top-right-radius:0px;border-bottom-right-radius:0px;border-bottom-left-radius:0px;}.kadence-column9318_d3c3af-99 > .kt-inside-inner-col{column-gap:var(--global-kb-gap-sm, 1rem);}.kadence-column9318_d3c3af-99 > .kt-inside-inner-col{flex-direction:column;}.kadence-column9318_d3c3af-99 > .kt-inside-inner-col > .aligncenter{width:100%;}.kadence-column9318_d3c3af-99 > .kt-inside-inner-col:before{opacity:0.3;}.kadence-column9318_d3c3af-99{position:relative;}@media all and (max-width: 1024px){.kadence-column9318_d3c3af-99 > .kt-inside-inner-col{flex-direction:column;justify-content:center;}}@media all and (max-width: 767px){.kadence-column9318_d3c3af-99 > .kt-inside-inner-col{flex-direction:column;justify-content:center;}}<\/style>\n<div class=\"wp-block-kadence-column kadence-column9318_d3c3af-99\"><div class=\"kt-inside-inner-col\"><style>.wp-block-kadence-advancedheading.kt-adv-heading9318_bf747a-93, .wp-block-kadence-advancedheading.kt-adv-heading9318_bf747a-93[data-kb-block=\"kb-adv-heading9318_bf747a-93\"]{display:block;text-align:center;font-size:var(--global-kb-font-size-sm, 0.9rem);line-height:1;font-style:normal;text-transform:uppercase;letter-spacing:2px;}.wp-block-kadence-advancedheading.kt-adv-heading9318_bf747a-93 mark.kt-highlight, .wp-block-kadence-advancedheading.kt-adv-heading9318_bf747a-93[data-kb-block=\"kb-adv-heading9318_bf747a-93\"] mark.kt-highlight{font-style:normal;color:#f76a0c;-webkit-box-decoration-break:clone;box-decoration-break:clone;padding-top:0px;padding-right:0px;padding-bottom:0px;padding-left:0px;}.wp-block-kadence-advancedheading.kt-adv-heading9318_bf747a-93 img.kb-inline-image, .wp-block-kadence-advancedheading.kt-adv-heading9318_bf747a-93[data-kb-block=\"kb-adv-heading9318_bf747a-93\"] img.kb-inline-image{width:150px;vertical-align:baseline;}<\/style>\n<span class=\"kt-adv-heading9318_bf747a-93 wp-block-kadence-advancedheading has-theme-palette-1-color has-text-color\" data-kb-block=\"kb-adv-heading9318_bf747a-93\">April 2026<\/span>\n\n\n<style>.kb-row-layout-id9318_b89f32-a5 > .kt-row-column-wrap{align-content:start;}:where(.kb-row-layout-id9318_b89f32-a5 > .kt-row-column-wrap) > .wp-block-kadence-column{justify-content:start;}.kb-row-layout-id9318_b89f32-a5 > .kt-row-column-wrap{column-gap:var(--global-kb-gap-md, 2rem);row-gap:var(--global-kb-gap-md, 2rem);max-width:var( --global-content-width, 1290px );padding-left:var(--global-content-edge-padding);padding-right:var(--global-content-edge-padding);padding-top:var(--global-kb-spacing-sm, 1.5rem);padding-bottom:var(--global-kb-spacing-sm, 1.5rem);grid-template-columns:minmax(0, 1fr);}.kb-row-layout-id9318_b89f32-a5 > .kt-row-layout-overlay{opacity:0.30;}@media all and (max-width: 1024px){.kb-row-layout-id9318_b89f32-a5 > .kt-row-column-wrap{grid-template-columns:minmax(0, 1fr);}}@media all and (max-width: 767px){.kb-row-layout-id9318_b89f32-a5 > .kt-row-column-wrap{grid-template-columns:minmax(0, 1fr);}}<\/style><div class=\"kb-row-layout-wrap kb-row-layout-id9318_b89f32-a5 alignnone wp-block-kadence-rowlayout\"><div class=\"kt-row-column-wrap kt-has-1-columns kt-row-layout-equal kt-tab-layout-inherit kt-mobile-layout-row kt-row-valign-top kb-theme-content-width\">\n<style>.kadence-column9318_b13b79-11 > .kt-inside-inner-col,.kadence-column9318_b13b79-11 > .kt-inside-inner-col:before{border-top-left-radius:0px;border-top-right-radius:0px;border-bottom-right-radius:0px;border-bottom-left-radius:0px;}.kadence-column9318_b13b79-11 > .kt-inside-inner-col{column-gap:var(--global-kb-gap-sm, 1rem);}.kadence-column9318_b13b79-11 > .kt-inside-inner-col{flex-direction:column;}.kadence-column9318_b13b79-11 > .kt-inside-inner-col > .aligncenter{width:100%;}.kadence-column9318_b13b79-11 > .kt-inside-inner-col:before{opacity:0.3;}.kadence-column9318_b13b79-11{position:relative;}@media all and (max-width: 1024px){.kadence-column9318_b13b79-11 > .kt-inside-inner-col{flex-direction:column;justify-content:center;}}@media all and (max-width: 767px){.kadence-column9318_b13b79-11 > .kt-inside-inner-col{flex-direction:column;justify-content:center;}}<\/style>\n<div class=\"wp-block-kadence-column kadence-column9318_b13b79-11\"><div class=\"kt-inside-inner-col\"><style>.wp-block-kadence-advancedheading.kt-adv-heading9318_d01ff0-5c, .wp-block-kadence-advancedheading.kt-adv-heading9318_d01ff0-5c[data-kb-block=\"kb-adv-heading9318_d01ff0-5c\"]{margin-top:var(--global-kb-spacing-md, 2rem);margin-bottom:var(--global-kb-spacing-md, 2rem);text-align:center;font-size:36px;line-height:1.4;font-style:normal;}.wp-block-kadence-advancedheading.kt-adv-heading9318_d01ff0-5c mark.kt-highlight, .wp-block-kadence-advancedheading.kt-adv-heading9318_d01ff0-5c[data-kb-block=\"kb-adv-heading9318_d01ff0-5c\"] mark.kt-highlight{font-style:normal;color:#f76a0c;-webkit-box-decoration-break:clone;box-decoration-break:clone;padding-top:0px;padding-right:0px;padding-bottom:0px;padding-left:0px;}.wp-block-kadence-advancedheading.kt-adv-heading9318_d01ff0-5c img.kb-inline-image, .wp-block-kadence-advancedheading.kt-adv-heading9318_d01ff0-5c[data-kb-block=\"kb-adv-heading9318_d01ff0-5c\"] img.kb-inline-image{width:150px;vertical-align:baseline;}<\/style>\n<h2 class=\"kt-adv-heading9318_d01ff0-5c wp-block-kadence-advancedheading has-theme-palette-3-color has-text-color\" data-kb-block=\"kb-adv-heading9318_d01ff0-5c\">Global Coffee Chat<\/h2>\n<\/div><\/div>\n\n\n<style>.kadence-column9318_b35c79-67 > .kt-inside-inner-col{padding-top:30px;padding-right:30px;padding-bottom:30px;padding-left:30px;}.kadence-column9318_b35c79-67 > .kt-inside-inner-col,.kadence-column9318_b35c79-67 > .kt-inside-inner-col:before{border-top-left-radius:0px;border-top-right-radius:0px;border-bottom-right-radius:0px;border-bottom-left-radius:0px;}.kadence-column9318_b35c79-67 > .kt-inside-inner-col{column-gap:var(--global-kb-gap-sm, 1rem);}.kadence-column9318_b35c79-67 > .kt-inside-inner-col{flex-direction:column;}.kadence-column9318_b35c79-67 > .kt-inside-inner-col > .aligncenter{width:100%;}.kadence-column9318_b35c79-67 > .kt-inside-inner-col{background-color:var(--global-palette9, #ffffff);}.kadence-column9318_b35c79-67 > .kt-inside-inner-col:before{opacity:0.3;}.kadence-column9318_b35c79-67{position:relative;}.kadence-column9318_b35c79-67, .kt-inside-inner-col > .kadence-column9318_b35c79-67:not(.specificity){margin-top:0px;margin-right:0px;margin-bottom:0px;margin-left:0px;}@media all and (max-width: 1024px){.kadence-column9318_b35c79-67 > .kt-inside-inner-col{flex-direction:column;justify-content:center;}}@media all and (max-width: 767px){.kadence-column9318_b35c79-67 > .kt-inside-inner-col{padding-right:var(--global-kb-spacing-xxs, 0.5rem);padding-left:var(--global-kb-spacing-xxs, 0.5rem);flex-direction:column;justify-content:center;}}<\/style>\n<div class=\"wp-block-kadence-column kadence-column9318_b35c79-67 inner-column-4\"><div class=\"kt-inside-inner-col\">\n<p>O Global Coffee Chat oferece uma oportunidade para que os l\u00edderes das organiza\u00e7\u00f5es da Alian\u00e7a se re\u00fanam virtualmente e discutam temas relacionados \u00e0 tradu\u00e7\u00e3o da B\u00edblia.<\/p>\n\n\n\n<p>Nosso primeiro encontro ocorreu em abril de 2026. Ap\u00f3s uma breve sauda\u00e7\u00e3o de Agnes Lid, diretora executiva interina da Wycliffe Global Alliance, Bryan Harmelink conduziu o grupo em uma reflex\u00e3o b\u00edblica sobre a colabora\u00e7\u00e3o no reino de Deus. Em seguida, David Cardenas nos lembrou da import\u00e2ncia do caf\u00e9 (ou ch\u00e1) para encontros sociais informais. (Veja os v\u00eddeos abaixo. Para tradu\u00e7\u00f5es, abra o v\u00eddeo no YouTube e use as legendas)<\/p>\n\n\n\n<p>Os 52 participantes se dividiram em pequenos grupos para discutir o tema principal: a igreja na tradu\u00e7\u00e3o da B\u00edblia. Todos haviam sido incentivados previamente a refletir sobre:<\/p>\n\n\n\n<ul class=\"wp-block-list\">\n<li>O que voc\u00ea gostaria de aprender com outros pa\u00edses ou regi\u00f5es aqui representados sobre a igreja na tradu\u00e7\u00e3o da B\u00edblia?<\/li>\n\n\n\n<li>Voc\u00ea tem hist\u00f3rias\/testemunhos sobre o que Deus est\u00e1 fazendo por meio da sua organiza\u00e7\u00e3o que poderia compartilhar em dois ou tr\u00eas minutos? Ou necessidades\/frustra\u00e7\u00f5es sobre o tema da igreja na tradu\u00e7\u00e3o da B\u00edblia?&nbsp;<\/li>\n\n\n\n<li>Fa\u00e7am perguntas uns aos outros e comentem sobre o que ouviram.<\/li>\n<\/ul>\n\n\n\n<p>Embora breve, o tempo de discuss\u00e3o permitiu que os l\u00edderes passassem um tempo com pessoas de fora de suas regi\u00f5es, que talvez n\u00e3o conhecessem t\u00e3o bem, e ouvissem v\u00e1rias percep\u00e7\u00f5es sobre a participa\u00e7\u00e3o da igreja na tradu\u00e7\u00e3o da B\u00edblia.ab.<\/p>\n<\/div><\/div>\n\n<\/div><\/div>\n\n<style>.kb-row-layout-id9318_f05e26-f0 > .kt-row-column-wrap{align-content:start;}:where(.kb-row-layout-id9318_f05e26-f0 > .kt-row-column-wrap) > .wp-block-kadence-column{justify-content:start;}.kb-row-layout-id9318_f05e26-f0 > .kt-row-column-wrap{column-gap:var(--global-kb-gap-md, 2rem);row-gap:var(--global-kb-gap-md, 2rem);padding-top:var(--global-kb-spacing-sm, 1.5rem);padding-bottom:var(--global-kb-spacing-sm, 1.5rem);}.kb-row-layout-id9318_f05e26-f0 > .kt-row-column-wrap > div:not(.added-for-specificity){grid-column:initial;}.kb-row-layout-id9318_f05e26-f0 > .kt-row-column-wrap{grid-template-columns:repeat(3, minmax(0, 1fr));}.kb-row-layout-id9318_f05e26-f0 > .kt-row-layout-overlay{opacity:0.30;}@media all and (max-width: 1024px){.kb-row-layout-id9318_f05e26-f0 > .kt-row-column-wrap > div:not(.added-for-specificity){grid-column:initial;}}@media all and (max-width: 1024px){.kb-row-layout-id9318_f05e26-f0 > .kt-row-column-wrap{grid-template-columns:repeat(3, minmax(0, 1fr));}}@media all and (max-width: 767px){.kb-row-layout-id9318_f05e26-f0 > .kt-row-column-wrap > div:not(.added-for-specificity){grid-column:initial;}.kb-row-layout-id9318_f05e26-f0 > .kt-row-column-wrap{grid-template-columns:minmax(0, 1fr);}}<\/style><div class=\"kb-row-layout-wrap kb-row-layout-id9318_f05e26-f0 alignnone wp-block-kadence-rowlayout\"><div class=\"kt-row-column-wrap kt-has-3-columns kt-row-layout-equal kt-tab-layout-inherit kt-mobile-layout-row kt-row-valign-top\">\n<style>.kadence-column9318_76d5fc-3f > .kt-inside-inner-col,.kadence-column9318_76d5fc-3f > .kt-inside-inner-col:before{border-top-left-radius:0px;border-top-right-radius:0px;border-bottom-right-radius:0px;border-bottom-left-radius:0px;}.kadence-column9318_76d5fc-3f > .kt-inside-inner-col{column-gap:var(--global-kb-gap-sm, 1rem);}.kadence-column9318_76d5fc-3f > .kt-inside-inner-col{flex-direction:column;}.kadence-column9318_76d5fc-3f > .kt-inside-inner-col > .aligncenter{width:100%;}.kadence-column9318_76d5fc-3f > .kt-inside-inner-col:before{opacity:0.3;}.kadence-column9318_76d5fc-3f{position:relative;}@media all and (max-width: 1024px){.kadence-column9318_76d5fc-3f > .kt-inside-inner-col{flex-direction:column;justify-content:center;}}@media all and (max-width: 767px){.kadence-column9318_76d5fc-3f > .kt-inside-inner-col{flex-direction:column;justify-content:center;}}<\/style>\n<div class=\"wp-block-kadence-column kadence-column9318_76d5fc-3f\"><div class=\"kt-inside-inner-col\">\n<figure class=\"wp-block-embed is-type-video is-provider-youtube wp-block-embed-youtube wp-embed-aspect-16-9 wp-has-aspect-ratio\"><div class=\"wp-block-embed__wrapper\">\n<iframe loading=\"lazy\" title=\"Global Coffee Chat: Agnes Lid\" width=\"720\" height=\"405\" src=\"https:\/\/www.youtube.com\/embed\/cOuCtwVpaPk?feature=oembed\" frameborder=\"0\" allow=\"accelerometer; autoplay; clipboard-write; encrypted-media; gyroscope; picture-in-picture; web-share\" referrerpolicy=\"strict-origin-when-cross-origin\" allowfullscreen><\/iframe>\n<\/div><\/figure>\n\n\n\n<h4 class=\"wp-block-heading\">Agnes Lid<\/h4>\n\n\n\n<p>Executive Director<\/p>\n<\/div><\/div>\n\n\n<style>.kadence-column9318_8d7292-84 > .kt-inside-inner-col,.kadence-column9318_8d7292-84 > .kt-inside-inner-col:before{border-top-left-radius:0px;border-top-right-radius:0px;border-bottom-right-radius:0px;border-bottom-left-radius:0px;}.kadence-column9318_8d7292-84 > .kt-inside-inner-col{column-gap:var(--global-kb-gap-sm, 1rem);}.kadence-column9318_8d7292-84 > .kt-inside-inner-col{flex-direction:column;}.kadence-column9318_8d7292-84 > .kt-inside-inner-col > .aligncenter{width:100%;}.kadence-column9318_8d7292-84 > .kt-inside-inner-col:before{opacity:0.3;}.kadence-column9318_8d7292-84{position:relative;}@media all and (max-width: 1024px){.kadence-column9318_8d7292-84 > .kt-inside-inner-col{flex-direction:column;justify-content:center;}}@media all and (max-width: 767px){.kadence-column9318_8d7292-84 > .kt-inside-inner-col{flex-direction:column;justify-content:center;}}<\/style>\n<div class=\"wp-block-kadence-column kadence-column9318_8d7292-84\"><div class=\"kt-inside-inner-col\">\n<figure class=\"wp-block-embed is-type-video is-provider-youtube wp-block-embed-youtube wp-embed-aspect-16-9 wp-has-aspect-ratio\"><div class=\"wp-block-embed__wrapper\">\n<iframe loading=\"lazy\" title=\"Global Coffee Chat: Bryan Harmelink\" width=\"720\" height=\"405\" src=\"https:\/\/www.youtube.com\/embed\/WWUZtCU6twM?feature=oembed\" frameborder=\"0\" allow=\"accelerometer; autoplay; clipboard-write; encrypted-media; gyroscope; picture-in-picture; web-share\" referrerpolicy=\"strict-origin-when-cross-origin\" allowfullscreen><\/iframe>\n<\/div><\/figure>\n\n\n\n<h4 class=\"wp-block-heading\">Bryan Harmelink<\/h4>\n\n\n\n<p>Director of Collaboration<\/p>\n<\/div><\/div>\n\n\n<style>.kadence-column9318_96ac14-4c > .kt-inside-inner-col,.kadence-column9318_96ac14-4c > .kt-inside-inner-col:before{border-top-left-radius:0px;border-top-right-radius:0px;border-bottom-right-radius:0px;border-bottom-left-radius:0px;}.kadence-column9318_96ac14-4c > .kt-inside-inner-col{column-gap:var(--global-kb-gap-sm, 1rem);}.kadence-column9318_96ac14-4c > .kt-inside-inner-col{flex-direction:column;}.kadence-column9318_96ac14-4c > .kt-inside-inner-col > .aligncenter{width:100%;}.kadence-column9318_96ac14-4c > .kt-inside-inner-col:before{opacity:0.3;}.kadence-column9318_96ac14-4c{position:relative;}@media all and (max-width: 1024px){.kadence-column9318_96ac14-4c > .kt-inside-inner-col{flex-direction:column;justify-content:center;}}@media all and (max-width: 767px){.kadence-column9318_96ac14-4c > .kt-inside-inner-col{flex-direction:column;justify-content:center;}}<\/style>\n<div class=\"wp-block-kadence-column kadence-column9318_96ac14-4c\"><div class=\"kt-inside-inner-col\">\n<figure class=\"wp-block-embed is-type-video is-provider-youtube wp-block-embed-youtube wp-embed-aspect-16-9 wp-has-aspect-ratio\"><div class=\"wp-block-embed__wrapper\">\n<iframe loading=\"lazy\" title=\"Global Coffee Chat: David Cardenas\" width=\"720\" height=\"405\" src=\"https:\/\/www.youtube.com\/embed\/cOHi71HpXqw?feature=oembed\" frameborder=\"0\" allow=\"accelerometer; autoplay; clipboard-write; encrypted-media; gyroscope; picture-in-picture; web-share\" referrerpolicy=\"strict-origin-when-cross-origin\" allowfullscreen><\/iframe>\n<\/div><\/figure>\n\n\n\n<h4 class=\"wp-block-heading\">David Cardenas<\/h4>\n\n\n\n<p>Americas Area Director<\/p>\n<\/div><\/div>\n\n<\/div><\/div><\/div><\/div>\n\n<\/div><\/div>","protected":false},"excerpt":{"rendered":"<p>April 2026 Global Coffee Chat O Global Coffee Chat oferece uma oportunidade para que os l\u00edderes das organiza\u00e7\u00f5es da Alian\u00e7a se re\u00fanam virtualmente e discutam temas relacionados \u00e0 tradu\u00e7\u00e3o da&#8230;<\/p>\n","protected":false},"author":4,"featured_media":0,"parent":0,"menu_order":0,"comment_status":"closed","ping_status":"closed","template":"","meta":{"give_campaign_id":0,"_kadence_starter_templates_imported_post":false,"_kad_post_transparent":"","_kad_post_title":"","_kad_post_layout":"","_kad_post_sidebar_id":"","_kad_post_content_style":"","_kad_post_vertical_padding":"","_kad_post_feature":"","_kad_post_feature_position":"","_kad_post_header":false,"_kad_post_footer":false,"footnotes":""},"categories":[],"tags":[],"class_list":["post-9318","page","type-page","status-publish","hentry"],"campaignId":"","_links":{"self":[{"href":"https:\/\/wycliffe.net\/pt-br\/wp-json\/wp\/v2\/pages\/9318","targetHints":{"allow":["GET"]}}],"collection":[{"href":"https:\/\/wycliffe.net\/pt-br\/wp-json\/wp\/v2\/pages"}],"about":[{"href":"https:\/\/wycliffe.net\/pt-br\/wp-json\/wp\/v2\/types\/page"}],"author":[{"embeddable":true,"href":"https:\/\/wycliffe.net\/pt-br\/wp-json\/wp\/v2\/users\/4"}],"replies":[{"embeddable":true,"href":"https:\/\/wycliffe.net\/pt-br\/wp-json\/wp\/v2\/comments?post=9318"}],"version-history":[{"count":1,"href":"https:\/\/wycliffe.net\/pt-br\/wp-json\/wp\/v2\/pages\/9318\/revisions"}],"predecessor-version":[{"id":9319,"href":"https:\/\/wycliffe.net\/pt-br\/wp-json\/wp\/v2\/pages\/9318\/revisions\/9319"}],"wp:attachment":[{"href":"https:\/\/wycliffe.net\/pt-br\/wp-json\/wp\/v2\/media?parent=9318"}],"wp:term":[{"taxonomy":"category","embeddable":true,"href":"https:\/\/wycliffe.net\/pt-br\/wp-json\/wp\/v2\/categories?post=9318"},{"taxonomy":"post_tag","embeddable":true,"href":"https:\/\/wycliffe.net\/pt-br\/wp-json\/wp\/v2\/tags?post=9318"}],"curies":[{"name":"wp","href":"https:\/\/api.w.org\/{rel}","templated":true}]}}