{"id":6985,"date":"2025-08-25T21:20:21","date_gmt":"2025-08-25T19:20:21","guid":{"rendered":"https:\/\/wycliffe.net\/?page_id=6985"},"modified":"2025-11-05T22:08:48","modified_gmt":"2025-11-05T21:08:48","slug":"acces-mondial-aux-ecritures","status":"publish","type":"page","link":"https:\/\/wycliffe.net\/fr\/acces-mondial-aux-ecritures\/","title":{"rendered":"Acc\u00e8s mondial aux \u00c9critures"},"content":{"rendered":"\n<p><\/p>\n\n\n\n<h2 class=\"wp-block-heading\">Acc\u00e8s mondial aux \u00c9critures en 2025<\/h2>\n\n\n\n<figure class=\"wp-block-image size-full\"><img loading=\"lazy\" decoding=\"async\" width=\"2040\" height=\"1106\" src=\"http:\/\/wycliffe.net\/wp-content\/uploads\/2025\/09\/2024_infographic_small_FR.png\" alt=\"\" class=\"wp-image-6305\" srcset=\"https:\/\/wycliffe.net\/wp-content\/uploads\/2025\/09\/2024_infographic_small_FR.png 2040w, https:\/\/wycliffe.net\/wp-content\/uploads\/2025\/09\/2024_infographic_small_FR-300x163.png 300w\" sizes=\"auto, (max-width: 2040px) 100vw, 2040px\" \/><\/figure>\n\n\n\n<p>Remarque : depuis 2025, l&rsquo;Alliance publie un r\u00e9sum\u00e9 annuel abr\u00e9g\u00e9 des derni\u00e8res statistiques sur l&rsquo;acc\u00e8s aux \u00c9critures. Pour en savoir plus, consultez le site <a href=\"https:\/\/progress.bible\/\">ProgressBible<\/a>.<\/p>\n\n\n\n<p><strong>Rapport 2025<\/strong><\/p>\n\n\n\n<h3 class=\"wp-block-heading\">Au cours d&rsquo;une ann\u00e9e marqu\u00e9e par les mouvements de traduction de la Bible, le pourcentage de la population mondiale ayant acc\u00e8s \u00e0 au moins une partie des \u00c9critures a atteint plus de 99 %. *<\/h3>\n\n\n\n<p>C&rsquo;est l&rsquo;une des nombreuses statistiques encourageantes qui ressortent du \u00ab Snapshot \u00bb (aper\u00e7u) d&rsquo;ao\u00fbt 2025 publi\u00e9 par <a href=\"https:\/\/progress.bible\/\">ProgressBible<\/a>, l&rsquo;organisme qui suit les statistiques mondiales sur l&rsquo;acc\u00e8s aux \u00c9critures.<\/p>\n\n\n\n<p>Alors que l&rsquo;acc\u00e8s continue de se g\u00e9n\u00e9raliser, les responsables de la traduction de la Bible soulignent \u00e0 nouveau que l&rsquo;objectif n&rsquo;est pas seulement de compter les projets et les langues. Il s&rsquo;agit de permettre \u00e0 toutes les communaut\u00e9s linguistiques de <strong>s&rsquo;engager<\/strong> dans la Parole de Dieu et de vivre une <strong>transformation<\/strong>, qu&rsquo;il s&rsquo;agisse d&rsquo;individus, de communaut\u00e9s ou m\u00eame de nations. Cela implique un engagement continu (et une prise de conscience croissante) que la traduction de la Bible est une mission de l&rsquo;\u00c9glise mondiale, et pas seulement des organisations sp\u00e9cialis\u00e9es.<\/p>\n\n\n\n<p>Stephen Coertze, directeur ex\u00e9cutif de la Wycliffe Global Alliance, a soulign\u00e9 ces points dans son <a href=\"https:\/\/www.wycliffe.net\/what-we-do\/events\/global-gathering-2024\/executive-director-stephen-coertzes-closing-remarks-global-gathering-2024\/\">discours de cl\u00f4ture<\/a> lors du rassemblement mondial de l&rsquo;Alliance en novembre dernier \u00e0 Johannesburg :<\/p>\n\n\n\n<p>\u00ab Avec audace, nous affinerons les nouvelles approches de la traduction de la Bible afin de garantir des traductions de qualit\u00e9 et opportunes qui m\u00e8nent \u00e0 une transformation des vies. Nous continuerons \u00e0 nous concentrer sur la formation et l&rsquo;\u00e9quipement des traducteurs de la Bible, (et) \u00e0 am\u00e9liorer le conseil afin de garantir des traductions de qualit\u00e9. Nous plaiderons en faveur de la traduction de l&rsquo;ensemble des \u00c9critures, les deux testaments. Quant \u00e0 l&rsquo;\u00c9glise et \u00e0 son r\u00f4le central dans la traduction de la Bible, nous rentrerons chez nous et nous emm\u00e8nerons l&rsquo;\u00c9glise avec nous jusqu&rsquo;aux confins de la terre. \u00bb<\/p>\n\n\n\n<h2 class=\"wp-block-heading\">Progr\u00e8s exponentiel<\/h2>\n\n\n\n<p>La Vision 2025, adopt\u00e9e en 1999 par Wycliffe Bible Translators International** et SIL, pr\u00e9voyait que la traduction de la Bible serait lanc\u00e9e en l&rsquo;espace d&rsquo;une g\u00e9n\u00e9ration pour toutes les langues qui en avaient encore besoin. Certaines organisations ont utilis\u00e9 cette ann\u00e9e comme objectif sp\u00e9cifique, tandis que d&rsquo;autres ont consid\u00e9r\u00e9 la Vision 2025 comme un d\u00e9fi plus g\u00e9n\u00e9ral.<\/p>\n\n\n\n<p>Quoi qu&rsquo;il en soit, les progr\u00e8s r\u00e9alis\u00e9s en 26 ans ont \u00e9t\u00e9 remarquables. Au 1er ao\u00fbt 2025, seules 544 des 7 396 langues vivantes du monde restent sur la liste d&rsquo;attente pour le d\u00e9but de la traduction de la Bible. Il y a un an, ce nombre \u00e9tait de 985 langues. En 2020, il \u00e9tait de plus de 2 000. En 1999, il \u00e9tait de plus de 5 000.<\/p>\n\n\n\n<p>En d&rsquo;autres termes, depuis 1999, les mouvements de traduction de la Bible ont touch\u00e9 plus de 4 600 langues qui n&rsquo;avaient auparavant aucun acc\u00e8s aux \u00c9critures. \u00c0 moins d&rsquo;un miracle, toutes les langues ne pourront pas \u00eatre touch\u00e9es d&rsquo;ici la fin de 2025.<\/p>\n\n\n\n<p>Les 544 langues restantes repr\u00e9sentent 36,8 millions de personnes. Ce chiffre est l\u00e9g\u00e8rement sup\u00e9rieur \u00e0 celui de l&rsquo;ann\u00e9e derni\u00e8re, en raison de la reconnaissance de quatre nouvelles langues asiatiques repr\u00e9sentant une population totale de plus de 21 millions de personnes, a d\u00e9clar\u00e9 Terry Dehart, analyste de donn\u00e9es pour ProgressBible. Mais le nombre restant de langues et de personnes est encore inf\u00e9rieur \u00e0 ce que certains auraient pu imaginer.<\/p>\n\n\n\n<p>Les organisations de traduction de la Bible et les \u00e9glises ont adopt\u00e9 diff\u00e9rentes approches pour atteindre l&rsquo;objectif Vision 2025, a d\u00e9clar\u00e9 M. Dehart. Certaines se sont concentr\u00e9es sur le lancement d&rsquo;un maximum de nouveaux projets linguistiques. D&rsquo;autres se sont concentr\u00e9es sur la question suivante : \u00ab Cette langue est-elle vraiment vitale, ou est-elle d\u00e9j\u00e0 bien desservie par les \u00c9critures dans une deuxi\u00e8me langue ? \u00bb En fait, a ajout\u00e9 M. Dehart, 93 des 392 langues des signes du monde ont \u00e9t\u00e9 retir\u00e9es de la liste d&rsquo;attente pour l&rsquo;une de ces deux raisons.<\/p>\n\n\n\n<p>Au cours de l&rsquo;ann\u00e9e \u00e9coul\u00e9e, ces pays ont connu la plus forte baisse du nombre de langues n\u00e9cessitant une traduction :<\/p>\n\n\n\n<div class=\"wp-block-group is-nowrap is-layout-flex wp-container-core-group-is-layout-ad2f72ca wp-block-group-is-layout-flex\">\n<div style=\"height:23px;width:0px\" aria-hidden=\"true\" class=\"wp-block-spacer wp-container-content-78b3b043\"><\/div>\n\n\n\n<figure class=\"wp-block-table\"><table class=\"has-fixed-layout\"><tbody><tr><td><strong><strong>Pays<\/strong><\/strong><\/td><td><strong><strong>Le nombre a diminu\u00e9 de :<\/strong><\/strong><\/td><\/tr><tr><td>Papouasie-Nouvelle-Guin\u00e9e<\/td><td>114<\/td><\/tr><tr><td>Indon\u00e9sie<\/td><td>113<\/td><\/tr><tr><td>Cameroun<\/td><td>28<\/td><\/tr><tr><td>Vanuatu<\/td><td>25<\/td><\/tr><tr><td>R\u00e9publique centrafricaine<\/td><td>24<\/td><\/tr><tr><td>Nig\u00e9ria<\/td><td>20<\/td><\/tr><tr><td>Vietnam<\/td><td>19<\/td><\/tr><\/tbody><\/table><\/figure>\n<\/div>\n\n\n\n<p>Bien que 4 457 langues aient une traduction de la Bible \u00ab en cours \u00bb, cela ne signifie pas toujours que les gens ont d\u00e9j\u00e0 acc\u00e8s aux \u00c9critures. En fait, 1 712 langues de la liste des traductions en cours n&rsquo;ont encore aucun verset traduit. La multitude de nouveaux projets lanc\u00e9s ces derni\u00e8res ann\u00e9es signifie que certains en sont encore au stade de l&rsquo;organisation.<\/p>\n\n\n\n<p>Aucune statistique sur la population mondiale ou la traduction de la Bible n&rsquo;est jamais exacte. Les populations changent constamment, les langues tombent en d\u00e9su\u00e9tude et la fiabilit\u00e9 des donn\u00e9es peut varier en fonction de facteurs tels que les guerres, les pers\u00e9cutions et les migrations humaines. N\u00e9anmoins, ProgressBible fournit les meilleurs chiffres disponibles. C&rsquo;est pourquoi l&rsquo;Alliance a r\u00e9duit ses propres calculs annuels et renvoie toute personne int\u00e9ress\u00e9e vers les nombreuses statistiques de ProgressBible. Le Snapshot mensuel fournit les informations les plus r\u00e9centes.<\/p>\n\n\n\n<h2 class=\"wp-block-heading\"><strong>Nombre d&rsquo;utilisateurs connus&nbsp;:&nbsp;<\/strong>7,77 milliards*<\/h2>\n\n\n\n<p>* La population mondiale \u00e0 la fin de l&rsquo;ann\u00e9e 2025 est estim\u00e9e \u00e0&nbsp;<a href=\"https:\/\/www.unfpa.org\/data\/world-population-dashboard\">8.2 milliards<\/a>&nbsp;d\u2019habitants. Cependant, les statistiques sur les utilisateurs de langues ont tendance \u00e0 \u00eatre en retard sur les statistiques d\u00e9mographiques r\u00e9elles en raison des difficult\u00e9s de collecte et de mise \u00e0 jour des informations. Selon les derni\u00e8res informations disponibles dans&nbsp;l&rsquo;<a href=\"https:\/\/www.ethnologue.com\/#population\">Ethnologue<\/a>&nbsp;de SIL, 7,45 milliards de personnes utilisent les 7 396 langues connues dans le monde. Pour des raisons de concordance statistique, les pourcentages utilis\u00e9s ici sont bas\u00e9s sur les chiffres de l\u2019Ethnologue.&nbsp;<\/p>\n\n\n\n<hr class=\"wp-block-separator has-alpha-channel-opacity\"\/>\n\n\n\n<p><\/p>\n\n\n\n<p><em>**Wycliffe Bible Translators International est d\u00e9sormais connue sous le nom de Wycliffe Global Alliance, mais en 1999, seules une quarantaine d&rsquo;organisations \u00e9taient repr\u00e9sent\u00e9es lors de l&rsquo;adoption de Vision 2025. Aujourd&rsquo;hui, l&rsquo;Alliance compte plus de 100 organisations dans le monde entier.<\/em><\/p>\n\n\n\n<hr class=\"wp-block-separator has-alpha-channel-opacity\"\/>\n\n\n\n<p><\/p>\n\n\n\n<p>ProgressBible met \u00e0 jour ses statistiques sur l&rsquo;acc\u00e8s aux \u00c9critures chaque mois. Pour plus d&rsquo;informations, de statistiques et de donn\u00e9es, contactez ProgressBible :<\/p>\n\n\n\n<ul class=\"wp-block-list\">\n<li>T\u00e9l\u00e9chargez notre infographie 2025 (ci-dessus) : <a href=\"https:\/\/www.wycliffe.net\/wp-content\/uploads\/2025\/08\/2025-WGA-statistics-small-Infographic-English-scaled.jpg\">JPG<\/a> | <a href=\"https:\/\/www.wycliffe.net\/wp-content\/uploads\/2025\/08\/2025-WGA-statistics-small-Infographic-English.pdf\">PDF<\/a><\/li>\n\n\n\n<li><a href=\"#Rapport-2024\">Statistiques 2024<\/a><\/li>\n<\/ul>\n\n\n\n<ul class=\"wp-block-list\">\n<li>E-mail : <a href=\"mailto:progress-bible@sil.org\">progress-bible@sil.org<\/a><\/li>\n\n\n\n<li>Site web : <a href=\"https:\/\/progress.bible\/data\/\">https:\/\/progress.bible\/<\/a><\/li>\n<\/ul>\n\n\n\n<p><a href=\"https:\/\/open.spotify.com\/episode\/5fi8qs7wZB9pAzy4efRWch?go=1&amp;sp_cid=4cd21cc13e13e2c996343a9764d98828&amp;utm_source=embed_player_p&amp;utm_medium=desktop&amp;nd=1&amp;dlsi=bd932c37ad8e4f47\">Podcast The Journey :<\/a> \u00c0 partir de 2024, une conversation sur la mani\u00e8re dont les statistiques sur la traduction de la Bible sont recueillies, rapport\u00e9es et interpr\u00e9t\u00e9es.<\/p>\n\n\n\n<p><\/p>\n\n\n\n<hr class=\"wp-block-separator has-alpha-channel-opacity\"\/>\n\n\n\n<p><\/p>\n\n\n\n<p><\/p>\n\n\n\n<p id=\"Rapport-2024\"><strong>Rapport 2024<\/strong><\/p>\n\n\n\n<h1 class=\"wp-block-heading\">Acc\u00e8s mondial aux \u00c9critures en 2024<\/h1>\n\n\n\n<figure class=\"wp-block-image size-full\"><img loading=\"lazy\" decoding=\"async\" width=\"2040\" height=\"1106\" src=\"http:\/\/wycliffe.net\/wp-content\/uploads\/2025\/10\/2024_infographic_small_FR.png\" alt=\"\" class=\"wp-image-7880\" srcset=\"https:\/\/wycliffe.net\/wp-content\/uploads\/2025\/10\/2024_infographic_small_FR.png 2040w, https:\/\/wycliffe.net\/wp-content\/uploads\/2025\/10\/2024_infographic_small_FR-300x163.png 300w\" sizes=\"auto, (max-width: 2040px) 100vw, 2040px\" \/><\/figure>\n\n\n\n<h2 class=\"wp-block-heading\"><strong>Nombre total de langues dans le monde : 7 396<\/strong><\/h2>\n\n\n\n<h2 class=\"wp-block-heading\"><strong>Nombre d&rsquo;utilisateurs connus : 7,45 milliards*<\/strong><\/h2>\n\n\n\n<p><strong>*<\/strong>La population mondiale est estim\u00e9e \u00e0 <a href=\"https:\/\/www.unfpa.org\/data\/world-population-dashboard\">8,12 milliards<\/a>. Cependant, les statistiques sur les utilisateurs de langues ont tendance \u00e0 \u00eatre en retard par rapport aux statistiques d\u00e9mographiques r\u00e9elles en raison des difficult\u00e9s rencontr\u00e9es pour collecter et mettre \u00e0 jour les informations. Selon les informations les plus r\u00e9centes disponibles dans l&rsquo;<a href=\"https:\/\/www.ethnologue.com\/\">Ethnologue<\/a> du SIL, 7,45 milliards de personnes utilisent les 7 396 langues connues dans le monde. Pour des raisons de coh\u00e9rence statistique, les pourcentages utilis\u00e9s ici sont bas\u00e9s sur les chiffres de population de l&rsquo;Ethnologue. Ainsi, les pourcentages de la population mondiale sont donn\u00e9s sous la forme \u00ab jusqu&rsquo;\u00e0&#8230; \u00bb plut\u00f4t que sous la forme d&rsquo;un chiffre exact.<\/p>\n\n\n\n<h2 class=\"wp-block-heading\"><strong>Langues et peuples disposant des \u00c9critures<\/strong><\/h2>\n\n\n\n<figure class=\"wp-block-image size-large\"><img loading=\"lazy\" decoding=\"async\" width=\"1024\" height=\"894\" src=\"http:\/\/wycliffe.net\/wp-content\/uploads\/2025\/10\/2024_LangsPeoplewithScripture_FR_1-1024x894.png\" alt=\"\" class=\"wp-image-7886\" srcset=\"https:\/\/wycliffe.net\/wp-content\/uploads\/2025\/10\/2024_LangsPeoplewithScripture_FR_1-1024x894.png 1024w, https:\/\/wycliffe.net\/wp-content\/uploads\/2025\/10\/2024_LangsPeoplewithScripture_FR_1-300x262.png 300w, https:\/\/wycliffe.net\/wp-content\/uploads\/2025\/10\/2024_LangsPeoplewithScripture_FR_1-768x671.png 768w, https:\/\/wycliffe.net\/wp-content\/uploads\/2025\/10\/2024_LangsPeoplewithScripture_FR_1-1536x1341.png 1536w, https:\/\/wycliffe.net\/wp-content\/uploads\/2025\/10\/2024_LangsPeoplewithScripture_FR_1.png 1546w\" sizes=\"auto, (max-width: 1024px) 100vw, 1024px\" \/><\/figure>\n\n\n\n<h2 class=\"wp-block-heading\"><strong>Statut d&rsquo;acc\u00e8s aux \u00c9critures<\/strong><\/h2>\n\n\n\n<figure class=\"wp-block-image size-large\"><img loading=\"lazy\" decoding=\"async\" width=\"1024\" height=\"945\" src=\"http:\/\/wycliffe.net\/wp-content\/uploads\/2025\/10\/2024_ScriptureAccessStatus_FR_2-1024x945.png\" alt=\"\" class=\"wp-image-7899\" srcset=\"https:\/\/wycliffe.net\/wp-content\/uploads\/2025\/10\/2024_ScriptureAccessStatus_FR_2-1024x945.png 1024w, https:\/\/wycliffe.net\/wp-content\/uploads\/2025\/10\/2024_ScriptureAccessStatus_FR_2-300x277.png 300w, https:\/\/wycliffe.net\/wp-content\/uploads\/2025\/10\/2024_ScriptureAccessStatus_FR_2-768x708.png 768w, https:\/\/wycliffe.net\/wp-content\/uploads\/2025\/10\/2024_ScriptureAccessStatus_FR_2.png 1522w\" sizes=\"auto, (max-width: 1024px) 100vw, 1024px\" \/><\/figure>\n\n\n\n<p>**Dans la plupart des cas, les peuples utilisent une autre langue qui dispose d\u00e9j\u00e0 d&rsquo;au moins une partie des \u00c9critures. Parfois, leur langue maternelle est en train de dispara\u00eetre compl\u00e8tement. La r\u00e9alit\u00e9 est souvent plus complexe.<\/p>\n\n\n\n<h2 class=\"wp-block-heading\"><strong>Traduction de la Bible en cours<\/strong><\/h2>\n\n\n\n<p>La traduction de la Bible est actuellement en cours dans 3 526 langues dans 173 pays. Ces langues et ces chiffres sont int\u00e9gr\u00e9s dans les cat\u00e9gories \u00ab Au moins une partie des \u00c9critures \u00bb et \u00ab Travail initial en cours \u00bb. Ce travail actuel touche 1,26 milliard de personnes, soit environ 16,9 % de tous les utilisateurs de langues. Ce chiffre n&rsquo;inclut pas les personnes qui disposent d\u00e9j\u00e0 d&rsquo;une Bible compl\u00e8te mais qui mettent \u00e0 jour leurs traductions existantes.<\/p>\n\n\n\n<h2 class=\"wp-block-heading\"><strong>Besoin de commencer la traduction de la Bible<\/strong><\/h2>\n\n\n\n<figure class=\"wp-block-image size-large\"><img loading=\"lazy\" decoding=\"async\" width=\"1024\" height=\"712\" src=\"http:\/\/wycliffe.net\/wp-content\/uploads\/2025\/10\/2024_NeedBTtoStart_FR_2-1024x712.png\" alt=\"\" class=\"wp-image-7893\" srcset=\"https:\/\/wycliffe.net\/wp-content\/uploads\/2025\/10\/2024_NeedBTtoStart_FR_2-1024x712.png 1024w, https:\/\/wycliffe.net\/wp-content\/uploads\/2025\/10\/2024_NeedBTtoStart_FR_2-300x209.png 300w, https:\/\/wycliffe.net\/wp-content\/uploads\/2025\/10\/2024_NeedBTtoStart_FR_2-768x534.png 768w, https:\/\/wycliffe.net\/wp-content\/uploads\/2025\/10\/2024_NeedBTtoStart_FR_2.png 1512w\" sizes=\"auto, (max-width: 1024px) 100vw, 1024px\" \/><\/figure>\n\n\n\n<h2 class=\"wp-block-heading\"><strong>Aper\u00e7u de l&rsquo;implication de l&rsquo;Alliance mondiale Wycliffe, 2024<\/strong><\/h2>\n\n\n\n<ul class=\"wp-block-list\">\n<li>Les organisations de l&rsquo;Alliance travaillent dans au moins 3 146 langues.<\/li>\n\n\n\n<li>Alliance sont impliqu\u00e9es dans des travaux dans au moins 146 pays.<\/li>\n<\/ul>\n\n\n\n<h2 class=\"wp-block-heading\"><strong>Aper\u00e7u historique de Wycliffe Global Alliance<\/strong><\/h2>\n\n\n\n<ul class=\"wp-block-list\">\n<li>Au cours de leur histoire, les organisations de l&rsquo;Alliance ont travaill\u00e9 avec au moins 1 895 communaut\u00e9s linguistiques dans lesquelles il existe d\u00e9sormais un Nouveau Testament ou une Bible.***<\/li>\n\n\n\n<li>Au cours de leur histoire, les organisations de l&rsquo;Alliance ont particip\u00e9 \u00e0 la traduction de parties des \u00c9critures dans 871 langues suppl\u00e9mentaires.<\/li>\n<\/ul>\n\n\n\n<p>***Cela comprend l&rsquo;aide \u00e0 la traduction initiale et \u00e0 la formation, la fourniture d&rsquo;une aide et d&rsquo;un financement en mati\u00e8re de conseil, ainsi que la participation \u00e0 des activit\u00e9s d&rsquo;engagement biblique et \u00e0 des r\u00e9visions de traduction.<\/p>\n\n\n\n<h2 class=\"wp-block-heading\"><strong>Les statistiques sont rarement aussi simples que les chiffres le laissent entendre<\/strong><\/h2>\n\n\n\n<p>M\u00eame si nous nous effor\u00e7ons de fournir un aper\u00e7u pr\u00e9cis, les statistiques sur l&rsquo;acc\u00e8s aux \u00c9critures sont complexes. Par exemple, d\u00e9terminer les besoins en mati\u00e8re de traduction n&rsquo;est pas aussi simple que de d\u00e9terminer quelles langues ont ou n&rsquo;ont pas les \u00c9critures. La plupart des langues qui ont \u00ab une partie des \u00c9critures \u00bb ont besoin de plus, et m\u00eame les Bibles compl\u00e8tes font souvent l&rsquo;objet de r\u00e9visions. De plus, les comparaisons avec les statistiques annuelles pr\u00e9c\u00e9dentes sont difficiles et parfois inutiles, car les d\u00e9finitions des donn\u00e9es et les m\u00e9thodes de collecte s&rsquo;am\u00e9liorent.<\/p>\n\n\n\n<h2 class=\"wp-block-heading\"><strong>Une meilleure fa\u00e7on de mesurer les progr\u00e8s de la traduction de la Bible<\/strong><\/h2>\n\n\n\n<p>Les statistiques offrent un moyen de mesurer les progr\u00e8s r\u00e9alis\u00e9s dans la traduction de la Bible \u00e0 l&rsquo;\u00e9chelle mondiale. Les v\u00e9ritables t\u00e9moignages se trouvent dans les vies et les communaut\u00e9s transform\u00e9es lorsque les gens rencontrent Dieu \u00e0 travers sa Parole et que l&rsquo;\u00c9glise mondiale progresse vers une plus grande unit\u00e9 en Christ.<\/p>\n\n\n\n<p>Les organisations de l&rsquo;Alliance continuent d&rsquo;explorer d&rsquo;autres indicateurs importants de progr\u00e8s, tels que :<\/p>\n\n\n\n<ul class=\"wp-block-list\">\n<li>Comment les communaut\u00e9s linguistiques vivent-elles l&rsquo;impact transformateur des \u00c9critures ?<\/li>\n\n\n\n<li>Les \u00c9glises prennent-elles de plus en plus l&rsquo;initiative dans le travail de traduction de la Bible ?<\/li>\n\n\n\n<li>Les \u00c9glises, les communaut\u00e9s et les organisations collaborent-elles plus efficacement pour mener \u00e0 bien ensemble le travail de traduction ?<\/li>\n<\/ul>\n\n\n\n<p>Pour en savoir plus, consultez : <a href=\"https:\/\/hts.org.za\/index.php\/hts\/article\/view\/5786\/14930\">Une missiologie du progr\u00e8s : \u00c9valuer les avanc\u00e9es du mouvement de traduction de la Bible<\/a> par le Dr Kirk Franklin.<\/p>\n\n\n\n<p><em>Les pr\u00e9sentations de Wycliffe Global Alliance sur les statistiques mondiales d&rsquo;acc\u00e8s aux \u00c9critures sont compil\u00e9es chaque ann\u00e9e \u00e0 partir des donn\u00e9es fournies par <\/em><a href=\"https:\/\/progress.bible\/\"><em>ProgressBible<\/em><\/a><em> par les organisations de l&rsquo;Alliance, SIL International, les Soci\u00e9t\u00e9s bibliques unies et de nombreux autres partenaires. Les donn\u00e9es sont \u00e0 jour au 1er septembre 2024 et sont bas\u00e9es sur les informations les plus r\u00e9centes disponibles concernant les locuteurs natifs dans l&rsquo;<\/em><a href=\"https:\/\/www.ethnologue.com\/\"><em>Ethnologue<\/em><\/a><em>.<\/em><\/p>\n\n\n\n<p><em>D&rsquo;autres articles sur des personnes et des projets sont disponibles sur <\/em><a href=\"http:\/\/www.wycliffe.net\/\"><em>wycliffe.net<\/em><\/a><em> et aupr\u00e8s de l&rsquo;<\/em><a href=\"https:\/\/www.wycliffe.net\/organisations\/\"><em>organisation de l&rsquo;Alliance<\/em><\/a><em> la plus proche de chez vous.<\/em><\/p>\n\n\n\n<p><a href=\"https:\/\/wycliffe.net\/global-scripture-access\/2023-global-scripture-access\/\">Acc\u00e8s mondial aux \u00c9critures en 2023<\/a><\/p>\n","protected":false},"excerpt":{"rendered":"<p>Acc\u00e8s mondial aux \u00c9critures en 2025 Remarque : depuis 2025, l&rsquo;Alliance publie un r\u00e9sum\u00e9 annuel abr\u00e9g\u00e9 des derni\u00e8res statistiques sur l&rsquo;acc\u00e8s aux \u00c9critures. Pour en savoir plus, consultez le site&#8230;<\/p>\n","protected":false},"author":5,"featured_media":0,"parent":0,"menu_order":0,"comment_status":"closed","ping_status":"closed","template":"","meta":{"give_campaign_id":0,"_kadence_starter_templates_imported_post":false,"_kad_post_transparent":"","_kad_post_title":"","_kad_post_layout":"","_kad_post_sidebar_id":"","_kad_post_content_style":"","_kad_post_vertical_padding":"","_kad_post_feature":"","_kad_post_feature_position":"","_kad_post_header":false,"_kad_post_footer":false,"footnotes":""},"categories":[242],"tags":[],"class_list":["post-6985","page","type-page","status-publish","hentry","category-statistics-fr"],"campaignId":"","_links":{"self":[{"href":"https:\/\/wycliffe.net\/fr\/wp-json\/wp\/v2\/pages\/6985","targetHints":{"allow":["GET"]}}],"collection":[{"href":"https:\/\/wycliffe.net\/fr\/wp-json\/wp\/v2\/pages"}],"about":[{"href":"https:\/\/wycliffe.net\/fr\/wp-json\/wp\/v2\/types\/page"}],"author":[{"embeddable":true,"href":"https:\/\/wycliffe.net\/fr\/wp-json\/wp\/v2\/users\/5"}],"replies":[{"embeddable":true,"href":"https:\/\/wycliffe.net\/fr\/wp-json\/wp\/v2\/comments?post=6985"}],"version-history":[{"count":7,"href":"https:\/\/wycliffe.net\/fr\/wp-json\/wp\/v2\/pages\/6985\/revisions"}],"predecessor-version":[{"id":8270,"href":"https:\/\/wycliffe.net\/fr\/wp-json\/wp\/v2\/pages\/6985\/revisions\/8270"}],"wp:attachment":[{"href":"https:\/\/wycliffe.net\/fr\/wp-json\/wp\/v2\/media?parent=6985"}],"wp:term":[{"taxonomy":"category","embeddable":true,"href":"https:\/\/wycliffe.net\/fr\/wp-json\/wp\/v2\/categories?post=6985"},{"taxonomy":"post_tag","embeddable":true,"href":"https:\/\/wycliffe.net\/fr\/wp-json\/wp\/v2\/tags?post=6985"}],"curies":[{"name":"wp","href":"https:\/\/api.w.org\/{rel}","templated":true}]}}