{"id":6972,"date":"2025-08-15T20:48:19","date_gmt":"2025-08-15T18:48:19","guid":{"rendered":"https:\/\/wycliffe.net\/?page_id=6972"},"modified":"2025-11-12T00:03:29","modified_gmt":"2025-11-11T23:03:29","slug":"comment-trouver-des-bibles-et-des-ressources-bibliques","status":"publish","type":"page","link":"https:\/\/wycliffe.net\/fr\/comment-trouver-des-bibles-et-des-ressources-bibliques\/","title":{"rendered":"Comment trouver des Bibles et des ressources bibliques"},"content":{"rendered":"\n<h2 class=\"wp-block-heading\"><strong>Comment trouver des Bibles et des ressources bibliques<\/strong><\/h2>\n\n\n\n<p>Mis \u00e0 jour en septembre 2025<\/p>\n\n\n\n<p>La Bible a \u00e9t\u00e9 traduite dans plus de 4 000 langues. Pour certaines personnes, cela signifie une Bible compl\u00e8te, pour d&rsquo;autres, le Nouveau Testament, et pour d&rsquo;autres encore, des passages et des r\u00e9cits bibliques. Outre les versions \u00e9crites (imprim\u00e9es et num\u00e9riques), il existe un certain nombre de produits connexes, notamment des vid\u00e9os et des enregistrements audio. Les nouvelles techniques de traduction orale de la Bible permettent \u00e9galement \u00e0 certaines langues de contourner la traduction \u00e9crite. Il existe plusieurs ressources en ligne qui peuvent \u00eatre utilis\u00e9es pour trouver des produits bibliques dans diff\u00e9rentes langues. Que vous recherchiez des formats imprim\u00e9s ou num\u00e9riques, des versions audio ou des vid\u00e9os, si elles sont disponibles, vous les trouverez probablement gr\u00e2ce \u00e0 l&rsquo;une des ressources ci-dessous.<\/p>\n\n\n\n<h1 class=\"wp-block-heading\"><strong>Outils de recherche biblique<\/strong><\/h1>\n\n\n\n<p>Un bon point de d\u00e9part est <a href=\"https:\/\/find.bible\/\">Find.Bible<\/a> ou <a href=\"http:\/\/scriptureearth.org\/\">ScriptureEarth.org<\/a>. Ces deux sites servent de r\u00e9pertoires de recherche qui fournissent des liens vers des sources externes (en ligne ou imprim\u00e9es \u00e0 la demande), tout en \u00e9tant eux-m\u00eames des sources de textes bibliques en ligne ou t\u00e9l\u00e9chargeables (texte et audio\/vid\u00e9o). ScriptureEarth.org et Find.Bible peuvent \u00eatre consult\u00e9s par pays ou par nom de langue, et incluent des noms alternatifs pour de nombreuses langues.<\/p>\n\n\n\n<ul class=\"wp-block-list\"><\/ul>\n\n\n\n<div class=\"wp-block-media-text is-stacked-on-mobile\"><figure class=\"wp-block-media-text__media\"><img loading=\"lazy\" decoding=\"async\" width=\"564\" height=\"114\" src=\"http:\/\/wycliffe.net\/wp-content\/uploads\/2025\/10\/Scripture-Earth.png\" alt=\"\" class=\"wp-image-6874 size-full\" srcset=\"https:\/\/wycliffe.net\/wp-content\/uploads\/2025\/10\/Scripture-Earth.png 564w, https:\/\/wycliffe.net\/wp-content\/uploads\/2025\/10\/Scripture-Earth-300x61.png 300w\" sizes=\"auto, (max-width: 564px) 100vw, 564px\" \/><\/figure><div class=\"wp-block-media-text__content\">\n<p><a href=\"http:\/\/scriptureearth.org\/\">ScriptureEarth.org<\/a> fournit des liens vers des \u00c9critures imprim\u00e9es, audio et vid\u00e9o disponibles en ligne. Il met \u00e9galement \u00e0 disposition un grand nombre d&rsquo;\u00c9critures en langues minoritaires dans divers formats, tels que pdf et modules, \u00e0 utiliser dans certains logiciels d&rsquo;\u00e9tude biblique, ainsi que des liens vers des applications individuelles. Ces derni\u00e8res ont l&rsquo;avantage d&rsquo;\u00eatre plus faciles \u00e0 copier d&rsquo;un t\u00e9l\u00e9phone \u00e0 l&rsquo;autre dans les r\u00e9gions o\u00f9 l&rsquo;acc\u00e8s \u00e0 Internet est difficile.<\/p>\n<\/div><\/div>\n\n\n\n<div class=\"wp-block-media-text is-stacked-on-mobile\" style=\"grid-template-columns:33% auto\"><figure class=\"wp-block-media-text__media\"><img loading=\"lazy\" decoding=\"async\" width=\"393\" height=\"222\" src=\"http:\/\/wycliffe.net\/wp-content\/uploads\/2025\/10\/Find-a-Bible.png\" alt=\"\" class=\"wp-image-6844 size-full\" srcset=\"https:\/\/wycliffe.net\/wp-content\/uploads\/2025\/10\/Find-a-Bible.png 393w, https:\/\/wycliffe.net\/wp-content\/uploads\/2025\/10\/Find-a-Bible-300x169.png 300w\" sizes=\"auto, (max-width: 393px) 100vw, 393px\" \/><\/figure><div class=\"wp-block-media-text__content\">\n<p>Find-a-Bible (<a href=\"https:\/\/find.bible\/\">Find.Bible<\/a>), parrain\u00e9 par le <a href=\"https:\/\/forum-intl.org\/\">Forum of Bible Agencies International<\/a> et g\u00e9r\u00e9 par la <a href=\"https:\/\/dbs.org\/\">Digital Bible Society<\/a>, r\u00e9pertorie les principales sources des \u00c9critures dans la plupart des langues dans lesquelles les \u00c9critures sont disponibles sous forme num\u00e9rique. (Les formats comprennent : pdf t\u00e9l\u00e9chargeable, liens vers des versions en ligne ou imprim\u00e9es \u00e0 la demande, versions audio ou vid\u00e9o des \u00c9critures).<\/p>\n<\/div><\/div>\n\n\n\n<ul class=\"wp-block-list\"><\/ul>\n\n\n\n<h1 class=\"wp-block-heading\"><strong>Trouver des exemplaires imprim\u00e9s des \u00c9critures<\/strong><\/h1>\n\n\n\n<p>La plupart des organisations de l&rsquo;Alliance ne vendent pas de Bibles, mais elles peuvent disposer d&rsquo;informations sur les sources disponibles dans leur propre pays. Les \u00c9critures imprim\u00e9es sont g\u00e9n\u00e9ralement disponibles aupr\u00e8s des <a href=\"https:\/\/www.unitedbiblesocieties.org\/bible-societies\/\">soci\u00e9t\u00e9s bibliques<\/a> et des librairies en ligne. Certaines traductions sont disponibles en impression \u00e0 la demande et peuvent \u00eatre trouv\u00e9es en effectuant une recherche sur <a href=\"http:\/\/scriptureearth.org\/\">ScriptureEarth.org<\/a> ou <a href=\"https:\/\/find.bible\/\">Find.Bible<\/a>.<\/p>\n\n\n\n<p>De plus en plus de versions des \u00c9critures sont disponibles sous forme num\u00e9rique, soit en effectuant une recherche en ligne, soit via des applications. Les versions num\u00e9riques comprennent presque toujours des informations d\u00e9taill\u00e9es sur l&rsquo;\u00e9diteur et l&rsquo;auteur ou le d\u00e9tenteur des droits d&rsquo;auteur, ce qui vous permet de rechercher des exemplaires imprim\u00e9s disponibles \u00e0 l&rsquo;achat dans votre r\u00e9gion ou pouvant \u00eatre command\u00e9s en ligne.<\/p>\n\n\n\n<h1 class=\"wp-block-heading\"><strong>\u00c9critures en ligne<\/strong><\/h1>\n\n\n\n<p>La plupart des langues pour lesquelles les \u00c9critures sont disponibles sous forme num\u00e9rique peuvent \u00eatre trouv\u00e9es sur un ou plusieurs de ces sites :<\/p>\n\n\n\n<div class=\"wp-block-media-text is-stacked-on-mobile\" style=\"grid-template-columns:30% auto\"><figure class=\"wp-block-media-text__media\"><img loading=\"lazy\" decoding=\"async\" width=\"564\" height=\"200\" src=\"http:\/\/wycliffe.net\/wp-content\/uploads\/2025\/10\/Bible.is_.png\" alt=\"\" class=\"wp-image-6832 size-full\" srcset=\"https:\/\/wycliffe.net\/wp-content\/uploads\/2025\/10\/Bible.is_.png 564w, https:\/\/wycliffe.net\/wp-content\/uploads\/2025\/10\/Bible.is_-300x106.png 300w\" sizes=\"auto, (max-width: 564px) 100vw, 564px\" \/><\/figure><div class=\"wp-block-media-text__content\">\n<p><a href=\"http:\/\/bible.is\/\">Bible.is<\/a>, un minist\u00e8re de <a href=\"https:\/\/www.faithcomesbyhearing.com\/\">Faith Comes By Hearing<\/a>, est accessible en ligne ou via l&rsquo;application. Bible.is combine le texte des \u00c9critures avec des enregistrements audio dans plus de 2 400 langues. En outre, en partenariat avec <a href=\"https:\/\/www.lumoproject.com\/\">LUMO<\/a>, Bible.is fournit du contenu vid\u00e9o des quatre \u00c9vangiles, afin que les lecteurs puissent lire, entendre et voir une dramatisation visuelle de Matthieu, Marc, Luc et Jean.<\/p>\n<\/div><\/div>\n\n\n\n<ul class=\"wp-block-list\"><\/ul>\n\n\n\n<div class=\"wp-block-media-text is-stacked-on-mobile\" style=\"grid-template-columns:15% auto\"><figure class=\"wp-block-media-text__media\"><img loading=\"lazy\" decoding=\"async\" width=\"218\" height=\"218\" src=\"http:\/\/wycliffe.net\/wp-content\/uploads\/2025\/10\/YouVersion.png\" alt=\"\" class=\"wp-image-6880 size-full\" srcset=\"https:\/\/wycliffe.net\/wp-content\/uploads\/2025\/10\/YouVersion.png 218w, https:\/\/wycliffe.net\/wp-content\/uploads\/2025\/10\/YouVersion-150x150.png 150w\" sizes=\"auto, (max-width: 218px) 100vw, 218px\" \/><\/figure><div class=\"wp-block-media-text__content\">\n<p>L&rsquo;application <a href=\"https:\/\/www.youversion.com\/the-bible-app\/\">Bible app<\/a> de YouVersion (\u00e9galement disponible sur <a href=\"http:\/\/www.bible.com\/\">Bible.com<\/a>) propose plus de 3 600 versions dans pr\u00e8s de 2 400 langues. De nombreuses versions peuvent \u00eatre t\u00e9l\u00e9charg\u00e9es \u00e0 partir de l&rsquo;application pour une utilisation hors ligne. Le site et l&rsquo;application disposent \u00e9galement de pr\u00e8s de 70 langues d&rsquo;interface.<\/p>\n\n\n\n<p>La plupart des langues dans lesquelles les \u00c9critures sont disponibles sous forme num\u00e9rique sont disponibles sur ces deux sites, mais pour l&rsquo;instant, certaines sont encore disponibles sur l&rsquo;un et pas sur l&rsquo;autre.<\/p>\n<\/div><\/div>\n\n\n\n<ul class=\"wp-block-list\"><\/ul>\n\n\n\n<div class=\"wp-block-media-text is-stacked-on-mobile\" style=\"grid-template-columns:39% auto\"><figure class=\"wp-block-media-text__media\"><img loading=\"lazy\" decoding=\"async\" width=\"627\" height=\"143\" src=\"http:\/\/wycliffe.net\/wp-content\/uploads\/2025\/10\/Global-Bible.png\" alt=\"\" class=\"wp-image-6850 size-full\" srcset=\"https:\/\/wycliffe.net\/wp-content\/uploads\/2025\/10\/Global-Bible.png 627w, https:\/\/wycliffe.net\/wp-content\/uploads\/2025\/10\/Global-Bible-300x68.png 300w\" sizes=\"auto, (max-width: 627px) 100vw, 627px\" \/><\/figure><div class=\"wp-block-media-text__content\">\n<p><a href=\"https:\/\/global.bible\/\">Global.bible<\/a> est une collection de plus de 1 000 sites individuels consacr\u00e9s aux \u00c9critures provenant du monde entier et soutenus par l&rsquo;<a href=\"https:\/\/www.americanbible.org\/\">American Bible Society<\/a>.<\/p>\n<\/div><\/div>\n\n\n\n<ul class=\"wp-block-list\"><\/ul>\n\n\n\n<h1 class=\"wp-block-heading\"><strong>Vid\u00e9os et \u00c9critures pour les sourds<\/strong><\/h1>\n\n\n\n<div class=\"wp-block-media-text is-stacked-on-mobile\" style=\"grid-template-columns:35% auto\"><figure class=\"wp-block-media-text__media\"><img loading=\"lazy\" decoding=\"async\" width=\"579\" height=\"245\" src=\"http:\/\/wycliffe.net\/wp-content\/uploads\/2025\/10\/JesusFilm.png\" alt=\"\" class=\"wp-image-6856 size-full\" srcset=\"https:\/\/wycliffe.net\/wp-content\/uploads\/2025\/10\/JesusFilm.png 579w, https:\/\/wycliffe.net\/wp-content\/uploads\/2025\/10\/JesusFilm-300x127.png 300w\" sizes=\"auto, (max-width: 579px) 100vw, 579px\" \/><\/figure><div class=\"wp-block-media-text__content\">\n<p>Le <a href=\"https:\/\/www.jesusfilm.org\/\"><em>JESUS<\/em> Film<\/a> (bas\u00e9 sur l&rsquo;\u00c9vangile de Luc) a \u00e9t\u00e9 produit dans plus de 2 000 langues. La plupart d&rsquo;entre eux peuvent \u00eatre visionn\u00e9s en ligne sur <a href=\"https:\/\/www.jesusfilm.org\/watch.html\">JesusFilm.org<\/a> ou via l&rsquo;une des applications suivantes : <a href=\"https:\/\/www.jesusfilm.org\/watch.html\">Jesus Film Project app<\/a>, <a href=\"https:\/\/www.youversion.com\/the-bible-app\/\">Bible app<\/a> de YouVersion (ou sur <a href=\"https:\/\/www.bible.com\/videos\">Bible.com<\/a>), ou <a href=\"http:\/\/bible.is\/\">Bible.is<\/a> app de Faith Comes By Hearing. Le Jesus Film Project produit \u00e9galement un nombre croissant d&rsquo;autres produits vid\u00e9o, qui peuvent \u00e9galement \u00eatre visionn\u00e9s en ligne sur <a href=\"https:\/\/www.jesusfilm.org\/watch.html\">JesusFilm.org<\/a> ou sur <a href=\"https:\/\/www.youtube.com\/channel\/UCCtcQHR6-mQHQh6G06IPlDA\">YouTube<\/a>.<\/p>\n<\/div><\/div>\n\n\n\n<ul class=\"wp-block-list\"><\/ul>\n\n\n\n<div class=\"wp-block-media-text is-stacked-on-mobile\" style=\"grid-template-columns:39% auto\"><figure class=\"wp-block-media-text__media\"><img loading=\"lazy\" decoding=\"async\" width=\"564\" height=\"206\" src=\"http:\/\/wycliffe.net\/wp-content\/uploads\/2025\/10\/Lumo.png\" alt=\"\" class=\"wp-image-6862 size-full\" srcset=\"https:\/\/wycliffe.net\/wp-content\/uploads\/2025\/10\/Lumo.png 564w, https:\/\/wycliffe.net\/wp-content\/uploads\/2025\/10\/Lumo-300x110.png 300w\" sizes=\"auto, (max-width: 564px) 100vw, 564px\" \/><\/figure><div class=\"wp-block-media-text__content\">\n<p><a href=\"https:\/\/www.lumoproject.com\/\">LUMO<\/a> propose des adaptations vid\u00e9o des \u00e9vangiles de Matthieu, Marc, Luc et Jean, avec la narration du texte complet de l&rsquo;\u00c9vangile dans plus de 1 500 langues et versions de la Bible. <a href=\"https:\/\/www.faithcomesbyhearing.com\/\">Faith Comes By Hearing<\/a> les double dans des centaines de langues disponibles via <a href=\"http:\/\/bible.is\/\">Bible.is<\/a>, dont beaucoup sont \u00e9galement disponibles sur l&rsquo;<a href=\"https:\/\/www.bible.com\/videos\/\">application Bible<\/a> de YouVersion (ou sur <a href=\"https:\/\/www.bible.com\/videos\">Bible.com<\/a>) et <a href=\"https:\/\/www.youtube.com\/channel\/UCjiDMt6Lm1jYQvSp4BROWVw\/featured\">YouTube<\/a>.<\/p>\n<\/div><\/div>\n\n\n\n<ul class=\"wp-block-list\"><\/ul>\n\n\n\n<div class=\"wp-block-media-text is-stacked-on-mobile\" style=\"grid-template-columns:45% auto\"><figure class=\"wp-block-media-text__media\"><img loading=\"lazy\" decoding=\"async\" width=\"531\" height=\"131\" src=\"http:\/\/wycliffe.net\/wp-content\/uploads\/2025\/10\/DeafBible.png\" alt=\"\" class=\"wp-image-6838 size-full\" srcset=\"https:\/\/wycliffe.net\/wp-content\/uploads\/2025\/10\/DeafBible.png 531w, https:\/\/wycliffe.net\/wp-content\/uploads\/2025\/10\/DeafBible-300x74.png 300w\" sizes=\"auto, (max-width: 531px) 100vw, 531px\" \/><\/figure><div class=\"wp-block-media-text__content\">\n<p><a href=\"https:\/\/deaf.bible\/\">Deaf.Bible<\/a>, l&rsquo;application de langue des signes de la <a href=\"https:\/\/www.deafbiblesociety.com\/\">Deaf Bible Society<\/a>, donne acc\u00e8s aux \u00c9critures en langue des signes dans 72 langues \u00e0 ce jour. T\u00e9l\u00e9chargez l&rsquo;application sur le <a href=\"https:\/\/www.deafbiblesociety.com\/\">site web<\/a> de la Deaf Bible Society ou consultez-la <a href=\"https:\/\/deaf.bible\/\">en ligne<\/a>.<\/p>\n<\/div><\/div>\n\n\n\n<ul class=\"wp-block-list\"><\/ul>\n\n\n\n<h1 class=\"wp-block-heading\"><strong>Ressources suppl\u00e9mentaires<\/strong><\/h1>\n\n\n\n<div class=\"wp-block-media-text is-stacked-on-mobile\" style=\"grid-template-columns:35% auto\"><figure class=\"wp-block-media-text__media\"><img loading=\"lazy\" decoding=\"async\" width=\"393\" height=\"254\" src=\"http:\/\/wycliffe.net\/wp-content\/uploads\/2025\/10\/New-Neighbour-Bible.png\" alt=\"\" class=\"wp-image-6868 size-full\" srcset=\"https:\/\/wycliffe.net\/wp-content\/uploads\/2025\/10\/New-Neighbour-Bible.png 393w, https:\/\/wycliffe.net\/wp-content\/uploads\/2025\/10\/New-Neighbour-Bible-300x194.png 300w\" sizes=\"auto, (max-width: 393px) 100vw, 393px\" \/><\/figure><div class=\"wp-block-media-text__content\">\n<p><a href=\"http:\/\/new-neighbour-bible.org\/\">New-Neighbour-Bible.org<\/a> est con\u00e7u pour aider les \u00e9glises \u00e0 prendre conscience des ressources et des langues parl\u00e9es par les r\u00e9fugi\u00e9s et autres \u00ab nouveaux voisins \u00bb. Il contient moins de langues que les r\u00e9pertoires plus importants, mais fournit davantage d&rsquo;informations sur ces langues et des liens vers un plus large \u00e9ventail de ressources. Il est actuellement disponible en anglais, fran\u00e7ais, allemand et italien.<\/p>\n<\/div><\/div>\n\n\n\n<h1 class=\"wp-block-heading\"><strong>Que faire si vous ne trouvez pas les \u00c9critures en ligne dans une langue particuli\u00e8re<\/strong><\/h1>\n\n\n\n<ul class=\"wp-block-list\">\n<li><strong>Continuez \u00e0 chercher.<\/strong> Elles sont peut-\u00eatre disponibles sous un autre nom ou avec une orthographe diff\u00e9rente. Vous pouvez \u00e9galement vous renseigner aupr\u00e8s de votre <a href=\"https:\/\/www.unitedbiblesocieties.org\/bible-societies\/\">soci\u00e9t\u00e9 biblique<\/a> locale ou de l&rsquo;<a href=\"https:\/\/www.wycliffe.net\/organisations\/\">organisation Wycliffe Global Alliance<\/a>.<\/li>\n\n\n\n<li><strong>Elles ne sont peut-\u00eatre pas encore en ligne.<\/strong> Dans environ 90 % des langues pour lesquelles il existe une Bible compl\u00e8te ou un Nouveau Testament, ces traductions (ou au moins certains livres) sont disponibles en ligne. Le pourcentage est plus faible pour les langues pour lesquelles seules certaines parties existent, mais cela est en train de changer. Les agences de traduction et les \u00e9diteurs travaillent d&rsquo;arrache-pied pour mettre en ligne davantage de versions existantes des \u00c9critures. Dans certains cas, les versions plus anciennes n&rsquo;existent qu&rsquo;en version imprim\u00e9e et des b\u00e9n\u00e9voles sont n\u00e9cessaires pour les retaper et les pr\u00e9parer en vue de leur publication sous forme num\u00e9rique.<\/li>\n\n\n\n<li><strong>Il existe encore de nombreuses langues pour lesquelles la traduction est en cours ou n&rsquo;a pas encore commenc\u00e9.<\/strong> Vous pourriez jouer un r\u00f4le cl\u00e9 dans la r\u00e9alisation de cette traduction, soit en faisant partie de l&rsquo;\u00e9quipe de traduction, soit en vous associant \u00e0 ce projet par la pri\u00e8re, le financement ou le partage de la vision de la traduction avec les \u00e9glises. Vous pouvez \u00e9galement pr\u00e9parer le terrain en entrant en contact avec d&rsquo;autres personnes qui attendent avec impatience la traduction. Contactez votre <a href=\"https:\/\/www.wycliffe.net\/organisations\/\">organisation locale de l&rsquo;Alliance<\/a> pour savoir comment vous impliquer.<\/li>\n<\/ul>\n\n\n\n<p><em>Merci \u00e0 Peter Brassington de <\/em><a href=\"https:\/\/www.sil.org\/\"><em>SIL International<\/em><\/a><em> pour sa contribution \u00e0 cet article.<\/em><\/p>\n","protected":false},"excerpt":{"rendered":"<p>Comment trouver des Bibles et des ressources bibliques Mis \u00e0 jour en septembre 2025 La Bible a \u00e9t\u00e9 traduite dans plus de 4 000 langues. Pour certaines personnes, cela signifie&#8230;<\/p>\n","protected":false},"author":5,"featured_media":0,"parent":0,"menu_order":0,"comment_status":"closed","ping_status":"closed","template":"","meta":{"give_campaign_id":0,"_kadence_starter_templates_imported_post":false,"_kad_post_transparent":"","_kad_post_title":"","_kad_post_layout":"","_kad_post_sidebar_id":"","_kad_post_content_style":"","_kad_post_vertical_padding":"","_kad_post_feature":"","_kad_post_feature_position":"","_kad_post_header":false,"_kad_post_footer":false,"footnotes":""},"categories":[],"tags":[],"class_list":["post-6972","page","type-page","status-publish","hentry"],"campaignId":"","_links":{"self":[{"href":"https:\/\/wycliffe.net\/fr\/wp-json\/wp\/v2\/pages\/6972","targetHints":{"allow":["GET"]}}],"collection":[{"href":"https:\/\/wycliffe.net\/fr\/wp-json\/wp\/v2\/pages"}],"about":[{"href":"https:\/\/wycliffe.net\/fr\/wp-json\/wp\/v2\/types\/page"}],"author":[{"embeddable":true,"href":"https:\/\/wycliffe.net\/fr\/wp-json\/wp\/v2\/users\/5"}],"replies":[{"embeddable":true,"href":"https:\/\/wycliffe.net\/fr\/wp-json\/wp\/v2\/comments?post=6972"}],"version-history":[{"count":4,"href":"https:\/\/wycliffe.net\/fr\/wp-json\/wp\/v2\/pages\/6972\/revisions"}],"predecessor-version":[{"id":8371,"href":"https:\/\/wycliffe.net\/fr\/wp-json\/wp\/v2\/pages\/6972\/revisions\/8371"}],"wp:attachment":[{"href":"https:\/\/wycliffe.net\/fr\/wp-json\/wp\/v2\/media?parent=6972"}],"wp:term":[{"taxonomy":"category","embeddable":true,"href":"https:\/\/wycliffe.net\/fr\/wp-json\/wp\/v2\/categories?post=6972"},{"taxonomy":"post_tag","embeddable":true,"href":"https:\/\/wycliffe.net\/fr\/wp-json\/wp\/v2\/tags?post=6972"}],"curies":[{"name":"wp","href":"https:\/\/api.w.org\/{rel}","templated":true}]}}