{"id":6963,"date":"2025-07-15T18:08:13","date_gmt":"2025-07-15T16:08:13","guid":{"rendered":"https:\/\/wycliffe.net\/?page_id=6963"},"modified":"2025-10-06T21:42:56","modified_gmt":"2025-10-06T19:42:56","slug":"courants-de-priere","status":"publish","type":"page","link":"https:\/\/wycliffe.net\/fr\/courants-de-priere\/","title":{"rendered":"Courants de pri\u00e8re"},"content":{"rendered":"\n<h2 class=\"wp-block-heading\"><strong>Courants de pri\u00e8re<\/strong><\/h2>\n\n\n\n<p>Courants de pri\u00e8re est le bulletin hebdomadaire de pri\u00e8re de l&rsquo;Alliance mondiale Wycliffe.<\/p>\n\n\n\n<p>Pour vous abonner, <a href=\"https:\/\/wycliffe.net\/sign-up\/\">cliquez ici<\/a>.<\/p>\n","protected":false},"excerpt":{"rendered":"<p>Courants de pri\u00e8re Courants de pri\u00e8re est le bulletin hebdomadaire de pri\u00e8re de l&rsquo;Alliance mondiale Wycliffe. Pour vous abonner, cliquez ici.<\/p>\n","protected":false},"author":5,"featured_media":0,"parent":0,"menu_order":0,"comment_status":"closed","ping_status":"closed","template":"","meta":{"give_campaign_id":0,"_kadence_starter_templates_imported_post":false,"_kad_post_transparent":"","_kad_post_title":"","_kad_post_layout":"","_kad_post_sidebar_id":"","_kad_post_content_style":"","_kad_post_vertical_padding":"","_kad_post_feature":"","_kad_post_feature_position":"","_kad_post_header":false,"_kad_post_footer":false,"footnotes":""},"categories":[213],"tags":[],"class_list":["post-6963","page","type-page","status-publish","hentry","category-news-fr"],"campaignId":"","_links":{"self":[{"href":"https:\/\/wycliffe.net\/fr\/wp-json\/wp\/v2\/pages\/6963","targetHints":{"allow":["GET"]}}],"collection":[{"href":"https:\/\/wycliffe.net\/fr\/wp-json\/wp\/v2\/pages"}],"about":[{"href":"https:\/\/wycliffe.net\/fr\/wp-json\/wp\/v2\/types\/page"}],"author":[{"embeddable":true,"href":"https:\/\/wycliffe.net\/fr\/wp-json\/wp\/v2\/users\/5"}],"replies":[{"embeddable":true,"href":"https:\/\/wycliffe.net\/fr\/wp-json\/wp\/v2\/comments?post=6963"}],"version-history":[{"count":1,"href":"https:\/\/wycliffe.net\/fr\/wp-json\/wp\/v2\/pages\/6963\/revisions"}],"predecessor-version":[{"id":6964,"href":"https:\/\/wycliffe.net\/fr\/wp-json\/wp\/v2\/pages\/6963\/revisions\/6964"}],"wp:attachment":[{"href":"https:\/\/wycliffe.net\/fr\/wp-json\/wp\/v2\/media?parent=6963"}],"wp:term":[{"taxonomy":"category","embeddable":true,"href":"https:\/\/wycliffe.net\/fr\/wp-json\/wp\/v2\/categories?post=6963"},{"taxonomy":"post_tag","embeddable":true,"href":"https:\/\/wycliffe.net\/fr\/wp-json\/wp\/v2\/tags?post=6963"}],"curies":[{"name":"wp","href":"https:\/\/api.w.org\/{rel}","templated":true}]}}