{"id":6952,"date":"2025-07-15T17:52:04","date_gmt":"2025-07-15T15:52:04","guid":{"rendered":"https:\/\/wycliffe.net\/?page_id=6952"},"modified":"2025-10-06T20:58:47","modified_gmt":"2025-10-06T18:58:47","slug":"the-journey","status":"publish","type":"page","link":"https:\/\/wycliffe.net\/fr\/the-journey\/","title":{"rendered":"The Journey"},"content":{"rendered":"\n<h2 class=\"wp-block-heading\"><strong>The Journey<\/strong><\/h2>\n\n\n\n<p>The Journey est la publication mensuelle de l&rsquo;Alliance mondiale Wycliffe. Les directeurs et pr\u00e9sidents des conseils d&rsquo;administration des organisations membres de l&rsquo;Alliance seront automatiquement ajout\u00e9s \u00e0 la liste de diffusion \u00e0 l&rsquo;aide de l&rsquo;adresse e-mail principale enregistr\u00e9e dans nos fichiers, tandis que les autres membres du personnel et les parties int\u00e9ress\u00e9es sont encourag\u00e9s \u00e0 <a href=\"https:\/\/wycliffe.net\/sign-up\/\">s&rsquo;inscrire en ligne<\/a>.<\/p>\n\n\n\n<h3 class=\"wp-block-heading\">Derniers num\u00e9ros :<\/h3>\n\n\n\n<p><strong>2025<\/strong><\/p>\n\n\n\n<ul class=\"wp-block-list\">\n<li>Septembre 2025 &#8211; R\u00e9cits de traduction orale de la Bible, nouveau site web, nouveau podcast<\/li>\n\n\n\n<li><a href=\"https:\/\/mailchi.mp\/wycliffe.net\/the-journey-14559652\">Ao\u00fbt 2025<\/a> &#8211; Statistiques mondiales sur l&rsquo;acc\u00e8s aux \u00c9critures<\/li>\n\n\n\n<li><a href=\"https:\/\/mailchi.mp\/wycliffe.net\/the-journey-14559155\">Juillet 2025<\/a> &#8211; Actualit\u00e9s des organisations membres de l&rsquo;Alliance \u00e0 travers le monde<\/li>\n\n\n\n<li><a href=\"https:\/\/mailchi.mp\/wycliffe.net\/the-journey-14558718\">Juin 2025<\/a> &#8211; Perspectives sur l&rsquo;IA, la collaboration entre \u00c9glises et le changement strat\u00e9gique<\/li>\n\n\n\n<li><a href=\"https:\/\/mailchi.mp\/wycliffe.net\/the-journey-14558248\">Mai 2025<\/a> &#8211; Dossier sp\u00e9cial : Intelligence artificielle, traduction de la Bible et \u00c9glise<\/li>\n\n\n\n<li><a href=\"https:\/\/mailchi.mp\/wycliffe.net\/the-journey-14557736?e=f7c2b612fe\">Avril 2025<\/a> &#8211; Dossier : comment la formation \u00e0 la traduction de la Bible \u00e9volue et s&rsquo;adapte \u00e0 notre monde toujours plus connect\u00e9<\/li>\n\n\n\n<li><a href=\"https:\/\/mailchi.mp\/wycliffe.net\/the-journey-14557127?e=f7c2b612fe\">Mars 2025<\/a> &#8211; Rapport annuel de la WGA et bilan du rassemblement mondial<\/li>\n\n\n\n<li><a href=\"https:\/\/mailchi.mp\/wycliffe.net\/the-journey-14556506?e=[UNIQID]\">F\u00e9vrier 2025<\/a> &#8211; Perspectives pour 2025 et derni\u00e8res nouvelles de l&rsquo;Alliance<\/li>\n\n\n\n<li><a href=\"https:\/\/mailchi.mp\/wycliffe.net\/the-journey-14556111?e=f7c2b612fe\">Janvier 2025<\/a> &#8211; La traduction linguistique et la mission de Dieu<\/li>\n<\/ul>\n\n\n\n<p><strong>2024<\/strong><\/p>\n\n\n\n<ul class=\"wp-block-list\">\n<li><a href=\"https:\/\/mailchi.mp\/wycliffe.net\/the-journey-14555470?e=[UNIQID]\">D\u00e9cembre 2024<\/a> &#8211; V\u0153ux de No\u00ebl<\/li>\n\n\n\n<li><a href=\"https:\/\/mailchi.mp\/wycliffe.net\/the-journey-14555082?e=[UNIQID]\">Novembre 2024<\/a> &#8211; Bilan du rassemblement mondial<\/li>\n\n\n\n<li><a href=\"https:\/\/mailchi.mp\/wycliffe.net\/the-journey-14554353?e=[UNIQID]\">Octobre 2024<\/a> &#8211; Aper\u00e7u du Global Gathering<\/li>\n\n\n\n<li><a href=\"https:\/\/mailchi.mp\/wycliffe.net\/the-journey-14553990\">Septembre 2024<\/a> &#8211; Statistiques mondiales sur l&rsquo;acc\u00e8s aux \u00c9critures.<\/li>\n\n\n\n<li><a href=\"https:\/\/mailchi.mp\/wycliffe.net\/the-journey-14558902\">Ao\u00fbt 2024<\/a> &#8211; Actualit\u00e9s des organisations de l&rsquo;Alliance.<\/li>\n\n\n\n<li><a href=\"https:\/\/mailchi.mp\/wycliffe.net\/the-journey-13665664?e=[UNIQID]\">Juillet 2024<\/a> &#8211; Rapport de Lausanne, podcast sur l&rsquo;impact de Vision 2025.<\/li>\n\n\n\n<li><a href=\"https:\/\/mailchi.mp\/wycliffe.net\/the-journey-13664184?e=[UNIQID]\">Juin 2024<\/a> &#8211; Traduction de la Bible pour les sourds.<\/li>\n\n\n\n<li><a href=\"https:\/\/mailchi.mp\/wycliffe.net\/the-journey-13662612\">Mai 2024<\/a> &#8211; Aper\u00e7u du Global Gathering<\/li>\n\n\n\n<li><a href=\"https:\/\/mailchi.mp\/wycliffe.net\/the-journey-13660927\">Avril 2024<\/a> &#8211; Conversation mondiale avec les peuples.<\/li>\n\n\n\n<li><a href=\"https:\/\/mailchi.mp\/wycliffe.net\/the-journey-13659047\">Mars 2024<\/a> &#8211; V\u0153ux de P\u00e2ques.<\/li>\n\n\n\n<li><a href=\"https:\/\/mailchi.mp\/wycliffe.net\/the-journey-13657520?e=f7c2b612fe\">F\u00e9vrier 2024<\/a> &#8211; R\u00e9flexions de Stephen Coertze pour l&rsquo;ann\u00e9e \u00e0 venir, entretien Vision 2025 avec John Watters, partie 2<\/li>\n\n\n\n<li><a href=\"https:\/\/mailchi.mp\/wycliffe.net\/the-journey-13655628\">Janvier 2024<\/a> &#8211; Mus\u00e9e de la Bible Man\u00e1 \u00e0 Mexico, entretien Vision 2025 avec John Watters, partie 1<\/li>\n<\/ul>\n\n\n\n<p><strong>2023<\/strong><\/p>\n\n\n\n<ul class=\"wp-block-list\">\n<li><a href=\"https:\/\/mailchi.mp\/wycliffe.net\/the-journey-13653216\">D\u00e9cembre 2023<\/a><\/li>\n\n\n\n<li><a href=\"https:\/\/mailchi.mp\/wycliffe.net\/the-journey-13652124\">Novembre 2023<\/a><\/li>\n\n\n\n<li><a href=\"https:\/\/mailchi.mp\/wycliffe.net\/the-journey-13649704\">Octobre 2023<\/a><\/li>\n\n\n\n<li><a href=\"https:\/\/mailchi.mp\/wycliffe.net\/the-journey-13647984\">Septembre 2023<\/a><\/li>\n\n\n\n<li><a href=\"https:\/\/mailchi.mp\/wycliffe.net\/the-journey-13646324\">Ao\u00fbt 2023<\/a><\/li>\n\n\n\n<li><a href=\"https:\/\/mailchi.mp\/wycliffe.net\/the-journey-13644496\">Juillet 2023<\/a><\/li>\n\n\n\n<li><a href=\"https:\/\/mailchi.mp\/wycliffe.net\/the-journey-13642352\">Juin 2023<\/a><\/li>\n\n\n\n<li><a href=\"https:\/\/mailchi.mp\/wycliffe.net\/the-journey-13640552\">Mai 2023<\/a><\/li>\n\n\n\n<li><a href=\"https:\/\/mailchi.mp\/wycliffe.net\/the-journey-13638508\">Avril 2023<\/a><\/li>\n\n\n\n<li><a href=\"https:\/\/mailchi.mp\/wycliffe.net\/the-journey-13636188\">Mars 2023<\/a><\/li>\n\n\n\n<li><a href=\"https:\/\/mailchi.mp\/wycliffe.net\/the-journey-13634184\">F\u00e9vrier 2023<\/a><\/li>\n\n\n\n<li><a href=\"https:\/\/mailchi.mp\/wycliffe.net\/the-journey-13631748\">Janvier 2023<\/a><\/li>\n<\/ul>\n","protected":false},"excerpt":{"rendered":"<p>The Journey The Journey est la publication mensuelle de l&rsquo;Alliance mondiale Wycliffe. Les directeurs et pr\u00e9sidents des conseils d&rsquo;administration des organisations membres de l&rsquo;Alliance seront automatiquement ajout\u00e9s \u00e0 la liste&#8230;<\/p>\n","protected":false},"author":5,"featured_media":0,"parent":0,"menu_order":0,"comment_status":"closed","ping_status":"closed","template":"","meta":{"give_campaign_id":0,"_kadence_starter_templates_imported_post":false,"_kad_post_transparent":"","_kad_post_title":"","_kad_post_layout":"","_kad_post_sidebar_id":"","_kad_post_content_style":"","_kad_post_vertical_padding":"","_kad_post_feature":"","_kad_post_feature_position":"","_kad_post_header":false,"_kad_post_footer":false,"footnotes":""},"categories":[213],"tags":[],"class_list":["post-6952","page","type-page","status-publish","hentry","category-news-fr"],"campaignId":"","_links":{"self":[{"href":"https:\/\/wycliffe.net\/fr\/wp-json\/wp\/v2\/pages\/6952","targetHints":{"allow":["GET"]}}],"collection":[{"href":"https:\/\/wycliffe.net\/fr\/wp-json\/wp\/v2\/pages"}],"about":[{"href":"https:\/\/wycliffe.net\/fr\/wp-json\/wp\/v2\/types\/page"}],"author":[{"embeddable":true,"href":"https:\/\/wycliffe.net\/fr\/wp-json\/wp\/v2\/users\/5"}],"replies":[{"embeddable":true,"href":"https:\/\/wycliffe.net\/fr\/wp-json\/wp\/v2\/comments?post=6952"}],"version-history":[{"count":1,"href":"https:\/\/wycliffe.net\/fr\/wp-json\/wp\/v2\/pages\/6952\/revisions"}],"predecessor-version":[{"id":6953,"href":"https:\/\/wycliffe.net\/fr\/wp-json\/wp\/v2\/pages\/6952\/revisions\/6953"}],"wp:attachment":[{"href":"https:\/\/wycliffe.net\/fr\/wp-json\/wp\/v2\/media?parent=6952"}],"wp:term":[{"taxonomy":"category","embeddable":true,"href":"https:\/\/wycliffe.net\/fr\/wp-json\/wp\/v2\/categories?post=6952"},{"taxonomy":"post_tag","embeddable":true,"href":"https:\/\/wycliffe.net\/fr\/wp-json\/wp\/v2\/tags?post=6952"}],"curies":[{"name":"wp","href":"https:\/\/api.w.org\/{rel}","templated":true}]}}