{"id":6452,"date":"2025-09-29T14:14:13","date_gmt":"2025-09-29T12:14:13","guid":{"rendered":"http:\/\/wycliffe.net\/?page_id=6452"},"modified":"2025-11-14T12:02:29","modified_gmt":"2025-11-14T11:02:29","slug":"celebration-vision-2025","status":"publish","type":"page","link":"https:\/\/wycliffe.net\/fr\/celebration-vision-2025\/","title":{"rendered":"C\u00e9l\u00e9bration Vision 2025"},"content":{"rendered":"\n<h1 class=\"wp-block-heading\">C\u00e9l\u00e9bration Vision 2025<\/h1>\n\n\n\n<p>Le 13 novembre \u00e0 12h00 UTC, l&rsquo;Alliance a organis\u00e9 une br\u00e8ve r\u00e9union en ligne pour c\u00e9l\u00e9brer l&rsquo;\u0153uvre de Dieu \u00e0 travers Vision 2025.<\/p>\n\n\n\n<p>Une vid\u00e9o de l&rsquo;\u00e9v\u00e9nement sera bient\u00f4t publi\u00e9e ici.<\/p>\n","protected":false},"excerpt":{"rendered":"<p>C\u00e9l\u00e9bration Vision 2025 Le 13 novembre \u00e0 12h00 UTC, l&rsquo;Alliance a organis\u00e9 une br\u00e8ve r\u00e9union en ligne pour c\u00e9l\u00e9brer l&rsquo;\u0153uvre de Dieu \u00e0 travers Vision 2025. Une vid\u00e9o de l&rsquo;\u00e9v\u00e9nement&#8230;<\/p>\n","protected":false},"author":4,"featured_media":0,"parent":0,"menu_order":0,"comment_status":"closed","ping_status":"closed","template":"","meta":{"give_campaign_id":0,"_kadence_starter_templates_imported_post":false,"_kad_post_transparent":"","_kad_post_title":"","_kad_post_layout":"","_kad_post_sidebar_id":"","_kad_post_content_style":"","_kad_post_vertical_padding":"","_kad_post_feature":"","_kad_post_feature_position":"","_kad_post_header":false,"_kad_post_footer":false,"footnotes":""},"categories":[572],"tags":[220],"class_list":["post-6452","page","type-page","status-publish","hentry","category-rassemblements","tag-vision-2025-fr"],"campaignId":"","_links":{"self":[{"href":"https:\/\/wycliffe.net\/fr\/wp-json\/wp\/v2\/pages\/6452","targetHints":{"allow":["GET"]}}],"collection":[{"href":"https:\/\/wycliffe.net\/fr\/wp-json\/wp\/v2\/pages"}],"about":[{"href":"https:\/\/wycliffe.net\/fr\/wp-json\/wp\/v2\/types\/page"}],"author":[{"embeddable":true,"href":"https:\/\/wycliffe.net\/fr\/wp-json\/wp\/v2\/users\/4"}],"replies":[{"embeddable":true,"href":"https:\/\/wycliffe.net\/fr\/wp-json\/wp\/v2\/comments?post=6452"}],"version-history":[{"count":4,"href":"https:\/\/wycliffe.net\/fr\/wp-json\/wp\/v2\/pages\/6452\/revisions"}],"predecessor-version":[{"id":8430,"href":"https:\/\/wycliffe.net\/fr\/wp-json\/wp\/v2\/pages\/6452\/revisions\/8430"}],"wp:attachment":[{"href":"https:\/\/wycliffe.net\/fr\/wp-json\/wp\/v2\/media?parent=6452"}],"wp:term":[{"taxonomy":"category","embeddable":true,"href":"https:\/\/wycliffe.net\/fr\/wp-json\/wp\/v2\/categories?post=6452"},{"taxonomy":"post_tag","embeddable":true,"href":"https:\/\/wycliffe.net\/fr\/wp-json\/wp\/v2\/tags?post=6452"}],"curies":[{"name":"wp","href":"https:\/\/api.w.org\/{rel}","templated":true}]}}