{"id":5822,"date":"2025-08-29T00:41:57","date_gmt":"2025-08-28T22:41:57","guid":{"rendered":"http:\/\/wycliffe.net\/what-we-do\/gatherings\/journee-mondiale-de-priere\/resources-world-day-of-prayer\/"},"modified":"2025-11-10T18:17:20","modified_gmt":"2025-11-10T17:17:20","slug":"ressources-journee-mondiale-de-priere","status":"publish","type":"page","link":"https:\/\/wycliffe.net\/fr\/what-we-do\/gatherings\/journee-mondiale-de-priere\/ressources-journee-mondiale-de-priere\/","title":{"rendered":"Ressources &#8211; Journ\u00e9e mondiale de pri\u00e8re"},"content":{"rendered":"\n<h1 class=\"wp-block-heading\">Ressources<\/h1>\n\n\n\n<h2 class=\"wp-block-heading\">Journ\u00e9e mondiale de pri\u00e8re pour la traduction de la Bible<\/h2>\n\n\n\n<h4 class=\"wp-block-heading\">11 novembre 2025<\/h4>\n\n\n<div class=\"wp-block-image\">\n<figure class=\"aligncenter size-full is-resized\"><img loading=\"lazy\" decoding=\"async\" width=\"600\" height=\"400\" src=\"http:\/\/wycliffe.net\/wp-content\/uploads\/2025\/09\/2017Aug_Peru_248.jpg\" alt=\"\" class=\"wp-image-4097\" style=\"width:1100px\" srcset=\"https:\/\/wycliffe.net\/wp-content\/uploads\/2025\/09\/2017Aug_Peru_248.jpg 600w, https:\/\/wycliffe.net\/wp-content\/uploads\/2025\/09\/2017Aug_Peru_248-300x200.jpg 300w\" sizes=\"auto, (max-width: 600px) 100vw, 600px\" \/><figcaption class=\"wp-element-caption\">Quechua women of Peru pray in church. (2017) <a href=\"https:\/\/skip.wycliffe.net\/search\/result\/I0000KbwttWpr.pA?terms=quechua%20pray&amp;\">Photo<\/a>: Marc Ewell<\/figcaption><\/figure>\n<\/div>\n\n\n<h3 class=\"wp-block-heading\">Proclamez la gloire de Dieu<\/h3>\n\n\n\n<h3 class=\"wp-block-heading\"><strong>\u00c9critures<\/strong><\/h3>\n\n\n\n<p>L&rsquo;\u00e9quipe de pri\u00e8re de l&rsquo;Alliance s&rsquo;est inspir\u00e9e des \u00c9critures suivantes pour \u00e9laborer les documents de la Journ\u00e9e mondiale de pri\u00e8re. Nous vous invitons \u00e0 lire \u00e0 haute voix ces passages ou d&rsquo;autres \u00c9critures qui nous rappellent la bont\u00e9 de Dieu et tout ce qu&rsquo;il a fait pour nous.<\/p>\n\n\n\n<ul class=\"wp-block-list\">\n<li>Psaumes 29, 96 et 150<\/li>\n\n\n\n<li>H\u00e9breux 1:1-4<\/li>\n\n\n\n<li>Jean 11<\/li>\n\n\n\n<li>\u00c9ph\u00e9siens 3:20<\/li>\n\n\n\n<li>Psaume 145<\/li>\n\n\n\n<li>1 Chroniques 29:10-13<\/li>\n<\/ul>\n\n\n\n<h3 class=\"wp-block-heading\"><strong>Autres ressources utiles<\/strong><\/h3>\n\n\n\n<ul class=\"wp-block-list\">\n<li>Vid\u00e9o du projet Bible sur le th\u00e8me \u00ab&nbsp;<a href=\"https:\/\/youtu.be\/YoOgGeDfXDk?si=Nlvdv8d_3R-cw6ks\">Se souvenir&nbsp;\u00bb<\/a><\/li>\n\n\n\n<li>Rejoignez virtuellement d&rsquo;autres personnes pour prier \u00e0 la fois pour la Journ\u00e9e mondiale de pri\u00e8re pour la traduction de la Bible et tout au long de l&rsquo;ann\u00e9e sur&nbsp;<a href=\"https:\/\/unceasingprayer.bible\/\">Pri\u00e8re incessante<\/a>.<\/li>\n\n\n\n<li><a href=\"https:\/\/www.prayforzero.com\/\">Pray for Zero<\/a><\/li>\n\n\n\n<li>Wycliffe USA propose plusieurs articles de&nbsp;<a href=\"https:\/\/www.wycliffe.org\/prayer\">blog utiles sur la pri\u00e8re<\/a><\/li>\n\n\n\n<li><a href=\"https:\/\/joshuaproject.net\/pray\">Joshua Project [le projet Joshua]<\/a><\/li>\n\n\n\n<li><a href=\"https:\/\/lausanne.org\/pray\">Le Mouvement de Lausanne<\/a><\/li>\n\n\n\n<li><a href=\"https:\/\/wycliffe.org.uk\/wp-content\/uploads\/2022\/07\/Wycliffe-TCK-Prayer-Guide.pdf\">Guide de pri\u00e8re pour les ETC (Enfants de troisi\u00e8me culture \u2013 Third Culture Kids en anglais)<\/a><\/li>\n\n\n\n<li>Les sites web et les r\u00e9seaux sociaux de nombreuses&nbsp;<a href=\"https:\/\/www.wycliffe.net\/who-we-are\/organisations\/\">organisations de l&rsquo;Alliance&nbsp;<\/a>fournissent des informations sur la pri\u00e8re<\/li>\n<\/ul>\n\n\n\n<p><strong>Ressources Wycliffe.net&nbsp;<\/strong>&nbsp;<\/p>\n\n\n\n<ul class=\"wp-block-list\">\n<li><a href=\"https:\/\/www.wycliffe.net\/the-latest\/streams-of-prayer\">Torrents de pri\u00e8re<\/a>&nbsp;[Streams of Prayer]&nbsp;: Une publication hebdomadaire de sept requ\u00eates de pri\u00e8re strat\u00e9giques actuelles dans diff\u00e9rentes langues.<\/li>\n\n\n\n<li><a href=\"https:\/\/www.wycliffe.net\/resources\/prayer\/how-to-pray-for-teams-working-in-sign-language-bible-translation\/\">Comment prier pour les \u00e9quipes qui travaillent dans la traduction de la Bible en langue des signes<\/a><\/li>\n\n\n\n<li><a href=\"https:\/\/www.wycliffe.net\/resources\/prayer\/how-to-pray-for-oral-bible-storytelling\/\">Comment prier pour la Narration orale de la Bible<\/a><\/li>\n\n\n\n<li><a href=\"https:\/\/www.wycliffe.net\/resources\/prayer\/how-to-pray-for-translation-consultants\/\">Comment prier pour un consultant en traduction<\/a><\/li>\n\n\n\n<li><a href=\"https:\/\/www.wycliffe.net\/resources\/prayer\/how-to-pray-for-an-increase-in-old-testament-translation-we-need-the-old-testament\/\">Comment prier pour une augmentation des traductions de l&rsquo;Ancien Testament<\/a><\/li>\n\n\n\n<li><a href=\"https:\/\/www.wycliffe.net\/resources\/prayer\/how-to-pray-for-alliance-organisations\/\">Comment prier pour les organisations de l&rsquo;Alliance<\/a><\/li>\n<\/ul>\n\n\n\n<p><strong>Plus de vid\u00e9os de pri\u00e8re<\/strong><\/p>\n\n\n\n<ul class=\"wp-block-list\">\n<li><a href=\"https:\/\/prayercast.com\/\">Prayercast<\/a><\/li>\n\n\n\n<li><a href=\"https:\/\/www.youtube.com\/watch?v=65AcNmokStY&amp;feature=youtu.be\">Peuples non atteints et sans Bible \u2013 Pray for Zero<\/a><\/li>\n\n\n\n<li><a href=\"https:\/\/youtu.be\/F3r4QnAs1Fs?si=5b9rOUbvfG-D0gLD\">L&rsquo;impact de la pri\u00e8re&nbsp;<\/a>&nbsp;<\/li>\n\n\n\n<li><a href=\"https:\/\/youtu.be\/f_ZfJ5Qgop8?si=AWf4285u6OO1rSpV\">L&rsquo;histoire de Paulette<\/a><\/li>\n<\/ul>\n\n\n\n<p>Les traducteurs bibliques de Wycliffe au Canada disposent d&rsquo;une cha\u00eene\u00a0<a href=\"https:\/\/www.youtube.com\/@WycliffeCanadaPrayer\">YouTube consacr\u00e9e \u00e0 la pri\u00e8re<\/a>\u00a0avec de nombreuses vid\u00e9os int\u00e9ressantes.<\/p>\n\n\n\n<p class=\"has-medium-font-size\"><a href=\"https:\/\/wycliffe.net\/fr\/what-we-do\/gatherings\/journee-mondiale-de-priere\/\">Journ\u00e9e mondiale de pri\u00e8re<\/a><\/p>\n\n\n\n<p class=\"has-medium-font-size\"><a href=\"https:\/\/imweb24-wycliffe.net\/fr\/what-we-do\/gatherings\/journee-mondiale-de-priere\/meditations-journee-mondiale-de-priere\/\">M\u00e9ditations<\/a><\/p>\n\n\n\n<p><\/p>\n","protected":false},"excerpt":{"rendered":"<p>Ressources Journ\u00e9e mondiale de pri\u00e8re pour la traduction de la Bible 11 novembre 2025 Proclamez la gloire de Dieu \u00c9critures L&rsquo;\u00e9quipe de pri\u00e8re de l&rsquo;Alliance s&rsquo;est inspir\u00e9e des \u00c9critures suivantes&#8230;<\/p>\n","protected":false},"author":5,"featured_media":0,"parent":5763,"menu_order":0,"comment_status":"closed","ping_status":"closed","template":"","meta":{"give_campaign_id":0,"_kadence_starter_templates_imported_post":false,"_kad_post_transparent":"","_kad_post_title":"","_kad_post_layout":"","_kad_post_sidebar_id":"","_kad_post_content_style":"","_kad_post_vertical_padding":"","_kad_post_feature":"","_kad_post_feature_position":"","_kad_post_header":false,"_kad_post_footer":false,"footnotes":""},"categories":[],"tags":[],"class_list":["post-5822","page","type-page","status-publish","hentry"],"campaignId":"","_links":{"self":[{"href":"https:\/\/wycliffe.net\/fr\/wp-json\/wp\/v2\/pages\/5822","targetHints":{"allow":["GET"]}}],"collection":[{"href":"https:\/\/wycliffe.net\/fr\/wp-json\/wp\/v2\/pages"}],"about":[{"href":"https:\/\/wycliffe.net\/fr\/wp-json\/wp\/v2\/types\/page"}],"author":[{"embeddable":true,"href":"https:\/\/wycliffe.net\/fr\/wp-json\/wp\/v2\/users\/5"}],"replies":[{"embeddable":true,"href":"https:\/\/wycliffe.net\/fr\/wp-json\/wp\/v2\/comments?post=5822"}],"version-history":[{"count":4,"href":"https:\/\/wycliffe.net\/fr\/wp-json\/wp\/v2\/pages\/5822\/revisions"}],"predecessor-version":[{"id":8297,"href":"https:\/\/wycliffe.net\/fr\/wp-json\/wp\/v2\/pages\/5822\/revisions\/8297"}],"up":[{"embeddable":true,"href":"https:\/\/wycliffe.net\/fr\/wp-json\/wp\/v2\/pages\/5763"}],"wp:attachment":[{"href":"https:\/\/wycliffe.net\/fr\/wp-json\/wp\/v2\/media?parent=5822"}],"wp:term":[{"taxonomy":"category","embeddable":true,"href":"https:\/\/wycliffe.net\/fr\/wp-json\/wp\/v2\/categories?post=5822"},{"taxonomy":"post_tag","embeddable":true,"href":"https:\/\/wycliffe.net\/fr\/wp-json\/wp\/v2\/tags?post=5822"}],"curies":[{"name":"wp","href":"https:\/\/api.w.org\/{rel}","templated":true}]}}