{"id":5791,"date":"2025-08-29T00:38:20","date_gmt":"2025-08-28T22:38:20","guid":{"rendered":"http:\/\/wycliffe.net\/what-we-do\/gatherings\/journee-mondiale-de-priere\/meditations-world-day-of-prayer\/"},"modified":"2025-10-01T00:09:23","modified_gmt":"2025-09-30T22:09:23","slug":"meditations-journee-mondiale-de-priere","status":"publish","type":"page","link":"https:\/\/wycliffe.net\/fr\/what-we-do\/gatherings\/journee-mondiale-de-priere\/meditations-journee-mondiale-de-priere\/","title":{"rendered":"M\u00e9ditations &#8211; Journ\u00e9e mondiale de pri\u00e8re"},"content":{"rendered":"\n<h2 class=\"wp-block-heading\">M\u00e9ditations<\/h2>\n\n\n\n<h2 class=\"wp-block-heading\">Journ\u00e9e mondiale de pri\u00e8re pour la traduction de la Bible<\/h2>\n\n\n\n<h4 class=\"wp-block-heading\">11 novembre 2025<\/h4>\n\n\n<div class=\"wp-block-image\">\n<figure class=\"alignleft size-full is-resized\"><img loading=\"lazy\" decoding=\"async\" width=\"600\" height=\"400\" src=\"http:\/\/wycliffe.net\/wp-content\/uploads\/2025\/09\/150819_7629.jpg\" alt=\"\" class=\"wp-image-3456\" style=\"width:1178px\" srcset=\"https:\/\/wycliffe.net\/wp-content\/uploads\/2025\/09\/150819_7629.jpg 600w, https:\/\/wycliffe.net\/wp-content\/uploads\/2025\/09\/150819_7629-300x200.jpg 300w\" sizes=\"auto, (max-width: 600px) 100vw, 600px\" \/><figcaption class=\"wp-element-caption\"><em>De jeunes filles chantent et dansent pendant un culte dans un groupe de pri\u00e8re \u00e0 Logba Vuinta, dans la r\u00e9gion de la Volta, \u00e0 l&rsquo;est du Ghana (2015).&nbsp;<a href=\"https:\/\/skip.wycliffe.net\/search\/result\/I000016aA00ITqw4?terms=worship&amp;\">Photo<\/a>: Rodney Ballard<\/em><\/figcaption><\/figure>\n<\/div>\n\n\n<h2 class=\"wp-block-heading\"><strong><strong>Proclamez la gloire de Dieu<\/strong><\/strong><\/h2>\n\n\n\n<p>Cette ann\u00e9e est un moment de c\u00e9l\u00e9bration pour le mouvement de traduction de la Bible. Il est important que nous c\u00e9l\u00e9brions comme il se doit.<\/p>\n\n\n\n<p>Dans la Bible, les gens c\u00e9l\u00e8brent Dieu de deux mani\u00e8res&nbsp;:\u2028<br>\u2013&nbsp;<strong>pour ce qu&rsquo;Il est,&nbsp;<\/strong>et&nbsp;<br>\u2013&nbsp;<strong>pour ce qu&rsquo;Il a fait.<\/strong><\/p>\n\n\n\n<p>Tout en remerciant Dieu pour tout ce qu&rsquo;Il a accompli \u00e0 travers&nbsp;<strong>Vision 2025<\/strong>, nous nous souvenons \u00e9galement de sa grandeur et de notre vocation la plus \u00e9lev\u00e9e. Comme le dit le Cat\u00e9chisme de Westminster&nbsp;:<\/p>\n\n\n\n<p>\u00ab Le but principal de l&rsquo;homme est de glorifier Dieu et de jouir de Lui pour toujours.&nbsp;\u00bb<\/p>\n\n\n\n<p>C&rsquo;est un grand cadeau d\u2019avoir une journ\u00e9e enti\u00e8re pour se r\u00e9jouir en Dieu, lui rendre gloire et jouir de sa pr\u00e9sence ensemble.<\/p>\n\n\n\n<h3 class=\"wp-block-heading\"><strong>C\u00e9l\u00e9brez en tenant compte de votre culture<\/strong><\/h3>\n\n\n\n<p>R\u00e9fl\u00e9chissez \u00e0 la mani\u00e8re dont les gens de votre culture c\u00e9l\u00e8brent. Pensez \u00e9galement \u00e0 la mani\u00e8re dont d&rsquo;autres cultures \u00e0 travers le monde c\u00e9l\u00e8brent. Pourriez-vous inclure certaines de ces pratiques dans votre journ\u00e9e de pri\u00e8re&nbsp;? Dans de nombreuses cultures, les gens c\u00e9l\u00e8brent avec&nbsp;:<\/p>\n\n\n\n<ul class=\"wp-block-list\">\n<li>des v\u00eatements sp\u00e9ciaux<\/li>\n\n\n\n<li>des d\u00e9fil\u00e9s ou des processions<\/li>\n\n\n\n<li>de la nourriture et des festins<\/li>\n\n\n\n<li>des danses<\/li>\n\n\n\n<li>des feux d&rsquo;artifice ou des bougies.<\/li>\n<\/ul>\n\n\n\n<p>Ne c\u00e9l\u00e9brons pas sans enthousiasme, mais c\u00e9l\u00e9brons de toutes nos forces, car&nbsp;<strong>Dieu en est digne !<\/strong><\/p>\n\n\n\n<h3 class=\"wp-block-heading\"><strong>Utilisez le Psaume 150 comme guide<\/strong><\/h3>\n\n\n\n<p>Le Psaume 150 nous donne un excellent exemple de la mani\u00e8re de louer Dieu. Utilisez-le comme cadre pour votre c\u00e9l\u00e9bration.<\/p>\n\n\n\n<p><strong>Verset 1a&nbsp;: \u00ab&nbsp;Louez l&rsquo;\u00c9ternel!&nbsp;\u00bb\u2028<\/strong><strong><br><\/strong>Souvenez-vous de tout ce que Dieu a fait, en particulier \u00e0 travers&nbsp;<strong>Vision 2025<\/strong>. Ce n&rsquo;est pas le moment de nous concentrer sur nous-m\u00eames ou de nous attribuer le m\u00e9rite de ce qui s&rsquo;est pass\u00e9. Nous sommes ici pour&nbsp;<strong>proclamer ce que Dieu a fait<\/strong><strong>.<\/strong>Lorsque nous proclamons sa gloire, notre propre foi est encourag\u00e9e et les autres voient \u00e0 quel point il est grand.<\/p>\n\n\n\n<p><strong>Verset 1b&nbsp;: \u00ab&nbsp;Louez Dieu dans son sanctuaire! Louez-le dans l&rsquo;\u00e9tendue.&nbsp;\u00bb<br><br>Nous nous souvenons \u00e9galement de qui est Dieu. Avec les anges du ciel, nous c\u00e9l\u00e9brons sa saintet\u00e9, sa justice, sa puissance et son amour. Gr\u00e2ce \u00e0 la mort et \u00e0 la r\u00e9surrection de J\u00e9sus, nous pouvons entrer en pr\u00e9sence de Dieu. Seul J\u00e9sus \u00e9tait assez saint pour prendre nos p\u00e9ch\u00e9s sur lui et nous amener \u00e0 une relation avec Dieu. C\u00e9l\u00e9brons le salut qui nous vient de son grand amour.\u2028<br>(Les Psaumes 29 et 96, ainsi que H\u00e9breux 1:1-4 peuvent \u00eatre de bons points de d\u00e9part pour reconna\u00eetre qu&rsquo;il est Dieu et que nous sommes sa cr\u00e9ation).<\/strong><\/p>\n\n\n\n<p><strong>Verset 2&nbsp;: \u00ab&nbsp;Louez-le pour ses hauts faits! Louez-le selon l&rsquo;immensit\u00e9 de sa grandeur!.&nbsp;\u00bb\u2028<\/strong><strong><br><\/strong>La Bible nous dit souvent de nous souvenir de ce que Dieu a fait afin de ne pas l&rsquo;oublier. Par exemple, dans Exode 13, Dieu a institu\u00e9 la P\u00e2que pour aider son peuple \u00e0 se souvenir de la fa\u00e7on dont il l&rsquo;a fait sortir de l&rsquo;esclavage.\u2028<br>Aujourd&rsquo;hui, nous prenons la communion pour nous souvenir de la mort et de la r\u00e9surrection de J\u00e9sus et de tout ce qu&rsquo;elles nous ont apport\u00e9.<\/p>\n\n\n\n<p><strong>Le Psaume 145:4-7 (BDS)<\/strong>&nbsp;dit :<\/p>\n\n\n\n<p>Une g\u00e9n\u00e9ration loue tes \u0153uvres \u00e0 une autre ; elles racontent tes actes puissants&#8230;&nbsp;<br>Elles c\u00e9l\u00e8brent ta bont\u00e9 abondante et chantent joyeusement ta justice.<\/p>\n\n\n<div class=\"wp-block-image\">\n<figure class=\"aligncenter size-full is-resized\"><img loading=\"lazy\" decoding=\"async\" width=\"600\" height=\"400\" src=\"http:\/\/wycliffe.net\/wp-content\/uploads\/2025\/09\/2014Sept_Nairobi_14.jpg\" alt=\"\" class=\"wp-image-3463\" style=\"width:900px\" srcset=\"https:\/\/wycliffe.net\/wp-content\/uploads\/2025\/09\/2014Sept_Nairobi_14.jpg 600w, https:\/\/wycliffe.net\/wp-content\/uploads\/2025\/09\/2014Sept_Nairobi_14-300x200.jpg 300w\" sizes=\"auto, (max-width: 600px) 100vw, 600px\" \/><figcaption class=\"wp-element-caption\">DOOR International c\u00e9l\u00e8bre l&rsquo;ach\u00e8vement d&rsquo;un DVD contenant les \u00c9critures et des ressources en langue des signes pour les communaut\u00e9s sourdes du Ghana, du Burundi, d&rsquo;\u00c9thiopie, d&rsquo;Ouganda, de Tanzanie, du Nigeria et du Kenya. (2014)&nbsp;<a href=\"https:\/\/skip.wycliffe.net\/search\/result\/I0000wkpYJWV7F9s?terms=kenya%20deaf&amp;\">Photo<\/a>: Heather Pubols<\/figcaption><\/figure>\n<\/div>\n\n\n<h3 class=\"wp-block-heading\"><strong>Proclamez la puissance de Dieu \u00e0 travers des t\u00e9moignages<\/strong><\/h3>\n\n\n\n<p>Partageons des t\u00e9moignages sur la mani\u00e8re dont Dieu a agi dans nos vies et dans la traduction de la Bible. Posons-nous les questions suivantes&nbsp;:<\/p>\n\n\n\n<ul class=\"wp-block-list\">\n<li>Comment nous a-t-il transform\u00e9s&nbsp;?<\/li>\n\n\n\n<li>Quels outils nous a-t-il donn\u00e9s&nbsp;?<\/li>\n\n\n\n<li>Qu&rsquo;est-ce qu&rsquo;il nous a enseign\u00e9&nbsp;?<\/li>\n\n\n\n<li>Comment nos vies ont-elles \u00e9t\u00e9 transform\u00e9es&nbsp;?<\/li>\n\n\n\n<li>Comment a-t-il pourvu \u00e0 nos besoins&nbsp;?<\/li>\n<\/ul>\n\n\n\n<p>Lorsque nous partageons ces histoires pendant la Journ\u00e9e mondiale de pri\u00e8re, cela aide ceux qui sont impliqu\u00e9s depuis longtemps \u00e0 se souvenir de la fid\u00e9lit\u00e9 de Dieu et encourage ceux qui sont nouveaux dans le mouvement. Apr\u00e8s avoir partag\u00e9, prenons le temps de rendre gr\u00e2ce et de louer Dieu.<\/p>\n\n\n\n<h3 class=\"wp-block-heading\"><strong>Priez ensemble<\/strong><\/h3>\n\n\n\n<p>Apr\u00e8s avoir c\u00e9l\u00e9br\u00e9 ce que Dieu a fait, priez et demandez-lui d&rsquo;en faire&nbsp;<strong>encore plus<\/strong>.<\/p>\n\n\n\n<p>Par exemple&nbsp;:<\/p>\n\n\n\n<ul class=\"wp-block-list\">\n<li>Si vous racontez l&rsquo;histoire d&rsquo;un nouveau partenaire que Dieu a amen\u00e9 \u00e0 votre travail, remerciez Dieu, puis priez pour lui.<\/li>\n\n\n\n<li>Si vous partagez un nouveau projet de traduction, louez Dieu, puis priez pour le groupe ethnique, en demandant \u00e0 Dieu d&rsquo;apporter la transformation par sa Parole.<\/li>\n<\/ul>\n\n\n\n<h3 class=\"wp-block-heading\"><strong>Versets 3-5&nbsp;: Adorez avec de la musique et des mouvements<\/strong><\/h3>\n\n\n\n<p>\u00ab&nbsp;Louez-le au son de la trompette! [\u2026] avec le luth et la harpe!, [\u2026] le tambourin et avec des danses! [\u2026] avec les instruments \u00e0 cordes et le chalumeau! [\u2026] avec les cymbales\u2026&nbsp;\u00bb<\/p>\n\n\n\n<p>La c\u00e9l\u00e9bration comprend souvent de la musique. Utilisez les instruments et les styles qui ont du sens dans votre culture. Vous pouvez \u00e9galement essayer la musique d&rsquo;autres cultures.<\/p>\n\n\n\n<p>Il existe de nombreuses fa\u00e7ons de c\u00e9l\u00e9brer la gloire de Dieu&nbsp;: par la musique, la danse et m\u00eame les processions. Que votre adoration soit joyeuse, bruyante et pleine de vie. Ne vous retenez pas&nbsp;!<\/p>\n\n\n\n<p>Que votre communaut\u00e9 vous entende&nbsp;<strong>proclamer la gloire de Dieu !<\/strong><\/p>\n\n\n<div class=\"wp-block-image\">\n<figure class=\"aligncenter size-full is-resized\"><img loading=\"lazy\" decoding=\"async\" width=\"600\" height=\"400\" src=\"http:\/\/wycliffe.net\/wp-content\/uploads\/2025\/09\/2015Oct_SAsia_183.jpg\" alt=\"\" class=\"wp-image-3469\" style=\"width:900px\" srcset=\"https:\/\/wycliffe.net\/wp-content\/uploads\/2025\/09\/2015Oct_SAsia_183.jpg 600w, https:\/\/wycliffe.net\/wp-content\/uploads\/2025\/09\/2015Oct_SAsia_183-300x200.jpg 300w\" sizes=\"auto, (max-width: 600px) 100vw, 600px\" \/><figcaption class=\"wp-element-caption\">Des hommes et des femmes prient \u00e0 l&rsquo;aide d&rsquo;instruments traditionnels et occidentaux dans une \u00e9glise de village en Asie du Sud. (2015)&nbsp;<a href=\"https:\/\/skip.wycliffe.net\/search\/result\/I0000sBe6nz08wGU?terms=Asia%20musical%20instrument&amp;\">Photo<\/a>: Marc Ewell<br><\/figcaption><\/figure>\n<\/div>\n\n\n<h3 class=\"wp-block-heading\"><strong>Verset 6&nbsp;: \u00ab&nbsp;Que tout ce qui respire loue l&rsquo;\u00c9ternel!&nbsp;\u00bb<\/strong><\/h3>\n\n\n\n<p>Qui pouvez-vous inviter \u00e0 se joindre \u00e0 la c\u00e9l\u00e9bration&nbsp;?<\/p>\n\n\n\n<p>Pourriez-vous inviter&nbsp;:<\/p>\n\n\n\n<ul class=\"wp-block-list\">\n<li>vos partenaires et parties prenantes&nbsp;?<\/li>\n\n\n\n<li>votre personnel et vos b\u00e9n\u00e9voles&nbsp;?<\/li>\n\n\n\n<li>les \u00e9glises et groupes de pri\u00e8re qui vous soutiennent&nbsp;?<\/li>\n\n\n\n<li>les dirigeants gouvernementaux ou communautaires&nbsp;?<\/li>\n\n\n\n<li>les dirigeants d&rsquo;autres communaut\u00e9s religieuses&nbsp;?<\/li>\n<\/ul>\n\n\n\n<p>Envisagez \u00e9galement d&rsquo;utiliser la technologie pour inclure les personnes qui ne peuvent pas \u00eatre pr\u00e9sentes en personne.<\/p>\n\n\n\n<p>Invitons de nombreuses personnes \u00e0&nbsp;<strong>voir la grandeur de Dieu et \u00e0 proclamer sa gloire !<\/strong><\/p>\n\n\n\n<h3 class=\"wp-block-heading\"><strong>Priez avec audace \u2013 Faites confiance \u00e0 Dieu pour plus<\/strong><\/h3>\n\n\n\n<p>Alors que nous continuons \u00e0 prier, ne regardons pas seulement le pass\u00e9, regardons vers l&rsquo;avenir.<\/p>\n\n\n\n<p>Dans&nbsp;<strong>Jean 11<\/strong>, J\u00e9sus a ressuscit\u00e9 Lazare d&rsquo;entre les morts. Avant ce miracle, J\u00e9sus a tard\u00e9 \u00e0 se rendre aupr\u00e8s de lui, m\u00eame si Marie et Marthe lui avaient demand\u00e9 de l&rsquo;aide parce que Lazare \u00e9tait malade. Les gens se demandaient pourquoi J\u00e9sus ne s&rsquo;\u00e9tait pas rendu imm\u00e9diatement aupr\u00e8s d&rsquo;eux. Ils croyaient qu&rsquo;il pouvait gu\u00e9rir, mais ils ne semblaient pas croire qu&rsquo;il pouvait ressusciter Lazare d&rsquo;entre les morts.<\/p>\n\n\n\n<p>M\u00eame Marthe a interrog\u00e9 J\u00e9sus devant le tombeau. \u00ab&nbsp;J\u00e9sus lui dit:<\/p>\n\n\n\n<p>Ne t&rsquo;ai-je pas dit que, si tu crois, tu verras la gloire de Dieu?&nbsp;\u00bb (Jean 11:40).<\/p>\n\n\n\n<h3 class=\"wp-block-heading\"><strong>D\u00e9veloppez votre foi \u2013 Priez avec plus d&rsquo;assurance<\/strong><\/h3>\n\n\n\n<p>Y a-t-il des domaines dans votre vie ou votre minist\u00e8re o\u00f9 vous attendez toujours que Dieu agisse&nbsp;? Avons-nous besoin de faire grandir notre foi en nous rappelant que Dieu est \u00ab&nbsp;celui qui, par la puissance qui agit en nous, peut r\u00e9aliser bien au-del\u00e0 de tout ce que nous demandons ou m\u00eame pensons&nbsp;\u00bb (\u00c9ph\u00e9siens 3:20 BDS)&nbsp;?&nbsp;<strong>Prions avec audace et foi&nbsp;!<\/strong><\/p>\n\n\n\n<h3 class=\"wp-block-heading\"><strong>Objectifs de foi et pri\u00e8re continue<\/strong><\/h3>\n\n\n\n<p>Pendant votre journ\u00e9e de pri\u00e8re, prenez le temps de prier pour les situations dans lesquelles vous attendez Dieu. Demandez-lui de glorifier son nom \u00e0 travers elles.<\/p>\n\n\n\n<p>M\u00eame apr\u00e8s la Journ\u00e9e mondiale de pri\u00e8re, pensez \u00e0 vous fixer des objectifs de foi, c&rsquo;est-\u00e0-dire des choses sp\u00e9cifiques que vous demandez \u00e0 Dieu d&rsquo;accomplir. Priez r\u00e9guli\u00e8rement pour ces choses jusqu&rsquo;\u00e0 ce qu&rsquo;elles se r\u00e9alisent. Priez avec les autres membres du mouvement et croyez ensemble \u00e0 des perc\u00e9es.<\/p>\n\n\n\n<p><strong>N&rsquo;oubliez pas de demander \u00e0 vos partenaires comment vous pouvez prier pour eux avant l&rsquo;\u00e9v\u00e9nement.<\/strong><\/p>\n\n\n\n<p><strong>Proclamons la gloire de Dieu<\/strong>, ensemble, avec foi, joie et esp\u00e9rance.<\/p>\n\n\n\n<p><\/p>\n\n\n\n<p class=\"has-medium-font-size\"><a href=\"https:\/\/wycliffe.net\/fr\/what-we-do\/gatherings\/journee-mondiale-de-priere\/\">Journ\u00e9e mondiale de pri\u00e8re<\/a><\/p>\n\n\n\n<p class=\"has-medium-font-size\"><a href=\"https:\/\/imweb24-wycliffe.net\/fr\/what-we-do\/gatherings\/journee-mondiale-de-priere\/ressources-journee-mondiale-de-priere\/\">Ressources<\/a><\/p>\n\n\n\n<p><\/p>\n","protected":false},"excerpt":{"rendered":"<p>M\u00e9ditations Journ\u00e9e mondiale de pri\u00e8re pour la traduction de la Bible 11 novembre 2025 Proclamez la gloire de Dieu Cette ann\u00e9e est un moment de c\u00e9l\u00e9bration pour le mouvement de&#8230;<\/p>\n","protected":false},"author":5,"featured_media":0,"parent":5763,"menu_order":0,"comment_status":"closed","ping_status":"closed","template":"","meta":{"give_campaign_id":0,"_kadence_starter_templates_imported_post":false,"_kad_post_transparent":"","_kad_post_title":"","_kad_post_layout":"","_kad_post_sidebar_id":"","_kad_post_content_style":"","_kad_post_vertical_padding":"","_kad_post_feature":"","_kad_post_feature_position":"","_kad_post_header":false,"_kad_post_footer":false,"footnotes":""},"categories":[],"tags":[],"class_list":["post-5791","page","type-page","status-publish","hentry"],"campaignId":"","_links":{"self":[{"href":"https:\/\/wycliffe.net\/fr\/wp-json\/wp\/v2\/pages\/5791","targetHints":{"allow":["GET"]}}],"collection":[{"href":"https:\/\/wycliffe.net\/fr\/wp-json\/wp\/v2\/pages"}],"about":[{"href":"https:\/\/wycliffe.net\/fr\/wp-json\/wp\/v2\/types\/page"}],"author":[{"embeddable":true,"href":"https:\/\/wycliffe.net\/fr\/wp-json\/wp\/v2\/users\/5"}],"replies":[{"embeddable":true,"href":"https:\/\/wycliffe.net\/fr\/wp-json\/wp\/v2\/comments?post=5791"}],"version-history":[{"count":10,"href":"https:\/\/wycliffe.net\/fr\/wp-json\/wp\/v2\/pages\/5791\/revisions"}],"predecessor-version":[{"id":6768,"href":"https:\/\/wycliffe.net\/fr\/wp-json\/wp\/v2\/pages\/5791\/revisions\/6768"}],"up":[{"embeddable":true,"href":"https:\/\/wycliffe.net\/fr\/wp-json\/wp\/v2\/pages\/5763"}],"wp:attachment":[{"href":"https:\/\/wycliffe.net\/fr\/wp-json\/wp\/v2\/media?parent=5791"}],"wp:term":[{"taxonomy":"category","embeddable":true,"href":"https:\/\/wycliffe.net\/fr\/wp-json\/wp\/v2\/categories?post=5791"},{"taxonomy":"post_tag","embeddable":true,"href":"https:\/\/wycliffe.net\/fr\/wp-json\/wp\/v2\/tags?post=5791"}],"curies":[{"name":"wp","href":"https:\/\/api.w.org\/{rel}","templated":true}]}}