{"id":5763,"date":"2025-08-29T00:31:52","date_gmt":"2025-08-28T22:31:52","guid":{"rendered":"http:\/\/wycliffe.net\/what-we-do\/gatherings\/world-day-of-prayer\/"},"modified":"2025-09-25T06:47:24","modified_gmt":"2025-09-25T04:47:24","slug":"journee-mondiale-de-priere","status":"publish","type":"page","link":"https:\/\/wycliffe.net\/fr\/what-we-do\/gatherings\/journee-mondiale-de-priere\/","title":{"rendered":"Journ\u00e9e mondiale de pri\u00e8re"},"content":{"rendered":"\n<h2 class=\"wp-block-heading\">Journ\u00e9e mondiale de pri\u00e8re pour la traduction de la Bible 2025<\/h2>\n\n\n\n<h4 class=\"wp-block-heading\">11 November 2025<\/h4>\n\n\n\n<figure class=\"wp-block-image size-large\"><img loading=\"lazy\" decoding=\"async\" width=\"1024\" height=\"673\" src=\"http:\/\/wycliffe.net\/wp-content\/uploads\/2025\/09\/WDOP_FR-1-1024x673.png\" alt=\"\" class=\"wp-image-4044\" srcset=\"https:\/\/wycliffe.net\/wp-content\/uploads\/2025\/09\/WDOP_FR-1-1024x673.png 1024w, https:\/\/wycliffe.net\/wp-content\/uploads\/2025\/09\/WDOP_FR-1-300x197.png 300w, https:\/\/wycliffe.net\/wp-content\/uploads\/2025\/09\/WDOP_FR-1-768x505.png 768w, https:\/\/wycliffe.net\/wp-content\/uploads\/2025\/09\/WDOP_FR-1.png 1280w\" sizes=\"auto, (max-width: 1024px) 100vw, 1024px\" \/><\/figure>\n\n\n\n<h3 class=\"wp-block-heading\"><strong>Proclamez la gloire de Dieu&nbsp;<\/strong><\/h3>\n\n\n\n<p>En 1999, lors d&rsquo;une conf\u00e9rence internationale conjointe de Wycliffe International (aujourd&rsquo;hui connue sous le nom d\u2019Alliance Mondiale Wycliffe) et de SIL International, nous avons r\u00e9alis\u00e9 que les progr\u00e8s visant \u00e0 rendre la Bible accessible \u00e0 chaque personne dans la langue qu&rsquo;elle comprend le mieux \u00e9taient trop lents. Nous avons constat\u00e9 que le mouvement de traduction de la Bible devait changer. Nous nous sommes donc engag\u00e9s \u00e0 atteindre un objectif commun appel\u00e9<strong>&nbsp;Vision 2025&nbsp;:<\/strong><\/p>\n\n\n\n<p><strong><em>\u00ab Motiv\u00e9s par le besoin urgent pour tous les peuples d&rsquo;avoir acc\u00e8s \u00e0 la Parole de Dieu dans une langue qui parle \u00e0 leur c\u0153ur, et r\u00e9affirmant nos valeurs historiques et notre confiance en Dieu pour accomplir l&rsquo;impossible :<\/em><\/strong><\/p>\n\n\n\n<ul class=\"wp-block-list\">\n<li><strong><em>Nous embrassons la vision selon laquelle, d&rsquo;ici \u00e0 2025, un projet de traduction de la Bible sera en cours pour chaque groupe ethnique qui en a besoin.<\/em><\/strong><\/li>\n\n\n\n<li><strong><em>Nous reconnaissons que cela ne peut \u00eatre accompli simplement en travaillant plus dur ou en faisant davantage ce que nous faisons actuellement. Cela exigera de notre part des changements importants dans nos attitudes et nos m\u00e9thodes de travail.<\/em><\/strong><\/li>\n\n\n\n<li><strong><em>Notre d\u00e9sir est de renforcer les capacit\u00e9s pour des programmes durables de traduction de la Bible et des activit\u00e9s d&rsquo;utilisation des \u00c9critures. C&rsquo;est pourquoi nous exhortons chaque entit\u00e9 de notre famille d&rsquo;organisations \u00e0 donner la priorit\u00e9 au renforcement des partenariats actuels, \u00e0 la formation de partenariats strat\u00e9giques suppl\u00e9mentaires et \u00e0 la collaboration pour d\u00e9velopper des approches cr\u00e9atives adapt\u00e9es \u00e0 chaque contexte.\u2028<\/em><\/strong><\/li>\n\n\n\n<li><strong><em>\u00c0 cette fin, nous nous engageons \u00e0 prier pour la r\u00e9alisation de cette vision, en recherchant la direction de Dieu et en lui ob\u00e9issant dans toutes les nouvelles directions qu&rsquo;il pourrait nous indiquer.&nbsp;\u00bb<\/em><\/strong><\/li>\n<\/ul>\n\n\n\n<p>Aujourd&rsquo;hui, un peu plus de 25 ans plus tard, nous reconnaissons avec joie tout ce que Dieu a accompli. Il nous a chang\u00e9s et nous a aid\u00e9s. Nos m\u00e9thodes de travail ont \u00e9volu\u00e9. De nombreuses personnes et organisations diff\u00e9rentes font d\u00e9sormais partie du mouvement de traduction de la Bible. La technologie a progress\u00e9, nous aidant \u00e0 travailler plus rapidement et plus efficacement. De nouvelles m\u00e9thodes de traduction ont \u00e9t\u00e9 cr\u00e9\u00e9es. Nous avons form\u00e9 davantage de personnes, ce qui a conduit \u00e0 une plus grande diversit\u00e9 et \u00e0 une croissance du mouvement.<\/p>\n\n\n\n<p>Prenons le temps cette ann\u00e9e de r\u00e9fl\u00e9chir, de nous souvenir et de proclamer la gloire de Dieu.<\/p>\n\n\n\n<figure class=\"wp-block-embed is-type-video is-provider-youtube wp-block-embed-youtube wp-embed-aspect-16-9 wp-has-aspect-ratio\"><div class=\"wp-block-embed__wrapper\">\n<iframe loading=\"lazy\" title=\"World Day of Prayer for Bible Translation 2025\" width=\"720\" height=\"405\" src=\"https:\/\/www.youtube.com\/embed\/cvaG1Cblaao?feature=oembed\" frameborder=\"0\" allow=\"accelerometer; autoplay; clipboard-write; encrypted-media; gyroscope; picture-in-picture; web-share\" referrerpolicy=\"strict-origin-when-cross-origin\" allowfullscreen><\/iframe>\n<\/div><\/figure>\n\n\n\n<p><a href=\"https:\/\/www.youtube.com\/watch?v=cvaG1Cblaao\">Journ\u00e9e mondiale de pri\u00e8re pour la traduction de la Bible 2025&nbsp;<\/a>de&nbsp;<a href=\"https:\/\/www.youtube.com\/@infoglobalalliance3679\">Alliance Mondiale Wycliffe<\/a>&nbsp;sur YouTube<br>Cliquez sur CC pour afficher les sous-titres en anglais, espagnol, fran\u00e7ais, indon\u00e9sien, portugais ou chinois.<\/p>\n\n\n\n<p class=\"has-medium-font-size\"><strong><a href=\"http:\/\/wycliffe.net\/fr\/what-we-do\/gatherings\/journee-mondiale-de-priere\/meditations-journee-mondiale-de-priere\/\">M\u00e9ditations<\/a><\/strong><\/p>\n\n\n\n<p class=\"has-medium-font-size\"><br><a href=\"http:\/\/wycliffe.net\/fr\/what-we-do\/gatherings\/journee-mondiale-de-priere\/ressources-journee-mondiale-de-priere\/\"><strong>Ressources<\/strong><\/a><\/p>\n\n\n\n<p><\/p>\n","protected":false},"excerpt":{"rendered":"<p>Journ\u00e9e mondiale de pri\u00e8re pour la traduction de la Bible 2025 11 November 2025 Proclamez la gloire de Dieu&nbsp; En 1999, lors d&rsquo;une conf\u00e9rence internationale conjointe de Wycliffe International (aujourd&rsquo;hui&#8230;<\/p>\n","protected":false},"author":5,"featured_media":0,"parent":4884,"menu_order":0,"comment_status":"closed","ping_status":"closed","template":"","meta":{"give_campaign_id":0,"_kadence_starter_templates_imported_post":false,"_kad_post_transparent":"","_kad_post_title":"","_kad_post_layout":"","_kad_post_sidebar_id":"","_kad_post_content_style":"","_kad_post_vertical_padding":"","_kad_post_feature":"","_kad_post_feature_position":"","_kad_post_header":false,"_kad_post_footer":false,"footnotes":""},"categories":[],"tags":[],"class_list":["post-5763","page","type-page","status-publish","hentry"],"campaignId":"","_links":{"self":[{"href":"https:\/\/wycliffe.net\/fr\/wp-json\/wp\/v2\/pages\/5763","targetHints":{"allow":["GET"]}}],"collection":[{"href":"https:\/\/wycliffe.net\/fr\/wp-json\/wp\/v2\/pages"}],"about":[{"href":"https:\/\/wycliffe.net\/fr\/wp-json\/wp\/v2\/types\/page"}],"author":[{"embeddable":true,"href":"https:\/\/wycliffe.net\/fr\/wp-json\/wp\/v2\/users\/5"}],"replies":[{"embeddable":true,"href":"https:\/\/wycliffe.net\/fr\/wp-json\/wp\/v2\/comments?post=5763"}],"version-history":[{"count":3,"href":"https:\/\/wycliffe.net\/fr\/wp-json\/wp\/v2\/pages\/5763\/revisions"}],"predecessor-version":[{"id":5841,"href":"https:\/\/wycliffe.net\/fr\/wp-json\/wp\/v2\/pages\/5763\/revisions\/5841"}],"up":[{"embeddable":true,"href":"https:\/\/wycliffe.net\/fr\/wp-json\/wp\/v2\/pages\/4884"}],"wp:attachment":[{"href":"https:\/\/wycliffe.net\/fr\/wp-json\/wp\/v2\/media?parent=5763"}],"wp:term":[{"taxonomy":"category","embeddable":true,"href":"https:\/\/wycliffe.net\/fr\/wp-json\/wp\/v2\/categories?post=5763"},{"taxonomy":"post_tag","embeddable":true,"href":"https:\/\/wycliffe.net\/fr\/wp-json\/wp\/v2\/tags?post=5763"}],"curies":[{"name":"wp","href":"https:\/\/api.w.org\/{rel}","templated":true}]}}