{"id":5750,"date":"2025-09-25T01:23:49","date_gmt":"2025-09-24T23:23:49","guid":{"rendered":"http:\/\/wycliffe.net\/philosophy-principle-papers\/people-serving-in-gods-mission-value-statements-and-related-observations\/"},"modified":"2025-09-25T01:32:07","modified_gmt":"2025-09-24T23:32:07","slug":"les-personnes-servant-dans-la-mission-de-dieu-declarations-de-valeurs-et-observations-connexes","status":"publish","type":"page","link":"https:\/\/wycliffe.net\/fr\/philosophy-principle-papers\/les-personnes-servant-dans-la-mission-de-dieu-declarations-de-valeurs-et-observations-connexes\/","title":{"rendered":"Les personnes servant dans la mission de Dieu\u00a0: d\u00e9clarations de valeurs et observations connexes"},"content":{"rendered":"\n<h1 class=\"wp-block-heading\">Les personnes servant dans la mission de Dieu\u00a0: d\u00e9clarations de valeurs et observations connexes<\/h1>\n\n\n\n<p>L&rsquo;Alliance Wycliffe Mondiale a organis\u00e9 une consultation missiologique pour 26 participants de 22 pays du 21 au 24 ao\u00fbt 2018 \u00e0 Singapour. La consultation, intitul\u00e9e&nbsp;<em>People Serving in God&rsquo;s Mission<\/em>, (les personnes servant dans la mission de Dieu), visait \u00e0 explorer les questions relatives aux meilleures pratiques dans les relations avec les ressources humaines dans le contexte de l&rsquo;Alliance.<\/p>\n\n\n\n<p>Les r\u00e9flexions se sont concentr\u00e9es sur la fa\u00e7on de prendre soin de mani\u00e8re responsable des personnes servant dans la mission de Dieu, en particulier en termes de valeurs et de bien-\u00eatre spirituel du peuple de Dieu. Les participants des Organisations de l&rsquo;Alliance ont discut\u00e9 de la mani\u00e8re d&rsquo;aborder leurs propres r\u00e9alit\u00e9s en mati\u00e8re de ressources humaines, ainsi que de la mani\u00e8re de relever les d\u00e9fis li\u00e9s au placement de personnel dans d&rsquo;autres agences.<\/p>\n\n\n\n<p><a href=\"http:\/\/wycliffe.net\/wp-content\/uploads\/2025\/09\/People-Serving-in-Gods-Mission-pdf-format_FR.pdf\">Consultez et t\u00e9l\u00e9chargez un PDF<\/a>\u00a0r\u00e9sumant les d\u00e9clarations r\u00e9dig\u00e9es \u00e0 la suite de ces discussions. L&rsquo;intention de ce document est d&rsquo;informer et d&rsquo;encourager la discussion continue et la pratique saine des ressources humaines au sein de l&rsquo;Alliance.<\/p>\n","protected":false},"excerpt":{"rendered":"<p>Les personnes servant dans la mission de Dieu\u00a0: d\u00e9clarations de valeurs et observations connexes L&rsquo;Alliance Wycliffe Mondiale a organis\u00e9 une consultation missiologique pour 26 participants de 22 pays du 21&#8230;<\/p>\n","protected":false},"author":6,"featured_media":0,"parent":5066,"menu_order":0,"comment_status":"closed","ping_status":"closed","template":"","meta":{"give_campaign_id":0,"_kadence_starter_templates_imported_post":false,"_kad_post_transparent":"","_kad_post_title":"","_kad_post_layout":"","_kad_post_sidebar_id":"","_kad_post_content_style":"","_kad_post_vertical_padding":"","_kad_post_feature":"","_kad_post_feature_position":"","_kad_post_header":false,"_kad_post_footer":false,"footnotes":""},"categories":[],"tags":[216,608,609,610],"class_list":["post-5750","page","type-page","status-publish","hentry","tag-bible-translation-fr","tag-gods-mission-fr","tag-human-resources-fr","tag-people-fr"],"campaignId":"","_links":{"self":[{"href":"https:\/\/wycliffe.net\/fr\/wp-json\/wp\/v2\/pages\/5750","targetHints":{"allow":["GET"]}}],"collection":[{"href":"https:\/\/wycliffe.net\/fr\/wp-json\/wp\/v2\/pages"}],"about":[{"href":"https:\/\/wycliffe.net\/fr\/wp-json\/wp\/v2\/types\/page"}],"author":[{"embeddable":true,"href":"https:\/\/wycliffe.net\/fr\/wp-json\/wp\/v2\/users\/6"}],"replies":[{"embeddable":true,"href":"https:\/\/wycliffe.net\/fr\/wp-json\/wp\/v2\/comments?post=5750"}],"version-history":[{"count":1,"href":"https:\/\/wycliffe.net\/fr\/wp-json\/wp\/v2\/pages\/5750\/revisions"}],"predecessor-version":[{"id":5752,"href":"https:\/\/wycliffe.net\/fr\/wp-json\/wp\/v2\/pages\/5750\/revisions\/5752"}],"up":[{"embeddable":true,"href":"https:\/\/wycliffe.net\/fr\/wp-json\/wp\/v2\/pages\/5066"}],"wp:attachment":[{"href":"https:\/\/wycliffe.net\/fr\/wp-json\/wp\/v2\/media?parent=5750"}],"wp:term":[{"taxonomy":"category","embeddable":true,"href":"https:\/\/wycliffe.net\/fr\/wp-json\/wp\/v2\/categories?post=5750"},{"taxonomy":"post_tag","embeddable":true,"href":"https:\/\/wycliffe.net\/fr\/wp-json\/wp\/v2\/tags?post=5750"}],"curies":[{"name":"wp","href":"https:\/\/api.w.org\/{rel}","templated":true}]}}