{"id":5581,"date":"2020-01-02T23:15:00","date_gmt":"2020-01-02T22:15:00","guid":{"rendered":"http:\/\/wycliffe.net\/philosophy-principle-papers\/directions-dans-la-traduction-de-la-bible\/directions-in-bible-translation-a-threefold-commitment-to-increasing-global-capacity\/"},"modified":"2025-09-25T00:24:13","modified_gmt":"2025-09-24T22:24:13","slug":"directions-concernant-la-traduction-de-la-bible-un-triple-engagement-pour-accroitre-la-capacite-mondiale","status":"publish","type":"page","link":"https:\/\/wycliffe.net\/fr\/philosophy-principle-papers\/directions-dans-la-traduction-de-la-bible\/directions-concernant-la-traduction-de-la-bible-un-triple-engagement-pour-accroitre-la-capacite-mondiale\/","title":{"rendered":"Directions concernant la traduction de la Bible\u00a0: Un triple engagement pour accro\u00eetre la capacit\u00e9 mondiale"},"content":{"rendered":"\n<h1 class=\"wp-block-heading\">Directions concernant la traduction de la Bible\u00a0: Un triple engagement pour accro\u00eetre la capacit\u00e9 mondiale<\/h1>\n\n\n\n<p>En novembre 2017, le conseil d&rsquo;administration de l&rsquo;Alliance Wycliffe Mondiale a vot\u00e9 une motion afin de guider les efforts pour aider les organisations de l&rsquo;Alliance dans trois domaines cl\u00e9s pour lesquels il a \u00e9t\u00e9 exprim\u00e9 (et constat\u00e9) un besoin en mati\u00e8re de traduction de la Bible dans le monde entier. Le conseil d&rsquo;administration de l&rsquo;Alliance a demand\u00e9 aux responsables de l&rsquo;Alliance d&rsquo;encourager et soutenir ce qui suit&nbsp;:&nbsp;<\/p>\n\n\n\n<ol class=\"wp-block-list\">\n<li>Le d\u00e9veloppement de cursus de formation \u00e0 la traduction et leurs contenus qui soient adapt\u00e9s pour des contextes vari\u00e9s et changeants\u00a0;<\/li>\n\n\n\n<li>l&rsquo;accroissement des opportunit\u00e9s pour former et accr\u00e9diter des conseillers en traduction\u00a0;<\/li>\n\n\n\n<li>la mise en place de processus p\u00e9rennes pour la traduction de toute la Bible.<\/li>\n<\/ol>\n\n\n\n<h4 class=\"wp-block-heading\">Les besoins d\u2019accro\u00eetre les capacit\u00e9s en formation des conseillers et en conseil<\/h4>\n\n\n\n<p>Deux des plus grands goulets d\u2019\u00e9tranglement dans le mouvement mondial en faveur de la traduction de la Bible sont l&rsquo;acc\u00e8s insatisfaisant aux programmes de formation en traduction et le nombre insuffisant de conseillers en traduction pour travailler avec les \u00e9quipes de traduction. Les organisations de l&rsquo;Alliance de tous les pays ont exprim\u00e9 leur besoin de mettre en place&nbsp;: 1) des cursus suppl\u00e9mentaires de formation en traduction de la Bible et leurs contenus&nbsp;;<br>2) des opportunit\u00e9s plus nombreuses pour former des conseillers et les accr\u00e9diter. Un certain nombre d\u2019organisations de l&rsquo;Alliance sont d\u00e9j\u00e0 investies dans l&rsquo;un de ces domaines ou les deux. Cependant, d&rsquo;autres ont demand\u00e9 de l&rsquo;aide pour mettre en place, dans leur propre contexte, des programmes de formation en traduction et l\u2019accr\u00e9ditation de conseillers.&nbsp;<\/p>\n\n\n\n<p>Aujourd&rsquo;hui, environ 50% des organisations de l&rsquo;Alliance jouent un r\u00f4le moteur dans la conduite d\u2019environ 1000 programmes de traduction de la Bible. Cela repr\u00e9sente \u00e0 peu pr\u00e8s 39% de tous les programmes de traduction dans le monde. L&rsquo;Alliance a l\u2019occasion d\u2019am\u00e9liorer, au niveau mondial, les capacit\u00e9s aussi bien en formation qu\u2019en conseils.<\/p>\n\n\n\n<p>En s\u2019engageant \u00e0 aider les organisations de l&rsquo;Alliance \u00e0 mettre en place davantage de ressources pour la formation \u00e0 la traduction de la Bible ainsi que des syst\u00e8mes de pr\u00e9paration des conseillers, l&rsquo;Alliance reconna\u00eet l&rsquo;importance du domaine de participation \u00ab&nbsp;Formation aux postes de traduction de la Bible&nbsp;\u00bb. Par ailleurs, cet engagement montre le d\u00e9sir des organisations de l&rsquo;Alliance de travailler en partenariat avec d\u2019autres pour d\u00e9velopper des moyens de formation et d&rsquo;accr\u00e9ditation qui soient adapt\u00e9s \u00e0 chaque situation.&nbsp;<\/p>\n\n\n\n<h4 class=\"wp-block-heading\">Toute la Bible pour le peuple de Dieu<\/h4>\n\n\n\n<p>Une autre des principales priorit\u00e9s exprim\u00e9es par les \u00c9glises, les communaut\u00e9s linguistiques et les organisations partenaires est de traduire non seulement le Nouveau Testament, mais aussi l\u2019Ancien Testament. Des groupes linguistiques veulent atteindre leurs communaut\u00e9s et \u00e9difier leurs \u00c9glises avec un \u00c9vangile s\u2019appuyant sur la Bible enti\u00e8re, un \u00c9vangile qui se centre sur l\u2019ensemble de la r\u00e9v\u00e9lation \u00e9crite de Dieu \u00e0 son peuple. L&rsquo;Alliance s&rsquo;engage \u00e0 promouvoir la mise en place d&rsquo;actions p\u00e9rennes pour aider les communaut\u00e9s linguistiques \u00e0 atteindre cet objectif.<\/p>\n","protected":false},"excerpt":{"rendered":"<p>Directions concernant la traduction de la Bible\u00a0: Un triple engagement pour accro\u00eetre la capacit\u00e9 mondiale En novembre 2017, le conseil d&rsquo;administration de l&rsquo;Alliance Wycliffe Mondiale a vot\u00e9 une motion afin&#8230;<\/p>\n","protected":false},"author":6,"featured_media":0,"parent":5474,"menu_order":0,"comment_status":"closed","ping_status":"closed","template":"","meta":{"give_campaign_id":0,"_kadence_starter_templates_imported_post":false,"_kad_post_transparent":"","_kad_post_title":"","_kad_post_layout":"","_kad_post_sidebar_id":"","_kad_post_content_style":"","_kad_post_vertical_padding":"","_kad_post_feature":"","_kad_post_feature_position":"","_kad_post_header":false,"_kad_post_footer":false,"footnotes":""},"categories":[],"tags":[],"class_list":["post-5581","page","type-page","status-publish","hentry"],"campaignId":"","_links":{"self":[{"href":"https:\/\/wycliffe.net\/fr\/wp-json\/wp\/v2\/pages\/5581","targetHints":{"allow":["GET"]}}],"collection":[{"href":"https:\/\/wycliffe.net\/fr\/wp-json\/wp\/v2\/pages"}],"about":[{"href":"https:\/\/wycliffe.net\/fr\/wp-json\/wp\/v2\/types\/page"}],"author":[{"embeddable":true,"href":"https:\/\/wycliffe.net\/fr\/wp-json\/wp\/v2\/users\/6"}],"replies":[{"embeddable":true,"href":"https:\/\/wycliffe.net\/fr\/wp-json\/wp\/v2\/comments?post=5581"}],"version-history":[{"count":1,"href":"https:\/\/wycliffe.net\/fr\/wp-json\/wp\/v2\/pages\/5581\/revisions"}],"predecessor-version":[{"id":5582,"href":"https:\/\/wycliffe.net\/fr\/wp-json\/wp\/v2\/pages\/5581\/revisions\/5582"}],"up":[{"embeddable":true,"href":"https:\/\/wycliffe.net\/fr\/wp-json\/wp\/v2\/pages\/5474"}],"wp:attachment":[{"href":"https:\/\/wycliffe.net\/fr\/wp-json\/wp\/v2\/media?parent=5581"}],"wp:term":[{"taxonomy":"category","embeddable":true,"href":"https:\/\/wycliffe.net\/fr\/wp-json\/wp\/v2\/categories?post=5581"},{"taxonomy":"post_tag","embeddable":true,"href":"https:\/\/wycliffe.net\/fr\/wp-json\/wp\/v2\/tags?post=5581"}],"curies":[{"name":"wp","href":"https:\/\/api.w.org\/{rel}","templated":true}]}}