{"id":5503,"date":"2025-09-24T23:17:32","date_gmt":"2025-09-24T21:17:32","guid":{"rendered":"http:\/\/wycliffe.net\/?page_id=5503"},"modified":"2025-09-25T00:52:27","modified_gmt":"2025-09-24T22:52:27","slug":"declarations-concernant-la-relation-de-lalliance-wycliffe-mondiale-avec-leglise","status":"publish","type":"page","link":"https:\/\/wycliffe.net\/fr\/philosophy-principle-papers\/declarations-concernant-la-relation-de-lalliance-wycliffe-mondiale-avec-leglise\/","title":{"rendered":"D\u00e9clarations concernant la relation de l&rsquo;Alliance Wycliffe Mondiale avec l&rsquo;\u00c9glise"},"content":{"rendered":"\n<h2 class=\"wp-block-heading\"><strong>D\u00e9clarations concernant la relation de l&rsquo;Alliance Wycliffe Mondiale avec l&rsquo;\u00c9glise<\/strong><\/h2>\n\n\n\n<p>L&rsquo;Alliance Wycliffe Mondiale a accueilli plus de 60 participants du monde entier dans le cadre de trois consultations missiologiques qui se sont tenues en septembre 2017 (Afrique du Sud), novembre 2017 (Allemagne) et mars 2018 (Tha\u00eflande). Le th\u00e8me de ces consultations \u00e9tait&nbsp;:&nbsp;<em>L&rsquo;\u00c9glise \u2013 L&rsquo;Alliance&nbsp;: une exploration missiologique de l&rsquo;Alliance de sa relation avec l&rsquo;\u00c9glise dans la mission de Dieu.<\/em><\/p>\n\n\n\n<p>Le but des consultations \u00e9tait&nbsp;:<\/p>\n\n\n\n<ul class=\"wp-block-list\">\n<li>d&rsquo;explorer la relation entre l&rsquo;\u00c9glise et la mission\u00a0;<\/li>\n\n\n\n<li>d&rsquo;informer l&rsquo;Alliance Wycliffe Mondiale et ses organisations sur leur relation avec l&rsquo;\u00c9glise et avec les \u00c9glises en mission. Il s&rsquo;agissait notamment de la mani\u00e8re dont l&rsquo;Alliance parle d&rsquo;elle-m\u00eame par rapport \u00e0 l&rsquo;\u00c9glise, et de la mani\u00e8re dont l&rsquo;Alliance s&rsquo;associe \u00e0 l&rsquo;\u00c9glise et aux \u00c9glises en ce qui concerne les pratiques de traduction de la Bible\u00a0; et<\/li>\n\n\n\n<li>de clarifier et renforcer l&rsquo;eccl\u00e9siologie de l&rsquo;Alliance.<\/li>\n<\/ul>\n\n\n\n<p><a href=\"http:\/\/wycliffe.net\/wp-content\/uploads\/2025\/09\/Statement-Church_and_the_Alliance_5-2018_FR.pdf\" target=\"_blank\" rel=\"noreferrer noopener\">Consultez et t\u00e9l\u00e9chargez un PDF<\/a>\u00a0r\u00e9sumant les d\u00e9clarations qui ont \u00e9t\u00e9 r\u00e9dig\u00e9es \u00e0 la suite de ces discussions.<\/p>\n","protected":false},"excerpt":{"rendered":"<p>D\u00e9clarations concernant la relation de l&rsquo;Alliance Wycliffe Mondiale avec l&rsquo;\u00c9glise L&rsquo;Alliance Wycliffe Mondiale a accueilli plus de 60 participants du monde entier dans le cadre de trois consultations missiologiques qui&#8230;<\/p>\n","protected":false},"author":5,"featured_media":0,"parent":5066,"menu_order":0,"comment_status":"closed","ping_status":"closed","template":"","meta":{"give_campaign_id":0,"_kadence_starter_templates_imported_post":false,"_kad_post_transparent":"","_kad_post_title":"","_kad_post_layout":"","_kad_post_sidebar_id":"","_kad_post_content_style":"","_kad_post_vertical_padding":"","_kad_post_feature":"","_kad_post_feature_position":"","_kad_post_header":false,"_kad_post_footer":false,"footnotes":""},"categories":[],"tags":[],"class_list":["post-5503","page","type-page","status-publish","hentry"],"campaignId":"","_links":{"self":[{"href":"https:\/\/wycliffe.net\/fr\/wp-json\/wp\/v2\/pages\/5503","targetHints":{"allow":["GET"]}}],"collection":[{"href":"https:\/\/wycliffe.net\/fr\/wp-json\/wp\/v2\/pages"}],"about":[{"href":"https:\/\/wycliffe.net\/fr\/wp-json\/wp\/v2\/types\/page"}],"author":[{"embeddable":true,"href":"https:\/\/wycliffe.net\/fr\/wp-json\/wp\/v2\/users\/5"}],"replies":[{"embeddable":true,"href":"https:\/\/wycliffe.net\/fr\/wp-json\/wp\/v2\/comments?post=5503"}],"version-history":[{"count":3,"href":"https:\/\/wycliffe.net\/fr\/wp-json\/wp\/v2\/pages\/5503\/revisions"}],"predecessor-version":[{"id":5671,"href":"https:\/\/wycliffe.net\/fr\/wp-json\/wp\/v2\/pages\/5503\/revisions\/5671"}],"up":[{"embeddable":true,"href":"https:\/\/wycliffe.net\/fr\/wp-json\/wp\/v2\/pages\/5066"}],"wp:attachment":[{"href":"https:\/\/wycliffe.net\/fr\/wp-json\/wp\/v2\/media?parent=5503"}],"wp:term":[{"taxonomy":"category","embeddable":true,"href":"https:\/\/wycliffe.net\/fr\/wp-json\/wp\/v2\/categories?post=5503"},{"taxonomy":"post_tag","embeddable":true,"href":"https:\/\/wycliffe.net\/fr\/wp-json\/wp\/v2\/tags?post=5503"}],"curies":[{"name":"wp","href":"https:\/\/api.w.org\/{rel}","templated":true}]}}