{"id":5433,"date":"2025-08-29T17:25:19","date_gmt":"2025-08-29T15:25:19","guid":{"rendered":"http:\/\/wycliffe.net\/?page_id=5433"},"modified":"2025-09-25T16:28:35","modified_gmt":"2025-09-25T14:28:35","slug":"lalliance-wycliffe-mondiale-dans-la-communaute","status":"publish","type":"page","link":"https:\/\/wycliffe.net\/fr\/philosophy-principle-papers\/lalliance-wycliffe-mondiale-dans-la-communaute\/","title":{"rendered":"L&rsquo;Alliance Wycliffe Mondiale dans la communaut\u00e9"},"content":{"rendered":"\n<h1 class=\"wp-block-heading\">L&rsquo;Alliance Wycliffe Mondiale dans la communaut\u00e9<\/h1>\n\n\n\n<h3 class=\"wp-block-heading\">Arri\u00e8re-plan<\/h3>\n\n\n\n<p>Ces principes ont \u00e9t\u00e9 \u00e9labor\u00e9s \u00e0 partir des r\u00e9flexions et des dis\u00adcus\u00adsions de la con\u00adsul\u00adta\u00adtion mis\u00adsi\u00ado\u00adlog\u00adi\u00adque de l&rsquo;Al\u00adliance Wycliffe Mondiale sur la Com\u00admu\u00adnaut\u00e9, qui s&rsquo;est tenue \u00e0 Ac\u00adcra, au Ghana, les 18 et 19 a\u00ado\u00fbt 2012.<\/p>\n\n\n\n<p>La con\u00adsul\u00adta\u00adtion a r\u00e9u\u00adni 12 par\u00adtic\u00adi\u00adpants issus de neuf nations.<\/p>\n\n\n\n<h3 class=\"wp-block-heading\">Fondements<\/h3>\n\n\n\n<p>L&rsquo;Al\u00adliance Wycliffe Mondiale dans la Com\u00admu\u00adnaut\u00e9 a pour fon\u00adde\u00adment les d\u00e9cla\u00adrations fondamentales de l&rsquo;Al\u00adliance (le but&nbsp;<a href=\"https:\/\/www.wycliffe.net\/fr\/qui-sommes-nous\/objectif-mission-vision-et-valeurs-de-lalliance-wycliffe-mondiale\/\">la mission, la vi\u00adsion et les valeurs de l&rsquo;Al\u00adliance Wycliffe Mondiale<\/a>).<\/p>\n\n\n\n<h3 class=\"wp-block-heading\">Principes de base<\/h3>\n\n\n\n<p>La com\u00admu\u00adnaut\u00e9 est la ba\u00adse de l&rsquo;ex\u00adis\u00adtence de l&rsquo;Al\u00adliance. Nous ne sommes pas une com\u00admu\u00adnaut\u00e9 uniquement en rai\u00adson de nos objectifs com\u00admuns, bien que les or\u00adga\u00adni\u00adsa\u00adtions de l&rsquo;Al\u00adliance partagent de nombreux objectifs com\u00admuns. Notre par\u00adtic\u00adi\u00adpa\u00adtion \u00e0 la mis\u00adsion de Dieu d\u00e9coule de notre com\u00admu\u00adnion avec le Dieu tri\u00adnitaire et de notre com\u00admu\u00adnion au sein du Corps du Christ. Nous sommes une com\u00admu\u00adnaut\u00e9 par\u00adce que nous partageons joy\u00adeusement une vie com\u00admune en Christ.<\/p>\n\n\n\n<p>Nous ap\u00adpr\u00e9\u00adci\u00adons et en\u00adcour\u00adageons la na\u00adture in\u00adter\u00add\u00e9\u00adpen\u00addante et in\u00adter\u00adcon\u00adnect\u00e9e de toutes les or\u00adga\u00adni\u00adsa\u00adtions de l&rsquo;Al\u00adliance alors que nous cherchons \u00e0 glo\u00adrifier Dieu et \u00e0 servir en\u00adsemble dans les mouvements de tra\u00adduc\u00adtion de la Bible.<\/p>\n\n\n\n<p>En ser\u00advant en\u00adsemble dans la com\u00admu\u00adnaut\u00e9, nous nous aimons, nous res\u00adpectons et nous honorons les uns les au\u00adtres. Il est de notre re\u00adspon\u00adsa\u00adbil\u00adit\u00e9 col\u00adlec\u00adtive de rechercher la sa\u00adgesse et le dis\u00adcern\u00adement aupr\u00e8s du Seigneur et de nous en\u00adcour\u00adager, nous gui\u00adder, nous ai\u00adder et nous con\u00adseiller mutuellement. Nous cherchons \u00e0 com\u00adpren\u00addre les con\u00adtextes et les cul\u00adtures. Nous cr\u00e9\u00adons un espace pour nous \u00e9\u00adcouter les uns les au\u00adtres et pour dire la v\u00e9rit\u00e9 dans l&rsquo;amour. Notre in\u00adter\u00add\u00e9\u00adpen\u00addance et notre in\u00adter\u00adcon\u00adnex\u00adion\u00ad cr\u00e9\u00adent un en\u00advi\u00adron\u00adnement o\u00f9 toutes les or\u00adga\u00adni\u00adsa\u00adtions de l&rsquo;A\u00adlliance donnent g\u00e9n\u00ad\u00e9r\u00adeusement et re\u00ad\u00e7oivent gra\u00adcieusement. Nous re\u00adcon\u00adnaissons que nous ne sommes pas pro\u00adpri\u00e9taires, mais seulement in\u00adtendants des dons que Dieu nous a donn\u00e9s. Nous nous af\u00adfirmons les uns les autres pour ce que nous sommes et non pour ce que nous con\u00adtribuons ou pour le mon\u00adtant de cette con\u00adtri\u00adbu\u00adtion. Notre objectif prin\u00adcipal est de glo\u00adrifier Dieu ensemble.<\/p>\n\n\n\n<h3 class=\"wp-block-heading\">Principes de communaut\u00e9<\/h3>\n\n\n\n<ol class=\"wp-block-list\">\n<li>Nous sommes cr\u00e9\u00e9s pour la communaut\u00e9 et appel\u00e9s \u00e0 la communaut\u00e9 (cr\u00e9ation et appel).<\/li>\n\n\n\n<li>Nous sommes le peuple de Dieu, appel\u00e9s \u00e0 nous comporter constamment de mani\u00e8re aimante, selon les instructions de sa Parole et l&rsquo;exemple du Christ (identit\u00e9\u00a0: ce que nous sommes ensemble).<\/li>\n\n\n\n<li>Vivre et servir en communaut\u00e9 glorifie Dieu et fournit un exemple tangible de l&rsquo;\u00c9vangile en action. Nous refl\u00e9tons l&rsquo;image de Dieu en modelant intentionnellement une communaut\u00e9 authentique (comment nous vivons ensemble).<\/li>\n\n\n\n<li>Une communaut\u00e9 qui glorifie Dieu attire les gens vers Dieu et sa mission (ce que nous faisons ensemble).<\/li>\n<\/ol>\n\n\n\n<h2 class=\"wp-block-heading\">Principes cl\u00e9s pour les organisations de l&rsquo;Alliance dans la communaut\u00e9<\/h2>\n\n\n\n<h3 class=\"wp-block-heading\">1. Con\u00e7u pour la communaut\u00e9<\/h3>\n\n\n\n<p><strong><em>Prin\u00adci\u00adpe :&nbsp;<\/em><\/strong><em>Nous sommes es\u00adsen\u00adtiel\u00adlement cr\u00e9\u00e9s pour la com\u00admu\u00adnaut\u00e9 et ex\u00adplic\u00aditement appel\u00e9s \u00e0 la communaut\u00e9.<\/em><\/p>\n\n\n\n<p>La com\u00admu\u00adnaut\u00e9 fait partie in\u00adt\u00e9\u00adgrante de la na\u00adture de Dieu. Le Dieu tri\u00adnitaire vit dans une unit\u00e9 par\u00adfaite en tant que P\u00e8\u00adre, Fils et Saint-Esprit. Il nous a cr\u00e9\u00ad\u00e9s et nous a appel\u00e9s \u00e0 \u00eatre en com\u00admu\u00adnion avec Lui et en com\u00admu\u00adnaut\u00e9 avec les autres.<\/p>\n\n\n\n<p>La v\u00e9ritable com\u00admu\u00adnaut\u00e9 bib\u00adli\u00adque em\u00adbrasse \u00e0 la fois l&rsquo;unit\u00e9 et la di\u00adver\u00adsit\u00e9, comme le d\u00e9mon\u00adtre le Dieu tri\u00adnitaire. Elle rec\u00adon\u00adna\u00eet l&rsquo;in\u00addi\u00advid\u00adu sa\u00adns \u00ea\u00adtre in\u00addi\u00advid\u00adu\u00adal\u00adis\u00adte. Elle re\u00adcon\u00adna\u00eet et recherche l\u2019holisme et le&nbsp;<em>shalom&nbsp;<\/em>dans lesquels tous les mem\u00adbres de la com\u00admu\u00adnaut\u00e9 se b\u00e9nissent et sont b\u00e9nis les uns par les autres.<\/p>\n\n\n\n<ul class=\"wp-block-list\">\n<li><em>Nature de Dieu\u00a0:\u00a0<\/em>La Trinit\u00e9 existe dans l&rsquo;unit\u00e9 et la communaut\u00e9. P\u00e8re, Fils et Saint-Esprit vivent et servent ensemble joyeusement, avec des r\u00f4les divers, et sont cependant toujours Un et ont une unit\u00e9 de but.<\/li>\n\n\n\n<li><em>Con\u00e7u pour appartenir\u00a0:\u00a0<\/em>Nous avons \u00e9t\u00e9 cr\u00e9\u00e9s \u00e0 l&rsquo;image de Dieu pour participer \u00e0 la communaut\u00e9 et pour la communaut\u00e9. Nous avons \u00e9t\u00e9 con\u00e7us pour Lui appartenir et pour nous appartenir les uns aux autres. Nos dons et comp\u00e9tences divers et individuels ont \u00e9t\u00e9 con\u00e7us pour \u00eatre partag\u00e9s et pour servir dans une communaut\u00e9 int\u00e9grale.<\/li>\n\n\n\n<li><em>Pas un choix : La communaut\u00e9, pour le peuple de Dieu, est notre r\u00e9alit\u00e9. C&rsquo;est notre \u00e9tat d&rsquo;esprit Ce n&rsquo;est pas un choix. Nous existons en communaut\u00e9. Nous sommes soit une bonne, soit une mauvaise communaut\u00e9. Mais de toute fa\u00e7on, nous sommes une communaut\u00e9.<\/em><\/li>\n<\/ul>\n\n\n\n<h3 class=\"wp-block-heading\">2. Identifi\u00e9 dans la communaut\u00e9<\/h3>\n\n\n\n<p><strong><em>Prin\u00adci\u00adpe&nbsp;:&nbsp;<\/em><\/strong><em>Nous sommes le peu\u00adple de Dieu, appel\u00e9s \u00e0 en\u00adtre\u00adte\u00adnir des re\u00adlations et \u00e0 nous com\u00adporter constamment de ma\u00adni\u00e8re \u00adai\u00admante selon les instruc\u00adtions de sa Parole et l&rsquo;ex\u00adem\u00adple du Christ.<\/em><\/p>\n\n\n\n<p>L&rsquo;Al\u00adliance doit ad\u00adopter et r\u00e9\u00adv\u00e9ler une vie com\u00admu\u00adnautaire qui d\u00e9coule de notre vie au sein du Corps du Christ. Nous sou\u00admettre\u00ad \u00e0 Dieu par rap\u00adport \u00e0 tout ce que nous sommes, et donc par rapport \u00e0 tout ce que nous faisons, ex\u00adige l&rsquo;ob\u00e9\u00adis\u00adsance en pens\u00e9e, en at\u00adti\u00adtude et en action.<\/p>\n\n\n\n<ul class=\"wp-block-list\">\n<li><em>Identifi\u00e9s comme \u00e9tant le peuple de Dieu\u00a0:\u00a0<\/em>Avec les disciples du Christ dans le monde entier, nous avons \u00e9t\u00e9 rachet\u00e9s pour \u00eatre la communaut\u00e9 de Dieu, Son \u00c9glise. Le Saint-Esprit est r\u00e9pandu sur la communaut\u00e9 des croyants afin que nous puissions glorifier Dieu et \u00eatre une b\u00e9n\u00e9diction pour les nations. Nous sommes identifi\u00e9s comme \u00e9tant le peuple de Dieu.<\/li>\n\n\n\n<li><em>Essentiel \u00e0 la vie dans le Royaume\u00a0:\u00a0<\/em>Notre identit\u00e9 ne se trouve pas en nous-m\u00eames mais dans qui nous sommes en Dieu et qui nous sommes les uns avec les autres. La communaut\u00e9 est essentielle \u00e0 la vie du Royaume.<\/li>\n\n\n\n<li><em>La qualit\u00e9 de la communaut\u00e9\u00a0:\u00a0<\/em>Participer \u00e0 une communaut\u00e9, c&rsquo;est \u00eatre, et pas seulement faire. Ce que nous sommes s&rsquo;infiltre dans tout ce que nous faisons. .<\/li>\n<\/ul>\n\n\n\n<h3 class=\"wp-block-heading\">3. Communaut\u00e9 en action<\/h3>\n\n\n\n<p><strong><em>Prin\u00adci\u00adpe&nbsp;:&nbsp;<\/em><\/strong><em>Vi\u00advre et ser\u00advir en com\u00admu\u00adnaut\u00e9 glo\u00adri\u00adfie Dieu et four\u00adnit un ex\u00adem\u00adple tan\u00adgi\u00adble de l&rsquo;\u00c9vangile en action.<\/em><\/p>\n\n\n\n<p>Notre d\u00e9\u00adsir est d&rsquo;\u00eatre un ex\u00adem\u00adple vis\u00adi\u00adble de la com\u00admu\u00adnaut\u00e9 de l&rsquo;\u00c9vangile. L&rsquo;amour de Dieu doit \u00eatre il\u00adlus\u00adtr\u00e9\u00ad dans tout ce que nous faisons. En tant que membres de l&rsquo;\u00c9glise et du Corps du Christ, nous sommes des\u00adtin\u00e9s \u00e0 re\u00adfl\u00e9ter l&rsquo;im\u00adage de Dieu, \u00e0 re\u00adfl\u00e9ter Sa gloire.<\/p>\n\n\n\n<p>L&rsquo;ex\u00adp\u00e9\u00adri\u00adence de la par\u00adtic\u00adi\u00adpat\u00adion \u00e0 la com\u00admu\u00adnaut\u00e9 doit \u00eatre une exp\u00e9rience de sou\u00adtien et d&rsquo;en\u00adcour\u00adage\u00adment mu\u00adtuels. Nous res\u00adpecterons et honorerons les di\u00adverses voix et les divers dons de chaque or\u00adga\u00adni\u00adsa\u00adtion au sein de la com\u00admu\u00adnaut\u00e9 de l&rsquo;Al\u00adliance. En\u00adsemble, nous cherchons \u00e0 dis\u00adcerner la volont\u00e9 de Dieu.<\/p>\n\n\n\n<ul class=\"wp-block-list\">\n<li><em>Nous refl\u00e9tons l&rsquo;image de Dieu en mod\u00e9lisant intentionnellement une communaut\u00e9 authentique\u00a0:\u00a0<\/em>Nous d\u00e9sirons une communaut\u00e9 qui fait preuve d&rsquo;amour, d&rsquo;engagement mutuel, d&rsquo;interd\u00e9pendance, de respect et de relations profondes et de confiance qui glorifient Dieu.\n<ul class=\"wp-block-list\">\n<li><em>Intentionnalit\u00e9\u00a0:\u00a0<\/em>Vivre et servir de mani\u00e8re intentionnelle dans une v\u00e9ritable communaut\u00e9 nous permet de mieux comprendre Dieu et les autres, et d&rsquo;\u00eatre un t\u00e9moin pour le monde.<\/li>\n\n\n\n<li><em>Authenticit\u00e9\u00a0:\u00a0<\/em>Suivant l&rsquo;exemple de la Trinit\u00e9, nous d\u00e9sirons \u00eatre ouverts, honn\u00eates, sinc\u00e8res et vrais.<\/li>\n\n\n\n<li><em>La pri\u00e8re et la Parole de Dieu sont essentielles \u00e0 la relation et \u00e0 la maturit\u00e9 dans la communaut\u00e9\u00a0:\u00a0<\/em>Nous ne pouvons apprendre, grandir et mieux conna\u00eetre Dieu et Son d\u00e9sir pour notre vie communautaire que si nous nous engageons de mani\u00e8re continue dans notre relation avec Lui et dans l&rsquo;\u00e9tude de Sa Parole. Le conna\u00eetre, c&rsquo;est faire grandir et approfondir notre amour pour Lui et pour les autres.<\/li>\n\n\n\n<li><em>Une relation est une joie et un privil\u00e8ge, pas seulement une responsabilit\u00e9\u00a0<\/em>: Les relations ne sont pas un moyen de parvenir \u00e0 une fin, mais sont l&rsquo;expression de notre appr\u00e9ciation de Dieu et des autres.<\/li>\n<\/ul>\n<\/li>\n<\/ul>\n\n\n\n<h3 class=\"wp-block-heading\">4. L&rsquo;attrait de la communaut\u00e9<\/h3>\n\n\n\n<p><strong><em>Prin\u00adci\u00adpe&nbsp;:&nbsp;<\/em><\/strong><em>Une com\u00admu\u00adnaut\u00e9 qui glo\u00adri\u00adfie Dieu at\u00adtire les ge\u00adns vers Dieu et Sa mission.<\/em><\/p>\n\n\n\n<p>En tant qu&rsquo;Al\u00adliance, nous travaillons en com\u00admu\u00adnaut\u00e9 les uns avec les au\u00adtres et avec l&rsquo;en\u00adsemble du Corps du Christ. Nous ac\u00adceptons et r\u00e9\u00adv\u00e9lons une vie com\u00admu\u00adnautaire qui d\u00e9coule de notre un\u00adit\u00e9 au sein du Corps du Christ. \u00ca\u00adtre une Al\u00adliance, c&rsquo;est plus qu&rsquo;un mod\u00e8le or\u00adga\u00adni\u00adsa\u00adtionnel pour fonc\u00adtion\u00adner col\u00adlec\u00adtivement comme des or\u00adga\u00adni\u00adsa\u00adtions dis\u00adtinctes. Nous cherchons \u00e0 \u00eatre un mod\u00e8le de v\u00adie du Ro\u00adyaume qui d\u00e9mon\u00adtre l&rsquo;unit\u00e9 har\u00admo\u00adnieuse et la di\u00adver\u00adsit\u00e9 du Corps du Christ afin que d&rsquo;au\u00adtres soient attir\u00e9s \u00e0 par\u00adtic\u00adi\u00adper \u00e0 la communaut\u00e9.<\/p>\n\n\n\n<ul class=\"wp-block-list\">\n<li><em>Le respect et l\u2019inclusion sont<\/em>une force d&rsquo;attraction.<\/li>\n\n\n\n<li><em>Valeur\u00a0:\u00a0<\/em>Nous voyons et respectons la valeur des individus et de la communaut\u00e9.<\/li>\n\n\n\n<li><em>L&rsquo;ouverture, la transparence et la vuln\u00e9rabilit\u00e9\u00a0<\/em>sont essentielles pour \u00eatre une communaut\u00e9 qui attire.<\/li>\n\n\n\n<li><em>Invitation\u00a0:\u00a0<\/em>En participant \u00e0 la mission de Dieu, nous attirons et invitons d&rsquo;autres personnes dans cette communaut\u00e9.<\/li>\n<\/ul>\n\n\n\n<h2 class=\"wp-block-heading\"><strong>AP\u00adPEN\u00adDICE<\/strong><\/h2>\n\n\n\n<p><strong>\u00cat\u00adre et a\u00adgir&nbsp;:&nbsp;<\/strong>Nous sommes ra\u00adchet\u00e9s, re\u00adstaur\u00e9s et \u00admo\u00adtiv\u00e9 par l&rsquo;amour du P\u00e8\u00adre, du Fils et du Saint-Esprit. Cela signifie que nos pens\u00e9es, nos at\u00adti\u00adtudes et nos ac\u00adtions doivent re\u00adfl\u00e9ter l&rsquo;amour, l&rsquo;unit\u00e9 et la di\u00adver\u00adsit\u00e9 que nous voyons dans la Trin\u00adit\u00e9. Cela signifie que ce que\u00ad nous sommes et&nbsp;<em>ce que\u00ad nous faisons<\/em>&nbsp;s&rsquo;en\u00adtre\u00adm\u00ealent pour cons\u00adtituer un por\u00adtrait attra\u00adyant (bien qu&rsquo;encore im\u00adpar\u00adfait) du Roy\u00adaume de Dieu pr\u00e9sent et \u00e0 ve\u00adnir. L&rsquo;Al\u00adliance cherche \u00e0 \u00eatre une com\u00admu\u00adnaut\u00e9 qui four\u00adnit un tel mod\u00e8le dans la r\u00e9\u00adflex\u00adion et la pratique.<\/p>\n\n\n\n<p>Les \u00e9l\u00e9\u00adments\u00ad suivants sont des ex\u00adpres\u00adsions de v\u00adie du Roy\u00adaume, d&rsquo;\u00eat\u00adre en Christ dans la communaut\u00e9&nbsp;:<\/p>\n\n\n\n<ul class=\"wp-block-list\">\n<li>Demeurer en Christ\u00a0: Jean 15:4\u00a0; Col 3:4<\/li>\n\n\n\n<li>L&rsquo;amour\u00a0: 1 Co 13\u00a0; Ep 4:16<\/li>\n\n\n\n<li>La communion et la d\u00e9pendance \u00e0 l&rsquo;\u00e9gard de Dieu\u00a0: Jn 15:5\u00a0; 1 P 4:11\u00a0; Ps 25:5\u00a0; Ps 27:4<\/li>\n\n\n\n<li>Le respect\u00a0: Rm 12:10\u00a0; 1 P 3:15<\/li>\n\n\n\n<li>La justice\u00a0: Dt 16:19, 20\u00a0; Ps 11:7\u00a0; Es 1:17\u00a0; Am 5:24\u00a0; Mt 23:23<\/li>\n\n\n\n<li>La mis\u00e9ricorde\u00a0: Ne 9:31\u00a0; Es 63:9\u00a0; Za 7:9\u00a0; Mt: 5.7\u00a0; Rm 12:8\u00a0; Je 3:17<\/li>\n\n\n\n<li>La g\u00e9n\u00e9rosit\u00e9\u00a0: tout ce que nous poss\u00e9dons ne nous appartient pas, mais Lui appartient \u2013 Rm 12:6, 1 P 4:10, 1 Co 12:1, 2 Co 8:1, 13-14, 9:11-14, He 13:16<\/li>\n\n\n\n<li>L&rsquo;unit\u00e9 et la fraternit\u00e9\u00a0: Jn 17, He 10:24, 25, 1 Jn 1:3<\/li>\n\n\n\n<li>L&rsquo;engagement\u00a0: 1 Co 4:2\u00a0; 2 Co 8:2<\/li>\n\n\n\n<li>La compassion\u00a0: Ex 34:6\u00a0; Ps 111:4\u00a0; Ps 112:4\u00a0; Za 7:9\u00a0; 2 Co 1:3\u00a0; Col 3:12\u00a0; 1 P 3:8<\/li>\n\n\n\n<li>La gr\u00e2ce\u00a0: Za 12:10\u00a0; Jn 1:14-17\u00a0; Ac 20:32\u00a0; Rm 12:6\u00a0; 2 Co 1:12\u00a0; 2 Co 12:9\u00a0; Ep 4:7<\/li>\n\n\n\n<li>La foi\u00a0: 1 S 12:24\u00a0; Ps 30:4\u00a0; Pr 2:8\u00a0; Mt 21:21\u00a0; Ac 16:5\u00a0; Rm 1:5-17<\/li>\n\n\n\n<li>La confiance \u00a0: 2 S 7:28\u00a0; Ps 9:10\u00a0; Ps 125:1\u00a0; Na 1:7\u00a0; Rm 15:13<\/li>\n\n\n\n<li>L&rsquo;\u00e9galit\u00e9\u00a0: personne ni aucune forme de service ne vaut plus qu&rsquo;une autre &#8211; 2 Co 8:13-14<\/li>\n\n\n\n<li>L&rsquo;interd\u00e9pendance\u00a0: ni d\u00e9pendance ni ind\u00e9pendance \u2013 1 Co 12:7\u00a0; 1 P 4:10, 11<\/li>\n\n\n\n<li>L&rsquo;humilit\u00e9\u00a0: Lc 10:12\u00a0; Jn 15:5\u00a0; Rm 12:3\u00a0; Ep 3:7-8<\/li>\n\n\n\n<li>L&rsquo;authenticit\u00e9\u00a0: Za 8:16\u00a0; Jn 4:23\u00a0; Ep 4:24\u00a0; Ph 4:8<\/li>\n<\/ul>\n\n\n\n<p>Les \u00e9l\u00e9m\u00adents suivants\u00ad sont des ex\u00adpres\u00adsions de&nbsp;<em>l&rsquo;ac\u00adtion&nbsp;<\/em>de la v\u00adie du Roy\u00adaume qui d\u00e9coule de&nbsp;<em>l&rsquo;\u00eatre&nbsp;<\/em>:<em><\/em><\/p>\n\n\n\n<ul class=\"wp-block-list\">\n<li>La traduction de la Bible\u00a0: un exemple concret de service en communaut\u00e9<\/li>\n\n\n\n<li>Devenir des \u00ab\u00a0praticiens r\u00e9flexifs\u00a0\u00bb<\/li>\n\n\n\n<li>Le discipulat\u00a0: une partie de la vie du Corps, une formation continue pour vivre en communaut\u00e9 avec Dieu et les uns avec les autres &#8211; 2 Tim 3:16<\/li>\n\n\n\n<li>Le partenariat\u00a0: Phm 1:5\u00a0; Phm 17<\/li>\n\n\n\n<li>Le sacrifice\u00a0: porter les fardeaux les uns des autres &#8211; He 13:16\u00a0; 2 Co 8:2\u00a0; Ga 6:2<\/li>\n\n\n\n<li>\u00c9couter (et s&rsquo;informer, pas seulement informer) &#8211; Ac 2:42<\/li>\n\n\n\n<li>L\u2019encouragement : He 3:13, 10:24, 25<\/li>\n\n\n\n<li>La pri\u00e8re\u00a0: Phm 1:3-5\u00a0; Mt 18:20 ; Je 5:16<\/li>\n\n\n\n<li>Savoir l\u00e2cher prise\u00a0: nous ne contr\u00f4lons rien \u2013 Actes 4:32,<\/li>\n\n\n\n<li>L&rsquo;inclusion\u00a0: Rm 12:5\u00a0; Rm 12:10<\/li>\n\n\n\n<li>L&rsquo;efficacit\u00e9\u00a0: Toute la Communaut\u00e9 \u2013 1 Cor 12:25\u00a0; Ep 4:16<\/li>\n\n\n\n<li>La transformation\u00a0: continuelle. La communaut\u00e9 est un \u00e9l\u00e9ment essentiel de la transformation<\/li>\n\n\n\n<li>La restauration\u00a0: pass\u00e9, pr\u00e9sent et futur<\/li>\n\n\n\n<li>La responsabilit\u00e9 mutuelle\u00a0: Col 3:16\u00a0; Ep 5:21<\/li>\n\n\n\n<li>La croissance\u00a0: d\u00e9couverte et apprentissage tout au long de la vie \u2013 Rm 15:14<\/li>\n\n\n\n<li>Plusieurs centres d&rsquo;influence\u00a0: l\u00e2cher prise, rel\u00e2cher le \u00ab\u00a0contr\u00f4le\u00a0\u00bb<\/li>\n\n\n\n<li>Multilingue<\/li>\n\n\n\n<li>Multi- et interculturel\u00a0: Rm 12:5<\/li>\n\n\n\n<li>L&rsquo;intendance\u00a0: prendre soin de ce que Dieu nous a donn\u00e9 et de ce qu&rsquo;Il fait avec nous et \u00e0 travers nous<\/li>\n<\/ul>\n\n\n\n<p>(Les versets four\u00adnis ne sont pas des \u00ab&nbsp;textes servant \u00e0 prouver quoi que ce soit \u00bb, mais des res\u00adsources pour une r\u00e9\u00adflex\u00adion et une \u00e9tude plus appro\u00adfondies).<\/p>\n","protected":false},"excerpt":{"rendered":"<p>L&rsquo;Alliance Wycliffe Mondiale dans la communaut\u00e9 Arri\u00e8re-plan Ces principes ont \u00e9t\u00e9 \u00e9labor\u00e9s \u00e0 partir des r\u00e9flexions et des dis\u00adcus\u00adsions de la con\u00adsul\u00adta\u00adtion mis\u00adsi\u00ado\u00adlog\u00adi\u00adque de l&rsquo;Al\u00adliance Wycliffe Mondiale sur la Com\u00admu\u00adnaut\u00e9,&#8230;<\/p>\n","protected":false},"author":5,"featured_media":0,"parent":5066,"menu_order":0,"comment_status":"closed","ping_status":"closed","template":"","meta":{"give_campaign_id":0,"_kadence_starter_templates_imported_post":false,"_kad_post_transparent":"","_kad_post_title":"","_kad_post_layout":"","_kad_post_sidebar_id":"","_kad_post_content_style":"","_kad_post_vertical_padding":"","_kad_post_feature":"","_kad_post_feature_position":"","_kad_post_header":false,"_kad_post_footer":false,"footnotes":""},"categories":[],"tags":[],"class_list":["post-5433","page","type-page","status-publish","hentry"],"campaignId":"","_links":{"self":[{"href":"https:\/\/wycliffe.net\/fr\/wp-json\/wp\/v2\/pages\/5433","targetHints":{"allow":["GET"]}}],"collection":[{"href":"https:\/\/wycliffe.net\/fr\/wp-json\/wp\/v2\/pages"}],"about":[{"href":"https:\/\/wycliffe.net\/fr\/wp-json\/wp\/v2\/types\/page"}],"author":[{"embeddable":true,"href":"https:\/\/wycliffe.net\/fr\/wp-json\/wp\/v2\/users\/5"}],"replies":[{"embeddable":true,"href":"https:\/\/wycliffe.net\/fr\/wp-json\/wp\/v2\/comments?post=5433"}],"version-history":[{"count":2,"href":"https:\/\/wycliffe.net\/fr\/wp-json\/wp\/v2\/pages\/5433\/revisions"}],"predecessor-version":[{"id":5888,"href":"https:\/\/wycliffe.net\/fr\/wp-json\/wp\/v2\/pages\/5433\/revisions\/5888"}],"up":[{"embeddable":true,"href":"https:\/\/wycliffe.net\/fr\/wp-json\/wp\/v2\/pages\/5066"}],"wp:attachment":[{"href":"https:\/\/wycliffe.net\/fr\/wp-json\/wp\/v2\/media?parent=5433"}],"wp:term":[{"taxonomy":"category","embeddable":true,"href":"https:\/\/wycliffe.net\/fr\/wp-json\/wp\/v2\/categories?post=5433"},{"taxonomy":"post_tag","embeddable":true,"href":"https:\/\/wycliffe.net\/fr\/wp-json\/wp\/v2\/tags?post=5433"}],"curies":[{"name":"wp","href":"https:\/\/api.w.org\/{rel}","templated":true}]}}