{"id":5399,"date":"2025-08-29T17:27:05","date_gmt":"2025-08-29T15:27:05","guid":{"rendered":"http:\/\/wycliffe.net\/?page_id=5399"},"modified":"2025-09-24T22:50:29","modified_gmt":"2025-09-24T20:50:29","slug":"principes-de-financement","status":"publish","type":"page","link":"https:\/\/wycliffe.net\/fr\/philosophy-principle-papers\/principes-de-financement\/","title":{"rendered":"Principes de financement"},"content":{"rendered":"\n<h2 class=\"wp-block-heading\">Principes de financement<\/h2>\n\n\n\n<h2 class=\"wp-block-heading\">Introduction<\/h2>\n\n\n\n<p>L&rsquo;association Alliance Wycliffe Mondiale a lanc\u00e9 un d\u00e9bat mondial sur le financement des mouvements de traduction de la Bible dans le contexte de la&nbsp;<em>missio Dei<\/em>&nbsp;(mission de Dieu). Au cours de l&rsquo;ann\u00e9e 2013 &#8211; 2014, l&rsquo;Alliance a facilit\u00e9 la consultation missiologique en Turquie, en Tha\u00eflande, en Allemagne, au Kenya et au Mexique, avec un total de 145 participants issus de 51 nations.<\/p>\n\n\n\n<p>Les objectifs d\u00e9clar\u00e9s de la consultation \u00e9taient les suivants&nbsp;:<\/p>\n\n\n\n<ul class=\"wp-block-list\">\n<li>Approfondir la compr\u00e9hension missiologique individuelle et collective des participants.<\/li>\n\n\n\n<li>Articuler une vision pour guider les pratiques de financement dans le contexte de la mission de Dieu, sur la base de principes qui soient missiologiquement sains, contextuellement pertinents, durables et respectueux de la plan\u00e8te.<\/li>\n<\/ul>\n\n\n\n<p>Les participants \u00e0 la consultation ont \u00e9tudi\u00e9 des contextes de financements \u00e9volutifs, aux niveaux mondial et local, en tenant compte des principes bibliques. Ceci a permis de cr\u00e9er un environnement au sein duquel l&rsquo;on a pu construire des relations, \u00e9couter divers points de vue, acqu\u00e9rir de nouvelles perspectives et discerner ensemble des opportunit\u00e9s et des responsabilit\u00e9s en voyant le financement comme faisant partie de la mission de Dieu. Les principes de financement ont \u00e9man\u00e9 de ces consultations et ont \u00e9t\u00e9 \u00e9labor\u00e9s en accord avec l&rsquo;\u00e9nonc\u00e9 de&nbsp;<a href=\"https:\/\/www.wycliffe.net\/fr\/ce-que-nous-faisons\/documents-sur-la-philosophie-et-les-principes\/philosophie-des-programmes-de-traduction-de-la-bible-de-lalliance-mondiale-wycliffe\/\">Philosophie de l&rsquo;Alliance Wycliffe Mondiale pour la traduction de la Bible<\/a>&nbsp;et avec l&rsquo;<a href=\"https:\/\/www.wycliffe.net\/fr\/ce-que-nous-faisons\/documents-sur-la-philosophie-et-les-principes\/lalliance-wycliffe-mondiale-dans-la-communaute-arriere-plan\/\">Alliance Wycliffe Mondiale pour la communaut\u00e9<\/a>.<\/p>\n\n\n\n<p>Ces principes ont pour but d&rsquo;encourager la r\u00e9flexion et le dialogue et d&rsquo;aider au d\u00e9veloppement des pratiques de financement entre partenaires.<\/p>\n\n\n\n<h2 class=\"wp-block-heading\">Principes<\/h2>\n\n\n\n<h3 class=\"wp-block-heading\">Principes 1-4&nbsp;: La mission de Dieu Lui appartient<\/h3>\n\n\n\n<p>1)&nbsp;La mission de Dieu s&rsquo;accomplit par le P\u00e8re, le Fils et le Saint-Esprit, \u0153uvrant en parfaite harmonie.&nbsp;<em>(Gen\u00e8se 1:26&nbsp;; Matthieu 3:16-17&nbsp;; Jean 17)<\/em><\/p>\n\n\n\n<p>2)&nbsp;Toutes choses appartiennent \u00e0 Dieu, y compris l&rsquo;ensemble des ressources n\u00e9cessaires \u00e0 l&rsquo;accomplissement de sa mission.&nbsp;<em>(Psaumes 50:7-15&nbsp;; Psaumes 24:1-2&nbsp;; Psaumes 136&nbsp;; \u00c9sa\u00efe 66:1-2&nbsp;; Job 38:1-42:6)<\/em><\/p>\n\n\n\n<p>3) Dieu invite et habilite son \u00c9glise mondiale \u00e0 participer de fa\u00e7on cr\u00e9ative avec lui \u00e0 sa mission.&nbsp;<em>(Matthieu 14:13-21&nbsp;; Matthieu 28&nbsp;; Jean 14:16-15:8&nbsp;; Jean 20:19-23&nbsp;; Apocalypse 21:22-22:5)<\/em><\/p>\n\n\n\n<p>4) L&rsquo;amour et la g\u00e9n\u00e9rosit\u00e9 de Dieu n&rsquo;ont pas de limites.&nbsp;<em>(Jean 3:16-17&nbsp;; Jean 15:9-15&nbsp;; Romains 8:31-32&nbsp;; 1 Corinthiens 2:6-9&nbsp;; Jacques 1:17)<\/em><\/p>\n\n\n\n<h3 class=\"wp-block-heading\">Principes 5-7&nbsp;: Dieu pourvoit \u00e0 sa mission<\/h3>\n\n\n\n<p>5)&nbsp;Dieu subvient aux besoins de sa mission via une diversit\u00e9 de personnes, de moyens et de ressources.&nbsp;<em>(Romains 12&nbsp;; Exode&nbsp;; 1 Rois 17&nbsp;; 2 Rois 4&nbsp;; Matthieu 3:4&nbsp;; Marc 6:35-44&nbsp;; Luc 10:1-12&nbsp;; Actes 3:1-9&nbsp;; Actes 18:1-3)<\/em><\/p>\n\n\n\n<p>6)&nbsp;En tant que porteur de l&rsquo;image de Dieu, et inspir\u00e9 par son exemple, chacun peut donner joyeusement et g\u00e9n\u00e9reusement, selon les b\u00e9n\u00e9dictions que Dieu nous a accord\u00e9es.&nbsp;<em>(Gen\u00e8se 1:26-28&nbsp;; Matthieu 25:31-40&nbsp;; Luc 21:1-3&nbsp;; Actes 4:32-37&nbsp;; 2 Corinthiens 8:9&nbsp;; 2 Corinthiens 9:7)<\/em><\/p>\n\n\n\n<p>7)&nbsp;Reconnaissant l&rsquo;intention de Dieu de pourvoir \u00e0 travers la communaut\u00e9, nous encourageons le partage des dons et des ressources de Dieu, y compris l&rsquo;argent, de mani\u00e8re \u00e0 ce que tous en b\u00e9n\u00e9ficient.&nbsp;<em>(Matthieu 19:16-30&nbsp;; Luc 12:22-34&nbsp;; Actes 2:41-47&nbsp;; Actes 11:27-30)<\/em><\/p>\n\n\n\n<h3 class=\"wp-block-heading\">Principes 8-14&nbsp;: Dieu nous permet de partager ses ressources<\/h3>\n\n\n\n<p>8)&nbsp;Tout ce que nous avons vient de Dieu.&nbsp;<em>(Gen\u00e8se 1&nbsp;; Psaumes 104:1-30&nbsp;; Colossiens 1:9-20)<\/em><\/p>\n\n\n\n<p>9)&nbsp;La participation au financement de la mission de Dieu constitue un acte d&rsquo;adoration.&nbsp;<em>(Malachie 3:7&nbsp;; 2 Corinthiens 9:11-15)<\/em><\/p>\n\n\n\n<p>10)&nbsp;Nous donnons de ce que Dieu nous a donn\u00e9, reconnaissant notre d\u00e9pendance \u00e0 lui par la pri\u00e8re et par l&rsquo;ob\u00e9issance.&nbsp;<em>(2 Corinthiens 9:9-10&nbsp;; 1 Timoth\u00e9e 6:17-19)<\/em><\/p>\n\n\n\n<p>11)&nbsp;Aucun individu ni groupe n&rsquo;est autosuffisant. Le partage des ressources est une activit\u00e9 relationnelle interd\u00e9pendante, o\u00f9 tous sont valoris\u00e9s, ainsi que leur contribution, et tous peuvent donner et recevoir gratuitement.&nbsp;<em>(Romains 12&nbsp;; Romains 14:7&nbsp;; 1 Corinthiens 12)<\/em><\/p>\n\n\n\n<p>12)&nbsp;Le partage des ressources doit se faire de fa\u00e7on d\u00e9licate et en ad\u00e9quation avec les diverses cultures et les diff\u00e9rents contextes.&nbsp;<em>(1 Corinthiens 9:1-19&nbsp;; Philippiens 4:15-18&nbsp;; 3 Jean 3-8)<\/em><\/p>\n\n\n\n<p>13)&nbsp;Au cours du processus qui consiste \u00e0 donner et \u00e0 recevoir, on se doit d&rsquo;honorer et de valoriser la dignit\u00e9 de tout un chacun par des relations et amiti\u00e9s respectueuses.&nbsp;<em>(1 Corinthiens 12:20-27&nbsp;; 1 Corinthiens 13:3&nbsp;; 2 Corinthiens 8:13-15)<\/em><\/p>\n\n\n\n<p>14)&nbsp;Quand des projets entre des partenaires de financement ne se passent pas comme pr\u00e9vu, cela nous donne l&rsquo;occasion de nous r\u00e9unir dans une atmosph\u00e8re de gr\u00e2ce, pour discerner et nous mettre en harmonie avec ce que Dieu est en train de faire.&nbsp;<em>(Actes 6:1-7&nbsp;; 2 Corinthiens 8:1-7)<\/em><\/p>\n\n\n\n<h3 class=\"wp-block-heading\">Principes 15-19&nbsp;: Dieu s&rsquo;attend \u00e0 une gestion sage de ses ressources<\/h3>\n\n\n\n<p>15)&nbsp;La gestion et la responsabilit\u00e9 sont importantes aux yeux de Dieu. En vertu de cela, nous sommes mutuellement responsables de l&rsquo;utilisation \u00e9thique et sage de ses ressources.&nbsp;<em>(\u00c9sa\u00efe 58:1-10&nbsp;; Luc 16:9-13&nbsp;; 1 Pierre 4:10)<\/em><\/p>\n\n\n\n<p>16)&nbsp;Les valeurs li\u00e9es \u00e0 la gestion sont d\u00e9velopp\u00e9es et test\u00e9es au sein de la communaut\u00e9 selon les principes bibliques.&nbsp;<em>(Agg\u00e9e 2:1-9&nbsp;; Jacques 2:1-18)<\/em><\/p>\n\n\n\n<p>17)&nbsp;On d\u00e9termine une compr\u00e9hension collective des besoins de financement en prenant en compte un certain nombre de facteurs, y compris la r\u00e9flexion et le dialogue missiologiques et th\u00e9ologiques.&nbsp;<em>(\u00c9sa\u00efe 61:1-9&nbsp;; Marc 7:1-13&nbsp;; Luc 21:1-6&nbsp;; Eccl\u00e9siaste 2:18-26)<\/em><\/p>\n\n\n\n<p>18)&nbsp;Une communication transparente et des relations bas\u00e9es sur la confiance sont des \u00e9l\u00e9ments essentiels pour pouvoir discuter des besoins, et pour \u00e9viter les probl\u00e8mes de pouvoir, d&rsquo;orgueil et de domination.&nbsp;<em>(J\u00e9r\u00e9mie 22:1-16&nbsp;; Marc 8:14-21&nbsp;; Actes 2:42-47&nbsp;; Actes 5:1-11)<\/em><\/p>\n\n\n\n<p>19)&nbsp;Le discernement dans les d\u00e9cisions de financement passe par la pri\u00e8re, la r\u00e9flexion, la diversit\u00e9 d&rsquo;opinions et la reconnaissance de la mission de Dieu et de l&rsquo;importance qu&rsquo;il accorde \u00e0 la transformation et \u00e0 la restauration holistique des personnes.&nbsp;<em>(Matthieu 10:1-16&nbsp;; Actes 11:27-30&nbsp;; Actes 20:32-36&nbsp;; Philippiens 4:10-23)<\/em><\/p>\n","protected":false},"excerpt":{"rendered":"<p>Principes de financement Introduction L&rsquo;association Alliance Wycliffe Mondiale a lanc\u00e9 un d\u00e9bat mondial sur le financement des mouvements de traduction de la Bible dans le contexte de la&nbsp;missio Dei&nbsp;(mission de&#8230;<\/p>\n","protected":false},"author":5,"featured_media":0,"parent":5066,"menu_order":0,"comment_status":"closed","ping_status":"closed","template":"","meta":{"give_campaign_id":0,"_kadence_starter_templates_imported_post":false,"_kad_post_transparent":"","_kad_post_title":"","_kad_post_layout":"","_kad_post_sidebar_id":"","_kad_post_content_style":"","_kad_post_vertical_padding":"","_kad_post_feature":"","_kad_post_feature_position":"","_kad_post_header":false,"_kad_post_footer":false,"footnotes":""},"categories":[],"tags":[],"class_list":["post-5399","page","type-page","status-publish","hentry"],"campaignId":"","_links":{"self":[{"href":"https:\/\/wycliffe.net\/fr\/wp-json\/wp\/v2\/pages\/5399","targetHints":{"allow":["GET"]}}],"collection":[{"href":"https:\/\/wycliffe.net\/fr\/wp-json\/wp\/v2\/pages"}],"about":[{"href":"https:\/\/wycliffe.net\/fr\/wp-json\/wp\/v2\/types\/page"}],"author":[{"embeddable":true,"href":"https:\/\/wycliffe.net\/fr\/wp-json\/wp\/v2\/users\/5"}],"replies":[{"embeddable":true,"href":"https:\/\/wycliffe.net\/fr\/wp-json\/wp\/v2\/comments?post=5399"}],"version-history":[{"count":2,"href":"https:\/\/wycliffe.net\/fr\/wp-json\/wp\/v2\/pages\/5399\/revisions"}],"predecessor-version":[{"id":5427,"href":"https:\/\/wycliffe.net\/fr\/wp-json\/wp\/v2\/pages\/5399\/revisions\/5427"}],"up":[{"embeddable":true,"href":"https:\/\/wycliffe.net\/fr\/wp-json\/wp\/v2\/pages\/5066"}],"wp:attachment":[{"href":"https:\/\/wycliffe.net\/fr\/wp-json\/wp\/v2\/media?parent=5399"}],"wp:term":[{"taxonomy":"category","embeddable":true,"href":"https:\/\/wycliffe.net\/fr\/wp-json\/wp\/v2\/categories?post=5399"},{"taxonomy":"post_tag","embeddable":true,"href":"https:\/\/wycliffe.net\/fr\/wp-json\/wp\/v2\/tags?post=5399"}],"curies":[{"name":"wp","href":"https:\/\/api.w.org\/{rel}","templated":true}]}}