{"id":5384,"date":"2025-08-29T17:28:11","date_gmt":"2025-08-29T15:28:11","guid":{"rendered":"http:\/\/wycliffe.net\/?page_id=5384"},"modified":"2025-09-24T22:46:54","modified_gmt":"2025-09-24T20:46:54","slug":"intendance-de-la-terre","status":"publish","type":"page","link":"https:\/\/wycliffe.net\/fr\/philosophy-principle-papers\/intendance-de-la-terre\/","title":{"rendered":"Intendance de la Terre"},"content":{"rendered":"\n<h2 class=\"wp-block-heading\">Intendance de la Terre<\/h2>\n\n\n\n<p>En tant que disciples du Christ, les membres de l&rsquo;Alliance Wycliffe Mondiale soutiennent l&rsquo;intendance* de la Terre<\/p>\n\n\n\n<ul class=\"wp-block-list\">\n<li>en signe de r\u00e9v\u00e9rence \u00e0 Dieu<\/li>\n\n\n\n<li>en respectant la cr\u00e9ation de Dieu<\/li>\n\n\n\n<li>en r\u00e9ponse au d\u00e9sir de Dieu de restaurer et de renouveler toutes choses \u00e0 travers le Christ.<\/li>\n<\/ul>\n\n\n\n<p>Nous nous d\u00e9lectons en la cr\u00e9ation et c\u00e9l\u00e9brons sa beaut\u00e9 et sa diversit\u00e9 et invitons les autres \u00e0 se joindre \u00e0 cette c\u00e9l\u00e9bration.<\/p>\n\n\n\n<p>Nous nous reconnaissons comme participants \u00e0 l&rsquo;histoire de Dieu, faite de r\u00e9demption et de r\u00e9conciliation, qui inclut toute la cr\u00e9ation.<\/p>\n\n\n\n<p>Nous reconnaissons la responsabilit\u00e9 et le privil\u00e8ge que Dieu nous a donn\u00e9s de prendre soin de la Terre et nous partageons l&rsquo;amour et le souci de notre Cr\u00e9ateur pour toutes ses cr\u00e9atures. La Parole de Dieu est notre autorit\u00e9 et notre guide pour une gestion sage en toutes choses.<\/p>\n\n\n\n<p>Nous reconnaissons que bon nombre des personnes les plus touch\u00e9es par les probl\u00e8mes environnementaux font partie des pauvres et des moins puissants. Beaucoup de ces personnes font partie des communaut\u00e9s linguistiques minoritaires avec lesquelles nous travaillons.<\/p>\n\n\n\n<p>Nous acceptons la responsabilit\u00e9 personnelle et collective de prendre soin de la Terre par des attitudes et des actions sages concernant notre utilisation des ressources et notre impact sur l&rsquo;environnement.<\/p>\n\n\n\n<p>Par cons\u00e9quent, nous nous engageons \u00e0 \u00eatre \u00e0 la fois des serviteurs et des intendants, conscients et attentifs aux besoins holistiques des peuples de la Terre et de leur environnement.<\/p>\n\n\n\n<p>Intendance &#8211; d\u00e9tenir quelque chose en gage pour un autre. L&rsquo;intendance de la Terre, ou gestion de l&rsquo;environnement, est le soin et l&rsquo;utilisation responsables des ressources de cette plan\u00e8te, en reconnaissant qu&rsquo;elles appartiennent \u00e0 Dieu et qu&rsquo;il nous a donn\u00e9 le privil\u00e8ge de profiter et de prendre soin de ce qu&rsquo;il a cr\u00e9\u00e9.<\/p>\n\n\n\n<p>Ressources suppl\u00e9mentaires :<\/p>\n\n\n\n<ul class=\"wp-block-list\">\n<li><a href=\"https:\/\/www.christianitytoday.com\/ct\/2010\/july\/main.html\" target=\"_blank\" rel=\"noreferrer noopener\">Article de Christianity Today : \u00a0\u00bb The Global Conversation \u00ab\u00a0<\/a><\/li>\n\n\n\n<li><a href=\"http:\/\/www.lausanne.org\/en\/documents\/all\/2012-creation-care\/1881-call-to-action.html\" target=\"_blank\" rel=\"noreferrer noopener\">Consultation internationale du Mouvement de Lausanne : \u00ab \u00c9vangile et Protection de l\u2019environnement \u00bb Appel \u00e0 l\u2019Action<\/a><\/li>\n<\/ul>\n","protected":false},"excerpt":{"rendered":"<p>Intendance de la Terre En tant que disciples du Christ, les membres de l&rsquo;Alliance Wycliffe Mondiale soutiennent l&rsquo;intendance* de la Terre Nous nous d\u00e9lectons en la cr\u00e9ation et c\u00e9l\u00e9brons sa&#8230;<\/p>\n","protected":false},"author":5,"featured_media":0,"parent":5066,"menu_order":0,"comment_status":"closed","ping_status":"closed","template":"","meta":{"give_campaign_id":0,"_kadence_starter_templates_imported_post":false,"_kad_post_transparent":"","_kad_post_title":"","_kad_post_layout":"","_kad_post_sidebar_id":"","_kad_post_content_style":"","_kad_post_vertical_padding":"","_kad_post_feature":"","_kad_post_feature_position":"","_kad_post_header":false,"_kad_post_footer":false,"footnotes":""},"categories":[],"tags":[],"class_list":["post-5384","page","type-page","status-publish","hentry"],"campaignId":"","_links":{"self":[{"href":"https:\/\/wycliffe.net\/fr\/wp-json\/wp\/v2\/pages\/5384","targetHints":{"allow":["GET"]}}],"collection":[{"href":"https:\/\/wycliffe.net\/fr\/wp-json\/wp\/v2\/pages"}],"about":[{"href":"https:\/\/wycliffe.net\/fr\/wp-json\/wp\/v2\/types\/page"}],"author":[{"embeddable":true,"href":"https:\/\/wycliffe.net\/fr\/wp-json\/wp\/v2\/users\/5"}],"replies":[{"embeddable":true,"href":"https:\/\/wycliffe.net\/fr\/wp-json\/wp\/v2\/comments?post=5384"}],"version-history":[{"count":2,"href":"https:\/\/wycliffe.net\/fr\/wp-json\/wp\/v2\/pages\/5384\/revisions"}],"predecessor-version":[{"id":5422,"href":"https:\/\/wycliffe.net\/fr\/wp-json\/wp\/v2\/pages\/5384\/revisions\/5422"}],"up":[{"embeddable":true,"href":"https:\/\/wycliffe.net\/fr\/wp-json\/wp\/v2\/pages\/5066"}],"wp:attachment":[{"href":"https:\/\/wycliffe.net\/fr\/wp-json\/wp\/v2\/media?parent=5384"}],"wp:term":[{"taxonomy":"category","embeddable":true,"href":"https:\/\/wycliffe.net\/fr\/wp-json\/wp\/v2\/categories?post=5384"},{"taxonomy":"post_tag","embeddable":true,"href":"https:\/\/wycliffe.net\/fr\/wp-json\/wp\/v2\/tags?post=5384"}],"curies":[{"name":"wp","href":"https:\/\/api.w.org\/{rel}","templated":true}]}}