{"id":5076,"date":"2025-08-13T21:30:46","date_gmt":"2025-08-13T19:30:46","guid":{"rendered":"http:\/\/wycliffe.net\/philosophy-principle-papers\/the-global-people-conversation\/"},"modified":"2025-09-24T16:52:03","modified_gmt":"2025-09-24T14:52:03","slug":"the-global-people-conversation","status":"publish","type":"page","link":"https:\/\/wycliffe.net\/fr\/philosophy-principle-papers\/the-global-people-conversation\/","title":{"rendered":"La Conversation mondiale des peuples"},"content":{"rendered":"\n<h1 class=\"wp-block-heading\">La Conversation mondiale des peuples<\/h1>\n\n\n<div class=\"wp-block-image\">\n<figure class=\"aligncenter\"><img decoding=\"async\" src=\"https:\/\/www.wycliffe.net\/wp-content\/uploads\/2024\/03\/GPC-2799-1024x655.jpg\" alt=\"\" class=\"wp-image-20191\"\/><\/figure>\n<\/div>\n\n\n<p>Le 21e si\u00e8cle est d\u00e9j\u00e0 marqu\u00e9 par de profonds changements dans la mani\u00e8re dont l&rsquo;\u00e9glise mondiale envisage sa participation \u00e0 la mission de Dieu. Les organisations de l&rsquo;Alliance Mondiale Wycliffe sont de plus en plus conscientes que nos strat\u00e9gies et nos pratiques peuvent ne plus correspondre aux r\u00e9alit\u00e9s actuelles ni aux besoins futurs. Par exemple&nbsp;: \u00c0 quoi devrait ressembler une organisation \u00ab&nbsp;\u00e9mettrice&nbsp;\u00bb aujourd&rsquo;hui&nbsp;?&nbsp;&nbsp;<\/p>\n\n\n\n<p>L&rsquo;Alliance a relev\u00e9 ces d\u00e9fis en accueillant la&nbsp;<strong>Conversation mondiale des peuples<\/strong>. de 2023, qui durera toute l&rsquo;ann\u00e9e. Des rassemblements ont \u00e9t\u00e9 organis\u00e9s dans chacune de nos quatre r\u00e9gions, auxquels ont particip\u00e9 120 personnes issues de 75 organisations de l&rsquo;Alliance impliqu\u00e9es dans notre domaine de participation intitul\u00e9 \u00ab&nbsp;Personnes&nbsp;\u00bb. Ensuite, un dernier groupe s&rsquo;est r\u00e9uni pour analyser collectivement ce que nous avons appris ensemble.<\/p>\n\n\n\n<h3 class=\"wp-block-heading\">Lire le rapport de synth\u00e8se&nbsp;:<\/h3>\n\n\n\n<ul class=\"wp-block-list\">\n<li><a href=\"http:\/\/wycliffe.net\/wp-content\/uploads\/2025\/09\/GPC-summary-report_final2_web.pdf\" data-type=\"attachment\" data-id=\"5119\">Anglais<\/a><\/li>\n\n\n\n<li><a href=\"http:\/\/wycliffe.net\/wp-content\/uploads\/2025\/09\/GPC-summary-report-french2.pdf\" data-type=\"attachment\" data-id=\"5107\">Fran\u00e7ais<\/a><\/li>\n\n\n\n<li><a href=\"http:\/\/wycliffe.net\/wp-content\/uploads\/2025\/09\/GPC-summary-report-indonesian2.pdf\" data-type=\"attachment\" data-id=\"5113\">Indon\u00e9sien<\/a><\/li>\n\n\n\n<li><a href=\"http:\/\/wycliffe.net\/wp-content\/uploads\/2025\/09\/GPC-summary-report-portuguese2.pdf\" data-type=\"attachment\" data-id=\"5101\">Portugais<\/a><\/li>\n\n\n\n<li><a href=\"http:\/\/wycliffe.net\/wp-content\/uploads\/2025\/09\/GPC-summary-report-spanish2.pdf\" data-type=\"attachment\" data-id=\"5095\">Espagnol<\/a><\/li>\n<\/ul>\n\n\n\n<p><strong><a href=\"http:\/\/wycliffe.net\/fr\/philosophy-principle-papers\/the-global-people-conversation\/videos-from-the-global-people-conversation\/\" data-type=\"page\" data-id=\"5149\">REGARDER:<\/a><\/strong>&nbsp;Regarder les vid\u00e9os d&rsquo;entretiens avec les participants<\/p>\n\n\n\n<p><strong><a href=\"https:\/\/open.spotify.com\/episode\/7eGn1GgpFohaU3ngeeP212\">\u00c9COUTEZ&nbsp;:&nbsp;<\/a><\/strong>&nbsp;Le podcast Journey propose une conversation avec Hannes Wiesmann, assistant du directeur ex\u00e9cutif, \u00e0 propos de la Conversation mondiale des peuples de 2023 qui s&rsquo;est d\u00e9roul\u00e9e en quatre segments sur quatre continents. Concr\u00e8tement, ce type de rassemblements met en avant les valeurs de l&rsquo;Alliance en incluant une grande vari\u00e9t\u00e9 de voix pour aborder les probl\u00e8mes communs du mouvement de traduction de la Bible.<\/p>\n\n\n\n<p><\/p>\n\n\n\n<figure class=\"wp-block-image\"><img decoding=\"async\" src=\"https:\/\/www.wycliffe.net\/wp-content\/uploads\/2024\/04\/2023July_KL_5077-1024x683.jpg\" alt=\"\" class=\"wp-image-20325\"\/><\/figure>\n","protected":false},"excerpt":{"rendered":"<p>La Conversation mondiale des peuples Le 21e si\u00e8cle est d\u00e9j\u00e0 marqu\u00e9 par de profonds changements dans la mani\u00e8re dont l&rsquo;\u00e9glise mondiale envisage sa participation \u00e0 la mission de Dieu. Les&#8230;<\/p>\n","protected":false},"author":5,"featured_media":0,"parent":5066,"menu_order":0,"comment_status":"closed","ping_status":"closed","template":"","meta":{"give_campaign_id":0,"_kadence_starter_templates_imported_post":false,"_kad_post_transparent":"","_kad_post_title":"","_kad_post_layout":"","_kad_post_sidebar_id":"","_kad_post_content_style":"","_kad_post_vertical_padding":"","_kad_post_feature":"","_kad_post_feature_position":"","_kad_post_header":false,"_kad_post_footer":false,"footnotes":""},"categories":[572],"tags":[],"class_list":["post-5076","page","type-page","status-publish","hentry","category-rassemblements"],"campaignId":"","_links":{"self":[{"href":"https:\/\/wycliffe.net\/fr\/wp-json\/wp\/v2\/pages\/5076","targetHints":{"allow":["GET"]}}],"collection":[{"href":"https:\/\/wycliffe.net\/fr\/wp-json\/wp\/v2\/pages"}],"about":[{"href":"https:\/\/wycliffe.net\/fr\/wp-json\/wp\/v2\/types\/page"}],"author":[{"embeddable":true,"href":"https:\/\/wycliffe.net\/fr\/wp-json\/wp\/v2\/users\/5"}],"replies":[{"embeddable":true,"href":"https:\/\/wycliffe.net\/fr\/wp-json\/wp\/v2\/comments?post=5076"}],"version-history":[{"count":5,"href":"https:\/\/wycliffe.net\/fr\/wp-json\/wp\/v2\/pages\/5076\/revisions"}],"predecessor-version":[{"id":5181,"href":"https:\/\/wycliffe.net\/fr\/wp-json\/wp\/v2\/pages\/5076\/revisions\/5181"}],"up":[{"embeddable":true,"href":"https:\/\/wycliffe.net\/fr\/wp-json\/wp\/v2\/pages\/5066"}],"wp:attachment":[{"href":"https:\/\/wycliffe.net\/fr\/wp-json\/wp\/v2\/media?parent=5076"}],"wp:term":[{"taxonomy":"category","embeddable":true,"href":"https:\/\/wycliffe.net\/fr\/wp-json\/wp\/v2\/categories?post=5076"},{"taxonomy":"post_tag","embeddable":true,"href":"https:\/\/wycliffe.net\/fr\/wp-json\/wp\/v2\/tags?post=5076"}],"curies":[{"name":"wp","href":"https:\/\/api.w.org\/{rel}","templated":true}]}}