{"id":5066,"date":"2025-08-13T21:18:39","date_gmt":"2025-08-13T19:18:39","guid":{"rendered":"http:\/\/wycliffe.net\/?page_id=5066"},"modified":"2025-09-25T16:55:50","modified_gmt":"2025-09-25T14:55:50","slug":"philosophy-principle-papers","status":"publish","type":"page","link":"https:\/\/wycliffe.net\/fr\/philosophy-principle-papers\/","title":{"rendered":"Articles sur la philosophie et les principes"},"content":{"rendered":"\n<h1 class=\"wp-block-heading\">Documents sur la philosophie et les principes<\/h1>\n\n\n\n<p><strong>Documents sur des sujets fondamentaux pour l&rsquo;Alliance :<\/strong><\/p>\n\n\n\n<p><a href=\"http:\/\/wycliffe.net\/fr\/philosophy-principle-papers\/the-global-people-conversation\/\" data-type=\"page\" data-id=\"1823\">Conversation mondiale sur le peuple<\/a> &#8211; tout au long de l&rsquo;ann\u00e9e 2023, 120 personnes issues de 75 organisations de l&rsquo;Alliance se sont r\u00e9unies pour discuter de la question suivante : \u00a0\u00bb A la lumi\u00e8re des grands changements que l&rsquo;Eglise en g\u00e9n\u00e9ral et le mouvement de traduction de la Bible en particulier ont connus au cours des derni\u00e8res d\u00e9cennies, comment les organisations de l&rsquo;Alliance peuvent-elles participer au mieux au mouvement de traduction de la Bible par le biais du People Stream ? \u00ab\u00a0<\/p>\n\n\n\n<p><a href=\"http:\/\/wycliffe.net\/fr\/philosophy-principle-papers\/directions-dans-la-traduction-de-la-bible\/\" data-type=\"page\" data-id=\"1826\">Orientations en mati\u00e8re de traduction biblique :<\/a> Un triple engagement pour accro\u00eetre la capacit\u00e9 mondiale &#8211; Le Conseil d&rsquo;administration de l&rsquo;Alliance mondiale Wycliffe a adopt\u00e9 en novembre 2017 une motion qui guidera les efforts visant \u00e0 aider les Organisations de l&rsquo;Alliance dans trois domaines cl\u00e9s o\u00f9 des besoins ont \u00e9t\u00e9 exprim\u00e9s (et observ\u00e9s) en mati\u00e8re de traduction de la Bible dans le monde entier.<\/p>\n\n\n\n<p><a href=\"http:\/\/wycliffe.net\/fr\/philosophy-principle-papers\/philosophie-des-programmes-de-traduction-de-la-bible-de-lalliance-mondiale-wycliffe\/\" data-type=\"page\" data-id=\"2640\">Philosophie des programmes de traduction de la Bible de l&rsquo;Alliance mondiale Wycliffe<\/a> &#8211; est l&rsquo;expression de valeurs partag\u00e9es et de croyances fondamentales con\u00e7ues pour inspirer et guider les Organisations de l&rsquo;Alliance.<\/p>\n\n\n\n<p><a href=\"http:\/\/wycliffe.net\/wp-content\/uploads\/2025\/09\/People-Serving-in-Gods-Mission-pdf-format_FR.pdf\">Des personnes au service de la mission de Dieu <\/a><a href=\"http:\/\/wycliffe.net\/wp-content\/uploads\/2025\/08\/Statement-People_Serving_in_Gods_Mission_12-2018_EN-1-1.pdf\">:<\/a> D\u00e9clarations de valeurs et observations connexes &#8211; En 2018, l&rsquo;Alliance mondiale Wycliffe a organis\u00e9 une consultation sur les meilleures pratiques et valeurs en mati\u00e8re de ressources humaines dans le contexte de l&rsquo;Alliance.<\/p>\n\n\n\n<p><a href=\"http:\/\/wycliffe.net\/fr\/philosophy-principle-papers\/declarations-concernant-la-relation-de-lalliance-wycliffe-mondiale-avec-leglise\/\">Statements Regarding the Wycliffe Global Alliance\u2019s Relationship with the Church<\/a>&#8211; In 2017 and 2018 the Alliance held consultations to better understand the Church\u2019s role in God\u2019s mission, the Alliance&rsquo;s relationship with the Church, and how together we can focus on Bible translation movements. <a href=\"http:\/\/wycliffe.net\/wp-content\/uploads\/2025\/08\/Statement-Church_and_the_Alliance_5-2018_EN-1.pdf\">PDF (English)<\/a><\/p>\n\n\n\n<p><a href=\"http:\/\/wycliffe.net\/fr\/philosophy-principle-papers\/lalliance-wycliffe-mondiale-dans-la-communaute\/\" data-type=\"page\" data-id=\"2642\">L&rsquo;Alliance mondiale Wycliffe en communaut\u00e9 &#8211;<\/a> La communaut\u00e9 est la base de l&rsquo;existence de l&rsquo;Alliance. Nous ne sommes pas une communaut\u00e9 uniquement en raison de nos objectifs communs. Nous sommes une communaut\u00e9 parce que nous partageons joyeusement une vie commune en Christ.  <\/p>\n\n\n\n<p><a href=\"http:\/\/wycliffe.net\/fr\/philosophy-principle-papers\/principes-de-financement\/\" data-type=\"page\" data-id=\"2644\">Principes de financement<\/a> &#8211; En 2013 et 2014, l&rsquo;Alliance mondiale Wycliffe a lanc\u00e9 un d\u00e9bat mondial sur le financement des mouvements de traduction de la Bible dans le contexte de la <em>missio Dei<\/em> (mission de Dieu). L&rsquo;un des objectifs des consultations \u00e9tait d&rsquo;articuler une vision pour guider les pratiques de financement dans le contexte de la mission de Dieu, en se basant sur des principes qui sont missiologiquement sains, contextuellement pertinents, durables et globalement respectueux. <\/p>\n\n\n\n<p><a href=\"http:\/\/wycliffe.net\/fr\/philosophy-principle-papers\/intendance-de-la-terre\/\" data-type=\"page\" data-id=\"2646\">Gestion de la terre<\/a> &#8211; En tant que disciples du Christ, les membres de l&rsquo;Alliance mondiale Wycliffe soutiennent la gestion de la terre.<\/p>\n\n\n\n<p><a href=\"http:\/\/wycliffe.net\/fr\/philosophy-principle-papers\/objectif-2025\/\" data-type=\"page\" data-id=\"2648\">Vision 2025<\/a> &#8211; nous rappelle que nous devons continuellement r\u00e9fl\u00e9chir \u00e0 ce que nous voyons autour de nous et devant nous lorsque nous participons \u00e0 la traduction de la Bible.<\/p>\n\n\n\n<p><a href=\"http:\/\/wycliffe.net\/fr\/philosophy-principle-papers\/le-cheminement-de-lalliance-en-reponse-a-objectif-2025-une-discussion-missiologique\/\" data-type=\"page\" data-id=\"2650\">Le parcours de l&rsquo;Alliance en r\u00e9ponse \u00e0 Vision 2025 : Une conversation missiologique<\/a> &#8211; Pendant deux jours, lors du Rassemblement mondial de Wycliffe, les participants ont discut\u00e9 de \u00ab\u00a0l&rsquo;itin\u00e9raire de l&rsquo;Alliance en r\u00e9ponse \u00e0 la Vision 2025\u00a0\u00bb. Nous avons pris en compte la mise en garde de Payne selon laquelle \u00ab\u00a0le simple fait que nous fassions quelque chose sur le terrain, m\u00eame si nous obtenons des r\u00e9sultats, ne justifie pas que nous nous abstenions d&rsquo;\u00e9valuer nos actions\u00a0\u00bb. <\/p>\n","protected":false},"excerpt":{"rendered":"<p>Documents sur la philosophie et les principes Documents sur des sujets fondamentaux pour l&rsquo;Alliance : Conversation mondiale sur le peuple &#8211; tout au long de l&rsquo;ann\u00e9e 2023, 120 personnes issues&#8230;<\/p>\n","protected":false},"author":5,"featured_media":0,"parent":0,"menu_order":0,"comment_status":"closed","ping_status":"closed","template":"","meta":{"give_campaign_id":0,"_kadence_starter_templates_imported_post":false,"_kad_post_transparent":"","_kad_post_title":"","_kad_post_layout":"","_kad_post_sidebar_id":"","_kad_post_content_style":"","_kad_post_vertical_padding":"","_kad_post_feature":"","_kad_post_feature_position":"","_kad_post_header":false,"_kad_post_footer":false,"footnotes":""},"categories":[],"tags":[],"class_list":["post-5066","page","type-page","status-publish","hentry"],"campaignId":"","_links":{"self":[{"href":"https:\/\/wycliffe.net\/fr\/wp-json\/wp\/v2\/pages\/5066","targetHints":{"allow":["GET"]}}],"collection":[{"href":"https:\/\/wycliffe.net\/fr\/wp-json\/wp\/v2\/pages"}],"about":[{"href":"https:\/\/wycliffe.net\/fr\/wp-json\/wp\/v2\/types\/page"}],"author":[{"embeddable":true,"href":"https:\/\/wycliffe.net\/fr\/wp-json\/wp\/v2\/users\/5"}],"replies":[{"embeddable":true,"href":"https:\/\/wycliffe.net\/fr\/wp-json\/wp\/v2\/comments?post=5066"}],"version-history":[{"count":8,"href":"https:\/\/wycliffe.net\/fr\/wp-json\/wp\/v2\/pages\/5066\/revisions"}],"predecessor-version":[{"id":5904,"href":"https:\/\/wycliffe.net\/fr\/wp-json\/wp\/v2\/pages\/5066\/revisions\/5904"}],"wp:attachment":[{"href":"https:\/\/wycliffe.net\/fr\/wp-json\/wp\/v2\/media?parent=5066"}],"wp:term":[{"taxonomy":"category","embeddable":true,"href":"https:\/\/wycliffe.net\/fr\/wp-json\/wp\/v2\/categories?post=5066"},{"taxonomy":"post_tag","embeddable":true,"href":"https:\/\/wycliffe.net\/fr\/wp-json\/wp\/v2\/tags?post=5066"}],"curies":[{"name":"wp","href":"https:\/\/api.w.org\/{rel}","templated":true}]}}