{"id":4894,"date":"2025-07-14T13:23:00","date_gmt":"2025-07-14T11:23:00","guid":{"rendered":"http:\/\/wycliffe.net\/leadership\/"},"modified":"2026-03-05T13:26:21","modified_gmt":"2026-03-05T12:26:21","slug":"leadership","status":"publish","type":"page","link":"https:\/\/wycliffe.net\/fr\/leadership\/","title":{"rendered":"Leadership"},"content":{"rendered":"\n<h2 class=\"wp-block-heading\">\u00c9quipe de direction de l&rsquo;Alliance<\/h2>\n\n\n\n<p>Une petite \u00e9quipe centrale et un groupe diversifi\u00e9 de consultants contribuent \u00e0 d\u00e9finir et \u00e0 orienter l&rsquo;Alliance, participent \u00e0 des r\u00e9seaux et partenariats cl\u00e9s, et assurent la responsabilit\u00e9. Ces dirigeants vivent et travaillent en Asie, en Afrique, en Am\u00e9rique et en Europe.<\/p>\n\n\n\n<p>Les dirigeants de l&rsquo;Alliance souhaitent \u00eatre des praticiens r\u00e9fl\u00e9chis, s&rsquo;appuyant sur Dieu pour leur discernement et leur orientation, tout en dirigeant par l&rsquo;exemple et l&rsquo;influence. Ils veillent \u00e0 ce que l&rsquo;Alliance offre un environnement accueillant o\u00f9 de nombreuses voix peuvent \u00eatre entendues, o\u00f9 la gr\u00e2ce est abondante et o\u00f9 Dieu est glorifi\u00e9.<\/p>\n\n\n<style>.kb-row-layout-id4894_3e3d74-03 > .kt-row-column-wrap{align-content:start;}:where(.kb-row-layout-id4894_3e3d74-03 > .kt-row-column-wrap) > .wp-block-kadence-column{justify-content:start;}.kb-row-layout-id4894_3e3d74-03 > .kt-row-column-wrap{column-gap:var(--global-kb-gap-md, 2rem);row-gap:var(--global-kb-gap-md, 2rem);padding-top:var(--global-kb-spacing-sm, 1.5rem);padding-bottom:var(--global-kb-spacing-sm, 1.5rem);grid-template-columns:repeat(2, minmax(0, 1fr));}.kb-row-layout-id4894_3e3d74-03 > .kt-row-layout-overlay{opacity:0.30;}@media all and (max-width: 1024px){.kb-row-layout-id4894_3e3d74-03 > .kt-row-column-wrap{grid-template-columns:repeat(2, minmax(0, 1fr));}}@media all and (max-width: 767px){.kb-row-layout-id4894_3e3d74-03 > .kt-row-column-wrap{grid-template-columns:minmax(0, 1fr);}}<\/style><div class=\"kb-row-layout-wrap kb-row-layout-id4894_3e3d74-03 alignnone wp-block-kadence-rowlayout\"><div class=\"kt-row-column-wrap kt-has-2-columns kt-row-layout-equal kt-tab-layout-inherit kt-mobile-layout-row kt-row-valign-top\">\n<style>.kadence-column4894_c7749e-0d > .kt-inside-inner-col,.kadence-column4894_c7749e-0d > .kt-inside-inner-col:before{border-top-left-radius:0px;border-top-right-radius:0px;border-bottom-right-radius:0px;border-bottom-left-radius:0px;}.kadence-column4894_c7749e-0d > .kt-inside-inner-col{column-gap:var(--global-kb-gap-sm, 1rem);}.kadence-column4894_c7749e-0d > .kt-inside-inner-col{flex-direction:column;}.kadence-column4894_c7749e-0d > .kt-inside-inner-col > .aligncenter{width:100%;}.kadence-column4894_c7749e-0d > .kt-inside-inner-col:before{opacity:0.3;}.kadence-column4894_c7749e-0d{position:relative;}@media all and (max-width: 1024px){.kadence-column4894_c7749e-0d > .kt-inside-inner-col{flex-direction:column;justify-content:center;}}@media all and (max-width: 767px){.kadence-column4894_c7749e-0d > .kt-inside-inner-col{flex-direction:column;justify-content:center;}}<\/style>\n<div class=\"wp-block-kadence-column kadence-column4894_c7749e-0d\"><div class=\"kt-inside-inner-col\">\n<div class=\"wp-block-media-text is-stacked-on-mobile\"><figure class=\"wp-block-media-text__media\"><img loading=\"lazy\" decoding=\"async\" width=\"1024\" height=\"683\" src=\"http:\/\/wycliffe.net\/wp-content\/uploads\/2026\/03\/agneslid-3-1024x683.jpg\" alt=\"\" class=\"wp-image-8855 size-full\" srcset=\"https:\/\/wycliffe.net\/wp-content\/uploads\/2026\/03\/agneslid-3-1024x683.jpg 1024w, https:\/\/wycliffe.net\/wp-content\/uploads\/2026\/03\/agneslid-3-300x200.jpg 300w, https:\/\/wycliffe.net\/wp-content\/uploads\/2026\/03\/agneslid-3-768x512.jpg 768w, https:\/\/wycliffe.net\/wp-content\/uploads\/2026\/03\/agneslid-3-1536x1024.jpg 1536w, https:\/\/wycliffe.net\/wp-content\/uploads\/2026\/03\/agneslid-3.jpg 1920w\" sizes=\"auto, (max-width: 1024px) 100vw, 1024px\" \/><\/figure><div class=\"wp-block-media-text__content\">\n<p><strong>Agnes Lid<\/strong><br>Executive Director (interim)<br>Norway<\/p>\n<\/div><\/div>\n\n\n\n<div class=\"wp-block-media-text is-stacked-on-mobile\"><figure class=\"wp-block-media-text__media\"><img loading=\"lazy\" decoding=\"async\" width=\"640\" height=\"427\" src=\"http:\/\/wycliffe.net\/wp-content\/uploads\/2025\/07\/JNB2024-1045.jpg\" alt=\"\" class=\"wp-image-734 size-full\" srcset=\"https:\/\/wycliffe.net\/wp-content\/uploads\/2025\/07\/JNB2024-1045.jpg 640w, https:\/\/wycliffe.net\/wp-content\/uploads\/2025\/07\/JNB2024-1045-300x200.jpg 300w\" sizes=\"auto, (max-width: 640px) 100vw, 640px\" \/><\/figure><div class=\"wp-block-media-text__content\">\n<p><strong>Hannes Wiesmann<\/strong><br>Assistant to Executive Director<br>Switzerland<\/p>\n<\/div><\/div>\n\n\n\n<div class=\"wp-block-media-text is-stacked-on-mobile\"><figure class=\"wp-block-media-text__media\"><img loading=\"lazy\" decoding=\"async\" width=\"640\" height=\"427\" src=\"http:\/\/wycliffe.net\/wp-content\/uploads\/2025\/09\/JNB2024-10802-1.jpg\" alt=\"\" class=\"wp-image-4780 size-full\" srcset=\"https:\/\/wycliffe.net\/wp-content\/uploads\/2025\/09\/JNB2024-10802-1.jpg 640w, https:\/\/wycliffe.net\/wp-content\/uploads\/2025\/09\/JNB2024-10802-1-300x200.jpg 300w\" sizes=\"auto, (max-width: 640px) 100vw, 640px\" \/><\/figure><div class=\"wp-block-media-text__content\">\n<p><strong>Nicky Chong<\/strong><br>Asia-Pacific Area Director<br>Singapore<\/p>\n<\/div><\/div>\n\n\n\n<div class=\"wp-block-media-text is-stacked-on-mobile\"><figure class=\"wp-block-media-text__media\"><img loading=\"lazy\" decoding=\"async\" width=\"640\" height=\"427\" src=\"http:\/\/wycliffe.net\/wp-content\/uploads\/2025\/07\/JNB2024-1088.jpg\" alt=\"\" class=\"wp-image-739 size-full\" srcset=\"https:\/\/wycliffe.net\/wp-content\/uploads\/2025\/07\/JNB2024-1088.jpg 640w, https:\/\/wycliffe.net\/wp-content\/uploads\/2025\/07\/JNB2024-1088-300x200.jpg 300w\" sizes=\"auto, (max-width: 640px) 100vw, 640px\" \/><\/figure><div class=\"wp-block-media-text__content\">\n<p><strong>Ruben Dubei<\/strong><br>Europe Area Director<br>Romania<\/p>\n<\/div><\/div>\n\n\n\n<div class=\"wp-block-media-text is-stacked-on-mobile\"><figure class=\"wp-block-media-text__media\"><img loading=\"lazy\" decoding=\"async\" width=\"640\" height=\"427\" src=\"http:\/\/wycliffe.net\/wp-content\/uploads\/2025\/07\/JNB2024-1001.jpg\" alt=\"\" class=\"wp-image-729 size-full\" srcset=\"https:\/\/wycliffe.net\/wp-content\/uploads\/2025\/07\/JNB2024-1001.jpg 640w, https:\/\/wycliffe.net\/wp-content\/uploads\/2025\/07\/JNB2024-1001-300x200.jpg 300w\" sizes=\"auto, (max-width: 640px) 100vw, 640px\" \/><\/figure><div class=\"wp-block-media-text__content\">\n<p><strong>Dr. Bryan Harmelink<\/strong><br>Director for Collaboration<br>United States<\/p>\n<\/div><\/div>\n\n\n\n<div class=\"wp-block-media-text is-stacked-on-mobile\"><figure class=\"wp-block-media-text__media\"><img loading=\"lazy\" decoding=\"async\" width=\"640\" height=\"427\" src=\"http:\/\/wycliffe.net\/wp-content\/uploads\/2025\/07\/JNB2024-1025.jpg\" alt=\"\" class=\"wp-image-732 size-full\" srcset=\"https:\/\/wycliffe.net\/wp-content\/uploads\/2025\/07\/JNB2024-1025.jpg 640w, https:\/\/wycliffe.net\/wp-content\/uploads\/2025\/07\/JNB2024-1025-300x200.jpg 300w\" sizes=\"auto, (max-width: 640px) 100vw, 640px\" \/><\/figure><div class=\"wp-block-media-text__content\">\n<p><strong>Dr. Paul Kimbi<\/strong><br>Consultant for Bible Translation Programs<br>Cameroon<\/p>\n<\/div><\/div>\n\n\n\n<div class=\"wp-block-media-text is-stacked-on-mobile\"><figure class=\"wp-block-media-text__media\"><img loading=\"lazy\" decoding=\"async\" width=\"640\" height=\"427\" src=\"http:\/\/wycliffe.net\/wp-content\/uploads\/2025\/07\/JNB2024-1034.jpg\" alt=\"\" class=\"wp-image-733 size-full\" srcset=\"https:\/\/wycliffe.net\/wp-content\/uploads\/2025\/07\/JNB2024-1034.jpg 640w, https:\/\/wycliffe.net\/wp-content\/uploads\/2025\/07\/JNB2024-1034-300x200.jpg 300w\" sizes=\"auto, (max-width: 640px) 100vw, 640px\" \/><\/figure><div class=\"wp-block-media-text__content\">\n<p><strong>Jo Johnson<\/strong><br>Consultant for Prayer Advocacy<br>United Kingdom<\/p>\n<\/div><\/div>\n<\/div><\/div>\n\n\n<style>.kadence-column4894_072a2f-c7 > .kt-inside-inner-col,.kadence-column4894_072a2f-c7 > .kt-inside-inner-col:before{border-top-left-radius:0px;border-top-right-radius:0px;border-bottom-right-radius:0px;border-bottom-left-radius:0px;}.kadence-column4894_072a2f-c7 > .kt-inside-inner-col{column-gap:var(--global-kb-gap-sm, 1rem);}.kadence-column4894_072a2f-c7 > .kt-inside-inner-col{flex-direction:column;}.kadence-column4894_072a2f-c7 > .kt-inside-inner-col > .aligncenter{width:100%;}.kadence-column4894_072a2f-c7 > .kt-inside-inner-col:before{opacity:0.3;}.kadence-column4894_072a2f-c7{position:relative;}@media all and (max-width: 1024px){.kadence-column4894_072a2f-c7 > .kt-inside-inner-col{flex-direction:column;justify-content:center;}}@media all and (max-width: 767px){.kadence-column4894_072a2f-c7 > .kt-inside-inner-col{flex-direction:column;justify-content:center;}}<\/style>\n<div class=\"wp-block-kadence-column kadence-column4894_072a2f-c7\"><div class=\"kt-inside-inner-col\">\n<div class=\"wp-block-media-text is-stacked-on-mobile\"><figure class=\"wp-block-media-text__media\"><img loading=\"lazy\" decoding=\"async\" width=\"640\" height=\"427\" src=\"http:\/\/wycliffe.net\/wp-content\/uploads\/2025\/07\/JNB2024-1011.jpg\" alt=\"\" class=\"wp-image-730 size-full\" srcset=\"https:\/\/wycliffe.net\/wp-content\/uploads\/2025\/07\/JNB2024-1011.jpg 640w, https:\/\/wycliffe.net\/wp-content\/uploads\/2025\/07\/JNB2024-1011-300x200.jpg 300w\" sizes=\"auto, (max-width: 640px) 100vw, 640px\" \/><\/figure><div class=\"wp-block-media-text__content\">\n<p><strong>Hannu Summanen<\/strong><br>Chief Financial Officer<br>Finland<\/p>\n<\/div><\/div>\n\n\n\n<div class=\"wp-block-media-text is-stacked-on-mobile\"><figure class=\"wp-block-media-text__media\"><img loading=\"lazy\" decoding=\"async\" width=\"640\" height=\"427\" src=\"http:\/\/wycliffe.net\/wp-content\/uploads\/2025\/07\/JNB2024-1074.jpg\" alt=\"\" class=\"wp-image-737 size-full\" srcset=\"https:\/\/wycliffe.net\/wp-content\/uploads\/2025\/07\/JNB2024-1074.jpg 640w, https:\/\/wycliffe.net\/wp-content\/uploads\/2025\/07\/JNB2024-1074-300x200.jpg 300w\" sizes=\"auto, (max-width: 640px) 100vw, 640px\" \/><\/figure><div class=\"wp-block-media-text__content\">\n<p><strong>Wairimu Irungu<\/strong><br>Africa Area Director<br>Kenya<\/p>\n<\/div><\/div>\n\n\n\n<div class=\"wp-block-media-text is-stacked-on-mobile\"><figure class=\"wp-block-media-text__media\"><img loading=\"lazy\" decoding=\"async\" width=\"640\" height=\"427\" src=\"http:\/\/wycliffe.net\/wp-content\/uploads\/2025\/07\/JNB2024-1052.jpg\" alt=\"\" class=\"wp-image-735 size-full\" srcset=\"https:\/\/wycliffe.net\/wp-content\/uploads\/2025\/07\/JNB2024-1052.jpg 640w, https:\/\/wycliffe.net\/wp-content\/uploads\/2025\/07\/JNB2024-1052-300x200.jpg 300w\" sizes=\"auto, (max-width: 640px) 100vw, 640px\" \/><\/figure><div class=\"wp-block-media-text__content\">\n<p><strong>Dr. David C\u00e1rdenas<\/strong><br>Americas Area Director<br>Colombia<\/p>\n<\/div><\/div>\n\n\n\n<div class=\"wp-block-media-text is-stacked-on-mobile\"><figure class=\"wp-block-media-text__media\"><img loading=\"lazy\" decoding=\"async\" width=\"640\" height=\"427\" src=\"http:\/\/wycliffe.net\/wp-content\/uploads\/2025\/07\/JNB2024-1020.jpg\" alt=\"\" class=\"wp-image-731 size-full\" srcset=\"https:\/\/wycliffe.net\/wp-content\/uploads\/2025\/07\/JNB2024-1020.jpg 640w, https:\/\/wycliffe.net\/wp-content\/uploads\/2025\/07\/JNB2024-1020-300x200.jpg 300w\" sizes=\"auto, (max-width: 640px) 100vw, 640px\" \/><\/figure><div class=\"wp-block-media-text__content\">\n<p><strong>Martijn de Vries<\/strong><br>Director for Operations<br>Switzerland<\/p>\n<\/div><\/div>\n\n\n\n<div class=\"wp-block-media-text is-stacked-on-mobile\"><figure class=\"wp-block-media-text__media\"><img loading=\"lazy\" decoding=\"async\" width=\"640\" height=\"427\" src=\"http:\/\/wycliffe.net\/wp-content\/uploads\/2025\/07\/JNB2024-.jpg\" alt=\"\" class=\"wp-image-726 size-full\" srcset=\"https:\/\/wycliffe.net\/wp-content\/uploads\/2025\/07\/JNB2024-.jpg 640w, https:\/\/wycliffe.net\/wp-content\/uploads\/2025\/07\/JNB2024--300x200.jpg 300w\" sizes=\"auto, (max-width: 640px) 100vw, 640px\" \/><\/figure><div class=\"wp-block-media-text__content\">\n<p><strong>Phil Prior<\/strong><br>Director for Communication<br>United Kingdom<\/p>\n<\/div><\/div>\n<\/div><\/div>\n\n<\/div><\/div>\n\n\n<h2 class=\"wp-block-heading\">Conseil d&rsquo;administration et dirigeants<\/h2>\n\n\n\n<p>Le conseil d&rsquo;administration de l&rsquo;Alliance apporte sa contribution et assure la gouvernance de l&rsquo;Alliance. Chaque organisation de l&rsquo;Alliance a sa propre direction et son propre conseil d&rsquo;administration, mais toutes cherchent \u00e0 travailler de mani\u00e8re interd\u00e9pendante et appr\u00e9cient la communaut\u00e9 de l&rsquo;Alliance pour l&rsquo;amiti\u00e9, le partenariat, le soutien spirituel et d&rsquo;autres formes pratiques d&rsquo;entraide.<\/p>\n\n\n\n<div class=\"wp-block-media-text is-stacked-on-mobile\"><figure class=\"wp-block-media-text__media\"><img loading=\"lazy\" decoding=\"async\" width=\"640\" height=\"427\" src=\"http:\/\/wycliffe.net\/wp-content\/uploads\/2025\/07\/JNB2024-2577.jpg\" alt=\"\" class=\"wp-image-752 size-full\" srcset=\"https:\/\/wycliffe.net\/wp-content\/uploads\/2025\/07\/JNB2024-2577.jpg 640w, https:\/\/wycliffe.net\/wp-content\/uploads\/2025\/07\/JNB2024-2577-300x200.jpg 300w\" sizes=\"auto, (max-width: 640px) 100vw, 640px\" \/><\/figure><div class=\"wp-block-media-text__content\">\n<p>Photo de groupe du conseil d&rsquo;administration de l&rsquo;Alliance mondiale Wycliffe lors du rassemblement mondial \u00e0 Johannesburg, en Afrique du Sud, en 2024. Photo : Jennifer Pillinger<\/p>\n<\/div><\/div>\n\n\n\n<div class=\"wp-block-columns is-layout-flex wp-container-core-columns-is-layout-9d6595d7 wp-block-columns-is-layout-flex\">\n<div class=\"wp-block-column is-layout-flow wp-block-column-is-layout-flow\">\n<div class=\"wp-block-media-text is-stacked-on-mobile\"><figure class=\"wp-block-media-text__media\"><img loading=\"lazy\" decoding=\"async\" width=\"640\" height=\"427\" src=\"http:\/\/wycliffe.net\/wp-content\/uploads\/2025\/07\/JNB2024-2557.jpg\" alt=\"\" class=\"wp-image-750 size-full\" srcset=\"https:\/\/wycliffe.net\/wp-content\/uploads\/2025\/07\/JNB2024-2557.jpg 640w, https:\/\/wycliffe.net\/wp-content\/uploads\/2025\/07\/JNB2024-2557-300x200.jpg 300w\" sizes=\"auto, (max-width: 640px) 100vw, 640px\" \/><\/figure><div class=\"wp-block-media-text__content\">\n<p><strong>Susanna Muntz<\/strong>\u00a0(Acting Chair)<br>Canada<\/p>\n<\/div><\/div>\n\n\n\n<div class=\"wp-block-media-text is-stacked-on-mobile\"><figure class=\"wp-block-media-text__media\"><img loading=\"lazy\" decoding=\"async\" width=\"640\" height=\"427\" src=\"http:\/\/wycliffe.net\/wp-content\/uploads\/2025\/07\/JNB2024-2496.jpg\" alt=\"\" class=\"wp-image-740 size-full\" srcset=\"https:\/\/wycliffe.net\/wp-content\/uploads\/2025\/07\/JNB2024-2496.jpg 640w, https:\/\/wycliffe.net\/wp-content\/uploads\/2025\/07\/JNB2024-2496-300x200.jpg 300w\" sizes=\"auto, (max-width: 640px) 100vw, 640px\" \/><\/figure><div class=\"wp-block-media-text__content\">\n<p><strong>Matt Dawson<\/strong>&nbsp;(Secretary)<br>United States<\/p>\n<\/div><\/div>\n\n\n\n<div class=\"wp-block-media-text is-stacked-on-mobile\"><figure class=\"wp-block-media-text__media\"><img loading=\"lazy\" decoding=\"async\" width=\"640\" height=\"427\" src=\"http:\/\/wycliffe.net\/wp-content\/uploads\/2025\/07\/JNB2024-2570.jpg\" alt=\"\" class=\"wp-image-751 size-full\" srcset=\"https:\/\/wycliffe.net\/wp-content\/uploads\/2025\/07\/JNB2024-2570.jpg 640w, https:\/\/wycliffe.net\/wp-content\/uploads\/2025\/07\/JNB2024-2570-300x200.jpg 300w\" sizes=\"auto, (max-width: 640px) 100vw, 640px\" \/><\/figure><div class=\"wp-block-media-text__content\">\n<p>Dr. <strong>Emmanuel Keyeh<\/strong><br>Cameroon<\/p>\n<\/div><\/div>\n\n\n\n<div class=\"wp-block-media-text is-stacked-on-mobile\"><figure class=\"wp-block-media-text__media\"><img loading=\"lazy\" decoding=\"async\" width=\"640\" height=\"427\" src=\"http:\/\/wycliffe.net\/wp-content\/uploads\/2025\/07\/JNB2024-2520.jpg\" alt=\"\" class=\"wp-image-744 size-full\" srcset=\"https:\/\/wycliffe.net\/wp-content\/uploads\/2025\/07\/JNB2024-2520.jpg 640w, https:\/\/wycliffe.net\/wp-content\/uploads\/2025\/07\/JNB2024-2520-300x200.jpg 300w\" sizes=\"auto, (max-width: 640px) 100vw, 640px\" \/><\/figure><div class=\"wp-block-media-text__content\">\n<p><strong>Joke Haaijer<\/strong><br>Netherlands<\/p>\n<\/div><\/div>\n\n\n\n<div class=\"wp-block-media-text is-stacked-on-mobile\"><figure class=\"wp-block-media-text__media\"><img loading=\"lazy\" decoding=\"async\" width=\"640\" height=\"427\" src=\"http:\/\/wycliffe.net\/wp-content\/uploads\/2025\/07\/JNB2024-2542.jpg\" alt=\"\" class=\"wp-image-747 size-full\" srcset=\"https:\/\/wycliffe.net\/wp-content\/uploads\/2025\/07\/JNB2024-2542.jpg 640w, https:\/\/wycliffe.net\/wp-content\/uploads\/2025\/07\/JNB2024-2542-300x200.jpg 300w\" sizes=\"auto, (max-width: 640px) 100vw, 640px\" \/><\/figure><div class=\"wp-block-media-text__content\">\n<p><strong>Prof. Jayne Mutiga<\/strong><br>Kenya<\/p>\n<\/div><\/div>\n\n\n\n<div class=\"wp-block-media-text is-stacked-on-mobile\"><figure class=\"wp-block-media-text__media\"><img loading=\"lazy\" decoding=\"async\" width=\"640\" height=\"427\" src=\"http:\/\/wycliffe.net\/wp-content\/uploads\/2025\/07\/JNB2024-2513.jpg\" alt=\"\" class=\"wp-image-743 size-full\" srcset=\"https:\/\/wycliffe.net\/wp-content\/uploads\/2025\/07\/JNB2024-2513.jpg 640w, https:\/\/wycliffe.net\/wp-content\/uploads\/2025\/07\/JNB2024-2513-300x200.jpg 300w\" sizes=\"auto, (max-width: 640px) 100vw, 640px\" \/><\/figure><div class=\"wp-block-media-text__content\">\n<p><strong>H\u00e9ber Negr\u00e3o<\/strong><br>Brazil<\/p>\n<\/div><\/div>\n<\/div>\n\n\n\n<div class=\"wp-block-column is-layout-flow wp-block-column-is-layout-flow\">\n<div class=\"wp-block-media-text is-stacked-on-mobile\"><figure class=\"wp-block-media-text__media\"><img loading=\"lazy\" decoding=\"async\" width=\"640\" height=\"427\" src=\"http:\/\/wycliffe.net\/wp-content\/uploads\/2025\/07\/JNB2024-1011.jpg\" alt=\"\" class=\"wp-image-730 size-full\" srcset=\"https:\/\/wycliffe.net\/wp-content\/uploads\/2025\/07\/JNB2024-1011.jpg 640w, https:\/\/wycliffe.net\/wp-content\/uploads\/2025\/07\/JNB2024-1011-300x200.jpg 300w\" sizes=\"auto, (max-width: 640px) 100vw, 640px\" \/><\/figure><div class=\"wp-block-media-text__content\">\n<p><strong>Hannu Summanen<\/strong>&nbsp;(Treasurer)<br>Finland<\/p>\n<\/div><\/div>\n\n\n\n<div class=\"wp-block-media-text is-stacked-on-mobile\"><figure class=\"wp-block-media-text__media\"><img loading=\"lazy\" decoding=\"async\" width=\"640\" height=\"427\" src=\"http:\/\/wycliffe.net\/wp-content\/uploads\/2025\/07\/JNB2024-2531.jpg\" alt=\"\" class=\"wp-image-745 size-full\" srcset=\"https:\/\/wycliffe.net\/wp-content\/uploads\/2025\/07\/JNB2024-2531.jpg 640w, https:\/\/wycliffe.net\/wp-content\/uploads\/2025\/07\/JNB2024-2531-300x200.jpg 300w\" sizes=\"auto, (max-width: 640px) 100vw, 640px\" \/><\/figure><div class=\"wp-block-media-text__content\">\n<p><strong>Dr. John Chesnut<\/strong><br>United States<\/p>\n<\/div><\/div>\n\n\n\n<div class=\"wp-block-media-text is-stacked-on-mobile\"><figure class=\"wp-block-media-text__media\"><img loading=\"lazy\" decoding=\"async\" width=\"640\" height=\"427\" src=\"http:\/\/wycliffe.net\/wp-content\/uploads\/2025\/07\/JNB2024-2550.jpg\" alt=\"\" class=\"wp-image-748 size-full\" srcset=\"https:\/\/wycliffe.net\/wp-content\/uploads\/2025\/07\/JNB2024-2550.jpg 640w, https:\/\/wycliffe.net\/wp-content\/uploads\/2025\/07\/JNB2024-2550-300x200.jpg 300w\" sizes=\"auto, (max-width: 640px) 100vw, 640px\" \/><\/figure><div class=\"wp-block-media-text__content\">\n<p><strong>Rob Lovatt<\/strong><br>New Zealand<\/p>\n<\/div><\/div>\n\n\n\n<div class=\"wp-block-media-text is-stacked-on-mobile\"><figure class=\"wp-block-media-text__media\"><img loading=\"lazy\" decoding=\"async\" width=\"640\" height=\"427\" src=\"http:\/\/wycliffe.net\/wp-content\/uploads\/2025\/07\/JNB2024-2556.jpg\" alt=\"\" class=\"wp-image-749 size-full\" srcset=\"https:\/\/wycliffe.net\/wp-content\/uploads\/2025\/07\/JNB2024-2556.jpg 640w, https:\/\/wycliffe.net\/wp-content\/uploads\/2025\/07\/JNB2024-2556-300x200.jpg 300w\" sizes=\"auto, (max-width: 640px) 100vw, 640px\" \/><\/figure><div class=\"wp-block-media-text__content\">\n<p><strong>Su-Ling Ng<\/strong><br>Singapore<\/p>\n<\/div><\/div>\n\n\n\n<div class=\"wp-block-media-text is-stacked-on-mobile\"><figure class=\"wp-block-media-text__media\"><img loading=\"lazy\" decoding=\"async\" width=\"640\" height=\"427\" src=\"http:\/\/wycliffe.net\/wp-content\/uploads\/2025\/07\/JNB2024-2509.jpg\" alt=\"\" class=\"wp-image-742 size-full\" srcset=\"https:\/\/wycliffe.net\/wp-content\/uploads\/2025\/07\/JNB2024-2509.jpg 640w, https:\/\/wycliffe.net\/wp-content\/uploads\/2025\/07\/JNB2024-2509-300x200.jpg 300w\" sizes=\"auto, (max-width: 640px) 100vw, 640px\" \/><\/figure><div class=\"wp-block-media-text__content\">\n<p><strong>Wong Fook Meng<\/strong><br>Malaysia<\/p>\n<\/div><\/div>\n\n\n\n<div class=\"wp-block-media-text is-stacked-on-mobile\"><figure class=\"wp-block-media-text__media\"><img loading=\"lazy\" decoding=\"async\" width=\"250\" height=\"167\" src=\"http:\/\/wycliffe.net\/wp-content\/uploads\/2025\/09\/Marilina-Bongarra-2025-6x4-1.jpg\" alt=\"\" class=\"wp-image-2968 size-full\"\/><\/figure><div class=\"wp-block-media-text__content\">\n<p><strong>Marilina Bongarr\u00e1<\/strong><br>Argentina<\/p>\n<\/div><\/div>\n<\/div>\n<\/div>\n","protected":false},"excerpt":{"rendered":"<p>\u00c9quipe de direction de l&rsquo;Alliance Une petite \u00e9quipe centrale et un groupe diversifi\u00e9 de consultants contribuent \u00e0 d\u00e9finir et \u00e0 orienter l&rsquo;Alliance, participent \u00e0 des r\u00e9seaux et partenariats cl\u00e9s, et&#8230;<\/p>\n","protected":false},"author":6,"featured_media":1454,"parent":0,"menu_order":0,"comment_status":"closed","ping_status":"closed","template":"","meta":{"give_campaign_id":0,"_kadence_starter_templates_imported_post":false,"_kad_post_transparent":"","_kad_post_title":"","_kad_post_layout":"","_kad_post_sidebar_id":"","_kad_post_content_style":"","_kad_post_vertical_padding":"","_kad_post_feature":"","_kad_post_feature_position":"","_kad_post_header":false,"_kad_post_footer":false,"footnotes":""},"categories":[95],"tags":[],"class_list":["post-4894","page","type-page","status-publish","has-post-thumbnail","hentry","category-who-we-are-fr"],"campaignId":"","_links":{"self":[{"href":"https:\/\/wycliffe.net\/fr\/wp-json\/wp\/v2\/pages\/4894","targetHints":{"allow":["GET"]}}],"collection":[{"href":"https:\/\/wycliffe.net\/fr\/wp-json\/wp\/v2\/pages"}],"about":[{"href":"https:\/\/wycliffe.net\/fr\/wp-json\/wp\/v2\/types\/page"}],"author":[{"embeddable":true,"href":"https:\/\/wycliffe.net\/fr\/wp-json\/wp\/v2\/users\/6"}],"replies":[{"embeddable":true,"href":"https:\/\/wycliffe.net\/fr\/wp-json\/wp\/v2\/comments?post=4894"}],"version-history":[{"count":2,"href":"https:\/\/wycliffe.net\/fr\/wp-json\/wp\/v2\/pages\/4894\/revisions"}],"predecessor-version":[{"id":8894,"href":"https:\/\/wycliffe.net\/fr\/wp-json\/wp\/v2\/pages\/4894\/revisions\/8894"}],"wp:featuredmedia":[{"embeddable":true,"href":"https:\/\/wycliffe.net\/fr\/wp-json\/wp\/v2\/media\/1454"}],"wp:attachment":[{"href":"https:\/\/wycliffe.net\/fr\/wp-json\/wp\/v2\/media?parent=4894"}],"wp:term":[{"taxonomy":"category","embeddable":true,"href":"https:\/\/wycliffe.net\/fr\/wp-json\/wp\/v2\/categories?post=4894"},{"taxonomy":"post_tag","embeddable":true,"href":"https:\/\/wycliffe.net\/fr\/wp-json\/wp\/v2\/tags?post=4894"}],"curies":[{"name":"wp","href":"https:\/\/api.w.org\/{rel}","templated":true}]}}