{"id":4745,"date":"2025-07-15T11:38:03","date_gmt":"2025-07-15T09:38:03","guid":{"rendered":"http:\/\/wycliffe.net\/?page_id=4745"},"modified":"2025-09-22T16:12:09","modified_gmt":"2025-09-22T14:12:09","slug":"participation-streams","status":"publish","type":"page","link":"https:\/\/wycliffe.net\/fr\/participation-streams\/","title":{"rendered":"Flux de participation"},"content":{"rendered":"\n<p>Les organisations de l&rsquo;Alliance mondiale Wycliffe souhaitent exprimer \u00e0 la fois l&rsquo;unit\u00e9 et la diversit\u00e9 du Corps du Christ. Les courants de participation de l&rsquo;Alliance sont la reconnaissance de cette diversit\u00e9 et des nombreuses fa\u00e7ons dont Dieu a pourvu aux besoins des organisations de l&rsquo;Alliance et les a dot\u00e9es dans leurs contextes et leurs cultures. Les sept courants de participation sont les suivants  <\/p>\n\n\n\n<ol class=\"wp-block-list\">\n<li>\u00c9glise<\/li>\n\n\n\n<li>Pri\u00e8re<\/li>\n\n\n\n<li>Financement<\/li>\n\n\n\n<li>Les personnes<\/li>\n\n\n\n<li>Programmes de traduction de la Bible<\/li>\n\n\n\n<li>Formation \u00e0 la traduction de la Bible<\/li>\n\n\n\n<li>Services sp\u00e9cialis\u00e9s<\/li>\n<\/ol>\n\n\n\n<p>Chacun des volets ci-dessus indique comment une organisation de l&rsquo;Alliance est impliqu\u00e9e dans l&rsquo;Alliance. Pour en savoir plus, lisez les <a href=\"http:\/\/wycliffe.net\/wp-content\/uploads\/2025\/09\/Participation-Streams-in-the-Alliance-v3_French.pdf\" data-type=\"attachment\" data-id=\"4733\">volets de participation \u00e0 l&rsquo;Alliance mondiale Wycliffe<\/a> (PDF). Ce document donne une vue d&rsquo;ensemble des volets de participation et inclut les indicateurs que l&rsquo;Alliance a reconnus comme importants, afin que les organisations de l&rsquo;Alliance puissent avoir une id\u00e9e claire de l&rsquo;objectif et de l&rsquo;activit\u00e9 de leur participation.<\/p>\n\n\n\n<p><\/p>\n","protected":false},"excerpt":{"rendered":"<p>Les organisations de l&rsquo;Alliance mondiale Wycliffe souhaitent exprimer \u00e0 la fois l&rsquo;unit\u00e9 et la diversit\u00e9 du Corps du Christ. Les courants de participation de l&rsquo;Alliance sont la reconnaissance de cette&#8230;<\/p>\n","protected":false},"author":4,"featured_media":0,"parent":0,"menu_order":0,"comment_status":"closed","ping_status":"closed","template":"","meta":{"give_campaign_id":0,"_kadence_starter_templates_imported_post":false,"_kad_post_transparent":"","_kad_post_title":"","_kad_post_layout":"","_kad_post_sidebar_id":"","_kad_post_content_style":"","_kad_post_vertical_padding":"","_kad_post_feature":"","_kad_post_feature_position":"","_kad_post_header":false,"_kad_post_footer":false,"footnotes":""},"categories":[95],"tags":[516,517],"class_list":["post-4745","page","type-page","status-publish","hentry","category-who-we-are-fr","tag-flux-de-participation","tag-les-courants-de-participation"],"campaignId":"","_links":{"self":[{"href":"https:\/\/wycliffe.net\/fr\/wp-json\/wp\/v2\/pages\/4745","targetHints":{"allow":["GET"]}}],"collection":[{"href":"https:\/\/wycliffe.net\/fr\/wp-json\/wp\/v2\/pages"}],"about":[{"href":"https:\/\/wycliffe.net\/fr\/wp-json\/wp\/v2\/types\/page"}],"author":[{"embeddable":true,"href":"https:\/\/wycliffe.net\/fr\/wp-json\/wp\/v2\/users\/4"}],"replies":[{"embeddable":true,"href":"https:\/\/wycliffe.net\/fr\/wp-json\/wp\/v2\/comments?post=4745"}],"version-history":[{"count":2,"href":"https:\/\/wycliffe.net\/fr\/wp-json\/wp\/v2\/pages\/4745\/revisions"}],"predecessor-version":[{"id":4754,"href":"https:\/\/wycliffe.net\/fr\/wp-json\/wp\/v2\/pages\/4745\/revisions\/4754"}],"wp:attachment":[{"href":"https:\/\/wycliffe.net\/fr\/wp-json\/wp\/v2\/media?parent=4745"}],"wp:term":[{"taxonomy":"category","embeddable":true,"href":"https:\/\/wycliffe.net\/fr\/wp-json\/wp\/v2\/categories?post=4745"},{"taxonomy":"post_tag","embeddable":true,"href":"https:\/\/wycliffe.net\/fr\/wp-json\/wp\/v2\/tags?post=4745"}],"curies":[{"name":"wp","href":"https:\/\/api.w.org\/{rel}","templated":true}]}}