{"id":4696,"date":"2025-07-14T16:13:07","date_gmt":"2025-07-14T14:13:07","guid":{"rendered":"http:\/\/wycliffe.net\/annual-report-and-finances\/"},"modified":"2025-09-22T16:02:18","modified_gmt":"2025-09-22T14:02:18","slug":"annual-report-and-finances","status":"publish","type":"page","link":"https:\/\/wycliffe.net\/fr\/annual-report-and-finances\/","title":{"rendered":"Rapport annuel et finances"},"content":{"rendered":"\n<div class=\"wp-block-columns is-layout-flex wp-container-core-columns-is-layout-ed5226f6 wp-block-columns-is-layout-flex\" style=\"padding-right:0;padding-left:0\">\n<div class=\"wp-block-column is-layout-flow wp-block-column-is-layout-flow\">\n<h2 class=\"wp-block-heading\">Rapport annuel<\/h2>\n\n\n\n<figure class=\"wp-block-image size-large\" style=\"margin-right:var(--wp--preset--spacing--70);margin-left:var(--wp--preset--spacing--70)\"><a href=\"http:\/\/wycliffe.net\/wp-content\/uploads\/2025\/07\/WGA-Annual-Report-2024-FINAL.pdf\"><img loading=\"lazy\" decoding=\"async\" width=\"793\" height=\"1024\" src=\"http:\/\/wycliffe.net\/wp-content\/uploads\/2025\/07\/Screenshot-2025-07-14-at-14.58.41-793x1024.png\" alt=\"\" class=\"wp-image-708\" srcset=\"https:\/\/wycliffe.net\/wp-content\/uploads\/2025\/07\/Screenshot-2025-07-14-at-14.58.41-793x1024.png 793w, https:\/\/wycliffe.net\/wp-content\/uploads\/2025\/07\/Screenshot-2025-07-14-at-14.58.41-232x300.png 232w, https:\/\/wycliffe.net\/wp-content\/uploads\/2025\/07\/Screenshot-2025-07-14-at-14.58.41-768x991.png 768w, https:\/\/wycliffe.net\/wp-content\/uploads\/2025\/07\/Screenshot-2025-07-14-at-14.58.41-1190x1536.png 1190w, https:\/\/wycliffe.net\/wp-content\/uploads\/2025\/07\/Screenshot-2025-07-14-at-14.58.41.png 1370w\" sizes=\"auto, (max-width: 793px) 100vw, 793px\" \/><\/a><\/figure>\n\n\n\n<p>Cliquez sur l&rsquo;image ou sur le lien suivant pour t\u00e9l\u00e9charger le <a href=\"http:\/\/wycliffe.net\/wp-content\/uploads\/2025\/07\/WGA-Annual-Report-2024-FINAL.pdf\">rapport annuel 2024 de l&rsquo;Alliance mondiale Wycliffe<\/a>.<\/p>\n<\/div>\n\n\n\n<div class=\"wp-block-column is-layout-flow wp-block-column-is-layout-flow\">\n<h2 class=\"wp-block-heading\">Finances<\/h2>\n\n\n\n<p>L&rsquo;Alliance mondiale Wycliffe (Wycliffe Bible Translators International Inc.) est une organisation \u00e0 but non lucratif de type 501(c)(3).<\/p>\n\n\n\n<p><strong>D\u00e9clarations v\u00e9rifi\u00e9es<\/strong><\/p>\n\n\n\n<ul class=\"wp-block-list\">\n<li><a href=\"http:\/\/wycliffe.net\/wp-content\/uploads\/2025\/09\/WGA-FY2024-Financial-Statements-Final.pdf\" data-type=\"attachment\" data-id=\"3127\">\u00c9tats financiers v\u00e9rifi\u00e9s &#8211; exercice 2024<\/a><\/li>\n\n\n\n<li><a href=\"http:\/\/wycliffe.net\/wp-content\/uploads\/2025\/07\/WGA-FY2023-FS-Final-20.02.2024.pdf\">\u00c9tats financiers v\u00e9rifi\u00e9s &#8211; exercice 2023<\/a><\/li>\n\n\n\n<li><a href=\"http:\/\/wycliffe.net\/wp-content\/uploads\/2025\/07\/Alliance-FY2022-Consolidated-FS-Final-approved.pdf\">\u00c9tats financiers v\u00e9rifi\u00e9s &#8211; exercice 2022<\/a><\/li>\n<\/ul>\n\n\n\n<p><strong>Autres informations<\/strong><\/p>\n\n\n\n<ul class=\"wp-block-list\">\n<li><a href=\"http:\/\/wycliffe.net\/wp-content\/uploads\/2025\/07\/WBTI_IRS_501c3TaxExmptLtr-3.pdf\">Lettre d&rsquo;exemption de l&rsquo;IRS<\/a><\/li>\n\n\n\n<li><a href=\"http:\/\/wycliffe.net\/wp-content\/uploads\/2025\/07\/WBTI_1023_Application.pdf\">Formulaire 1023, Demande de reconnaissance d&rsquo;exemption<\/a><\/li>\n<\/ul>\n\n\n\n<p>Le formulaire 990 est disponible sur demande aupr\u00e8s de l&rsquo;<a href=\"http:\/\/wycliffe.net\/contact\/\" data-type=\"page\" data-id=\"720\">Alliance mondiale Wycliffe<\/a>.<\/p>\n<\/div>\n<\/div>\n\n<p><\/p>\n","protected":false},"excerpt":{"rendered":"<p>Rapport annuel Cliquez sur l&rsquo;image ou sur le lien suivant pour t\u00e9l\u00e9charger le rapport annuel 2024 de l&rsquo;Alliance mondiale Wycliffe. Finances L&rsquo;Alliance mondiale Wycliffe (Wycliffe Bible Translators International Inc.) est&#8230;<\/p>\n","protected":false},"author":4,"featured_media":0,"parent":0,"menu_order":0,"comment_status":"closed","ping_status":"closed","template":"","meta":{"give_campaign_id":0,"_kadence_starter_templates_imported_post":false,"_kad_post_transparent":"","_kad_post_title":"","_kad_post_layout":"","_kad_post_sidebar_id":"","_kad_post_content_style":"","_kad_post_vertical_padding":"","_kad_post_feature":"","_kad_post_feature_position":"","_kad_post_header":false,"_kad_post_footer":false,"footnotes":""},"categories":[95],"tags":[478,479,480,481,482,483,484,485,486],"class_list":["post-4696","page","type-page","status-publish","hentry","category-who-we-are-fr","tag-501c3-fr","tag-annual-report-fr","tag-audited-statements-fr","tag-financial-statements-fr","tag-form-1023-fr","tag-form-990-fr","tag-irs-exemption-fr","tag-non-profit-organisation-fr","tag-non-profit-organization-fr"],"campaignId":"","_links":{"self":[{"href":"https:\/\/wycliffe.net\/fr\/wp-json\/wp\/v2\/pages\/4696","targetHints":{"allow":["GET"]}}],"collection":[{"href":"https:\/\/wycliffe.net\/fr\/wp-json\/wp\/v2\/pages"}],"about":[{"href":"https:\/\/wycliffe.net\/fr\/wp-json\/wp\/v2\/types\/page"}],"author":[{"embeddable":true,"href":"https:\/\/wycliffe.net\/fr\/wp-json\/wp\/v2\/users\/4"}],"replies":[{"embeddable":true,"href":"https:\/\/wycliffe.net\/fr\/wp-json\/wp\/v2\/comments?post=4696"}],"version-history":[{"count":2,"href":"https:\/\/wycliffe.net\/fr\/wp-json\/wp\/v2\/pages\/4696\/revisions"}],"predecessor-version":[{"id":4703,"href":"https:\/\/wycliffe.net\/fr\/wp-json\/wp\/v2\/pages\/4696\/revisions\/4703"}],"wp:attachment":[{"href":"https:\/\/wycliffe.net\/fr\/wp-json\/wp\/v2\/media?parent=4696"}],"wp:term":[{"taxonomy":"category","embeddable":true,"href":"https:\/\/wycliffe.net\/fr\/wp-json\/wp\/v2\/categories?post=4696"},{"taxonomy":"post_tag","embeddable":true,"href":"https:\/\/wycliffe.net\/fr\/wp-json\/wp\/v2\/tags?post=4696"}],"curies":[{"name":"wp","href":"https:\/\/api.w.org\/{rel}","templated":true}]}}