{"id":4687,"date":"2025-07-15T11:32:27","date_gmt":"2025-07-15T09:32:27","guid":{"rendered":"http:\/\/wycliffe.net\/?page_id=4687"},"modified":"2025-09-22T15:36:15","modified_gmt":"2025-09-22T13:36:15","slug":"objectif-mission-vision-et-valeurs-de-lalliance-wycliffe-mondiale","status":"publish","type":"page","link":"https:\/\/wycliffe.net\/fr\/objectif-mission-vision-et-valeurs-de-lalliance-wycliffe-mondiale\/","title":{"rendered":"Objectif, mission, vision et valeurs de l&rsquo;Alliance Wycliffe Mondiale"},"content":{"rendered":"\n<h2 class=\"wp-block-heading\"><strong>Objectif<\/strong><\/h2>\n\n\n\n<p>En tant que communaut\u00e9 de participants \u00e0 la mission de Dieu, l&rsquo;Alliance Wycliffe Mondiale offre un leadership, une influence et des services au sein des mouvements en faveur de la traduction de la Bible.<\/p>\n\n\n\n<h2 class=\"wp-block-heading\">Sa&nbsp;mission<\/h2>\n\n\n\n<p>En communion avec Dieu et dans le cadre de son \u00c9glise, l&rsquo;Alliance Wycliffe Mondiale contribuent \u00e0 la transformation holistique des groupes linguistiques du monde entier.<\/p>\n\n\n\n<h2 class=\"wp-block-heading\">Sa&nbsp;vision<\/h2>\n\n\n\n<p>Que des personnes, des communaut\u00e9s et des nations soient transform\u00e9es par l\u2019amour de Dieu et par sa Parole exprim\u00e9e dans leur langue et leur culture.<\/p>\n\n\n\n<h2 class=\"wp-block-heading\">Valeurs&nbsp;<strong>fondamentales<\/strong><\/h2>\n\n\n\n<ul class=\"wp-block-list\">\n<li><strong>La gloire de Dieu parmi les nations<\/strong><br>Vivre et \u0153uvrer pour la gloire de Dieu afin que des citoyens de toutes les nations puissent le conna\u00eetre et le glorifier.<\/li>\n\n\n\n<li><strong>La ressemblance \u00e0 Christ<\/strong><br>Suivre l\u2019exemple de Christ dans ce que nous sommes et ce que nous faisons (pens\u00e9es, comportements et actions).<\/li>\n\n\n\n<li><strong>L\u2019\u00c9glise, un \u00e9l\u00e9ment central dans la mission de Dieu<\/strong><br>Reconna\u00eetre que l\u2019\u00c9glise a \u00e9t\u00e9 cr\u00e9\u00e9e, appel\u00e9e et \u00e9quip\u00e9e par Dieu pour faire des nations des disciples.<\/li>\n\n\n\n<li><strong>La Parole traduite<\/strong><br>Faire confiance \u00e0 Dieu pour transformer des vies \u00e0 travers sa Parole traduite dans les langues et les cultures de tous les peuples.<\/li>\n\n\n\n<li><strong>D\u00e9pendance envers Dieu<\/strong><br>D\u00e9pendre de Dieu et de la suffisance divine pour nous \u00e9quiper et pourvoir \u00e0 nos besoins.<\/li>\n\n\n\n<li><strong>Communaut\u00e9<\/strong><br>Servir dans la communaut\u00e9 en tant qu&rsquo;expression de l&rsquo;unit\u00e9 des croyants et en tant que participants interd\u00e9pendants au\u00a0minist\u00e8re holistique qui facilite la traduction, l&rsquo;acc\u00e8s et l&rsquo;application de la Parole de Dieu.<\/li>\n<\/ul>\n","protected":false},"excerpt":{"rendered":"<p>Objectif En tant que communaut\u00e9 de participants \u00e0 la mission de Dieu, l&rsquo;Alliance Wycliffe Mondiale offre un leadership, une influence et des services au sein des mouvements en faveur de&#8230;<\/p>\n","protected":false},"author":4,"featured_media":0,"parent":0,"menu_order":0,"comment_status":"closed","ping_status":"closed","template":"","meta":{"give_campaign_id":0,"_kadence_starter_templates_imported_post":false,"_kad_post_transparent":"","_kad_post_title":"","_kad_post_layout":"","_kad_post_sidebar_id":"","_kad_post_content_style":"","_kad_post_vertical_padding":"","_kad_post_feature":"","_kad_post_feature_position":"","_kad_post_header":false,"_kad_post_footer":false,"footnotes":""},"categories":[95],"tags":[],"class_list":["post-4687","page","type-page","status-publish","hentry","category-who-we-are-fr"],"campaignId":"","_links":{"self":[{"href":"https:\/\/wycliffe.net\/fr\/wp-json\/wp\/v2\/pages\/4687","targetHints":{"allow":["GET"]}}],"collection":[{"href":"https:\/\/wycliffe.net\/fr\/wp-json\/wp\/v2\/pages"}],"about":[{"href":"https:\/\/wycliffe.net\/fr\/wp-json\/wp\/v2\/types\/page"}],"author":[{"embeddable":true,"href":"https:\/\/wycliffe.net\/fr\/wp-json\/wp\/v2\/users\/4"}],"replies":[{"embeddable":true,"href":"https:\/\/wycliffe.net\/fr\/wp-json\/wp\/v2\/comments?post=4687"}],"version-history":[{"count":1,"href":"https:\/\/wycliffe.net\/fr\/wp-json\/wp\/v2\/pages\/4687\/revisions"}],"predecessor-version":[{"id":4688,"href":"https:\/\/wycliffe.net\/fr\/wp-json\/wp\/v2\/pages\/4687\/revisions\/4688"}],"wp:attachment":[{"href":"https:\/\/wycliffe.net\/fr\/wp-json\/wp\/v2\/media?parent=4687"}],"wp:term":[{"taxonomy":"category","embeddable":true,"href":"https:\/\/wycliffe.net\/fr\/wp-json\/wp\/v2\/categories?post=4687"},{"taxonomy":"post_tag","embeddable":true,"href":"https:\/\/wycliffe.net\/fr\/wp-json\/wp\/v2\/tags?post=4687"}],"curies":[{"name":"wp","href":"https:\/\/api.w.org\/{rel}","templated":true}]}}