{"id":4671,"date":"2025-07-14T15:48:33","date_gmt":"2025-07-14T13:48:33","guid":{"rendered":"http:\/\/wycliffe.net\/?page_id=4671"},"modified":"2025-09-30T12:01:11","modified_gmt":"2025-09-30T10:01:11","slug":"covenant-statement-of-commitment","status":"publish","type":"page","link":"https:\/\/wycliffe.net\/fr\/covenant-statement-of-commitment\/","title":{"rendered":"Convention\/D\u00e9claration d&rsquo;engagement"},"content":{"rendered":"\n<h2 class=\"wp-block-heading\">Convention\/D\u00e9claration d&rsquo;engagement<\/h2>\n\n\n\n<p>Les relations sont la cl\u00e9 de l&rsquo;Alliance mondiale Wycliffe. Les organisations de l&rsquo;Alliance signent entre elles une alliance\/d\u00e9claration d&rsquo;engagement en reconnaissance de leur participation \u00e0 la communaut\u00e9 de l&rsquo;Alliance et \u00e0 la mission de Dieu. Cet engagement s&rsquo;exprime \u00e9galement dans l&rsquo;attitude et l&rsquo;action.  <\/p>\n\n\n\n<p>Vous pouvez consulter un exemple de <a href=\"https:\/\/wycliffe.net\/wp-content\/uploads\/2025\/09\/Covenant-3-FR-1.pdf\" data-type=\"attachment\" data-id=\"6648\">la d\u00e9claration d&rsquo;engagement ici<\/a>.<\/p>\n\n\n\n<p><\/p>\n","protected":false},"excerpt":{"rendered":"<p>Convention\/D\u00e9claration d&rsquo;engagement Les relations sont la cl\u00e9 de l&rsquo;Alliance mondiale Wycliffe. Les organisations de l&rsquo;Alliance signent entre elles une alliance\/d\u00e9claration d&rsquo;engagement en reconnaissance de leur participation \u00e0 la communaut\u00e9 de&#8230;<\/p>\n","protected":false},"author":4,"featured_media":0,"parent":0,"menu_order":0,"comment_status":"closed","ping_status":"closed","template":"","meta":{"give_campaign_id":0,"_kadence_starter_templates_imported_post":false,"_kad_post_transparent":"","_kad_post_title":"","_kad_post_layout":"","_kad_post_sidebar_id":"","_kad_post_content_style":"","_kad_post_vertical_padding":"","_kad_post_feature":"","_kad_post_feature_position":"","_kad_post_header":false,"_kad_post_footer":false,"footnotes":""},"categories":[95],"tags":[459,460],"class_list":["post-4671","page","type-page","status-publish","hentry","category-who-we-are-fr","tag-alliance","tag-declaration-dengagement"],"campaignId":"","_links":{"self":[{"href":"https:\/\/wycliffe.net\/fr\/wp-json\/wp\/v2\/pages\/4671","targetHints":{"allow":["GET"]}}],"collection":[{"href":"https:\/\/wycliffe.net\/fr\/wp-json\/wp\/v2\/pages"}],"about":[{"href":"https:\/\/wycliffe.net\/fr\/wp-json\/wp\/v2\/types\/page"}],"author":[{"embeddable":true,"href":"https:\/\/wycliffe.net\/fr\/wp-json\/wp\/v2\/users\/4"}],"replies":[{"embeddable":true,"href":"https:\/\/wycliffe.net\/fr\/wp-json\/wp\/v2\/comments?post=4671"}],"version-history":[{"count":3,"href":"https:\/\/wycliffe.net\/fr\/wp-json\/wp\/v2\/pages\/4671\/revisions"}],"predecessor-version":[{"id":6666,"href":"https:\/\/wycliffe.net\/fr\/wp-json\/wp\/v2\/pages\/4671\/revisions\/6666"}],"wp:attachment":[{"href":"https:\/\/wycliffe.net\/fr\/wp-json\/wp\/v2\/media?parent=4671"}],"wp:term":[{"taxonomy":"category","embeddable":true,"href":"https:\/\/wycliffe.net\/fr\/wp-json\/wp\/v2\/categories?post=4671"},{"taxonomy":"post_tag","embeddable":true,"href":"https:\/\/wycliffe.net\/fr\/wp-json\/wp\/v2\/tags?post=4671"}],"curies":[{"name":"wp","href":"https:\/\/api.w.org\/{rel}","templated":true}]}}