{"id":4322,"date":"2025-07-03T15:45:13","date_gmt":"2025-07-03T13:45:13","guid":{"rendered":"http:\/\/wycliffe.net\/?page_id=4322"},"modified":"2025-09-24T18:50:20","modified_gmt":"2025-09-24T16:50:20","slug":"projects","status":"publish","type":"page","link":"https:\/\/wycliffe.net\/fr\/projects\/","title":{"rendered":"Projets"},"content":{"rendered":"<style>.kb-row-layout-id137_9fd559-32 > .kt-row-column-wrap{align-content:start;}:where(.kb-row-layout-id137_9fd559-32 > .kt-row-column-wrap) > .wp-block-kadence-column{justify-content:start;}.kb-row-layout-id137_9fd559-32 > .kt-row-column-wrap{column-gap:var(--global-kb-gap-md, 2rem);row-gap:var(--global-kb-gap-none, 0rem );max-width:var( --global-content-width, 1290px );padding-left:var(--global-content-edge-padding);padding-right:var(--global-content-edge-padding);padding-top:var(--global-kb-spacing-xxl, 5rem);padding-bottom:var(--global-kb-spacing-xl, 4rem);grid-template-columns:minmax(0, 1fr);}.kb-row-layout-id137_9fd559-32{background-image:url('http:\/\/wycliffe.net\/wp-content\/uploads\/2025\/07\/2010Jan_Cameroon_079.jpg');background-size:cover;background-position:12% 62%;background-attachment:scroll;background-repeat:no-repeat;}.kb-row-layout-id137_9fd559-32 > .kt-row-layout-overlay{opacity:0.36;background-color:rgba(218, 201, 69, 0);}@media all and (max-width: 1024px){.kb-row-layout-id137_9fd559-32 > .kt-row-column-wrap{grid-template-columns:minmax(0, 1fr);}}@media all and (max-width: 767px){.kb-row-layout-id137_9fd559-32 > .kt-row-column-wrap{grid-template-columns:minmax(0, 1fr);}}<\/style><div class=\"kb-row-layout-wrap kb-row-layout-id137_9fd559-32 alignfull has-theme-palette9-background-color kt-row-has-bg wp-block-kadence-rowlayout\"><div class=\"kt-row-layout-overlay kt-row-overlay-normal\"><\/div><div class=\"kt-row-column-wrap kt-has-1-columns kt-row-layout-equal kt-tab-layout-inherit kt-mobile-layout-row kt-row-valign-top kb-theme-content-width\">\n<style>.kadence-column137_e0d2cd-39 > .kt-inside-inner-col,.kadence-column137_e0d2cd-39 > .kt-inside-inner-col:before{border-top-left-radius:0px;border-top-right-radius:0px;border-bottom-right-radius:0px;border-bottom-left-radius:0px;}.kadence-column137_e0d2cd-39 > .kt-inside-inner-col{column-gap:var(--global-kb-gap-sm, 1rem);}.kadence-column137_e0d2cd-39 > .kt-inside-inner-col{flex-direction:column;}.kadence-column137_e0d2cd-39 > .kt-inside-inner-col > .aligncenter{width:100%;}.kadence-column137_e0d2cd-39 > .kt-inside-inner-col:before{opacity:0.3;}.kadence-column137_e0d2cd-39{text-align:left;}.kadence-column137_e0d2cd-39{position:relative;}@media all and (max-width: 1024px){.kadence-column137_e0d2cd-39 > .kt-inside-inner-col{flex-direction:column;justify-content:center;}}@media all and (max-width: 767px){.kadence-column137_e0d2cd-39 > .kt-inside-inner-col{flex-direction:column;justify-content:center;}}<\/style>\n<div class=\"wp-block-kadence-column kadence-column137_e0d2cd-39 kb-section-dir-vertical inner-column-1\"><div class=\"kt-inside-inner-col\"><style>.kb-row-layout-id137_f93774-dd > .kt-row-column-wrap{align-content:start;}:where(.kb-row-layout-id137_f93774-dd > .kt-row-column-wrap) > .wp-block-kadence-column{justify-content:start;}.kb-row-layout-id137_f93774-dd > .kt-row-column-wrap{column-gap:var(--global-kb-gap-md, 2rem);row-gap:var(--global-kb-gap-md, 2rem);max-width:540px;margin-left:auto;margin-right:auto;grid-template-columns:minmax(0, 1fr);}.kb-row-layout-id137_f93774-dd > .kt-row-layout-overlay{opacity:0.30;}@media all and (max-width: 1024px){.kb-row-layout-id137_f93774-dd > .kt-row-column-wrap{grid-template-columns:minmax(0, 1fr);}}@media all and (max-width: 767px){.kb-row-layout-id137_f93774-dd > .kt-row-column-wrap{grid-template-columns:minmax(0, 1fr);}}<\/style><div class=\"kb-row-layout-wrap kb-row-layout-id137_f93774-dd alignnone wp-block-kadence-rowlayout\"><div class=\"kt-row-column-wrap kt-has-1-columns kt-row-layout-equal kt-tab-layout-inherit kt-mobile-layout-row kt-row-valign-top\">\n<style>.kadence-column137_e9ee06-2a > .kt-inside-inner-col,.kadence-column137_e9ee06-2a > .kt-inside-inner-col:before{border-top-left-radius:0px;border-top-right-radius:0px;border-bottom-right-radius:0px;border-bottom-left-radius:0px;}.kadence-column137_e9ee06-2a > .kt-inside-inner-col{column-gap:var(--global-kb-gap-sm, 1rem);}.kadence-column137_e9ee06-2a > .kt-inside-inner-col{flex-direction:column;}.kadence-column137_e9ee06-2a > .kt-inside-inner-col > .aligncenter{width:100%;}.kadence-column137_e9ee06-2a > .kt-inside-inner-col:before{opacity:0.3;}.kadence-column137_e9ee06-2a{position:relative;}@media all and (max-width: 1024px){.kadence-column137_e9ee06-2a > .kt-inside-inner-col{flex-direction:column;justify-content:center;}}@media all and (max-width: 767px){.kadence-column137_e9ee06-2a > .kt-inside-inner-col{flex-direction:column;justify-content:center;}}<\/style>\n<div class=\"wp-block-kadence-column kadence-column137_e9ee06-2a\"><div class=\"kt-inside-inner-col\"><style>.wp-block-kadence-advancedheading.kt-adv-heading137_cadb41-88, .wp-block-kadence-advancedheading.kt-adv-heading137_cadb41-88[data-kb-block=\"kb-adv-heading137_cadb41-88\"]{margin-top:0px;text-align:center;font-size:var(--global-kb-font-size-xxl, 4rem);line-height:1em;font-style:normal;color:#ecf3f2;}.wp-block-kadence-advancedheading.kt-adv-heading137_cadb41-88 mark.kt-highlight, .wp-block-kadence-advancedheading.kt-adv-heading137_cadb41-88[data-kb-block=\"kb-adv-heading137_cadb41-88\"] mark.kt-highlight{font-style:normal;color:#f76a0c;-webkit-box-decoration-break:clone;box-decoration-break:clone;padding-top:0px;padding-right:0px;padding-bottom:0px;padding-left:0px;}.wp-block-kadence-advancedheading.kt-adv-heading137_cadb41-88 img.kb-inline-image, .wp-block-kadence-advancedheading.kt-adv-heading137_cadb41-88[data-kb-block=\"kb-adv-heading137_cadb41-88\"] img.kb-inline-image{width:150px;vertical-align:baseline;}<\/style>\n<h2 class=\"kt-adv-heading137_cadb41-88 wp-block-kadence-advancedheading\" data-kb-block=\"kb-adv-heading137_cadb41-88\">Projets  <\/h2>\n<\/div><\/div>\n\n<\/div><\/div><\/div><\/div>\n\n<\/div><\/div>\n<div style=\"height:50px\" aria-hidden=\"true\" class=\"wp-block-spacer\"><\/div>\n\n<div class=\"wp-block-group\"><div class=\"wp-block-group__inner-container is-layout-constrained wp-block-group-is-layout-constrained\">\n<h2 class=\"wp-block-heading\" style=\"text-transform:none\">Collaborer gr\u00e2ce \u00e0 la g\u00e9n\u00e9rosit\u00e9<\/h2>\n<\/div><\/div>\n\n<p class=\"has-md-font-size\" style=\"text-transform:none\">Les organisations de l&rsquo;Alliance peuvent \u00e9largir leur participation et leurs r\u00e9seaux en contribuant au financement de projets. Ces projets de collaboration b\u00e9n\u00e9ficient soit \u00e0 l&rsquo;ensemble de l&rsquo;Alliance, soit \u00e0 un nombre important de nos organisations. Une seule organisation peut d\u00e9cider de financer l&rsquo;ensemble d&rsquo;un projet ou, id\u00e9alement, le financement proviendra de plusieurs organisations et individus.  <\/p>\n\n<p>Cliquez sur l&rsquo;un des projets ci-dessous pour en savoir plus. Chaque page de projet contient un <a href=\"https:\/\/secure.qgiv.com\/for\/wycliffeglobalalliance\">bouton DONNER<\/a>. Lorsque vous remplissez le formulaire de don, s\u00e9lectionnez le projet sp\u00e9cifique.  <\/p>\n\n<h2 class=\"wp-block-heading\" style=\"text-transform:none\">Faire un don aux projets de l&rsquo;Alliance<\/h2>\n<ul class=\"wp-block-latest-posts__list is-grid columns-3 wp-block-latest-posts\"><li><div class=\"wp-block-latest-posts__featured-image\"><img loading=\"lazy\" decoding=\"async\" width=\"600\" height=\"400\" src=\"https:\/\/wycliffe.net\/wp-content\/uploads\/2025\/07\/2023July_KL_4956.jpg\" class=\"attachment-large size-large wp-post-image\" alt=\"\" style=\"\" srcset=\"https:\/\/wycliffe.net\/wp-content\/uploads\/2025\/07\/2023July_KL_4956.jpg 600w, https:\/\/wycliffe.net\/wp-content\/uploads\/2025\/07\/2023July_KL_4956-300x200.jpg 300w\" sizes=\"auto, (max-width: 600px) 100vw, 600px\" \/><\/div><a class=\"wp-block-latest-posts__post-title\" href=\"https:\/\/wycliffe.net\/fr\/2025\/07\/08\/001-where-most-needed\/\">Diriger les fonds l\u00e0 o\u00f9 ils sont le plus n\u00e9cessaires<\/a><div class=\"wp-block-latest-posts__post-excerpt\">Les projets de collaboration r\u00e9pondent \u00e0 des besoins urgents et font progresser notre engagement \u00e0 servir dans l&rsquo;unit\u00e9.<\/div><\/li>\n<li><div class=\"wp-block-latest-posts__featured-image\"><img loading=\"lazy\" decoding=\"async\" width=\"1024\" height=\"768\" src=\"https:\/\/wycliffe.net\/wp-content\/uploads\/2025\/07\/IMG_0351-scaled-1-1024x768.jpg\" class=\"attachment-large size-large wp-post-image\" alt=\"\" style=\"\" srcset=\"https:\/\/wycliffe.net\/wp-content\/uploads\/2025\/07\/IMG_0351-scaled-1-1024x768.jpg 1024w, https:\/\/wycliffe.net\/wp-content\/uploads\/2025\/07\/IMG_0351-scaled-1-300x225.jpg 300w, https:\/\/wycliffe.net\/wp-content\/uploads\/2025\/07\/IMG_0351-scaled-1-768x576.jpg 768w, https:\/\/wycliffe.net\/wp-content\/uploads\/2025\/07\/IMG_0351-scaled-1-1536x1152.jpg 1536w, https:\/\/wycliffe.net\/wp-content\/uploads\/2025\/07\/IMG_0351-scaled-1-2048x1536.jpg 2048w\" sizes=\"auto, (max-width: 1024px) 100vw, 1024px\" \/><\/div><a class=\"wp-block-latest-posts__post-title\" href=\"https:\/\/wycliffe.net\/fr\/2025\/07\/08\/002-church-centric-vision-for-bible-translation-in-latin-america\/\">Inspirer les \u00e9glises d&rsquo;Am\u00e9rique latine pour la traduction de la Bible<\/a><div class=\"wp-block-latest-posts__post-excerpt\">D\u00e9veloppez un cours qui alimente un mouvement passionn\u00e9 parmi les \u00e9glises d&rsquo;Am\u00e9rique latine.<\/div><\/li>\n<li><div class=\"wp-block-latest-posts__featured-image\"><img loading=\"lazy\" decoding=\"async\" width=\"600\" height=\"400\" src=\"https:\/\/wycliffe.net\/wp-content\/uploads\/2025\/07\/2022Mar_Kenya_0425ed.jpg\" class=\"attachment-large size-large wp-post-image\" alt=\"\" style=\"\" srcset=\"https:\/\/wycliffe.net\/wp-content\/uploads\/2025\/07\/2022Mar_Kenya_0425ed.jpg 600w, https:\/\/wycliffe.net\/wp-content\/uploads\/2025\/07\/2022Mar_Kenya_0425ed-300x200.jpg 300w\" sizes=\"auto, (max-width: 600px) 100vw, 600px\" \/><\/div><a class=\"wp-block-latest-posts__post-title\" href=\"https:\/\/wycliffe.net\/fr\/2025\/07\/08\/003-consultations-on-the-church-and-bible-translation\/\">Approfondir la collaboration mondiale avec l&rsquo;\u00c9glise<\/a><div class=\"wp-block-latest-posts__post-excerpt\">Cr\u00e9er un espace permettant \u00e0 l&rsquo;Alliance et au corps mondial du Christ de collaborer \u00e0 des programmes de traduction durables bas\u00e9s sur les \u00e9glises et les communaut\u00e9s.<\/div><\/li>\n<li><div class=\"wp-block-latest-posts__featured-image\"><img loading=\"lazy\" decoding=\"async\" width=\"600\" height=\"800\" src=\"https:\/\/wycliffe.net\/wp-content\/uploads\/2025\/07\/peru1-1a.jpeg\" class=\"attachment-large size-large wp-post-image\" alt=\"\" style=\"\" srcset=\"https:\/\/wycliffe.net\/wp-content\/uploads\/2025\/07\/peru1-1a.jpeg 600w, https:\/\/wycliffe.net\/wp-content\/uploads\/2025\/07\/peru1-1a-225x300.jpeg 225w\" sizes=\"auto, (max-width: 600px) 100vw, 600px\" \/><\/div><a class=\"wp-block-latest-posts__post-title\" href=\"https:\/\/wycliffe.net\/fr\/2025\/07\/08\/006-bible-translation-tables-in-latin-america\/\">Renforcer la collaboration en Am\u00e9rique latine<\/a><div class=\"wp-block-latest-posts__post-excerpt\">Faire passer le mouvement Mesa au niveau sup\u00e9rieur. Former des animateurs locaux, approfondir l&rsquo;engagement des \u00e9glises et s&rsquo;\u00e9tendre \u00e0 de nouvelles r\u00e9gions. <\/div><\/li>\n<li><div class=\"wp-block-latest-posts__featured-image\"><img loading=\"lazy\" decoding=\"async\" width=\"600\" height=\"401\" src=\"https:\/\/wycliffe.net\/wp-content\/uploads\/2025\/07\/2024Nov3_Joburg_031.jpg\" class=\"attachment-large size-large wp-post-image\" alt=\"\" style=\"\" srcset=\"https:\/\/wycliffe.net\/wp-content\/uploads\/2025\/07\/2024Nov3_Joburg_031.jpg 600w, https:\/\/wycliffe.net\/wp-content\/uploads\/2025\/07\/2024Nov3_Joburg_031-300x201.jpg 300w\" sizes=\"auto, (max-width: 600px) 100vw, 600px\" \/><\/div><a class=\"wp-block-latest-posts__post-title\" href=\"https:\/\/wycliffe.net\/fr\/2025\/07\/07\/new-project-post-test-2\/\">Renforcer les capacit\u00e9s de l&rsquo;Alliance pour les projets strat\u00e9giques<\/a><div class=\"wp-block-latest-posts__post-excerpt\">Renforcer la capacit\u00e9 de l&rsquo;Alliance \u00e0 servir nos organisations de mani\u00e8re cr\u00e9ative.  <\/div><\/li>\n<li><div class=\"wp-block-latest-posts__featured-image\"><img loading=\"lazy\" decoding=\"async\" width=\"1024\" height=\"768\" src=\"https:\/\/wycliffe.net\/wp-content\/uploads\/2025\/07\/OBT-workshop-Peru-1024x768.jpg\" class=\"attachment-large size-large wp-post-image\" alt=\"\" style=\"\" srcset=\"https:\/\/wycliffe.net\/wp-content\/uploads\/2025\/07\/OBT-workshop-Peru-1024x768.jpg 1024w, https:\/\/wycliffe.net\/wp-content\/uploads\/2025\/07\/OBT-workshop-Peru-300x225.jpg 300w, https:\/\/wycliffe.net\/wp-content\/uploads\/2025\/07\/OBT-workshop-Peru-768x576.jpg 768w, https:\/\/wycliffe.net\/wp-content\/uploads\/2025\/07\/OBT-workshop-Peru.jpg 1200w\" sizes=\"auto, (max-width: 1024px) 100vw, 1024px\" \/><\/div><a class=\"wp-block-latest-posts__post-title\" href=\"https:\/\/wycliffe.net\/fr\/2025\/07\/07\/new-project-post-test\/\">Former davantage de conseillers en mati\u00e8re d&rsquo;hygi\u00e8ne bucco-dentaire<\/a><div class=\"wp-block-latest-posts__post-excerpt\">Aidez-nous \u00e0 r\u00e9pondre \u00e0 un \u00e9norme besoin mondial : former davantage de consultants en traduction orale de la Bible.  <\/div><\/li>\n<\/ul>\n<p><\/p>\n","protected":false},"excerpt":{"rendered":"<p>Projets Collaborer gr\u00e2ce \u00e0 la g\u00e9n\u00e9rosit\u00e9 Les organisations de l&rsquo;Alliance peuvent \u00e9largir leur participation et leurs r\u00e9seaux en contribuant au financement de projets. Ces projets de collaboration b\u00e9n\u00e9ficient soit \u00e0&#8230;<\/p>\n","protected":false},"author":7,"featured_media":0,"parent":0,"menu_order":0,"comment_status":"closed","ping_status":"closed","template":"","meta":{"give_campaign_id":0,"_kadence_starter_templates_imported_post":false,"_kad_post_transparent":"","_kad_post_title":"","_kad_post_layout":"","_kad_post_sidebar_id":"","_kad_post_content_style":"","_kad_post_vertical_padding":"","_kad_post_feature":"","_kad_post_feature_position":"","_kad_post_header":false,"_kad_post_footer":false,"footnotes":""},"categories":[102],"tags":[],"class_list":["post-4322","page","type-page","status-publish","hentry","category-projets"],"campaignId":"","_links":{"self":[{"href":"https:\/\/wycliffe.net\/fr\/wp-json\/wp\/v2\/pages\/4322","targetHints":{"allow":["GET"]}}],"collection":[{"href":"https:\/\/wycliffe.net\/fr\/wp-json\/wp\/v2\/pages"}],"about":[{"href":"https:\/\/wycliffe.net\/fr\/wp-json\/wp\/v2\/types\/page"}],"author":[{"embeddable":true,"href":"https:\/\/wycliffe.net\/fr\/wp-json\/wp\/v2\/users\/7"}],"replies":[{"embeddable":true,"href":"https:\/\/wycliffe.net\/fr\/wp-json\/wp\/v2\/comments?post=4322"}],"version-history":[{"count":1,"href":"https:\/\/wycliffe.net\/fr\/wp-json\/wp\/v2\/pages\/4322\/revisions"}],"predecessor-version":[{"id":4323,"href":"https:\/\/wycliffe.net\/fr\/wp-json\/wp\/v2\/pages\/4322\/revisions\/4323"}],"wp:attachment":[{"href":"https:\/\/wycliffe.net\/fr\/wp-json\/wp\/v2\/media?parent=4322"}],"wp:term":[{"taxonomy":"category","embeddable":true,"href":"https:\/\/wycliffe.net\/fr\/wp-json\/wp\/v2\/categories?post=4322"},{"taxonomy":"post_tag","embeddable":true,"href":"https:\/\/wycliffe.net\/fr\/wp-json\/wp\/v2\/tags?post=4322"}],"curies":[{"name":"wp","href":"https:\/\/api.w.org\/{rel}","templated":true}]}}