{"id":1891,"date":"2025-07-15T11:33:56","date_gmt":"2025-07-15T09:33:56","guid":{"rendered":"http:\/\/wycliffe.net\/doctrinal-statement\/"},"modified":"2025-09-17T10:56:53","modified_gmt":"2025-09-17T08:56:53","slug":"doctrinal-statement","status":"publish","type":"page","link":"https:\/\/wycliffe.net\/fr\/doctrinal-statement\/","title":{"rendered":"D\u00e9claration doctrinale"},"content":{"rendered":"\n<h2 class=\"wp-block-heading\">Notre d\u00e9claration doctrinale<\/h2>\n\n<ol class=\"wp-block-list\">\n<li>Nous croyons que la Bible, la Parole inspir\u00e9e de Dieu, est totalement digne de confiance et qu&rsquo;elle parle avec une autorit\u00e9 supr\u00eame dans tous les domaines de la croyance et de la pratique.<\/li>\n\n\n\n<li>Nous croyons en un seul Dieu, qui existe \u00e9ternellement en trois personnes, le P\u00e8re, le Fils et le Saint-Esprit.<\/li>\n\n\n\n<li>Nous croyons que toutes les personnes, cr\u00e9\u00e9es \u00e0 l&rsquo;image de Dieu, ont une valeur intrins\u00e8que, mais qu&rsquo;\u00e0 cause du p\u00e9ch\u00e9, elles sont \u00e9loign\u00e9es de Dieu et les unes des autres, et qu&rsquo;elles ont donc besoin de r\u00e9conciliation.<\/li>\n\n\n\n<li>Nous croyons que J\u00e9sus-Christ, le Fils de Dieu, n\u00e9 de la vierge Marie, est pleinement Dieu et pleinement humain ; il a d\u00e9montr\u00e9 l&rsquo;amour de Dieu pour les p\u00e9cheurs en subissant la peine de mort \u00e0 leur place, est ressuscit\u00e9 corporellement d&rsquo;entre les morts et est mont\u00e9 au ciel o\u00f9 il interc\u00e8de pour son peuple.<\/li>\n\n\n\n<li>Nous croyons que tous ceux qui se repentent et font confiance \u00e0 J\u00e9sus-Christ seul comme Seigneur et Sauveur sont, par la gr\u00e2ce de Dieu, d\u00e9clar\u00e9s en r\u00e8gle avec Lui, recevant le pardon et la vie \u00e9ternelle.<\/li>\n\n\n\n<li>Nous croyons que le Seigneur J\u00e9sus-Christ reviendra personnellement dans la gloire, ressuscitera les morts et jugera le monde.<\/li>\n\n\n\n<li>Nous croyons que tous les hommes ressusciteront, que ceux qui sont en Christ jouiront de la vie \u00e9ternelle avec Dieu et que ceux qui sont perdus souffriront d&rsquo;une s\u00e9paration \u00e9ternelle d&rsquo;avec Lui.<\/li>\n\n\n\n<li>Nous croyons en l&rsquo;Esprit Saint qui conf\u00e8re une vie nouvelle \u00e0 ceux qui croient en Christ ; par sa pr\u00e9sence int\u00e9rieure et sa puissance transformatrice, il donne l&rsquo;assurance et \u00e9quipe les croyants pour une vie sainte et un service efficace.<\/li>\n\n\n\n<li>Nous croyons que l&rsquo;\u00c9glise est le corps du Christ, la communaut\u00e9 de tous les croyants, et qu&rsquo;elle est charg\u00e9e de faire des disciples de toutes les nations.<\/li>\n<\/ol>\n","protected":false},"excerpt":{"rendered":"<p>Notre d\u00e9claration doctrinale<\/p>\n","protected":false},"author":4,"featured_media":0,"parent":0,"menu_order":0,"comment_status":"closed","ping_status":"closed","template":"","meta":{"give_campaign_id":0,"_kadence_starter_templates_imported_post":false,"_kad_post_transparent":"","_kad_post_title":"","_kad_post_layout":"","_kad_post_sidebar_id":"","_kad_post_content_style":"","_kad_post_vertical_padding":"","_kad_post_feature":"","_kad_post_feature_position":"","_kad_post_header":false,"_kad_post_footer":false,"footnotes":""},"categories":[95],"tags":[96],"class_list":["post-1891","page","type-page","status-publish","hentry","category-who-we-are-fr","tag-doctrinal-statement-fr"],"campaignId":"","_links":{"self":[{"href":"https:\/\/wycliffe.net\/fr\/wp-json\/wp\/v2\/pages\/1891","targetHints":{"allow":["GET"]}}],"collection":[{"href":"https:\/\/wycliffe.net\/fr\/wp-json\/wp\/v2\/pages"}],"about":[{"href":"https:\/\/wycliffe.net\/fr\/wp-json\/wp\/v2\/types\/page"}],"author":[{"embeddable":true,"href":"https:\/\/wycliffe.net\/fr\/wp-json\/wp\/v2\/users\/4"}],"replies":[{"embeddable":true,"href":"https:\/\/wycliffe.net\/fr\/wp-json\/wp\/v2\/comments?post=1891"}],"version-history":[{"count":4,"href":"https:\/\/wycliffe.net\/fr\/wp-json\/wp\/v2\/pages\/1891\/revisions"}],"predecessor-version":[{"id":4238,"href":"https:\/\/wycliffe.net\/fr\/wp-json\/wp\/v2\/pages\/1891\/revisions\/4238"}],"wp:attachment":[{"href":"https:\/\/wycliffe.net\/fr\/wp-json\/wp\/v2\/media?parent=1891"}],"wp:term":[{"taxonomy":"category","embeddable":true,"href":"https:\/\/wycliffe.net\/fr\/wp-json\/wp\/v2\/categories?post=1891"},{"taxonomy":"post_tag","embeddable":true,"href":"https:\/\/wycliffe.net\/fr\/wp-json\/wp\/v2\/tags?post=1891"}],"curies":[{"name":"wp","href":"https:\/\/api.w.org\/{rel}","templated":true}]}}