{"id":9320,"date":"2026-05-07T09:22:25","date_gmt":"2026-05-07T07:22:25","guid":{"rendered":"https:\/\/wycliffe.net\/?page_id=9320"},"modified":"2026-05-07T13:29:30","modified_gmt":"2026-05-07T11:29:30","slug":"global-coffee-chat-april-2026","status":"publish","type":"page","link":"https:\/\/wycliffe.net\/es\/global-coffee-chat-april-2026\/","title":{"rendered":"Global Coffee Chat: April 2026"},"content":{"rendered":"<style>.kb-row-layout-id9320_13923d-45 > .kt-row-column-wrap{align-content:start;}:where(.kb-row-layout-id9320_13923d-45 > .kt-row-column-wrap) > .wp-block-kadence-column{justify-content:start;}.kb-row-layout-id9320_13923d-45 > .kt-row-column-wrap{column-gap:var(--global-kb-gap-md, 2rem);row-gap:var(--global-kb-gap-md, 2rem);max-width:var( --global-content-width, 1290px );padding-left:var(--global-content-edge-padding);padding-right:var(--global-content-edge-padding);padding-top:var(--global-kb-spacing-xl, 4rem);padding-bottom:var(--global-kb-spacing-xl, 4rem);grid-template-columns:minmax(0, 1fr);}.kb-row-layout-id9320_13923d-45 > .kt-row-layout-overlay{opacity:0.30;}@media all and (max-width: 1024px){.kb-row-layout-id9320_13923d-45 > .kt-row-column-wrap{grid-template-columns:minmax(0, 1fr);}}@media all and (max-width: 767px){.kb-row-layout-id9320_13923d-45 > .kt-row-column-wrap{grid-template-columns:minmax(0, 1fr);}}<\/style><div class=\"kb-row-layout-wrap kb-row-layout-id9320_13923d-45 alignfull has-theme-palette9-background-color kt-row-has-bg wp-block-kadence-rowlayout\"><div class=\"kt-row-column-wrap kt-has-1-columns kt-row-layout-equal kt-tab-layout-inherit kt-mobile-layout-row kt-row-valign-top kb-theme-content-width\">\n<style>.kadence-column9320_6bc246-05 > .kt-inside-inner-col,.kadence-column9320_6bc246-05 > .kt-inside-inner-col:before{border-top-left-radius:0px;border-top-right-radius:0px;border-bottom-right-radius:0px;border-bottom-left-radius:0px;}.kadence-column9320_6bc246-05 > .kt-inside-inner-col{column-gap:var(--global-kb-gap-sm, 1rem);}.kadence-column9320_6bc246-05 > .kt-inside-inner-col{flex-direction:column;}.kadence-column9320_6bc246-05 > .kt-inside-inner-col > .aligncenter{width:100%;}.kadence-column9320_6bc246-05 > .kt-inside-inner-col:before{opacity:0.3;}.kadence-column9320_6bc246-05{position:relative;}@media all and (max-width: 1024px){.kadence-column9320_6bc246-05 > .kt-inside-inner-col{flex-direction:column;justify-content:center;}}@media all and (max-width: 767px){.kadence-column9320_6bc246-05 > .kt-inside-inner-col{flex-direction:column;justify-content:center;}}<\/style>\n<div class=\"wp-block-kadence-column kadence-column9320_6bc246-05\"><div class=\"kt-inside-inner-col\"><style>.wp-block-kadence-advancedheading.kt-adv-heading9320_c452f7-c1, .wp-block-kadence-advancedheading.kt-adv-heading9320_c452f7-c1[data-kb-block=\"kb-adv-heading9320_c452f7-c1\"]{display:block;text-align:center;font-size:var(--global-kb-font-size-sm, 0.9rem);line-height:1;font-style:normal;text-transform:uppercase;letter-spacing:2px;}.wp-block-kadence-advancedheading.kt-adv-heading9320_c452f7-c1 mark.kt-highlight, .wp-block-kadence-advancedheading.kt-adv-heading9320_c452f7-c1[data-kb-block=\"kb-adv-heading9320_c452f7-c1\"] mark.kt-highlight{font-style:normal;color:#f76a0c;-webkit-box-decoration-break:clone;box-decoration-break:clone;padding-top:0px;padding-right:0px;padding-bottom:0px;padding-left:0px;}.wp-block-kadence-advancedheading.kt-adv-heading9320_c452f7-c1 img.kb-inline-image, .wp-block-kadence-advancedheading.kt-adv-heading9320_c452f7-c1[data-kb-block=\"kb-adv-heading9320_c452f7-c1\"] img.kb-inline-image{width:150px;vertical-align:baseline;}<\/style>\n<span class=\"kt-adv-heading9320_c452f7-c1 wp-block-kadence-advancedheading has-theme-palette-1-color has-text-color\" data-kb-block=\"kb-adv-heading9320_c452f7-c1\">April 2026<\/span>\n\n\n<style>.kb-row-layout-id9320_243e1d-f9 > .kt-row-column-wrap{align-content:start;}:where(.kb-row-layout-id9320_243e1d-f9 > .kt-row-column-wrap) > .wp-block-kadence-column{justify-content:start;}.kb-row-layout-id9320_243e1d-f9 > .kt-row-column-wrap{column-gap:var(--global-kb-gap-md, 2rem);row-gap:var(--global-kb-gap-md, 2rem);max-width:var( --global-content-width, 1290px );padding-left:var(--global-content-edge-padding);padding-right:var(--global-content-edge-padding);padding-top:var(--global-kb-spacing-sm, 1.5rem);padding-bottom:var(--global-kb-spacing-sm, 1.5rem);grid-template-columns:minmax(0, 1fr);}.kb-row-layout-id9320_243e1d-f9 > .kt-row-layout-overlay{opacity:0.30;}@media all and (max-width: 1024px){.kb-row-layout-id9320_243e1d-f9 > .kt-row-column-wrap{grid-template-columns:minmax(0, 1fr);}}@media all and (max-width: 767px){.kb-row-layout-id9320_243e1d-f9 > .kt-row-column-wrap{grid-template-columns:minmax(0, 1fr);}}<\/style><div class=\"kb-row-layout-wrap kb-row-layout-id9320_243e1d-f9 alignnone wp-block-kadence-rowlayout\"><div class=\"kt-row-column-wrap kt-has-1-columns kt-row-layout-equal kt-tab-layout-inherit kt-mobile-layout-row kt-row-valign-top kb-theme-content-width\">\n<style>.kadence-column9320_0531e0-76 > .kt-inside-inner-col,.kadence-column9320_0531e0-76 > .kt-inside-inner-col:before{border-top-left-radius:0px;border-top-right-radius:0px;border-bottom-right-radius:0px;border-bottom-left-radius:0px;}.kadence-column9320_0531e0-76 > .kt-inside-inner-col{column-gap:var(--global-kb-gap-sm, 1rem);}.kadence-column9320_0531e0-76 > .kt-inside-inner-col{flex-direction:column;}.kadence-column9320_0531e0-76 > .kt-inside-inner-col > .aligncenter{width:100%;}.kadence-column9320_0531e0-76 > .kt-inside-inner-col:before{opacity:0.3;}.kadence-column9320_0531e0-76{position:relative;}@media all and (max-width: 1024px){.kadence-column9320_0531e0-76 > .kt-inside-inner-col{flex-direction:column;justify-content:center;}}@media all and (max-width: 767px){.kadence-column9320_0531e0-76 > .kt-inside-inner-col{flex-direction:column;justify-content:center;}}<\/style>\n<div class=\"wp-block-kadence-column kadence-column9320_0531e0-76\"><div class=\"kt-inside-inner-col\"><style>.wp-block-kadence-advancedheading.kt-adv-heading9320_07da53-01, .wp-block-kadence-advancedheading.kt-adv-heading9320_07da53-01[data-kb-block=\"kb-adv-heading9320_07da53-01\"]{margin-top:var(--global-kb-spacing-md, 2rem);margin-bottom:var(--global-kb-spacing-md, 2rem);text-align:center;font-size:36px;line-height:1.4;font-style:normal;}.wp-block-kadence-advancedheading.kt-adv-heading9320_07da53-01 mark.kt-highlight, .wp-block-kadence-advancedheading.kt-adv-heading9320_07da53-01[data-kb-block=\"kb-adv-heading9320_07da53-01\"] mark.kt-highlight{font-style:normal;color:#f76a0c;-webkit-box-decoration-break:clone;box-decoration-break:clone;padding-top:0px;padding-right:0px;padding-bottom:0px;padding-left:0px;}.wp-block-kadence-advancedheading.kt-adv-heading9320_07da53-01 img.kb-inline-image, .wp-block-kadence-advancedheading.kt-adv-heading9320_07da53-01[data-kb-block=\"kb-adv-heading9320_07da53-01\"] img.kb-inline-image{width:150px;vertical-align:baseline;}<\/style>\n<h2 class=\"kt-adv-heading9320_07da53-01 wp-block-kadence-advancedheading has-theme-palette-3-color has-text-color\" data-kb-block=\"kb-adv-heading9320_07da53-01\">Global Coffee Chat<\/h2>\n<\/div><\/div>\n\n\n<style>.kadence-column9320_1286a0-ce > .kt-inside-inner-col{padding-top:30px;padding-right:30px;padding-bottom:30px;padding-left:30px;}.kadence-column9320_1286a0-ce > .kt-inside-inner-col,.kadence-column9320_1286a0-ce > .kt-inside-inner-col:before{border-top-left-radius:0px;border-top-right-radius:0px;border-bottom-right-radius:0px;border-bottom-left-radius:0px;}.kadence-column9320_1286a0-ce > .kt-inside-inner-col{column-gap:var(--global-kb-gap-sm, 1rem);}.kadence-column9320_1286a0-ce > .kt-inside-inner-col{flex-direction:column;}.kadence-column9320_1286a0-ce > .kt-inside-inner-col > .aligncenter{width:100%;}.kadence-column9320_1286a0-ce > .kt-inside-inner-col{background-color:var(--global-palette9, #ffffff);}.kadence-column9320_1286a0-ce > .kt-inside-inner-col:before{opacity:0.3;}.kadence-column9320_1286a0-ce{position:relative;}.kadence-column9320_1286a0-ce, .kt-inside-inner-col > .kadence-column9320_1286a0-ce:not(.specificity){margin-top:0px;margin-right:0px;margin-bottom:0px;margin-left:0px;}@media all and (max-width: 1024px){.kadence-column9320_1286a0-ce > .kt-inside-inner-col{flex-direction:column;justify-content:center;}}@media all and (max-width: 767px){.kadence-column9320_1286a0-ce > .kt-inside-inner-col{padding-right:var(--global-kb-spacing-xxs, 0.5rem);padding-left:var(--global-kb-spacing-xxs, 0.5rem);flex-direction:column;justify-content:center;}}<\/style>\n<div class=\"wp-block-kadence-column kadence-column9320_1286a0-ce inner-column-4\"><div class=\"kt-inside-inner-col\">\n<p>El \u00abGlobal Coffee Chat\u00bb ofrece a los l\u00edderes de las organizaciones de la Alianza la oportunidad de reunirse virtualmente y debatir temas relacionados con la traducci\u00f3n de la Biblia.<\/p>\n\n\n\n<p>Nuestro primer encuentro tuvo lugar en abril de 2026. Tras una breve bienvenida a cargo de Agnes Lid, directora ejecutiva interina de la Alianza Global Wycliffe, Bryan Harmelink gui\u00f3 al grupo en una reflexi\u00f3n b\u00edblica sobre la colaboraci\u00f3n en el reino de Dios. A continuaci\u00f3n, David C\u00e1rdenas nos record\u00f3 la importancia del caf\u00e9 (o el t\u00e9) en las reuniones sociales informales. (Vea los videos a continuaci\u00f3n. Para las traducciones, abra el video en YouTube y utilice los subt\u00edtulos).<\/p>\n\n\n\n<p>Los 52 participantes se dividieron en peque\u00f1os grupos para debatir el tema principal: la iglesia en la traducci\u00f3n de la Biblia. A todos se les hab\u00eda animado de antemano a considerar lo siguiente:<\/p>\n\n\n\n<ul class=\"wp-block-list\">\n<li>\u00bfQu\u00e9 le gustar\u00eda aprender de otros pa\u00edses o regiones representados aqu\u00ed sobre la iglesia en la traducci\u00f3n de la Biblia?<\/li>\n\n\n\n<li>\u00bfTienen historias o testimonios sobre lo que Dios est\u00e1 haciendo a trav\u00e9s de su organizaci\u00f3n que puedan compartir en dos o tres minutos? \u00bfO necesidades o frustraciones sobre el tema de la iglesia en la traducci\u00f3n de la Biblia?&nbsp;<\/li>\n\n\n\n<li>H\u00e1ganse preguntas entre ustedes y comenten lo que hayan escuchado.<\/li>\n<\/ul>\n\n\n\n<p>Aunque breve, el tiempo de debate permiti\u00f3 a los l\u00edderes pasar tiempo con personas de fuera de sus regiones a las que quiz\u00e1 no conoc\u00edan tan bien, y escuchar diversas perspectivas sobre la participaci\u00f3n de la iglesia en la traducci\u00f3n de la Biblia.<\/p>\n<\/div><\/div>\n\n<\/div><\/div>\n\n<style>.kb-row-layout-id9320_293a89-c6 > .kt-row-column-wrap{align-content:start;}:where(.kb-row-layout-id9320_293a89-c6 > .kt-row-column-wrap) > .wp-block-kadence-column{justify-content:start;}.kb-row-layout-id9320_293a89-c6 > .kt-row-column-wrap{column-gap:var(--global-kb-gap-md, 2rem);row-gap:var(--global-kb-gap-md, 2rem);padding-top:var(--global-kb-spacing-sm, 1.5rem);padding-bottom:var(--global-kb-spacing-sm, 1.5rem);}.kb-row-layout-id9320_293a89-c6 > .kt-row-column-wrap > div:not(.added-for-specificity){grid-column:initial;}.kb-row-layout-id9320_293a89-c6 > .kt-row-column-wrap{grid-template-columns:repeat(3, minmax(0, 1fr));}.kb-row-layout-id9320_293a89-c6 > .kt-row-layout-overlay{opacity:0.30;}@media all and (max-width: 1024px){.kb-row-layout-id9320_293a89-c6 > .kt-row-column-wrap > div:not(.added-for-specificity){grid-column:initial;}}@media all and (max-width: 1024px){.kb-row-layout-id9320_293a89-c6 > .kt-row-column-wrap{grid-template-columns:repeat(3, minmax(0, 1fr));}}@media all and (max-width: 767px){.kb-row-layout-id9320_293a89-c6 > .kt-row-column-wrap > div:not(.added-for-specificity){grid-column:initial;}.kb-row-layout-id9320_293a89-c6 > .kt-row-column-wrap{grid-template-columns:minmax(0, 1fr);}}<\/style><div class=\"kb-row-layout-wrap kb-row-layout-id9320_293a89-c6 alignnone wp-block-kadence-rowlayout\"><div class=\"kt-row-column-wrap kt-has-3-columns kt-row-layout-equal kt-tab-layout-inherit kt-mobile-layout-row kt-row-valign-top\">\n<style>.kadence-column9320_4d7f01-96 > .kt-inside-inner-col,.kadence-column9320_4d7f01-96 > .kt-inside-inner-col:before{border-top-left-radius:0px;border-top-right-radius:0px;border-bottom-right-radius:0px;border-bottom-left-radius:0px;}.kadence-column9320_4d7f01-96 > .kt-inside-inner-col{column-gap:var(--global-kb-gap-sm, 1rem);}.kadence-column9320_4d7f01-96 > .kt-inside-inner-col{flex-direction:column;}.kadence-column9320_4d7f01-96 > .kt-inside-inner-col > .aligncenter{width:100%;}.kadence-column9320_4d7f01-96 > .kt-inside-inner-col:before{opacity:0.3;}.kadence-column9320_4d7f01-96{position:relative;}@media all and (max-width: 1024px){.kadence-column9320_4d7f01-96 > .kt-inside-inner-col{flex-direction:column;justify-content:center;}}@media all and (max-width: 767px){.kadence-column9320_4d7f01-96 > .kt-inside-inner-col{flex-direction:column;justify-content:center;}}<\/style>\n<div class=\"wp-block-kadence-column kadence-column9320_4d7f01-96\"><div class=\"kt-inside-inner-col\">\n<figure class=\"wp-block-embed is-type-video is-provider-youtube wp-block-embed-youtube wp-embed-aspect-16-9 wp-has-aspect-ratio\"><div class=\"wp-block-embed__wrapper\">\n<iframe loading=\"lazy\" title=\"Global Coffee Chat: Agnes Lid\" width=\"720\" height=\"405\" src=\"https:\/\/www.youtube.com\/embed\/cOuCtwVpaPk?feature=oembed\" frameborder=\"0\" allow=\"accelerometer; autoplay; clipboard-write; encrypted-media; gyroscope; picture-in-picture; web-share\" referrerpolicy=\"strict-origin-when-cross-origin\" allowfullscreen><\/iframe>\n<\/div><\/figure>\n\n\n\n<h4 class=\"wp-block-heading\">Agnes Lid<\/h4>\n\n\n\n<p>Executive Director<\/p>\n<\/div><\/div>\n\n\n<style>.kadence-column9320_291aa7-ec > .kt-inside-inner-col,.kadence-column9320_291aa7-ec > .kt-inside-inner-col:before{border-top-left-radius:0px;border-top-right-radius:0px;border-bottom-right-radius:0px;border-bottom-left-radius:0px;}.kadence-column9320_291aa7-ec > .kt-inside-inner-col{column-gap:var(--global-kb-gap-sm, 1rem);}.kadence-column9320_291aa7-ec > .kt-inside-inner-col{flex-direction:column;}.kadence-column9320_291aa7-ec > .kt-inside-inner-col > .aligncenter{width:100%;}.kadence-column9320_291aa7-ec > .kt-inside-inner-col:before{opacity:0.3;}.kadence-column9320_291aa7-ec{position:relative;}@media all and (max-width: 1024px){.kadence-column9320_291aa7-ec > .kt-inside-inner-col{flex-direction:column;justify-content:center;}}@media all and (max-width: 767px){.kadence-column9320_291aa7-ec > .kt-inside-inner-col{flex-direction:column;justify-content:center;}}<\/style>\n<div class=\"wp-block-kadence-column kadence-column9320_291aa7-ec\"><div class=\"kt-inside-inner-col\">\n<figure class=\"wp-block-embed is-type-video is-provider-youtube wp-block-embed-youtube wp-embed-aspect-16-9 wp-has-aspect-ratio\"><div class=\"wp-block-embed__wrapper\">\n<iframe loading=\"lazy\" title=\"Global Coffee Chat: Bryan Harmelink\" width=\"720\" height=\"405\" src=\"https:\/\/www.youtube.com\/embed\/WWUZtCU6twM?feature=oembed\" frameborder=\"0\" allow=\"accelerometer; autoplay; clipboard-write; encrypted-media; gyroscope; picture-in-picture; web-share\" referrerpolicy=\"strict-origin-when-cross-origin\" allowfullscreen><\/iframe>\n<\/div><\/figure>\n\n\n\n<h4 class=\"wp-block-heading\">Bryan Harmelink<\/h4>\n\n\n\n<p>Director of Collaboration<\/p>\n<\/div><\/div>\n\n\n<style>.kadence-column9320_327c19-ae > .kt-inside-inner-col,.kadence-column9320_327c19-ae > .kt-inside-inner-col:before{border-top-left-radius:0px;border-top-right-radius:0px;border-bottom-right-radius:0px;border-bottom-left-radius:0px;}.kadence-column9320_327c19-ae > .kt-inside-inner-col{column-gap:var(--global-kb-gap-sm, 1rem);}.kadence-column9320_327c19-ae > .kt-inside-inner-col{flex-direction:column;}.kadence-column9320_327c19-ae > .kt-inside-inner-col > .aligncenter{width:100%;}.kadence-column9320_327c19-ae > .kt-inside-inner-col:before{opacity:0.3;}.kadence-column9320_327c19-ae{position:relative;}@media all and (max-width: 1024px){.kadence-column9320_327c19-ae > .kt-inside-inner-col{flex-direction:column;justify-content:center;}}@media all and (max-width: 767px){.kadence-column9320_327c19-ae > .kt-inside-inner-col{flex-direction:column;justify-content:center;}}<\/style>\n<div class=\"wp-block-kadence-column kadence-column9320_327c19-ae\"><div class=\"kt-inside-inner-col\">\n<figure class=\"wp-block-embed is-type-video is-provider-youtube wp-block-embed-youtube wp-embed-aspect-16-9 wp-has-aspect-ratio\"><div class=\"wp-block-embed__wrapper\">\n<iframe loading=\"lazy\" title=\"Global Coffee Chat: David Cardenas\" width=\"720\" height=\"405\" src=\"https:\/\/www.youtube.com\/embed\/cOHi71HpXqw?feature=oembed\" frameborder=\"0\" allow=\"accelerometer; autoplay; clipboard-write; encrypted-media; gyroscope; picture-in-picture; web-share\" referrerpolicy=\"strict-origin-when-cross-origin\" allowfullscreen><\/iframe>\n<\/div><\/figure>\n\n\n\n<h4 class=\"wp-block-heading\">David Cardenas<\/h4>\n\n\n\n<p>Americas Area Director<\/p>\n<\/div><\/div>\n\n<\/div><\/div><\/div><\/div>\n\n<\/div><\/div>","protected":false},"excerpt":{"rendered":"<p>April 2026 Global Coffee Chat El \u00abGlobal Coffee Chat\u00bb ofrece a los l\u00edderes de las organizaciones de la Alianza la oportunidad de reunirse virtualmente y debatir temas relacionados con la&#8230;<\/p>\n","protected":false},"author":4,"featured_media":0,"parent":0,"menu_order":0,"comment_status":"closed","ping_status":"closed","template":"","meta":{"give_campaign_id":0,"_kadence_starter_templates_imported_post":false,"_kad_post_transparent":"","_kad_post_title":"","_kad_post_layout":"","_kad_post_sidebar_id":"","_kad_post_content_style":"","_kad_post_vertical_padding":"","_kad_post_feature":"","_kad_post_feature_position":"","_kad_post_header":false,"_kad_post_footer":false,"footnotes":""},"categories":[],"tags":[],"class_list":["post-9320","page","type-page","status-publish","hentry"],"campaignId":"","_links":{"self":[{"href":"https:\/\/wycliffe.net\/es\/wp-json\/wp\/v2\/pages\/9320","targetHints":{"allow":["GET"]}}],"collection":[{"href":"https:\/\/wycliffe.net\/es\/wp-json\/wp\/v2\/pages"}],"about":[{"href":"https:\/\/wycliffe.net\/es\/wp-json\/wp\/v2\/types\/page"}],"author":[{"embeddable":true,"href":"https:\/\/wycliffe.net\/es\/wp-json\/wp\/v2\/users\/4"}],"replies":[{"embeddable":true,"href":"https:\/\/wycliffe.net\/es\/wp-json\/wp\/v2\/comments?post=9320"}],"version-history":[{"count":1,"href":"https:\/\/wycliffe.net\/es\/wp-json\/wp\/v2\/pages\/9320\/revisions"}],"predecessor-version":[{"id":9321,"href":"https:\/\/wycliffe.net\/es\/wp-json\/wp\/v2\/pages\/9320\/revisions\/9321"}],"wp:attachment":[{"href":"https:\/\/wycliffe.net\/es\/wp-json\/wp\/v2\/media?parent=9320"}],"wp:term":[{"taxonomy":"category","embeddable":true,"href":"https:\/\/wycliffe.net\/es\/wp-json\/wp\/v2\/categories?post=9320"},{"taxonomy":"post_tag","embeddable":true,"href":"https:\/\/wycliffe.net\/es\/wp-json\/wp\/v2\/tags?post=9320"}],"curies":[{"name":"wp","href":"https:\/\/api.w.org\/{rel}","templated":true}]}}