{"id":6978,"date":"2025-08-15T20:48:19","date_gmt":"2025-08-15T18:48:19","guid":{"rendered":"https:\/\/wycliffe.net\/?page_id=6978"},"modified":"2025-11-10T23:38:08","modified_gmt":"2025-11-10T22:38:08","slug":"como-encontrar-biblias-y-recursos-biblicos","status":"publish","type":"page","link":"https:\/\/wycliffe.net\/es\/como-encontrar-biblias-y-recursos-biblicos\/","title":{"rendered":"C\u00f3mo encontrar Biblias y recursos b\u00edblicos"},"content":{"rendered":"\n<h1 class=\"wp-block-heading\"><strong>C\u00f3mo encontrar Biblias y recursos b\u00edblicos<\/strong><\/h1>\n\n\n\n<p>Actualizado en septiembre de 2025<\/p>\n\n\n\n<p>Las Escrituras se han traducido a m\u00e1s de 4000 idiomas. Para algunas personas eso significa una Biblia completa, para otras el Nuevo Testamento y para otras partes de las Escrituras e historias. Adem\u00e1s de las versiones escritas (tanto impresas como digitales), hay una serie de productos relacionados, como v\u00eddeos y grabaciones de audio. Las nuevas t\u00e9cnicas de traducci\u00f3n oral de la Biblia tambi\u00e9n significan que algunos idiomas se saltan la traducci\u00f3n escrita. Existen varios recursos en l\u00ednea que pueden utilizarse para encontrar productos de las Escrituras en varios idiomas. Tanto si busca formatos impresos o digitales, versiones en audio o v\u00eddeos, si est\u00e1n disponibles, es probable que los encuentre a trav\u00e9s de uno de los recursos que se indican a continuaci\u00f3n.<\/p>\n\n\n\n<h1 class=\"wp-block-heading\"><strong>Herramientas de b\u00fasqueda de las Escrituras<\/strong><\/h1>\n\n\n\n<p>Un buen lugar para empezar es <a href=\"https:\/\/find.bible\/\">Find.Bible<\/a> o <a href=\"http:\/\/scriptureearth.org\/\">ScriptureEarth.org<\/a>. Ambos sirven como directorios de b\u00fasqueda que proporcionan enlaces a fuentes externas (en l\u00ednea o impresas bajo demanda), adem\u00e1s de ser ellos mismos fuentes de Escrituras en l\u00ednea o descargables (texto y audio\/v\u00eddeo). Tanto ScriptureEarth.org como Find.Bible pueden buscarse por pa\u00eds y por nombre de idioma, e incluyen nombres alternativos para muchos idiomas.<\/p>\n\n\n\n<div class=\"wp-block-media-text is-stacked-on-mobile\" style=\"grid-template-columns:48% auto\"><figure class=\"wp-block-media-text__media\"><img loading=\"lazy\" decoding=\"async\" width=\"564\" height=\"114\" src=\"http:\/\/wycliffe.net\/wp-content\/uploads\/2025\/10\/Scripture-Earth.png\" alt=\"\" class=\"wp-image-6877 size-full\" srcset=\"https:\/\/wycliffe.net\/wp-content\/uploads\/2025\/10\/Scripture-Earth.png 564w, https:\/\/wycliffe.net\/wp-content\/uploads\/2025\/10\/Scripture-Earth-300x61.png 300w\" sizes=\"auto, (max-width: 564px) 100vw, 564px\" \/><\/figure><div class=\"wp-block-media-text__content\">\n<p><a href=\"http:\/\/scriptureearth.org\/\">ScriptureEarth.org<\/a> proporciona enlaces a escrituras impresas, en audio y en v\u00eddeo disponibles en l\u00ednea. Tambi\u00e9n ofrece un gran n\u00famero de escrituras en lenguas minoritarias en diversos formatos, como pdf y m\u00f3dulos para su uso en algunos programas de estudio de la Biblia, as\u00ed como enlaces a aplicaciones individuales. Estas tienen la ventaja de que se pueden copiar m\u00e1s f\u00e1cilmente de un tel\u00e9fono a otro en zonas donde el acceso a Internet es dif\u00edcil.<\/p>\n<\/div><\/div>\n\n\n\n<ul class=\"wp-block-list\"><\/ul>\n\n\n\n<ul class=\"wp-block-list\"><\/ul>\n\n\n\n<div class=\"wp-block-media-text is-stacked-on-mobile\" style=\"grid-template-columns:31% auto\"><figure class=\"wp-block-media-text__media\"><img loading=\"lazy\" decoding=\"async\" width=\"300\" height=\"169\" src=\"https:\/\/wycliffe.net\/wp-content\/uploads\/2025\/10\/Find-a-Bible-300x169.png\" alt=\"\" class=\"wp-image-6847 size-medium\" srcset=\"https:\/\/wycliffe.net\/wp-content\/uploads\/2025\/10\/Find-a-Bible-300x169.png 300w, https:\/\/wycliffe.net\/wp-content\/uploads\/2025\/10\/Find-a-Bible.png 393w\" sizes=\"auto, (max-width: 300px) 100vw, 300px\" \/><\/figure><div class=\"wp-block-media-text__content\">\n<p>Find-a-Bible (<a href=\"https:\/\/find.bible\/\">Find.Bible<\/a>), patrocinado por el <a href=\"https:\/\/forum-intl.org\/\">Foro Internacional de Agencias B\u00edblicas<\/a> y gestionado por la <a href=\"https:\/\/dbs.org\/\">Sociedad B\u00edblica Digital<\/a>, enumera las principales fuentes de las Escrituras en la mayor\u00eda de los idiomas en los que est\u00e1n disponibles en formato digital. (Los formatos incluyen: pdf descargable, enlaces a versiones en l\u00ednea o impresas bajo demanda, versiones en audio o v\u00eddeo de las Escrituras).<\/p>\n<\/div><\/div>\n\n\n\n<ul class=\"wp-block-list\"><\/ul>\n\n\n\n<p>La mayor\u00eda de las organizaciones de la Alianza no venden Biblias, pero pueden tener informaci\u00f3n sobre fuentes dentro de sus propios pa\u00edses. Las Escrituras impresas suelen estar disponibles a trav\u00e9s de <a href=\"https:\/\/www.unitedbiblesocieties.org\/bible-societies\/\">sociedades b\u00edblicas<\/a> y librer\u00edas en l\u00ednea. Algunas traducciones est\u00e1n disponibles mediante impresi\u00f3n bajo demanda y se pueden encontrar buscando en <a href=\"http:\/\/scriptureearth.org\/\">ScriptureEarth.org<\/a> o <a href=\"https:\/\/find.bible\/\">Find.Bible<\/a>.<\/p>\n\n\n\n<h1 class=\"wp-block-heading\"><strong>Encontrar copias impresas de las Escrituras<\/strong><\/h1>\n\n\n\n<p>Cada vez hay m\u00e1s Biblias disponibles en formato digital, ya sea mediante b\u00fasquedas en l\u00ednea o a trav\u00e9s de aplicaciones. Las versiones digitales casi siempre incluyen detalles del editor y el autor o el titular de los derechos de autor, lo que le permite buscar copias impresas disponibles para su compra en su regi\u00f3n o que se pueden pedir en l\u00ednea.<\/p>\n\n\n\n<h1 class=\"wp-block-heading\"><strong>Biblias en l\u00ednea<\/strong><\/h1>\n\n\n\n<p>La mayor\u00eda de los idiomas que tienen Biblias digitales disponibles se pueden encontrar en uno o m\u00e1s de estos sitios:<\/p>\n\n\n\n<div class=\"wp-block-media-text is-stacked-on-mobile\" style=\"grid-template-columns:38% auto\"><figure class=\"wp-block-media-text__media\"><img loading=\"lazy\" decoding=\"async\" width=\"564\" height=\"200\" src=\"http:\/\/wycliffe.net\/wp-content\/uploads\/2025\/10\/Bible.is_.png\" alt=\"\" class=\"wp-image-6835 size-full\" srcset=\"https:\/\/wycliffe.net\/wp-content\/uploads\/2025\/10\/Bible.is_.png 564w, https:\/\/wycliffe.net\/wp-content\/uploads\/2025\/10\/Bible.is_-300x106.png 300w\" sizes=\"auto, (max-width: 564px) 100vw, 564px\" \/><\/figure><div class=\"wp-block-media-text__content\">\n<p><a href=\"http:\/\/bible.is\/\">Bible.is<\/a>, un ministerio de <a href=\"https:\/\/www.faithcomesbyhearing.com\/\">Faith Comes By Hearing<\/a>, al que se puede acceder en l\u00ednea o a trav\u00e9s de la aplicaci\u00f3n. Bible.is combina el texto de las Escrituras con grabaciones de audio en m\u00e1s de 2400 idiomas. Adem\u00e1s, en colaboraci\u00f3n con <a href=\"https:\/\/www.lumoproject.com\/\">LUMO<\/a>, Bible.is ofrece contenido en v\u00eddeo de los cuatro Evangelios, para que los lectores puedan leer, escuchar y ver una dramatizaci\u00f3n visual de Mateo, Marcos, Lucas y Juan.<\/p>\n<\/div><\/div>\n\n\n\n<div class=\"wp-block-media-text is-stacked-on-mobile\" style=\"grid-template-columns:15% auto\"><figure class=\"wp-block-media-text__media\"><img loading=\"lazy\" decoding=\"async\" width=\"218\" height=\"218\" src=\"https:\/\/wycliffe.net\/wp-content\/uploads\/2025\/10\/YouVersion.png\" alt=\"\" class=\"wp-image-6883 size-full\" srcset=\"https:\/\/wycliffe.net\/wp-content\/uploads\/2025\/10\/YouVersion.png 218w, https:\/\/wycliffe.net\/wp-content\/uploads\/2025\/10\/YouVersion-150x150.png 150w\" sizes=\"auto, (max-width: 218px) 100vw, 218px\" \/><\/figure><div class=\"wp-block-media-text__content\">\n<p>La aplicaci\u00f3n b\u00edblica de YouVersion (tambi\u00e9n disponible en <a href=\"http:\/\/www.bible.com\/\">Bible.com<\/a>) cuenta con m\u00e1s de 3600 versiones en casi 2400 idiomas. Muchas versiones se pueden descargar desde la aplicaci\u00f3n para su uso sin conexi\u00f3n. El sitio y la aplicaci\u00f3n tambi\u00e9n tienen casi 70 idiomas de interfaz.<\/p>\n\n\n\n<p>La mayor\u00eda de los idiomas en los que las Escrituras est\u00e1n disponibles en formato digital se encuentran en ambos sitios, pero por ahora todav\u00eda hay algunos que est\u00e1n disponibles en uno y no en el otro.<\/p>\n<\/div><\/div>\n\n\n\n<ul class=\"wp-block-list\"><\/ul>\n\n\n\n<div class=\"wp-block-media-text is-stacked-on-mobile\" style=\"grid-template-columns:42% auto\"><figure class=\"wp-block-media-text__media\"><img loading=\"lazy\" decoding=\"async\" width=\"627\" height=\"143\" src=\"http:\/\/wycliffe.net\/wp-content\/uploads\/2025\/10\/Global-Bible.png\" alt=\"\" class=\"wp-image-6853 size-full\" srcset=\"https:\/\/wycliffe.net\/wp-content\/uploads\/2025\/10\/Global-Bible.png 627w, https:\/\/wycliffe.net\/wp-content\/uploads\/2025\/10\/Global-Bible-300x68.png 300w\" sizes=\"auto, (max-width: 627px) 100vw, 627px\" \/><\/figure><div class=\"wp-block-media-text__content\">\n<p><a href=\"https:\/\/global.bible\/\">Global.bible<\/a> es una colecci\u00f3n de m\u00e1s de 1000 sitios web individuales de las Escrituras de todo el mundo, respaldada por la <a href=\"https:\/\/www.americanbible.org\/\">Sociedad B\u00edblica Americana<\/a>.<\/p>\n<\/div><\/div>\n\n\n\n<h1 class=\"wp-block-heading\"><strong>V\u00eddeos y Escrituras para sordos<\/strong><\/h1>\n\n\n\n<div class=\"wp-block-media-text is-stacked-on-mobile\" style=\"grid-template-columns:35% auto\"><figure class=\"wp-block-media-text__media\"><img loading=\"lazy\" decoding=\"async\" width=\"579\" height=\"245\" src=\"http:\/\/wycliffe.net\/wp-content\/uploads\/2025\/10\/JesusFilm.png\" alt=\"\" class=\"wp-image-6859 size-full\" srcset=\"https:\/\/wycliffe.net\/wp-content\/uploads\/2025\/10\/JesusFilm.png 579w, https:\/\/wycliffe.net\/wp-content\/uploads\/2025\/10\/JesusFilm-300x127.png 300w\" sizes=\"auto, (max-width: 579px) 100vw, 579px\" \/><\/figure><div class=\"wp-block-media-text__content\">\n<p>La pel\u00edcula <a href=\"https:\/\/www.jesusfilm.org\/\"><em>JES\u00daS<\/em><\/a> (basada en el Evangelio de Lucas) se ha producido en m\u00e1s de 2000 idiomas. La mayor\u00eda de ellos se pueden ver en l\u00ednea en <a href=\"https:\/\/www.jesusfilm.org\/watch.html\">JesusFilm.org<\/a> o a trav\u00e9s de una de las siguientes aplicaciones: <a href=\"https:\/\/www.jesusfilm.org\/watch.html\">Jesus Film Project app<\/a>, <a href=\"https:\/\/www.youversion.com\/the-bible-app\/\">Bible app<\/a> de YouVersion (o en <a href=\"https:\/\/www.bible.com\/videos\">Bible.com<\/a>) o <a href=\"http:\/\/bible.is\/\">Bible.is<\/a> app de Faith Comes By Hearing. El Jesus Film Project tambi\u00e9n produce un n\u00famero cada vez mayor de otros productos de video, que tambi\u00e9n se pueden ver en l\u00ednea en <a href=\"https:\/\/www.jesusfilm.org\/watch.html\">JesusFilm.org<\/a> o en <a href=\"https:\/\/www.youtube.com\/channel\/UCCtcQHR6-mQHQh6G06IPlDA\">YouTube<\/a>.<\/p>\n<\/div><\/div>\n\n\n\n<ul class=\"wp-block-list\"><\/ul>\n\n\n\n<div class=\"wp-block-media-text is-stacked-on-mobile\" style=\"grid-template-columns:37% auto\"><figure class=\"wp-block-media-text__media\"><img loading=\"lazy\" decoding=\"async\" width=\"564\" height=\"206\" src=\"http:\/\/wycliffe.net\/wp-content\/uploads\/2025\/10\/Lumo.png\" alt=\"\" class=\"wp-image-6865 size-full\" srcset=\"https:\/\/wycliffe.net\/wp-content\/uploads\/2025\/10\/Lumo.png 564w, https:\/\/wycliffe.net\/wp-content\/uploads\/2025\/10\/Lumo-300x110.png 300w\" sizes=\"auto, (max-width: 564px) 100vw, 564px\" \/><\/figure><div class=\"wp-block-media-text__content\">\n<p><a href=\"https:\/\/www.lumoproject.com\/\">LUMO<\/a> ofrece dramatizaciones en video de Mateo, Marcos, Lucas y Juan con la narraci\u00f3n del texto completo del Evangelio en m\u00e1s de 1500 idiomas y versiones de la Biblia. <a href=\"https:\/\/www.faithcomesbyhearing.com\/\">Faith Comes By Hearing<\/a> las est\u00e1 doblando a cientos de idiomas disponibles a trav\u00e9s de <a href=\"http:\/\/bible.is\/\">Bible.is<\/a>, y muchas de ellas tambi\u00e9n est\u00e1n disponibles en la aplicaci\u00f3n <a href=\"https:\/\/www.bible.com\/videos\/\">Bible app<\/a> de YouVersion (o en <a href=\"https:\/\/www.bible.com\/videos\">Bible.com<\/a>) y <a href=\"https:\/\/www.youtube.com\/channel\/UCjiDMt6Lm1jYQvSp4BROWVw\/featured\">YouTube<\/a>.<\/p>\n<\/div><\/div>\n\n\n\n<ul class=\"wp-block-list\"><\/ul>\n\n\n\n<div class=\"wp-block-media-text is-stacked-on-mobile\" style=\"grid-template-columns:43% auto\"><figure class=\"wp-block-media-text__media\"><img loading=\"lazy\" decoding=\"async\" width=\"531\" height=\"131\" src=\"http:\/\/wycliffe.net\/wp-content\/uploads\/2025\/10\/DeafBible.png\" alt=\"\" class=\"wp-image-6841 size-full\" srcset=\"https:\/\/wycliffe.net\/wp-content\/uploads\/2025\/10\/DeafBible.png 531w, https:\/\/wycliffe.net\/wp-content\/uploads\/2025\/10\/DeafBible-300x74.png 300w\" sizes=\"auto, (max-width: 531px) 100vw, 531px\" \/><\/figure><div class=\"wp-block-media-text__content\">\n<p><a href=\"https:\/\/deaf.bible\/\">Deaf.Bible<\/a>, la aplicaci\u00f3n de las Escrituras en lengua de se\u00f1as de <a href=\"https:\/\/www.deafbiblesociety.com\/\">Deaf Bible Society<\/a>, ofrece acceso a las Escrituras en 72 lenguas de se\u00f1as hasta el momento. Descargue la aplicaci\u00f3n desde el <a href=\"https:\/\/www.deafbiblesociety.com\/\">sitio web<\/a> de Deaf Bible Society o v\u00e9ala <a href=\"https:\/\/deaf.bible\/\">en l\u00ednea<\/a>.<\/p>\n<\/div><\/div>\n\n\n\n<h1 class=\"wp-block-heading\"><strong>Recursos adicionales<\/strong><\/h1>\n\n\n\n<div class=\"wp-block-media-text is-stacked-on-mobile\" style=\"grid-template-columns:35% auto\"><figure class=\"wp-block-media-text__media\"><img loading=\"lazy\" decoding=\"async\" width=\"393\" height=\"254\" src=\"http:\/\/wycliffe.net\/wp-content\/uploads\/2025\/10\/New-Neighbour-Bible.png\" alt=\"\" class=\"wp-image-6871 size-full\" srcset=\"https:\/\/wycliffe.net\/wp-content\/uploads\/2025\/10\/New-Neighbour-Bible.png 393w, https:\/\/wycliffe.net\/wp-content\/uploads\/2025\/10\/New-Neighbour-Bible-300x194.png 300w\" sizes=\"auto, (max-width: 393px) 100vw, 393px\" \/><\/figure><div class=\"wp-block-media-text__content\">\n<p><a href=\"http:\/\/new-neighbour-bible.org\/\">New-Neighbour-Bible.org<\/a> est\u00e1 dise\u00f1ado para ayudar a las iglesias a conocer los recursos y los idiomas que hablan los refugiados y otros \u00abnuevos vecinos\u00bb. Tiene menos idiomas que los directorios m\u00e1s grandes, pero ofrece m\u00e1s informaci\u00f3n sobre esos idiomas y enlaces a una gama m\u00e1s amplia de recursos. Actualmente est\u00e1 disponible en ingl\u00e9s, franc\u00e9s, alem\u00e1n e italiano.<\/p>\n<\/div><\/div>\n\n\n\n<h1 class=\"wp-block-heading\"><strong>Qu\u00e9 hacer si no encuentra las Escrituras en l\u00ednea en un idioma concreto<\/strong><\/h1>\n\n\n\n<ul class=\"wp-block-list\">\n<li><strong>Siga buscando.<\/strong> Es posible que est\u00e9 disponible con un nombre diferente o con una ortograf\u00eda diferente. Tambi\u00e9n puede preguntar a su <a href=\"https:\/\/www.unitedbiblesocieties.org\/bible-societies\/\">sociedad b\u00edblica<\/a> local o a la <a href=\"https:\/\/www.wycliffe.net\/organisations\/\">organizaci\u00f3n Wycliffe Global Alliance<\/a>.<\/li>\n\n\n\n<li><strong>Es posible que a\u00fan no est\u00e9 en l\u00ednea.<\/strong> En aproximadamente el 90 % de los idiomas en los que existe una Biblia completa o un Nuevo Testamento, esas traducciones (o al menos algunos libros seleccionados) se pueden encontrar en l\u00ednea. El porcentaje es menor para los idiomas en los que solo existen partes, pero esto est\u00e1 cambiando. Las agencias de traducci\u00f3n y las editoriales est\u00e1n trabajando duro para que m\u00e1s escrituras existentes est\u00e9n disponibles en l\u00ednea. En algunos casos, las escrituras m\u00e1s antiguas solo existen en formato impreso y se necesitan voluntarios para volver a escribirlas y prepararlas para su publicaci\u00f3n digital.<\/li>\n\n\n\n<li><strong>Todav\u00eda hay muchos idiomas en los que la traducci\u00f3n est\u00e1 en curso o a\u00fan no se ha iniciado.<\/strong> T\u00fa podr\u00edas ser clave para que esa traducci\u00f3n se complete, ya sea formando parte del equipo de traducci\u00f3n o colaborando a trav\u00e9s de la oraci\u00f3n, las finanzas o compartiendo la visi\u00f3n de la traducci\u00f3n con las iglesias. Tambi\u00e9n puedes preparar el terreno conectando con otras personas que esperan ansiosamente la traducci\u00f3n. Ponte en contacto con tu <a href=\"https:\/\/www.wycliffe.net\/organisations\/\">organizaci\u00f3n de la Alianza<\/a> local para saber c\u00f3mo participar.<\/li>\n<\/ul>\n\n\n\n<p><em>Gracias a Peter Brassington, de <\/em><a href=\"https:\/\/www.sil.org\/\"><em>SIL International<\/em><\/a><em>, por su contribuci\u00f3n a este art\u00edculo.<\/em><\/p>\n","protected":false},"excerpt":{"rendered":"<p>C\u00f3mo encontrar Biblias y recursos b\u00edblicos Actualizado en septiembre de 2025 Las Escrituras se han traducido a m\u00e1s de 4000 idiomas. Para algunas personas eso significa una Biblia completa, para&#8230;<\/p>\n","protected":false},"author":5,"featured_media":0,"parent":0,"menu_order":0,"comment_status":"closed","ping_status":"closed","template":"","meta":{"give_campaign_id":0,"_kadence_starter_templates_imported_post":false,"_kad_post_transparent":"","_kad_post_title":"","_kad_post_layout":"","_kad_post_sidebar_id":"","_kad_post_content_style":"","_kad_post_vertical_padding":"","_kad_post_feature":"","_kad_post_feature_position":"","_kad_post_header":false,"_kad_post_footer":false,"footnotes":""},"categories":[],"tags":[],"class_list":["post-6978","page","type-page","status-publish","hentry"],"campaignId":"","_links":{"self":[{"href":"https:\/\/wycliffe.net\/es\/wp-json\/wp\/v2\/pages\/6978","targetHints":{"allow":["GET"]}}],"collection":[{"href":"https:\/\/wycliffe.net\/es\/wp-json\/wp\/v2\/pages"}],"about":[{"href":"https:\/\/wycliffe.net\/es\/wp-json\/wp\/v2\/types\/page"}],"author":[{"embeddable":true,"href":"https:\/\/wycliffe.net\/es\/wp-json\/wp\/v2\/users\/5"}],"replies":[{"embeddable":true,"href":"https:\/\/wycliffe.net\/es\/wp-json\/wp\/v2\/comments?post=6978"}],"version-history":[{"count":5,"href":"https:\/\/wycliffe.net\/es\/wp-json\/wp\/v2\/pages\/6978\/revisions"}],"predecessor-version":[{"id":8321,"href":"https:\/\/wycliffe.net\/es\/wp-json\/wp\/v2\/pages\/6978\/revisions\/8321"}],"wp:attachment":[{"href":"https:\/\/wycliffe.net\/es\/wp-json\/wp\/v2\/media?parent=6978"}],"wp:term":[{"taxonomy":"category","embeddable":true,"href":"https:\/\/wycliffe.net\/es\/wp-json\/wp\/v2\/categories?post=6978"},{"taxonomy":"post_tag","embeddable":true,"href":"https:\/\/wycliffe.net\/es\/wp-json\/wp\/v2\/tags?post=6978"}],"curies":[{"name":"wp","href":"https:\/\/api.w.org\/{rel}","templated":true}]}}