{"id":6959,"date":"2025-07-15T18:08:13","date_gmt":"2025-07-15T16:08:13","guid":{"rendered":"https:\/\/wycliffe.net\/?page_id=6959"},"modified":"2025-10-06T21:41:22","modified_gmt":"2025-10-06T19:41:22","slug":"corrientes-de-oracion","status":"publish","type":"page","link":"https:\/\/wycliffe.net\/es\/corrientes-de-oracion\/","title":{"rendered":"Corrientes de oraci\u00f3n"},"content":{"rendered":"\n<h2 class=\"wp-block-heading\"><strong>Corrientes de oraci\u00f3n<\/strong><\/h2>\n\n\n\n<p>Corrientes de oraci\u00f3n es el bolet\u00edn semanal de oraci\u00f3n de la Alianza Global Wycliffe.<\/p>\n\n\n\n<p>Para suscribirse, <a href=\"https:\/\/wycliffe.net\/sign-up\/\">haga clic aqu\u00ed<\/a>.<\/p>\n","protected":false},"excerpt":{"rendered":"<p>Corrientes de oraci\u00f3n Corrientes de oraci\u00f3n es el bolet\u00edn semanal de oraci\u00f3n de la Alianza Global Wycliffe. Para suscribirse, haga clic aqu\u00ed.<\/p>\n","protected":false},"author":5,"featured_media":0,"parent":0,"menu_order":0,"comment_status":"closed","ping_status":"closed","template":"","meta":{"give_campaign_id":0,"_kadence_starter_templates_imported_post":false,"_kad_post_transparent":"","_kad_post_title":"","_kad_post_layout":"","_kad_post_sidebar_id":"","_kad_post_content_style":"","_kad_post_vertical_padding":"","_kad_post_feature":"","_kad_post_feature_position":"","_kad_post_header":false,"_kad_post_footer":false,"footnotes":""},"categories":[195],"tags":[],"class_list":["post-6959","page","type-page","status-publish","hentry","category-news-es"],"campaignId":"","_links":{"self":[{"href":"https:\/\/wycliffe.net\/es\/wp-json\/wp\/v2\/pages\/6959","targetHints":{"allow":["GET"]}}],"collection":[{"href":"https:\/\/wycliffe.net\/es\/wp-json\/wp\/v2\/pages"}],"about":[{"href":"https:\/\/wycliffe.net\/es\/wp-json\/wp\/v2\/types\/page"}],"author":[{"embeddable":true,"href":"https:\/\/wycliffe.net\/es\/wp-json\/wp\/v2\/users\/5"}],"replies":[{"embeddable":true,"href":"https:\/\/wycliffe.net\/es\/wp-json\/wp\/v2\/comments?post=6959"}],"version-history":[{"count":1,"href":"https:\/\/wycliffe.net\/es\/wp-json\/wp\/v2\/pages\/6959\/revisions"}],"predecessor-version":[{"id":6960,"href":"https:\/\/wycliffe.net\/es\/wp-json\/wp\/v2\/pages\/6959\/revisions\/6960"}],"wp:attachment":[{"href":"https:\/\/wycliffe.net\/es\/wp-json\/wp\/v2\/media?parent=6959"}],"wp:term":[{"taxonomy":"category","embeddable":true,"href":"https:\/\/wycliffe.net\/es\/wp-json\/wp\/v2\/categories?post=6959"},{"taxonomy":"post_tag","embeddable":true,"href":"https:\/\/wycliffe.net\/es\/wp-json\/wp\/v2\/tags?post=6959"}],"curies":[{"name":"wp","href":"https:\/\/api.w.org\/{rel}","templated":true}]}}